{"id":9300,"date":"2025-11-13T17:05:02","date_gmt":"2025-11-13T16:05:02","guid":{"rendered":"https:\/\/www.priesteregg.at\/?page_id=9300"},"modified":"2026-04-16T11:56:56","modified_gmt":"2026-04-16T09:56:56","slug":"seehuette-stadl","status":"publish","type":"page","link":"https:\/\/www.priesteregg.at\/en\/premium-eco-resort\/chalets\/seehuette-stadl\/","title":{"rendered":"Seeh\u00fctten Stadl"},"content":{"rendered":"<div class=\"wpb-content-wrapper\"><p>[vc_row css=&#8221;.vc_custom_1560507598253{margin-bottom: 40px !important;}&#8221;][vc_column width=&#8221;1\/3&#8243;][vc_column_text]<a href=\"https:\/\/www.priesteregg.at\/chalets\/\">&lt; zur\u00fcck zur \u00dcbersicht<\/a>[\/vc_column_text][\/vc_column][vc_column width=&#8221;1\/3&#8243;][vc_single_image image=&#8221;6985&#8243; img_size=&#8221;169&#215;166&#8243; alignment=&#8221;center&#8221;][\/vc_column][vc_column width=&#8221;1\/6&#8243;][\/vc_column][vc_column width=&#8221;1\/6&#8243;][vc_empty_space height=&#8221;45px&#8221;][\/vc_column][\/vc_row][vc_row disable_element=&#8221;yes&#8221; el_class=&#8221;vc_row-flex&#8221;][vc_column width=&#8221;1\/2&#8243;][vc_gallery interval=&#8221;3&#8243; images=&#8221;9615,9619,9617,9013,9621,9627,9625,9623,9011&#8243; img_size=&#8221;768&#215;768&#8243; css=&#8221;&#8221;][\/vc_column][vc_column width=&#8221;1\/2&#8243;][vc_column_text css=&#8221;&#8221;]<\/p>\n<h1>Seeh\u00fctte Stadl<\/h1>\n<p><strong>Hidden from the world.<br \/>\n<\/strong><\/p>\n<p>Protected by the wonders of nature. Refined by privacy. Between the chalet village and our forest, an exquisite retreat dedicated to peace and quiet awaits you from summer 2024: The Priestegg Seeh\u00fctten with private lake access, panoramic sauna on the shore and its own bay. You have probably already discovered our natural pond on the edge of the village behind the mountain chalets. It is the stage for our new, waterfront residential ensemble. Carefully enlarged as a bathing lake and filled with crystal-clear spring water, it will extend right up to the garden border. Seven mountain chalets are also transformed into exclusive lake huts with idyllic features.[\/vc_column_text][vc_btn title=&#8221;Request a chalet&#8221; style=&#8221;classic&#8221; color=&#8221;black&#8221; css=&#8221;.vc_custom_1711450552058{margin-bottom: 40px !important;}&#8221; el_class=&#8221;sg-popup-id-561&#8243;][\/vc_column][\/vc_row][vc_row el_class=&#8221;vc_row-flex&#8221;][vc_column width=&#8221;1\/2&#8243;][vc_gallery interval=&#8221;3&#8243; images=&#8221;9015,9006,9009,9019,9017,9021,9013,9011,9023&#8243; img_size=&#8221;768&#215;768&#8243; css=&#8221;&#8221;][\/vc_column][vc_column width=&#8221;1\/2&#8243;][vc_column_text css=&#8221;&#8221;]<\/p>\n<h1>Seeh\u00fctte Stadl<\/h1>\n<p><strong>Hidden from the world.<br \/>\n<\/strong><\/p>\n<p>Protected by the wonders of nature. Refined by privacy. Between the chalet village and our forest, an exquisite retreat dedicated to peace and quiet awaits you from summer 2024: The Priestegg Seeh\u00fctten with private lake access, panoramic sauna on the shore and its own bay. You have probably already discovered our natural pond on the edge of the village behind the mountain chalets. It is the stage for our new, waterfront residential ensemble. Carefully enlarged as a bathing lake and filled with crystal-clear spring water, it will extend right up to the garden border. Seven mountain chalets are also transformed into exclusive lake huts with idyllic features.[\/vc_column_text][vc_btn title=&#8221;Request a chalet&#8221; style=&#8221;classic&#8221; color=&#8221;black&#8221; css=&#8221;.vc_custom_1711450552058{margin-bottom: 40px !important;}&#8221; el_class=&#8221;sg-popup-id-561&#8243;][\/vc_column][\/vc_row][vc_row full_width=&#8221;stretch_row&#8221; css=&#8221;.vc_custom_1637664613045{margin-bottom: 60px !important;padding-top: 80px !important;padding-bottom: 45px !important;background-color: #1e1d1e !important;}&#8221; el_class=&#8221;vc_row-flex&#8221;][vc_column width=&#8221;1\/2&#8243;][vc_column_text css=&#8221;&#8221; el_class=&#8221;white&#8221;]<\/p>\n<h1>Far away from the world.<br \/>\nVery close to nature.<\/h1>\n<p>You can use your own jetty to dive into the sunshine warm lakein summer or into the winter-fresh lake water after a sauna in the colder seasons. In your private bay with loungers and hot tub you can enjoy the grounding view of the forest and the monumental Leoganger Steinberge. In the wood-heated riverside bathtub right on the jetty, you can indulge in a warm bath under the stars. And in the panoramic glass sauna, your thoughts will get lost in the gentle waves of the riverside plants.<\/p>\n<p>You can use your own jetty to dive into the warm sunshine in summer or into the winter-fresh lake water after a sauna in the colder seasons. In your private bay with loungers and 2 hot tubs you can enjoy the grounding view of the forest and the monumental Leoganger Steinberge. In the wood-heated riverside bathtub right on the jetty, you can indulge in a warm bath under the stars. And in the panoramic glass sauna, your thoughts will get lost in the gentle waves of the riverside plants.<\/p>\n<p>The subtle living ambience is expanded towards the lake with large glass fronts and additional rooms (plus 50 m\u00b2). A light-filled relaxation area awaits you here, which we can transform into another bedroom if you wish. An open living room with a designer kitchen island and dining table as well as a wellness bathroom with a free-standing bathtub are adjacent. The upper floor also has wonderful surprises in store: a bright, large glazed bedroom facing the sunrise including a bathroom and a sheltered roof terrace with another hot tub.[\/vc_column_text][vc_btn title=&#8221;Request a chalet&#8221; style=&#8221;classic&#8221; color=&#8221;black&#8221; link=&#8221;|||&#8221; el_class=&#8221;sg-popup-id-561&#8243;][\/vc_column][vc_column width=&#8221;1\/2&#8243;][vc_tta_tabs style=&#8221;flat&#8221; shape=&#8221;square&#8221; color=&#8221;black&#8221; spacing=&#8221;5&#8243; active_section=&#8221;1&#8243;][vc_tta_section title=&#8221;Chalet-Type&#8221; tab_id=&#8221;Chalet-Typ&#8221;][vc_column_text css=&#8221;&#8221;]<strong>Lakeside hut with its own bay to the natural swimming lake<br \/>\n<\/strong>Large kitchen-living room with designer kitchen island, dining table and relaxation lounge<br \/>\nOne or, if desired, two bedrooms<br \/>\nWellness bathroom with free-standing tub<br \/>\nSecond bathroom and separate toilet<\/p>\n<p><strong>Outdoor area<br \/>\n<\/strong>Tow gardens in front and behind the chalet<br \/>\nPrivate access to the gently sloping natural swimming lake<br \/>\nOwn bay with private panoramic sauna and wood-heated bathtub right on the shore<br \/>\nHot tub and relaxation terrace with cozy loungers<br \/>\nRoof top with second hot tup<br \/>\n&#8220;Feuerring&#8221; for private BBQ<\/p>\n<p><strong>Chalet size<br \/>\n<\/strong>inside: 150 m\u00b2 lake hut<\/p>\n<p><strong>Number of persons<br \/>\n<\/strong>2 up to 4 persons<\/p>\n<p><strong>Rates<br \/>\n<\/strong>Price per person and night with double occupancy | from \u20ac 699<br \/>\nevery additional person from \u20ac 230[\/vc_column_text][\/vc_tta_section][vc_tta_section title=&#8221;Floor Plan&#8221; tab_id=&#8221;1664177426550-4b581a84-4bff&#8221;][vc_gallery type=&#8221;flexslider_slide&#8221; interval=&#8221;0&#8243; images=&#8221;9065&#8243; img_size=&#8221;full&#8221; css=&#8221;&#8221; el_class=&#8221;white&#8221;][\/vc_tta_section][\/vc_tta_tabs][\/vc_column][\/vc_row][vc_row css=&#8221;.vc_custom_1560522679351{margin-bottom: 80px !important;}&#8221;][vc_column][vc_column_text]<\/p>\n<h2 style=\"text-align: center;\">Site plan Seeh\u00fctten<\/h2>\n<p style=\"text-align: center;\">Here you can see all the lake huts in the mountain village with their own bathing bay.<\/p>\n<p>[\/vc_column_text][vc_single_image image=&#8221;8140&#8243; img_size=&#8221;full&#8221; alignment=&#8221;center&#8221; css=&#8221;&#8221;][\/vc_column][\/vc_row][vc_row el_class=&#8221;vc_row-flex divider-hor&#8221; css=&#8221;.vc_custom_1560522472513{margin-bottom: 80px !important;}&#8221;][vc_column width=&#8221;1\/2&#8243;][vc_column_text]<\/p>\n<h2 style=\"text-align: center;\">Prices &amp; Services<\/h2>\n<p style=\"text-align: center;\">Our variable pricing system takes seasonal periods, holidays and weekends into account. That&#8217;s why &#8216;from prices&#8217; are listed on our homepage. We would be happy to send you an individual offer.<\/p>\n<p>[\/vc_column_text][vc_btn title=&#8221;Discover more&#8221; style=&#8221;classic&#8221; color=&#8221;black&#8221; align=&#8221;center&#8221; link=&#8221;url:https%3A%2F%2Fwww.priesteregg.at%2Fen%2Fprices-conditions%2F|title:Preise%20%26%20Leistungen&#8221;][\/vc_column][vc_column width=&#8221;1\/2&#8243;][vc_column_text]<\/p>\n<h2 style=\"text-align: center;\">ARRIVAL BY HELICOPTER<\/h2>\n<p style=\"text-align: center;\">Flying high! Upon request, we also offer a special helicopter pick-up service from Munich or Salzburg airport. If you opt for this service, your holiday at the PRIESTEREGG will certainly get off to a flying start!<\/p>\n<p>[\/vc_column_text][vc_btn title=&#8221;Discover more&#8221; style=&#8221;classic&#8221; color=&#8221;black&#8221; align=&#8221;center&#8221; link=&#8221;url:https%3A%2F%2Fwww.priesteregg.at%2Fen%2Fsennair%2F|title:Sennair&#8221;][\/vc_column][\/vc_row][vc_row][vc_column][vc_separator color=&#8221;black&#8221;][\/vc_column][\/vc_row][vc_row][vc_column][vc_column_text css=&#8221;&#8221;]<\/p>\n<h2 style=\"float: left;\">Our Chalets<\/h2>\n<p style=\"float: right;\"><a href=\"https:\/\/www.priesteregg.at\/en\/premium-eco-resort\/chalets\/\">&lt; back<\/a><\/p>\n<p>[\/vc_column_text][\/vc_column][\/vc_row][vc_row css=&#8221;.vc_custom_1560521784014{margin-bottom: 60px !important;}&#8221;][vc_column offset=&#8221;vc_hidden-xs&#8221;][vc_basic_grid post_type=&#8221;ids&#8221; style=&#8221;pagination&#8221; items_per_page=&#8221;4&#8243; element_width=&#8221;3&#8243; gap=&#8221;0&#8243; arrows_design=&#8221;vc_arrow-icon-arrow_01_left&#8221; arrows_position=&#8221;outside&#8221; arrows_color=&#8221;black&#8221; paging_color=&#8221;black&#8221; loop=&#8221;yes&#8221; autoplay=&#8221;3&#8243; item=&#8221;149&#8243; css=&#8221;&#8221; grid_id=&#8221;vc_gid:1776333379319-42f6b972-69d5-5&#8243; include=&#8221;2171, 2177, 2189, 2142, 2137, 4956, 9042, 2418&#8243;][\/vc_column][vc_column offset=&#8221;vc_hidden-lg vc_hidden-md vc_hidden-sm&#8221;][vc_basic_grid post_type=&#8221;ids&#8221; style=&#8221;pagination&#8221; items_per_page=&#8221;1&#8243; element_width=&#8221;12&#8243; gap=&#8221;0&#8243; arrows_design=&#8221;vc_arrow-icon-arrow_01_left&#8221; paging_design=&#8221;none&#8221; loop=&#8221;yes&#8221; item=&#8221;1492&#8243; css=&#8221;&#8221; grid_id=&#8221;vc_gid:1776333379319-0571ba95-d5cf-6&#8243; include=&#8221;121, 331, 366, 337, 374, 349, 6927, 485&#8243;][\/vc_column][\/vc_row][vc_row equal_height=&#8221;yes&#8221; el_class=&#8221;grey&#8221; css=&#8221;.vc_custom_1763049299323{margin-bottom: 30px !important;}&#8221;][vc_column width=&#8221;1\/2&#8243; css=&#8221;.vc_custom_1561474310566{margin-bottom: 30px !important;padding-top: 60px !important;padding-right: 60px !important;padding-bottom: 60px !important;padding-left: 60px !important;background-color: #f6f6f6 !important;}&#8221;][vc_column_text]<\/p>\n<h3 style=\"text-align: center;\">BEST REVIEWS<\/h3>\n<p style=\"text-align: center;\">We are delighted that so many guests have spent a restful holiday in our resort. If you were satisfied with your stay at Bergdorf PRIESTEREGG, please take a moment to recommend us.<\/p>\n<p>[\/vc_column_text][vc_row_inner el_class=&#8221;divider-hor&#8221;][vc_column_inner width=&#8221;1\/2&#8243; css=&#8221;.vc_custom_1560522534335{margin-bottom: 0px !important;}&#8221;][vc_single_image image=&#8221;8862&#8243; img_size=&#8221;full&#8221; alignment=&#8221;center&#8221; onclick=&#8221;custom_link&#8221; img_link_target=&#8221;_blank&#8221; css=&#8221;.vc_custom_1751525940772{margin-bottom: 9px !important;}&#8221; link=&#8221;http:\/\/www.tripadvisor.at\/Hotel_Review-g641736-d1727858-Reviews-Priesteregg_Premium_Eco_Resort-Leogang_Austrian_Alps.html&#8221;][vc_column_text css=&#8221;.vc_custom_1751525974715{margin-bottom: 0px !important;padding-bottom: 0px !important;}&#8221;]<\/p>\n<p style=\"text-align: center;\"><a href=\"http:\/\/www.tripadvisor.at\/Hotel_Review-g641736-d1727858-Reviews-Priesteregg_Premium_Eco_Resort-Leogang_Austrian_Alps.html\" target=\"_blank\" rel=\"noopener\">Tripadvisor<\/a><\/p>\n<p>[\/vc_column_text][\/vc_column_inner][vc_column_inner width=&#8221;1\/2&#8243; css=&#8221;.vc_custom_1560522553893{margin-bottom: 0px !important;}&#8221;][vc_single_image image=&#8221;3806&#8243; img_size=&#8221;full&#8221; alignment=&#8221;center&#8221; onclick=&#8221;custom_link&#8221; img_link_target=&#8221;_blank&#8221; css=&#8221;.vc_custom_1751526960534{margin-bottom: 9px !important;}&#8221; link=&#8221;https:\/\/www.holidaycheck.at\/hi\/priesteregg-premium-eco-resort\/1234f840-f7b3-3d6b-b208-efe0a0227b0f&#8221;][vc_column_text css=&#8221;.vc_custom_1751526975750{margin-top: 7px !important;margin-bottom: 0px !important;padding-bottom: 0px !important;}&#8221;]<\/p>\n<p style=\"text-align: center;\"><a href=\"https:\/\/www.holidaycheck.at\/hi\/priesteregg-premium-eco-resort\/1234f840-f7b3-3d6b-b208-efe0a0227b0f\" target=\"_blank\" rel=\"noopener noreferrer\">Holidaycheck<\/a><\/p>\n<p>[\/vc_column_text][\/vc_column_inner][\/vc_row_inner][\/vc_column][vc_column width=&#8221;1\/2&#8243; css=&#8221;.vc_custom_1563535508913{margin-bottom: 30px !important;padding-top: 60px !important;padding-right: 60px !important;padding-bottom: 45px !important;padding-left: 60px !important;background-color: #f6f6f6 !important;}&#8221;][vc_column_text css=&#8221;.vc_custom_1711450222847{margin-bottom: 10px !important;}&#8221;]<\/p>\n<h3 style=\"text-align: center;\">WEATHER IN LEOGANG<\/h3>\n<p style=\"text-align: center;\">Even if you are somewhere else in the world and cannot be with us at the PRIESTEREGG, have a look here to check the weather at the Bergdorf and in Leogang Valley.<\/p>\n<p>[\/vc_column_text][vc_column_text css=&#8221;.vc_custom_1561474482986{margin-bottom: 0px !important;}&#8221;]<div id=\"awe-ajax-awe_7\" class=\"awe-ajax-awe_7 awe-weather-ajax-wrap\" style=\"\"><div class=\"awe-loading\"><i class=\"wi wi-day-sunny\"><\/i><\/div><\/div><script type=\"text\/javascript\"> jQuery(document).ready(function() { awe_ajax_load({\"id\":\"awe_7\",\"override_title\":\"Leogang\",\"owm_city_id\":\"7872241\",\"location\":\"Leogang\",\"size\":\"tall\",\"forecast_days\":\"5\",\"show_icons\":\"1\",\"background_by_weather\":\"0\",\"extended_text\":\"Size: Tall\",\"ajax\":\"1\",\"text_color\":\"#000000\",\"units\":\"C\",\"hide_attribution\":\"1\",\"custom_bg_color\":\"rgba(0,0,0,0.0)\",\"hide_stats\":\"1\",\"ajaxurl\":\"https:\\\/\\\/www.priesteregg.at\\\/wp-admin\\\/admin-ajax.php\",\"via_ajax\":1}); }); <\/script>[\/vc_column_text][\/vc_column][\/vc_row]<\/p>\n<\/div>","protected":false},"excerpt":{"rendered":"<p>[vc_row css=&#8221;.vc_custom_1560507598253{margin-bottom: 40px !important;}&#8221;][vc_column width=&#8221;1\/3&#8243;][vc_column_text]&lt; zur\u00fcck zur \u00dcbersicht[\/vc_column_text][\/vc_column][vc_column width=&#8221;1\/3&#8243;][vc_single_image image=&#8221;6985&#8243; img_size=&#8221;169&#215;166&#8243; alignment=&#8221;center&#8221;][\/vc_column][vc_column width=&#8221;1\/6&#8243;][\/vc_column][vc_column width=&#8221;1\/6&#8243;][vc_empty_space height=&#8221;45px&#8221;][\/vc_column][\/vc_row][vc_row disable_element=&#8221;yes&#8221; el_class=&#8221;vc_row-flex&#8221;][vc_column width=&#8221;1\/2&#8243;][vc_gallery interval=&#8221;3&#8243; images=&#8221;9615,9619,9617,9013,9621,9627,9625,9623,9011&#8243; img_size=&#8221;768&#215;768&#8243; css=&#8221;&#8221;][\/vc_column][vc_column width=&#8221;1\/2&#8243;][vc_column_text css=&#8221;&#8221;] Seeh\u00fctte Stadl Hidden from the world. Protected by the wonders of nature. Refined by privacy. Between the chalet village and our forest, an exquisite retreat dedicated to peace and quiet awaits [&hellip;]<\/p>\n","protected":false},"author":1,"featured_media":8128,"parent":2166,"menu_order":5,"comment_status":"closed","ping_status":"closed","template":"","meta":{"_acf_changed":false,"footnotes":""},"class_list":["post-9300","page","type-page","status-publish","has-post-thumbnail","hentry"],"acf":[],"yoast_head":"<!-- This site is optimized with the Yoast SEO plugin v25.4 - https:\/\/yoast.com\/wordpress\/plugins\/seo\/ -->\n<title>Seeh\u00fctten NEU ab Sommer 24 | Private Pool in \u00d6sterreichs Bergen | Luxus Chalet |Sauna<\/title>\n<meta name=\"description\" content=\"Premium-Villa mit 5\u2606-Komfort in Leogang \u2713 privater Pool \u2713 verglaste Fensterfronten f\u00fcr Panorama-Talblick \u2713 eigener Biotop \u2713 Luxus Ausstattung\" \/>\n<meta name=\"robots\" content=\"index, follow, max-snippet:-1, max-image-preview:large, max-video-preview:-1\" \/>\n<link rel=\"canonical\" href=\"https:\/\/www.priesteregg.at\/en\/premium-eco-resort\/chalets\/seehuette-stadl\/\" \/>\n<meta property=\"og:locale\" content=\"en_US\" \/>\n<meta property=\"og:type\" content=\"article\" \/>\n<meta property=\"og:title\" content=\"Seeh\u00fctten NEU ab Sommer 24 | Private Pool in \u00d6sterreichs Bergen | Luxus Chalet |Sauna\" \/>\n<meta property=\"og:description\" content=\"Premium-Villa mit 5\u2606-Komfort in Leogang \u2713 privater Pool \u2713 verglaste Fensterfronten f\u00fcr Panorama-Talblick \u2713 eigener Biotop \u2713 Luxus Ausstattung\" \/>\n<meta property=\"og:url\" content=\"https:\/\/www.priesteregg.at\/en\/premium-eco-resort\/chalets\/seehuette-stadl\/\" \/>\n<meta property=\"og:site_name\" content=\"Bergdorf Priesteregg\" \/>\n<meta property=\"article:modified_time\" content=\"2026-04-16T09:56:56+00:00\" \/>\n<meta property=\"og:image\" content=\"https:\/\/www.priesteregg.at\/wp-content\/uploads\/Seehuetten_winter_V.jpg\" \/>\n\t<meta property=\"og:image:width\" content=\"1920\" \/>\n\t<meta property=\"og:image:height\" content=\"1200\" \/>\n\t<meta property=\"og:image:type\" content=\"image\/jpeg\" \/>\n<meta name=\"twitter:card\" content=\"summary_large_image\" \/>\n<meta name=\"twitter:label1\" content=\"Est. reading time\" \/>\n\t<meta name=\"twitter:data1\" content=\"7 minutes\" \/>\n<script type=\"application\/ld+json\" class=\"yoast-schema-graph\">{\"@context\":\"https:\/\/schema.org\",\"@graph\":[{\"@type\":\"WebPage\",\"@id\":\"https:\/\/www.priesteregg.at\/en\/premium-eco-resort\/chalets\/seehuette-stadl\/\",\"url\":\"https:\/\/www.priesteregg.at\/en\/premium-eco-resort\/chalets\/seehuette-stadl\/\",\"name\":\"Seeh\u00fctten NEU ab Sommer 24 | Private Pool in \u00d6sterreichs Bergen | Luxus Chalet |Sauna\",\"isPartOf\":{\"@id\":\"https:\/\/www.priesteregg.at\/#website\"},\"primaryImageOfPage\":{\"@id\":\"https:\/\/www.priesteregg.at\/en\/premium-eco-resort\/chalets\/seehuette-stadl\/#primaryimage\"},\"image\":{\"@id\":\"https:\/\/www.priesteregg.at\/en\/premium-eco-resort\/chalets\/seehuette-stadl\/#primaryimage\"},\"thumbnailUrl\":\"https:\/\/www.priesteregg.at\/wp-content\/uploads\/Seehuetten_winter_V.jpg\",\"datePublished\":\"2025-11-13T16:05:02+00:00\",\"dateModified\":\"2026-04-16T09:56:56+00:00\",\"description\":\"Premium-Villa mit 5\u2606-Komfort in Leogang \u2713 privater Pool \u2713 verglaste Fensterfronten f\u00fcr Panorama-Talblick \u2713 eigener Biotop \u2713 Luxus Ausstattung\",\"breadcrumb\":{\"@id\":\"https:\/\/www.priesteregg.at\/en\/premium-eco-resort\/chalets\/seehuette-stadl\/#breadcrumb\"},\"inLanguage\":\"en-US\",\"potentialAction\":[{\"@type\":\"ReadAction\",\"target\":[\"https:\/\/www.priesteregg.at\/en\/premium-eco-resort\/chalets\/seehuette-stadl\/\"]}]},{\"@type\":\"ImageObject\",\"inLanguage\":\"en-US\",\"@id\":\"https:\/\/www.priesteregg.at\/en\/premium-eco-resort\/chalets\/seehuette-stadl\/#primaryimage\",\"url\":\"https:\/\/www.priesteregg.at\/wp-content\/uploads\/Seehuetten_winter_V.jpg\",\"contentUrl\":\"https:\/\/www.priesteregg.at\/wp-content\/uploads\/Seehuetten_winter_V.jpg\",\"width\":1920,\"height\":1200},{\"@type\":\"BreadcrumbList\",\"@id\":\"https:\/\/www.priesteregg.at\/en\/premium-eco-resort\/chalets\/seehuette-stadl\/#breadcrumb\",\"itemListElement\":[{\"@type\":\"ListItem\",\"position\":1,\"name\":\"Startseite\",\"item\":\"https:\/\/www.priesteregg.at\/en\/\"},{\"@type\":\"ListItem\",\"position\":2,\"name\":\"Premium Eco Resort\",\"item\":\"https:\/\/www.priesteregg.at\/en\/premium-eco-resort\/\"},{\"@type\":\"ListItem\",\"position\":3,\"name\":\"Chalets\",\"item\":\"https:\/\/www.priesteregg.at\/en\/premium-eco-resort\/chalets\/\"},{\"@type\":\"ListItem\",\"position\":4,\"name\":\"Seeh\u00fctten Stadl\"}]},{\"@type\":\"WebSite\",\"@id\":\"https:\/\/www.priesteregg.at\/#website\",\"url\":\"https:\/\/www.priesteregg.at\/\",\"name\":\"Bergdorf Priesteregg\",\"description\":\"Chalet, Bergh\u00fctte und Almh\u00fctten Urlaub in Leogang im Salzburger Land, \u00d6sterreich\",\"potentialAction\":[{\"@type\":\"SearchAction\",\"target\":{\"@type\":\"EntryPoint\",\"urlTemplate\":\"https:\/\/www.priesteregg.at\/?s={search_term_string}\"},\"query-input\":{\"@type\":\"PropertyValueSpecification\",\"valueRequired\":true,\"valueName\":\"search_term_string\"}}],\"inLanguage\":\"en-US\"}]}<\/script>\n<!-- \/ Yoast SEO plugin. -->","yoast_head_json":{"title":"Seeh\u00fctten NEU ab Sommer 24 | Private Pool in \u00d6sterreichs Bergen | Luxus Chalet |Sauna","description":"Premium-Villa mit 5\u2606-Komfort in Leogang \u2713 privater Pool \u2713 verglaste Fensterfronten f\u00fcr Panorama-Talblick \u2713 eigener Biotop \u2713 Luxus Ausstattung","robots":{"index":"index","follow":"follow","max-snippet":"max-snippet:-1","max-image-preview":"max-image-preview:large","max-video-preview":"max-video-preview:-1"},"canonical":"https:\/\/www.priesteregg.at\/en\/premium-eco-resort\/chalets\/seehuette-stadl\/","og_locale":"en_US","og_type":"article","og_title":"Seeh\u00fctten NEU ab Sommer 24 | Private Pool in \u00d6sterreichs Bergen | Luxus Chalet |Sauna","og_description":"Premium-Villa mit 5\u2606-Komfort in Leogang \u2713 privater Pool \u2713 verglaste Fensterfronten f\u00fcr Panorama-Talblick \u2713 eigener Biotop \u2713 Luxus Ausstattung","og_url":"https:\/\/www.priesteregg.at\/en\/premium-eco-resort\/chalets\/seehuette-stadl\/","og_site_name":"Bergdorf Priesteregg","article_modified_time":"2026-04-16T09:56:56+00:00","og_image":[{"width":1920,"height":1200,"url":"https:\/\/www.priesteregg.at\/wp-content\/uploads\/Seehuetten_winter_V.jpg","type":"image\/jpeg"}],"twitter_card":"summary_large_image","twitter_misc":{"Est. reading time":"7 minutes"},"schema":{"@context":"https:\/\/schema.org","@graph":[{"@type":"WebPage","@id":"https:\/\/www.priesteregg.at\/en\/premium-eco-resort\/chalets\/seehuette-stadl\/","url":"https:\/\/www.priesteregg.at\/en\/premium-eco-resort\/chalets\/seehuette-stadl\/","name":"Seeh\u00fctten NEU ab Sommer 24 | Private Pool in \u00d6sterreichs Bergen | Luxus Chalet |Sauna","isPartOf":{"@id":"https:\/\/www.priesteregg.at\/#website"},"primaryImageOfPage":{"@id":"https:\/\/www.priesteregg.at\/en\/premium-eco-resort\/chalets\/seehuette-stadl\/#primaryimage"},"image":{"@id":"https:\/\/www.priesteregg.at\/en\/premium-eco-resort\/chalets\/seehuette-stadl\/#primaryimage"},"thumbnailUrl":"https:\/\/www.priesteregg.at\/wp-content\/uploads\/Seehuetten_winter_V.jpg","datePublished":"2025-11-13T16:05:02+00:00","dateModified":"2026-04-16T09:56:56+00:00","description":"Premium-Villa mit 5\u2606-Komfort in Leogang \u2713 privater Pool \u2713 verglaste Fensterfronten f\u00fcr Panorama-Talblick \u2713 eigener Biotop \u2713 Luxus Ausstattung","breadcrumb":{"@id":"https:\/\/www.priesteregg.at\/en\/premium-eco-resort\/chalets\/seehuette-stadl\/#breadcrumb"},"inLanguage":"en-US","potentialAction":[{"@type":"ReadAction","target":["https:\/\/www.priesteregg.at\/en\/premium-eco-resort\/chalets\/seehuette-stadl\/"]}]},{"@type":"ImageObject","inLanguage":"en-US","@id":"https:\/\/www.priesteregg.at\/en\/premium-eco-resort\/chalets\/seehuette-stadl\/#primaryimage","url":"https:\/\/www.priesteregg.at\/wp-content\/uploads\/Seehuetten_winter_V.jpg","contentUrl":"https:\/\/www.priesteregg.at\/wp-content\/uploads\/Seehuetten_winter_V.jpg","width":1920,"height":1200},{"@type":"BreadcrumbList","@id":"https:\/\/www.priesteregg.at\/en\/premium-eco-resort\/chalets\/seehuette-stadl\/#breadcrumb","itemListElement":[{"@type":"ListItem","position":1,"name":"Startseite","item":"https:\/\/www.priesteregg.at\/en\/"},{"@type":"ListItem","position":2,"name":"Premium Eco Resort","item":"https:\/\/www.priesteregg.at\/en\/premium-eco-resort\/"},{"@type":"ListItem","position":3,"name":"Chalets","item":"https:\/\/www.priesteregg.at\/en\/premium-eco-resort\/chalets\/"},{"@type":"ListItem","position":4,"name":"Seeh\u00fctten Stadl"}]},{"@type":"WebSite","@id":"https:\/\/www.priesteregg.at\/#website","url":"https:\/\/www.priesteregg.at\/","name":"Bergdorf Priesteregg","description":"Chalet, Bergh\u00fctte und Almh\u00fctten Urlaub in Leogang im Salzburger Land, \u00d6sterreich","potentialAction":[{"@type":"SearchAction","target":{"@type":"EntryPoint","urlTemplate":"https:\/\/www.priesteregg.at\/?s={search_term_string}"},"query-input":{"@type":"PropertyValueSpecification","valueRequired":true,"valueName":"search_term_string"}}],"inLanguage":"en-US"}]}},"_links":{"self":[{"href":"https:\/\/www.priesteregg.at\/en\/wp-json\/wp\/v2\/pages\/9300","targetHints":{"allow":["GET"]}}],"collection":[{"href":"https:\/\/www.priesteregg.at\/en\/wp-json\/wp\/v2\/pages"}],"about":[{"href":"https:\/\/www.priesteregg.at\/en\/wp-json\/wp\/v2\/types\/page"}],"author":[{"embeddable":true,"href":"https:\/\/www.priesteregg.at\/en\/wp-json\/wp\/v2\/users\/1"}],"replies":[{"embeddable":true,"href":"https:\/\/www.priesteregg.at\/en\/wp-json\/wp\/v2\/comments?post=9300"}],"version-history":[{"count":8,"href":"https:\/\/www.priesteregg.at\/en\/wp-json\/wp\/v2\/pages\/9300\/revisions"}],"predecessor-version":[{"id":9780,"href":"https:\/\/www.priesteregg.at\/en\/wp-json\/wp\/v2\/pages\/9300\/revisions\/9780"}],"up":[{"embeddable":true,"href":"https:\/\/www.priesteregg.at\/en\/wp-json\/wp\/v2\/pages\/2166"}],"wp:featuredmedia":[{"embeddable":true,"href":"https:\/\/www.priesteregg.at\/en\/wp-json\/wp\/v2\/media\/8128"}],"wp:attachment":[{"href":"https:\/\/www.priesteregg.at\/en\/wp-json\/wp\/v2\/media?parent=9300"}],"curies":[{"name":"wp","href":"https:\/\/api.w.org\/{rel}","templated":true}]}}