{"id":8728,"date":"2025-05-12T08:31:00","date_gmt":"2025-05-12T06:31:00","guid":{"rendered":"https:\/\/www.priesteregg.at\/?page_id=8728"},"modified":"2025-05-12T08:31:00","modified_gmt":"2025-05-12T06:31:00","slug":"yoga-retreats","status":"publish","type":"page","link":"https:\/\/www.priesteregg.at\/en\/wellness\/yoga-retreats\/","title":{"rendered":"Yoga Retreats"},"content":{"rendered":"<div class=\"wpb-content-wrapper\"><p>[vc_row full_width=&#8221;stretch_row&#8221; css=&#8221;.vc_custom_1563547566661{margin-top: -40px !important;margin-bottom: 60px !important;padding-top: 60px !important;padding-bottom: 25px !important;background-color: #f6f6f6 !important;}&#8221;][vc_column offset=&#8221;vc_col-lg-offset-2 vc_col-lg-8 vc_col-md-offset-2 vc_col-md-8&#8243;][vc_column_text css=&#8221;&#8221;]<\/p>\n<h1 style=\"text-align: center;\">Yoga Retreats 2025<br \/>\n&#8211; PRIESTEREGG meets mama thresl<\/h1>\n<p style=\"text-align: center;\"><strong>Einatmen. Ausatmen. Ankommen.<\/strong><\/p>\n<hr \/>\n<p style=\"text-align: center;\">Our yoga retreats offer a retreat from hectic everyday life and immersion in a wonderfully relaxed atmosphere in the midst of our fantastic mountain scenery. The lovingly put together weeks let you forget the stress and help you find your way to yourself, to your center.<\/p>\n<p style=\"text-align: center;\">With the different themes of the retreats, there is something for everyone. Find the right program for you and let yourself be carried away into the world of relaxation, letting go and experiencing nature.<\/p>\n<p>[\/vc_column_text][vc_single_image image=&#8221;8252&#8243; img_size=&#8221;full&#8221; alignment=&#8221;center&#8221; css=&#8221;&#8221;][\/vc_column][\/vc_row][vc_row rtl_reverse=&#8221;yes&#8221; disable_element=&#8221;yes&#8221; el_class=&#8221;vc_row-flex&#8221; css=&#8221;.vc_custom_1738845318532{margin-bottom: 80px !important;}&#8221;][vc_column width=&#8221;1\/2&#8243;][vc_column_text css=&#8221;.vc_custom_1738227376052{margin-bottom: 15px !important;}&#8221;]25.05. &#8211; 29.05.2025[\/vc_column_text][vc_column_text css=&#8221;&#8221;]<\/p>\n<h2>YOGA MOUNTAIN DAYS<\/h2>\n<p>Zum f\u00fcnften Mal finden dieses Jahr unsere legend\u00e4ren YOGA MOUNTAIN DAYS statt. In diesen f\u00fcnf Tagen erlebst Du ganz besondere Yoga-Orte, unvergessliche Naturerlebnisse, Yoga-Sessions mit Live Musik und einen bereichernden Austausch mit Gleichgesinnten.[\/vc_column_text][vc_btn title=&#8221;Mehr entdecken&#8221; style=&#8221;classic&#8221; color=&#8221;inverse&#8221; css=&#8221;&#8221; link=&#8221;url:%23|title:Bergdorf%20allgemein&#8221;][\/vc_column][vc_column width=&#8221;1\/2&#8243;][vc_single_image image=&#8221;8402&#8243; img_size=&#8221;full&#8221; css=&#8221;&#8221;][\/vc_column][\/vc_row][vc_row el_class=&#8221;vc_row-flex&#8221; css=&#8221;.vc_custom_1560760054615{margin-bottom: 80px !important;}&#8221;][vc_column width=&#8221;1\/2&#8243;][vc_single_image image=&#8221;8396&#8243; img_size=&#8221;full&#8221; css=&#8221;&#8221;][\/vc_column][vc_column width=&#8221;1\/2&#8243;][vc_column_text css=&#8221;.vc_custom_1738224652517{margin-bottom: 15px !important;}&#8221;]31.08. &#8211; 04.09.2025[\/vc_column_text][vc_column_text css=&#8221;&#8221;]<\/p>\n<h2>YOGA BIKE DAYS<\/h2>\n<p>Activating bike tours and riding technique training alternate with relaxing yoga sessions, breathing exercises and cold water bathing. Exciting days with great nature experiences await you. Experience the mountains &#8211; away from the summer heat &#8211; and get fit for the fall.[\/vc_column_text][vc_btn title=&#8221;Mehr entdecken&#8221; style=&#8221;classic&#8221; color=&#8221;black&#8221; css=&#8221;&#8221; link=&#8221;url:https%3A%2F%2Fwww.priesteregg.at%2Fwellness%2Fyoga-retreats%2Fyoga-bike-days%2F&#8221;][\/vc_column][\/vc_row][vc_row rtl_reverse=&#8221;yes&#8221; el_class=&#8221;vc_row-flex&#8221; css=&#8221;.vc_custom_1561715323473{margin-bottom: 80px !important;}&#8221;][vc_column width=&#8221;1\/2&#8243;][vc_column_text css=&#8221;.vc_custom_1738226490575{margin-bottom: 15px !important;}&#8221;]21.09. &#8211; 26.09.2025[\/vc_column_text][vc_column_text css=&#8221;&#8221;]<\/p>\n<h2>YOGA HIKE DAYS<\/h2>\n<p>On this retreat, you will go high up with us and deep into your center. Together we will experience breathtaking mountain adventures, activating and relaxing yoga sessions and relaxing moments in the sauna and the sky pool.[\/vc_column_text][vc_btn title=&#8221;Mehr entdecken&#8221; style=&#8221;classic&#8221; color=&#8221;black&#8221; css=&#8221;&#8221; link=&#8221;url:https%3A%2F%2Fwww.priesteregg.at%2F%3Fpage_id%3D8437%26preview%3Dtrue&#8221;][\/vc_column][vc_column width=&#8221;1\/2&#8243;][vc_single_image image=&#8221;8400&#8243; img_size=&#8221;full&#8221; css=&#8221;&#8221;][\/vc_column][\/vc_row][vc_row el_class=&#8221;vc_row-flex&#8221; css=&#8221;.vc_custom_1569338628212{margin-bottom: 80px !important;}&#8221;][vc_column width=&#8221;1\/2&#8243;][vc_single_image image=&#8221;8398&#8243; img_size=&#8221;full&#8221; css=&#8221;&#8221;][\/vc_column][vc_column width=&#8221;1\/2&#8243;][vc_column_text css=&#8221;.vc_custom_1738226926385{margin-bottom: 15px !important;}&#8221;]12.10. &#8211; 16.10.2025[\/vc_column_text][vc_column_text css=&#8221;&#8221;]<\/p>\n<h2>YOGA HEALTH DAYS<\/h2>\n<p>Welcome to our BIG FIVE OF HEALTH. During these five days we will strengthen your immune system and your mindset in a natural way with the power of the wonderful nature that surrounds us. Get ready for the cold season![\/vc_column_text][vc_btn title=&#8221;Mehr entdecken&#8221; style=&#8221;classic&#8221; color=&#8221;black&#8221; css=&#8221;&#8221; link=&#8221;url:https%3A%2F%2Fwww.priesteregg.at%2F%3Fpage_id%3D8442%26preview%3Dtrue&#8221;][\/vc_column][\/vc_row][vc_row rtl_reverse=&#8221;yes&#8221; el_class=&#8221;vc_row-flex&#8221; css=&#8221;.vc_custom_1632992043928{margin-bottom: 80px !important;}&#8221;][vc_column width=&#8221;1\/2&#8243;][vc_column_text css=&#8221;.vc_custom_1738227110372{margin-bottom: 15px !important;}&#8221;]30.11. -05.12.2025[\/vc_column_text][vc_column_text css=&#8221;&#8221;]<\/p>\n<h2>YOGA SKI DAYS<strong><br \/>\n<\/strong><\/h2>\n<p>The name says it all: shared skiing experiences &#8211; uphill or downhill &#8211; alternate with soothing yoga sessions, relaxation in the PRIESTEREGG BAD and ice bathing. Are you ready for a ski vacation with a difference?[\/vc_column_text][vc_btn title=&#8221;Mehr entdecken&#8221; style=&#8221;classic&#8221; color=&#8221;black&#8221; css=&#8221;&#8221; link=&#8221;url:https%3A%2F%2Fwww.priesteregg.at%2F%3Fpage_id%3D8447%26preview%3Dtrue&#8221;][\/vc_column][vc_column width=&#8221;1\/2&#8243;][vc_single_image image=&#8221;8404&#8243; img_size=&#8221;full&#8221; css=&#8221;&#8221;][\/vc_column][\/vc_row]<\/p>\n<\/div>","protected":false},"excerpt":{"rendered":"<p>[vc_row full_width=&#8221;stretch_row&#8221; css=&#8221;.vc_custom_1563547566661{margin-top: -40px !important;margin-bottom: 60px !important;padding-top: 60px !important;padding-bottom: 25px !important;background-color: #f6f6f6 !important;}&#8221;][vc_column offset=&#8221;vc_col-lg-offset-2 vc_col-lg-8 vc_col-md-offset-2 vc_col-md-8&#8243;][vc_column_text css=&#8221;&#8221;] Yoga Retreats 2025 &#8211; PRIESTEREGG meets mama thresl Einatmen. Ausatmen. Ankommen. Our yoga retreats offer a retreat from hectic everyday life and immersion in a wonderfully relaxed atmosphere in the midst of our fantastic mountain scenery. The [&hellip;]<\/p>\n","protected":false},"author":6,"featured_media":0,"parent":2195,"menu_order":7,"comment_status":"closed","ping_status":"closed","template":"","meta":{"_acf_changed":false,"footnotes":""},"class_list":["post-8728","page","type-page","status-publish","hentry"],"acf":[],"yoast_head":"<!-- This site is optimized with the Yoast SEO plugin v25.4 - https:\/\/yoast.com\/wordpress\/plugins\/seo\/ -->\n<title>Yoga Retreats at Bergdorf Priesteregg<\/title>\n<meta name=\"description\" content=\"Highlight of your holiday in Leogang: \u2713Yoga retreats in Austria&#039;s most beautiful mountain region \u2713Exceptional places in nature \u2713Certified teachers\" \/>\n<meta name=\"robots\" content=\"index, follow, max-snippet:-1, max-image-preview:large, max-video-preview:-1\" \/>\n<link rel=\"canonical\" href=\"https:\/\/www.priesteregg.at\/en\/wellness\/yoga-retreats\/\" \/>\n<meta property=\"og:locale\" content=\"en_US\" \/>\n<meta property=\"og:type\" content=\"article\" \/>\n<meta property=\"og:title\" content=\"Yoga Retreats at Bergdorf Priesteregg\" \/>\n<meta property=\"og:description\" content=\"Highlight of your holiday in Leogang: \u2713Yoga retreats in Austria&#039;s most beautiful mountain region \u2713Exceptional places in nature \u2713Certified teachers\" \/>\n<meta property=\"og:url\" content=\"https:\/\/www.priesteregg.at\/en\/wellness\/yoga-retreats\/\" \/>\n<meta property=\"og:site_name\" content=\"Bergdorf Priesteregg\" \/>\n<meta property=\"og:image\" content=\"https:\/\/www.priesteregg.at\/wp-content\/uploads\/priesteregg-chalet-luxus-ski-oesterreich-berge-winter-hotel-8.jpg\" \/>\n\t<meta property=\"og:image:width\" content=\"768\" \/>\n\t<meta property=\"og:image:height\" content=\"768\" \/>\n\t<meta property=\"og:image:type\" content=\"image\/jpeg\" \/>\n<meta name=\"twitter:card\" content=\"summary_large_image\" \/>\n<meta name=\"twitter:label1\" content=\"Est. reading time\" \/>\n\t<meta name=\"twitter:data1\" content=\"4 minutes\" \/>\n<script type=\"application\/ld+json\" class=\"yoast-schema-graph\">{\"@context\":\"https:\/\/schema.org\",\"@graph\":[{\"@type\":\"WebPage\",\"@id\":\"https:\/\/www.priesteregg.at\/en\/wellness\/yoga-retreats\/\",\"url\":\"https:\/\/www.priesteregg.at\/en\/wellness\/yoga-retreats\/\",\"name\":\"Yoga Retreats at Bergdorf Priesteregg\",\"isPartOf\":{\"@id\":\"https:\/\/www.priesteregg.at\/#website\"},\"datePublished\":\"2025-05-12T06:31:00+00:00\",\"description\":\"Highlight of your holiday in Leogang: \u2713Yoga retreats in Austria's most beautiful mountain region \u2713Exceptional places in nature \u2713Certified teachers\",\"breadcrumb\":{\"@id\":\"https:\/\/www.priesteregg.at\/en\/wellness\/yoga-retreats\/#breadcrumb\"},\"inLanguage\":\"en-US\",\"potentialAction\":[{\"@type\":\"ReadAction\",\"target\":[\"https:\/\/www.priesteregg.at\/en\/wellness\/yoga-retreats\/\"]}]},{\"@type\":\"BreadcrumbList\",\"@id\":\"https:\/\/www.priesteregg.at\/en\/wellness\/yoga-retreats\/#breadcrumb\",\"itemListElement\":[{\"@type\":\"ListItem\",\"position\":1,\"name\":\"Startseite\",\"item\":\"https:\/\/www.priesteregg.at\/en\/\"},{\"@type\":\"ListItem\",\"position\":2,\"name\":\"Wellness\",\"item\":\"https:\/\/www.priesteregg.at\/en\/wellness\/\"},{\"@type\":\"ListItem\",\"position\":3,\"name\":\"Yoga Retreats\"}]},{\"@type\":\"WebSite\",\"@id\":\"https:\/\/www.priesteregg.at\/#website\",\"url\":\"https:\/\/www.priesteregg.at\/\",\"name\":\"Bergdorf Priesteregg\",\"description\":\"Chalet, Bergh\u00fctte und Almh\u00fctten Urlaub in Leogang im Salzburger Land, \u00d6sterreich\",\"potentialAction\":[{\"@type\":\"SearchAction\",\"target\":{\"@type\":\"EntryPoint\",\"urlTemplate\":\"https:\/\/www.priesteregg.at\/?s={search_term_string}\"},\"query-input\":{\"@type\":\"PropertyValueSpecification\",\"valueRequired\":true,\"valueName\":\"search_term_string\"}}],\"inLanguage\":\"en-US\"}]}<\/script>\n<!-- \/ Yoast SEO plugin. -->","yoast_head_json":{"title":"Yoga Retreats at Bergdorf Priesteregg","description":"Highlight of your holiday in Leogang: \u2713Yoga retreats in Austria's most beautiful mountain region \u2713Exceptional places in nature \u2713Certified teachers","robots":{"index":"index","follow":"follow","max-snippet":"max-snippet:-1","max-image-preview":"max-image-preview:large","max-video-preview":"max-video-preview:-1"},"canonical":"https:\/\/www.priesteregg.at\/en\/wellness\/yoga-retreats\/","og_locale":"en_US","og_type":"article","og_title":"Yoga Retreats at Bergdorf Priesteregg","og_description":"Highlight of your holiday in Leogang: \u2713Yoga retreats in Austria's most beautiful mountain region \u2713Exceptional places in nature \u2713Certified teachers","og_url":"https:\/\/www.priesteregg.at\/en\/wellness\/yoga-retreats\/","og_site_name":"Bergdorf Priesteregg","og_image":[{"width":768,"height":768,"url":"https:\/\/www.priesteregg.at\/wp-content\/uploads\/priesteregg-chalet-luxus-ski-oesterreich-berge-winter-hotel-8.jpg","type":"image\/jpeg"}],"twitter_card":"summary_large_image","twitter_misc":{"Est. reading time":"4 minutes"},"schema":{"@context":"https:\/\/schema.org","@graph":[{"@type":"WebPage","@id":"https:\/\/www.priesteregg.at\/en\/wellness\/yoga-retreats\/","url":"https:\/\/www.priesteregg.at\/en\/wellness\/yoga-retreats\/","name":"Yoga Retreats at Bergdorf Priesteregg","isPartOf":{"@id":"https:\/\/www.priesteregg.at\/#website"},"datePublished":"2025-05-12T06:31:00+00:00","description":"Highlight of your holiday in Leogang: \u2713Yoga retreats in Austria's most beautiful mountain region \u2713Exceptional places in nature \u2713Certified teachers","breadcrumb":{"@id":"https:\/\/www.priesteregg.at\/en\/wellness\/yoga-retreats\/#breadcrumb"},"inLanguage":"en-US","potentialAction":[{"@type":"ReadAction","target":["https:\/\/www.priesteregg.at\/en\/wellness\/yoga-retreats\/"]}]},{"@type":"BreadcrumbList","@id":"https:\/\/www.priesteregg.at\/en\/wellness\/yoga-retreats\/#breadcrumb","itemListElement":[{"@type":"ListItem","position":1,"name":"Startseite","item":"https:\/\/www.priesteregg.at\/en\/"},{"@type":"ListItem","position":2,"name":"Wellness","item":"https:\/\/www.priesteregg.at\/en\/wellness\/"},{"@type":"ListItem","position":3,"name":"Yoga Retreats"}]},{"@type":"WebSite","@id":"https:\/\/www.priesteregg.at\/#website","url":"https:\/\/www.priesteregg.at\/","name":"Bergdorf Priesteregg","description":"Chalet, Bergh\u00fctte und Almh\u00fctten Urlaub in Leogang im Salzburger Land, \u00d6sterreich","potentialAction":[{"@type":"SearchAction","target":{"@type":"EntryPoint","urlTemplate":"https:\/\/www.priesteregg.at\/?s={search_term_string}"},"query-input":{"@type":"PropertyValueSpecification","valueRequired":true,"valueName":"search_term_string"}}],"inLanguage":"en-US"}]}},"_links":{"self":[{"href":"https:\/\/www.priesteregg.at\/en\/wp-json\/wp\/v2\/pages\/8728","targetHints":{"allow":["GET"]}}],"collection":[{"href":"https:\/\/www.priesteregg.at\/en\/wp-json\/wp\/v2\/pages"}],"about":[{"href":"https:\/\/www.priesteregg.at\/en\/wp-json\/wp\/v2\/types\/page"}],"author":[{"embeddable":true,"href":"https:\/\/www.priesteregg.at\/en\/wp-json\/wp\/v2\/users\/6"}],"replies":[{"embeddable":true,"href":"https:\/\/www.priesteregg.at\/en\/wp-json\/wp\/v2\/comments?post=8728"}],"version-history":[{"count":4,"href":"https:\/\/www.priesteregg.at\/en\/wp-json\/wp\/v2\/pages\/8728\/revisions"}],"predecessor-version":[{"id":8742,"href":"https:\/\/www.priesteregg.at\/en\/wp-json\/wp\/v2\/pages\/8728\/revisions\/8742"}],"up":[{"embeddable":true,"href":"https:\/\/www.priesteregg.at\/en\/wp-json\/wp\/v2\/pages\/2195"}],"wp:attachment":[{"href":"https:\/\/www.priesteregg.at\/en\/wp-json\/wp\/v2\/media?parent=8728"}],"curies":[{"name":"wp","href":"https:\/\/api.w.org\/{rel}","templated":true}]}}