{"id":8504,"date":"2025-02-27T12:30:44","date_gmt":"2025-02-27T11:30:44","guid":{"rendered":"https:\/\/www.priesteregg.at\/?page_id=8504"},"modified":"2025-03-27T16:01:26","modified_gmt":"2025-03-27T15:01:26","slug":"ballooning","status":"publish","type":"page","link":"https:\/\/www.priesteregg.at\/en\/activities\/ballooning\/","title":{"rendered":"PRIESTEREGG Ballooning"},"content":{"rendered":"<div class=\"wpb-content-wrapper\"><p>[vc_row css=&#8221;.vc_custom_1562149595467{margin-bottom: 0px !important;}&#8221;][vc_column][vc_raw_html]JTNDYSUyMGhyZWYlM0QlMjIlMjMlMjIlMjBvbkNsaWNrJTNEJTIyaGlzdG9yeS5iYWNrJTI4JTI5JTNCcmV0dXJuJTIwZmFsc2UlM0IlMjIlM0UlMjZsdCUzQiUyMFp1ciVDMyVCQ2NrJTIwenVyJTIwJUMzJTlDYmVyc2ljaHQlM0MlMkZhJTNF[\/vc_raw_html][\/vc_column][\/vc_row][vc_row disable_element=&#8221;yes&#8221; css=&#8221;.vc_custom_1563536642763{margin-bottom: 0px !important;}&#8221;][vc_column][\/vc_column][\/vc_row][vc_row full_width=&#8221;stretch_row&#8221; css=&#8221;.vc_custom_1563537188789{margin-bottom: 30px !important;padding-top: 60px !important;padding-bottom: 25px !important;background-color: #f6f6f6 !important;}&#8221;][vc_column offset=&#8221;vc_col-lg-offset-2 vc_col-lg-8 vc_col-md-offset-2 vc_col-md-8 vc_col-sm-offset-0 vc_col-xs-12&#8243;][vc_column_text css=&#8221;&#8221;]<\/p>\n<h1 style=\"text-align: center;\">Feel Freedom with PRIESTEREGG Ballooning<\/h1>\n<hr \/>\n<p style=\"text-align: center;\" data-start=\"52\" data-end=\"252\">You cannot grasp it, yet it touches you so deeply. And the higher you rise, the more the world unfolds. Until you float above it, where all noise fades into silence, and you experience true freedom.<\/p>\n<p style=\"text-align: center;\" data-start=\"254\" data-end=\"888\">Today, we want to share with you a fascinating adventure that awaits you at PRIESTEREGG: <strong data-start=\"343\" data-end=\"370\">PRIESTEREGG Ballooning.<\/strong> Before the day fully awakens, we will pick you up from your refuge in a golf cart and take you to the launch site in just five minutes. There, you can enjoy a light snack by the warming campfire before gently lifting off in a hot air balloon. The familiar takes on a whole new perspective, and the new reveals its hidden beauty. After the flight (approx. 1.5 hours, available year-round), we will welcome you back and conclude your adventure with a hearty balloonist\u2019s breakfast and the traditional balloon baptism.<\/p>\n<p style=\"text-align: center;\" data-start=\"890\" data-end=\"1021\" data-is-last-node=\"\" data-is-only-node=\"\">We would be absolutely delighted to accompany you into floating freedom on your next visit and to show you our homeland from above.<\/p>\n<p>[\/vc_column_text][vc_single_image image=&#8221;8252&#8243; img_size=&#8221;full&#8221; alignment=&#8221;center&#8221; css=&#8221;&#8221;][\/vc_column][\/vc_row][vc_row el_class=&#8221;vc_row-flex&#8221; css=&#8221;.vc_custom_1560778897073{margin-bottom: 60px !important;}&#8221;][vc_column width=&#8221;1\/2&#8243;][vc_row_inner][vc_column_inner][vc_column_text css=&#8221;&#8221;]<\/p>\n<h3>Process &amp; Duration<\/h3>\n<ul data-start=\"30\" data-end=\"613\">\n<li data-start=\"30\" data-end=\"161\"><strong data-start=\"32\" data-end=\"44\">Pick-up:<\/strong> Before sunrise, we collect you from your refuge with a golf cart and drive you to the launch site (approx. 5 min).<\/li>\n<li data-start=\"162\" data-end=\"262\"><strong data-start=\"164\" data-end=\"188\">Preparation &amp; Snack:<\/strong> Enjoy a light snack by the warming campfire as the balloon is prepared.<\/li>\n<li data-start=\"263\" data-end=\"393\"><strong data-start=\"265\" data-end=\"284\">Balloon Flight:<\/strong> Experience an unforgettable journey above the landscape (approx. <strong data-start=\"350\" data-end=\"363\">1.5 hours<\/strong>, available <strong data-start=\"375\" data-end=\"389\" data-is-only-node=\"\">year-round<\/strong>).<\/li>\n<li data-start=\"394\" data-end=\"516\"><strong data-start=\"396\" data-end=\"420\">Landing &amp; Reception:<\/strong> After landing, we welcome you back and celebrate with a traditional <strong data-start=\"489\" data-end=\"513\">balloonist\u2019s baptism<\/strong>.<\/li>\n<li data-start=\"517\" data-end=\"613\"><strong data-start=\"519\" data-end=\"533\">Breakfast:<\/strong> The adventure concludes with a <strong data-start=\"565\" data-end=\"598\">hearty balloonist\u2019s breakfast<\/strong> to recharge.<\/li>\n<\/ul>\n<p data-start=\"615\" data-end=\"655\" data-is-last-node=\"\" data-is-only-node=\"\">Total experience: <strong data-start=\"633\" data-end=\"654\">approx. 3\u20134 hours<\/strong>.<\/p>\n<p>[\/vc_column_text][\/vc_column_inner][\/vc_row_inner][\/vc_column][vc_column width=&#8221;1\/2&#8243;][vc_single_image image=&#8221;8518&#8243; img_size=&#8221;full&#8221; css=&#8221;&#8221;][\/vc_column][\/vc_row][vc_row el_class=&#8221;vc_row-flex&#8221; css=&#8221;.vc_custom_1560782319756{margin-bottom: 0px !important;}&#8221;][vc_column css=&#8221;.vc_custom_1560782330640{margin-bottom: 0px !important;}&#8221;][\/vc_column][\/vc_row][vc_row el_class=&#8221;vc_row-flex&#8221; css=&#8221;.vc_custom_1560778897073{margin-bottom: 60px !important;}&#8221;][vc_column width=&#8221;1\/2&#8243;][vc_row_inner][vc_column_inner][vc_single_image image=&#8221;8520&#8243; img_size=&#8221;full&#8221; css=&#8221;&#8221;][\/vc_column_inner][\/vc_row_inner][\/vc_column][vc_column width=&#8221;1\/2&#8243;][vc_column_text css=&#8221;&#8221;]<\/p>\n<h3>Infos &amp; Pricing<\/h3>\n<p>Whether the flight can take place is decided <strong data-start=\"88\" data-end=\"106\">the day before<\/strong> based on weather conditions.<\/p>\n<p data-start=\"160\" data-end=\"218\"><strong data-start=\"163\" data-end=\"180\">Small Balloon<\/strong> (Maximum weight <strong data-start=\"197\" data-end=\"207\">320 kg<\/strong> + pilot)<\/p>\n<ul data-start=\"219\" data-end=\"283\">\n<li data-start=\"219\" data-end=\"248\"><strong data-start=\"221\" data-end=\"235\">2 persons:<\/strong> \u20ac 1,380.00<\/li>\n<li data-start=\"249\" data-end=\"283\"><strong data-start=\"251\" data-end=\"270\">3 or 4 persons:<\/strong> \u20ac 1,480.00<\/li>\n<\/ul>\n<p data-start=\"285\" data-end=\"307\"><strong data-start=\"288\" data-end=\"305\">Large Balloon<\/strong><\/p>\n<ul data-start=\"308\" data-end=\"356\" data-is-last-node=\"\" data-is-only-node=\"\">\n<li data-start=\"308\" data-end=\"356\" data-is-last-node=\"\"><strong data-start=\"310\" data-end=\"334\">For 4 to 16 persons:<\/strong> \u20ac 390.00 per person<\/li>\n<\/ul>\n<p>In cooperation with Flaggl Ballooning GmbH, Stubenberg 11, 8223 Stubenberg am See, Austria&#8217;s leading ballooning company, we make your dream of ballooning come true.[\/vc_column_text][\/vc_column][\/vc_row][vc_row el_class=&#8221;vc_row-flex&#8221; css=&#8221;.vc_custom_1560782319756{margin-bottom: 0px !important;}&#8221;][vc_column css=&#8221;.vc_custom_1560782330640{margin-bottom: 0px !important;}&#8221;][\/vc_column][\/vc_row][vc_row][vc_column][vc_column_text css=&#8221;&#8221;]<\/p>\n<h2 style=\"text-align: center;\">FAQ\u00b4s &#8211; Hot air ballons ride<\/h2>\n<p>[\/vc_column_text][\/vc_column][\/vc_row][vc_row][vc_column][vc_tta_accordion c_icon=&#8221;chevron&#8221; active_section=&#8221;1&#8243;][vc_tta_section title=&#8221;How many people can participate?&#8221; tab_id=&#8221;1710491705140-c2c25357-8301&#8243;][vc_column_text css=&#8221;&#8221;]<\/p>\n<ul>\n<li data-start=\"485\" data-end=\"553\"><strong data-start=\"487\" data-end=\"505\">Small balloon:<\/strong> Up to <strong data-start=\"512\" data-end=\"524\">4 people<\/strong> (max. <strong data-start=\"531\" data-end=\"541\">320 kg<\/strong> + pilot).<\/li>\n<li data-start=\"554\" data-end=\"596\"><strong data-start=\"556\" data-end=\"574\">Large balloon:<\/strong> <strong data-start=\"575\" data-end=\"593\">4 to 16 people<\/strong>.<\/li>\n<\/ul>\n<p>The number of people allowed is always determined by the pilot.[\/vc_column_text][\/vc_tta_section][vc_tta_section title=&#8221;At what age are children allowed to join the flight?&#8221; tab_id=&#8221;1710491705140-8597ce75-c812&#8243;][vc_column_text css=&#8221;&#8221;]Children from the age of 8 are allowed to join the flight. We recommend a height of at least 130 cm so that the children can look over the basket edge.[\/vc_column_text][\/vc_tta_section][vc_tta_section title=&#8221;Can the flight take place in any weather?&#8221; tab_id=&#8221;1710492397891-97c303ea-2953&#8243;][vc_column_text css=&#8221;&#8221;]The flights can only take place under suitable weather conditions. This is decided by the pilot the day before.[\/vc_column_text][\/vc_tta_section][vc_tta_section title=&#8221;What should I wear or bring?&#8221; tab_id=&#8221;1740427833215-c09fc2f6-b215&#8243;][vc_column_text css=&#8221;&#8221;]Dress according to the season, similar to what you would wear for hiking in summer or skiing in winter.<\/p>\n<p>Please wear sturdy shoes. In winter, we recommend warm shoes and gloves. Small backpacks can be placed between your feet during the flight.<\/p>\n<p>In summary:<\/p>\n<p>&#8211; Sturdy shoes in summer<br \/>\n&#8211; Warm shoes in winter<br \/>\n&#8211; Sunglasses<br \/>\n&#8211; Clothing appropriate for the season<br \/>\n&#8211; Gloves in winter<br \/>\n&#8211; Mobile phone and\/or camera<br \/>\n&#8211; Small backpacks can be placed between your legs, but it\u2019s more comfortable without them.[\/vc_column_text][\/vc_tta_section][vc_tta_section title=&#8221;Are dogs allowed to join the flight?&#8221; tab_id=&#8221;1710492821642-4b41f02b-d33a&#8221;][vc_column_text css=&#8221;&#8221;]Dogs are not allowed.[\/vc_column_text][\/vc_tta_section][vc_tta_section title=&#8221;Is it allowed to take picturea during the flight?&#8221; tab_id=&#8221;1710494844877-c5d75fcb-0529&#8243;][vc_column_text css=&#8221;&#8221;]Photography and filming are allowed during the flight. However, the camera must be safely stowed away before landing.[\/vc_column_text][\/vc_tta_section][vc_tta_section title=&#8221;How can I book the flight?&#8221; tab_id=&#8221;1710493157836-837c1496-bb1d&#8221;][vc_column_text css=&#8221;&#8221;]You can book the hot air ballon flight directly with us: <a href=\"mailto:bergdorf@priesteregg.at\">bergdorf@priesteregg.at<\/a>[\/vc_column_text][\/vc_tta_section][vc_tta_section title=&#8221;How is the paymant made?&#8221; tab_id=&#8221;1710492518581-6af0833c-f586&#8243;][vc_column_text css=&#8221;&#8221;]You pay the flight with your hotel billing.[\/vc_column_text][\/vc_tta_section][vc_tta_section title=&#8221;Terms &amp; Condtitions&#8221; tab_id=&#8221;1743087622686-5f5ef283-8582&#8243;][vc_column_text css=&#8221;&#8221;]You find the terms and conditions about Priesteregg Ballooning <a href=\"https:\/\/www.priesteregg.at\/en\/terms-and-conditions-balloning\/\">here<\/a>.[\/vc_column_text][\/vc_tta_section][\/vc_tta_accordion][\/vc_column][\/vc_row]<\/p>\n<\/div>","protected":false},"excerpt":{"rendered":"<p>[vc_row css=&#8221;.vc_custom_1562149595467{margin-bottom: 0px !important;}&#8221;][vc_column][vc_raw_html]JTNDYSUyMGhyZWYlM0QlMjIlMjMlMjIlMjBvbkNsaWNrJTNEJTIyaGlzdG9yeS5iYWNrJTI4JTI5JTNCcmV0dXJuJTIwZmFsc2UlM0IlMjIlM0UlMjZsdCUzQiUyMFp1ciVDMyVCQ2NrJTIwenVyJTIwJUMzJTlDYmVyc2ljaHQlM0MlMkZhJTNF[\/vc_raw_html][\/vc_column][\/vc_row][vc_row disable_element=&#8221;yes&#8221; css=&#8221;.vc_custom_1563536642763{margin-bottom: 0px !important;}&#8221;][vc_column][\/vc_column][\/vc_row][vc_row full_width=&#8221;stretch_row&#8221; css=&#8221;.vc_custom_1563537188789{margin-bottom: 30px !important;padding-top: 60px !important;padding-bottom: 25px !important;background-color: #f6f6f6 !important;}&#8221;][vc_column offset=&#8221;vc_col-lg-offset-2 vc_col-lg-8 vc_col-md-offset-2 vc_col-md-8 vc_col-sm-offset-0 vc_col-xs-12&#8243;][vc_column_text css=&#8221;&#8221;] Feel Freedom with PRIESTEREGG Ballooning You cannot grasp it, yet it touches you so deeply. And the higher you rise, the more the world unfolds. Until you float above it, [&hellip;]<\/p>\n","protected":false},"author":8,"featured_media":8518,"parent":2348,"menu_order":22,"comment_status":"closed","ping_status":"closed","template":"","meta":{"_acf_changed":false,"footnotes":""},"class_list":["post-8504","page","type-page","status-publish","has-post-thumbnail","hentry"],"acf":[],"yoast_head":"<!-- This site is optimized with the Yoast SEO plugin v25.4 - https:\/\/yoast.com\/wordpress\/plugins\/seo\/ -->\n<title>PRIESTEREGG Ballooning - Bergdorf Priesteregg<\/title>\n<meta name=\"description\" content=\"Experience luxurious helicopter flights during your vacation: All the information about transfer, scenic, and taxi flights for arrivals, departures, and excursions to our resort.\" \/>\n<meta name=\"robots\" content=\"index, follow, max-snippet:-1, max-image-preview:large, max-video-preview:-1\" \/>\n<link rel=\"canonical\" href=\"https:\/\/www.priesteregg.at\/en\/activities\/ballooning\/\" \/>\n<meta property=\"og:locale\" content=\"en_US\" \/>\n<meta property=\"og:type\" content=\"article\" \/>\n<meta property=\"og:title\" content=\"PRIESTEREGG Ballooning - Bergdorf Priesteregg\" \/>\n<meta property=\"og:description\" content=\"Experience luxurious helicopter flights during your vacation: All the information about transfer, scenic, and taxi flights for arrivals, departures, and excursions to our resort.\" \/>\n<meta property=\"og:url\" content=\"https:\/\/www.priesteregg.at\/en\/activities\/ballooning\/\" \/>\n<meta property=\"og:site_name\" content=\"Bergdorf Priesteregg\" \/>\n<meta property=\"article:modified_time\" content=\"2025-03-27T15:01:26+00:00\" \/>\n<meta property=\"og:image\" content=\"https:\/\/www.priesteregg.at\/wp-content\/uploads\/Ballooning_Sommer.jpg\" \/>\n\t<meta property=\"og:image:width\" content=\"768\" \/>\n\t<meta property=\"og:image:height\" content=\"768\" \/>\n\t<meta property=\"og:image:type\" content=\"image\/jpeg\" \/>\n<meta name=\"twitter:card\" content=\"summary_large_image\" \/>\n<meta name=\"twitter:label1\" content=\"Est. reading time\" \/>\n\t<meta name=\"twitter:data1\" content=\"5 minutes\" \/>\n<script type=\"application\/ld+json\" class=\"yoast-schema-graph\">{\"@context\":\"https:\/\/schema.org\",\"@graph\":[{\"@type\":\"WebPage\",\"@id\":\"https:\/\/www.priesteregg.at\/en\/activities\/ballooning\/\",\"url\":\"https:\/\/www.priesteregg.at\/en\/activities\/ballooning\/\",\"name\":\"PRIESTEREGG Ballooning - Bergdorf Priesteregg\",\"isPartOf\":{\"@id\":\"https:\/\/www.priesteregg.at\/#website\"},\"primaryImageOfPage\":{\"@id\":\"https:\/\/www.priesteregg.at\/en\/activities\/ballooning\/#primaryimage\"},\"image\":{\"@id\":\"https:\/\/www.priesteregg.at\/en\/activities\/ballooning\/#primaryimage\"},\"thumbnailUrl\":\"https:\/\/www.priesteregg.at\/wp-content\/uploads\/Ballooning_Sommer.jpg\",\"datePublished\":\"2025-02-27T11:30:44+00:00\",\"dateModified\":\"2025-03-27T15:01:26+00:00\",\"description\":\"Experience luxurious helicopter flights during your vacation: All the information about transfer, scenic, and taxi flights for arrivals, departures, and excursions to our resort.\",\"breadcrumb\":{\"@id\":\"https:\/\/www.priesteregg.at\/en\/activities\/ballooning\/#breadcrumb\"},\"inLanguage\":\"en-US\",\"potentialAction\":[{\"@type\":\"ReadAction\",\"target\":[\"https:\/\/www.priesteregg.at\/en\/activities\/ballooning\/\"]}]},{\"@type\":\"ImageObject\",\"inLanguage\":\"en-US\",\"@id\":\"https:\/\/www.priesteregg.at\/en\/activities\/ballooning\/#primaryimage\",\"url\":\"https:\/\/www.priesteregg.at\/wp-content\/uploads\/Ballooning_Sommer.jpg\",\"contentUrl\":\"https:\/\/www.priesteregg.at\/wp-content\/uploads\/Ballooning_Sommer.jpg\",\"width\":768,\"height\":768},{\"@type\":\"BreadcrumbList\",\"@id\":\"https:\/\/www.priesteregg.at\/en\/activities\/ballooning\/#breadcrumb\",\"itemListElement\":[{\"@type\":\"ListItem\",\"position\":1,\"name\":\"Startseite\",\"item\":\"https:\/\/www.priesteregg.at\/en\/\"},{\"@type\":\"ListItem\",\"position\":2,\"name\":\"Activities\",\"item\":\"https:\/\/www.priesteregg.at\/en\/activities\/\"},{\"@type\":\"ListItem\",\"position\":3,\"name\":\"PRIESTEREGG Ballooning\"}]},{\"@type\":\"WebSite\",\"@id\":\"https:\/\/www.priesteregg.at\/#website\",\"url\":\"https:\/\/www.priesteregg.at\/\",\"name\":\"Bergdorf Priesteregg\",\"description\":\"Chalet, Bergh\u00fctte und Almh\u00fctten Urlaub in Leogang im Salzburger Land, \u00d6sterreich\",\"potentialAction\":[{\"@type\":\"SearchAction\",\"target\":{\"@type\":\"EntryPoint\",\"urlTemplate\":\"https:\/\/www.priesteregg.at\/?s={search_term_string}\"},\"query-input\":{\"@type\":\"PropertyValueSpecification\",\"valueRequired\":true,\"valueName\":\"search_term_string\"}}],\"inLanguage\":\"en-US\"}]}<\/script>\n<!-- \/ Yoast SEO plugin. -->","yoast_head_json":{"title":"PRIESTEREGG Ballooning - Bergdorf Priesteregg","description":"Experience luxurious helicopter flights during your vacation: All the information about transfer, scenic, and taxi flights for arrivals, departures, and excursions to our resort.","robots":{"index":"index","follow":"follow","max-snippet":"max-snippet:-1","max-image-preview":"max-image-preview:large","max-video-preview":"max-video-preview:-1"},"canonical":"https:\/\/www.priesteregg.at\/en\/activities\/ballooning\/","og_locale":"en_US","og_type":"article","og_title":"PRIESTEREGG Ballooning - Bergdorf Priesteregg","og_description":"Experience luxurious helicopter flights during your vacation: All the information about transfer, scenic, and taxi flights for arrivals, departures, and excursions to our resort.","og_url":"https:\/\/www.priesteregg.at\/en\/activities\/ballooning\/","og_site_name":"Bergdorf Priesteregg","article_modified_time":"2025-03-27T15:01:26+00:00","og_image":[{"width":768,"height":768,"url":"https:\/\/www.priesteregg.at\/wp-content\/uploads\/Ballooning_Sommer.jpg","type":"image\/jpeg"}],"twitter_card":"summary_large_image","twitter_misc":{"Est. reading time":"5 minutes"},"schema":{"@context":"https:\/\/schema.org","@graph":[{"@type":"WebPage","@id":"https:\/\/www.priesteregg.at\/en\/activities\/ballooning\/","url":"https:\/\/www.priesteregg.at\/en\/activities\/ballooning\/","name":"PRIESTEREGG Ballooning - Bergdorf Priesteregg","isPartOf":{"@id":"https:\/\/www.priesteregg.at\/#website"},"primaryImageOfPage":{"@id":"https:\/\/www.priesteregg.at\/en\/activities\/ballooning\/#primaryimage"},"image":{"@id":"https:\/\/www.priesteregg.at\/en\/activities\/ballooning\/#primaryimage"},"thumbnailUrl":"https:\/\/www.priesteregg.at\/wp-content\/uploads\/Ballooning_Sommer.jpg","datePublished":"2025-02-27T11:30:44+00:00","dateModified":"2025-03-27T15:01:26+00:00","description":"Experience luxurious helicopter flights during your vacation: All the information about transfer, scenic, and taxi flights for arrivals, departures, and excursions to our resort.","breadcrumb":{"@id":"https:\/\/www.priesteregg.at\/en\/activities\/ballooning\/#breadcrumb"},"inLanguage":"en-US","potentialAction":[{"@type":"ReadAction","target":["https:\/\/www.priesteregg.at\/en\/activities\/ballooning\/"]}]},{"@type":"ImageObject","inLanguage":"en-US","@id":"https:\/\/www.priesteregg.at\/en\/activities\/ballooning\/#primaryimage","url":"https:\/\/www.priesteregg.at\/wp-content\/uploads\/Ballooning_Sommer.jpg","contentUrl":"https:\/\/www.priesteregg.at\/wp-content\/uploads\/Ballooning_Sommer.jpg","width":768,"height":768},{"@type":"BreadcrumbList","@id":"https:\/\/www.priesteregg.at\/en\/activities\/ballooning\/#breadcrumb","itemListElement":[{"@type":"ListItem","position":1,"name":"Startseite","item":"https:\/\/www.priesteregg.at\/en\/"},{"@type":"ListItem","position":2,"name":"Activities","item":"https:\/\/www.priesteregg.at\/en\/activities\/"},{"@type":"ListItem","position":3,"name":"PRIESTEREGG Ballooning"}]},{"@type":"WebSite","@id":"https:\/\/www.priesteregg.at\/#website","url":"https:\/\/www.priesteregg.at\/","name":"Bergdorf Priesteregg","description":"Chalet, Bergh\u00fctte und Almh\u00fctten Urlaub in Leogang im Salzburger Land, \u00d6sterreich","potentialAction":[{"@type":"SearchAction","target":{"@type":"EntryPoint","urlTemplate":"https:\/\/www.priesteregg.at\/?s={search_term_string}"},"query-input":{"@type":"PropertyValueSpecification","valueRequired":true,"valueName":"search_term_string"}}],"inLanguage":"en-US"}]}},"_links":{"self":[{"href":"https:\/\/www.priesteregg.at\/en\/wp-json\/wp\/v2\/pages\/8504","targetHints":{"allow":["GET"]}}],"collection":[{"href":"https:\/\/www.priesteregg.at\/en\/wp-json\/wp\/v2\/pages"}],"about":[{"href":"https:\/\/www.priesteregg.at\/en\/wp-json\/wp\/v2\/types\/page"}],"author":[{"embeddable":true,"href":"https:\/\/www.priesteregg.at\/en\/wp-json\/wp\/v2\/users\/8"}],"replies":[{"embeddable":true,"href":"https:\/\/www.priesteregg.at\/en\/wp-json\/wp\/v2\/comments?post=8504"}],"version-history":[{"count":8,"href":"https:\/\/www.priesteregg.at\/en\/wp-json\/wp\/v2\/pages\/8504\/revisions"}],"predecessor-version":[{"id":8610,"href":"https:\/\/www.priesteregg.at\/en\/wp-json\/wp\/v2\/pages\/8504\/revisions\/8610"}],"up":[{"embeddable":true,"href":"https:\/\/www.priesteregg.at\/en\/wp-json\/wp\/v2\/pages\/2348"}],"wp:featuredmedia":[{"embeddable":true,"href":"https:\/\/www.priesteregg.at\/en\/wp-json\/wp\/v2\/media\/8518"}],"wp:attachment":[{"href":"https:\/\/www.priesteregg.at\/en\/wp-json\/wp\/v2\/media?parent=8504"}],"curies":[{"name":"wp","href":"https:\/\/api.w.org\/{rel}","templated":true}]}}