{"id":7945,"date":"2024-11-14T13:12:35","date_gmt":"2024-11-14T12:12:35","guid":{"rendered":"https:\/\/www.priesteregg.at\/?page_id=7945"},"modified":"2025-01-08T14:00:09","modified_gmt":"2025-01-08T13:00:09","slug":"book-a-table","status":"publish","type":"page","link":"https:\/\/www.priesteregg.at\/en\/cuisine\/huwis-alm-garden\/book-a-table\/","title":{"rendered":"Book a table"},"content":{"rendered":"<div class=\"wpb-content-wrapper\"><p>[vc_row full_width=&#8221;stretch_row&#8221; css=&#8221;.vc_custom_1563795236223{margin-top: -40px !important;margin-bottom: 40px !important;padding-top: 60px !important;padding-bottom: 35px !important;background-color: #f6f6f6 !important;}&#8221;][vc_column][vc_column_text css=&#8221;&#8221;]<\/p>\n<h2 style=\"text-align: center;\">Book a table<\/h2>\n<hr \/>\n<p>[\/vc_column_text][\/vc_column][\/vc_row][vc_row][vc_column][vc_column_text css=&#8221;&#8221;]<\/p>\n<p style=\"text-align: center;\">Please reserve your table for Huwi&#8217;s Alm here.<br \/>\nFor group inquiries of more than 12 people, please contact us by phone or email.<\/p>\n<p>[\/vc_column_text][vc_raw_html css=&#8221;&#8221;]JTNDaWZyYW1lJTIwc3JjJTNEJTI3aHR0cHMlM0ElMkYlMkZ0YWJsZXhwcm8uYXQlMkY0LjAlMkZpbmRleC5waHAlM0Z0eGZlX2dhc3Ryb25vbWllJTNEN2FlYzJpaDFoZHRqNXg5aWg1YjZtbW55amYlMjZ0eGZlX2xhbmclM0Rlbi1VUyUyNyUyMHdpZHRoJTNEJTI3MTAwJTI1JTI3JTIwaGVpZ2h0JTNEJTI3OTAwcHglMjclMjBmcmFtZWJvcmRlciUzRCUyNzAlMjclM0UlM0MlMkZpZnJhbWUlM0U=[\/vc_raw_html][\/vc_column][\/vc_row][vc_row equal_height=&#8221;yes&#8221; content_placement=&#8221;middle&#8221; el_class=&#8221;divider-hor&#8221; css=&#8221;.vc_custom_1560438448846{margin-bottom: 60px !important;}&#8221;][vc_column width=&#8221;1\/2&#8243;][vc_column_text]<\/p>\n<p style=\"text-align: center;\">Telefon <span style=\"font-size: 13.5pt;\"><a href=\"tel:+43 6583 82550\">+43 6583 82550<\/a><\/span><\/p>\n<p>[\/vc_column_text][\/vc_column][vc_column width=&#8221;1\/2&#8243;][vc_column_text css=&#8221;&#8221;]<\/p>\n<p style=\"text-align: center;\">Priesteregg<br \/>\nPremium ECO Resort<br \/>\nSonnberg 22<br \/>\n5771 Leogang, \u00d6sterreich<br \/>\n<a href=\"mailto:bergdorf@priesteregg.at\">bergdorf@priesteregg.at<\/a><\/p>\n<p>[\/vc_column_text][\/vc_column][\/vc_row][vc_row][vc_column][vc_column_text]<\/p>\n<p style=\"text-align: center;\"><a style=\"margin-right: 20px; margin-left: 20px;\" href=\"https:\/\/www.priesteregg.at\/en\/anreise\/\">&gt; ARRIVAL<\/a>\u00a0<a href=\"https:\/\/www.google.de\/maps\/place\/Priesteregg\/@47.444967,12.751147,17z\/data=!4m8!3m7!1s0x4776fc74d701e8db:0xacabf212b67ba39f!5m2!4m1!1i2!8m2!3d47.444967!4d12.753341\" target=\"_blank\" rel=\"noopener noreferrer\">&gt; GOOGLE MAPS<\/a><\/p>\n<p>[\/vc_column_text][\/vc_column][\/vc_row]<\/p>\n<\/div>","protected":false},"excerpt":{"rendered":"<p>[vc_row full_width=&#8221;stretch_row&#8221; css=&#8221;.vc_custom_1563795236223{margin-top: -40px !important;margin-bottom: 40px !important;padding-top: 60px !important;padding-bottom: 35px !important;background-color: #f6f6f6 !important;}&#8221;][vc_column][vc_column_text css=&#8221;&#8221;] Book a table [\/vc_column_text][\/vc_column][\/vc_row][vc_row][vc_column][vc_column_text css=&#8221;&#8221;] Please reserve your table for Huwi&#8217;s Alm here. For group inquiries of more than 12 people, please contact us by phone or email. [\/vc_column_text][vc_raw_html css=&#8221;&#8221;]JTNDaWZyYW1lJTIwc3JjJTNEJTI3aHR0cHMlM0ElMkYlMkZ0YWJsZXhwcm8uYXQlMkY0LjAlMkZpbmRleC5waHAlM0Z0eGZlX2dhc3Ryb25vbWllJTNEN2FlYzJpaDFoZHRqNXg5aWg1YjZtbW55amYlMjZ0eGZlX2xhbmclM0Rlbi1VUyUyNyUyMHdpZHRoJTNEJTI3MTAwJTI1JTI3JTIwaGVpZ2h0JTNEJTI3OTAwcHglMjclMjBmcmFtZWJvcmRlciUzRCUyNzAlMjclM0UlM0MlMkZpZnJhbWUlM0U=[\/vc_raw_html][\/vc_column][\/vc_row][vc_row equal_height=&#8221;yes&#8221; content_placement=&#8221;middle&#8221; el_class=&#8221;divider-hor&#8221; css=&#8221;.vc_custom_1560438448846{margin-bottom: 60px !important;}&#8221;][vc_column width=&#8221;1\/2&#8243;][vc_column_text] Telefon +43 6583 82550 [&hellip;]<\/p>\n","protected":false},"author":1,"featured_media":0,"parent":2233,"menu_order":30,"comment_status":"closed","ping_status":"closed","template":"","meta":{"_acf_changed":false,"footnotes":""},"class_list":["post-7945","page","type-page","status-publish","hentry"],"acf":[],"yoast_head":"<!-- This site is optimized with the Yoast SEO plugin v25.4 - https:\/\/yoast.com\/wordpress\/plugins\/seo\/ -->\n<title>Book a table - Bergdorf Priesteregg<\/title>\n<meta name=\"description\" content=\"Table reservation at Huwis Alm - PRIESTEREGG - Chalets &amp; villas with 5-\u2606 comfort in Austria&#039;s most beautiful mountain world \u2713 ECO Resort \u2713\" \/>\n<meta name=\"robots\" content=\"index, follow, max-snippet:-1, max-image-preview:large, max-video-preview:-1\" \/>\n<link rel=\"canonical\" href=\"https:\/\/www.priesteregg.at\/en\/cuisine\/huwis-alm-garden\/book-a-table\/\" \/>\n<meta property=\"og:locale\" content=\"en_US\" \/>\n<meta property=\"og:type\" content=\"article\" \/>\n<meta property=\"og:title\" content=\"Book a table - Bergdorf Priesteregg\" \/>\n<meta property=\"og:description\" content=\"Table reservation at Huwis Alm - PRIESTEREGG - Chalets &amp; villas with 5-\u2606 comfort in Austria&#039;s most beautiful mountain world \u2713 ECO Resort \u2713\" \/>\n<meta property=\"og:url\" content=\"https:\/\/www.priesteregg.at\/en\/cuisine\/huwis-alm-garden\/book-a-table\/\" \/>\n<meta property=\"og:site_name\" content=\"Bergdorf Priesteregg\" \/>\n<meta property=\"article:modified_time\" content=\"2025-01-08T13:00:09+00:00\" \/>\n<meta property=\"og:image\" content=\"https:\/\/www.priesteregg.at\/wp-content\/uploads\/priesteregg-chalet-luxus-ski-oesterreich-berge-winter-hotel-8.jpg\" \/>\n\t<meta property=\"og:image:width\" content=\"768\" \/>\n\t<meta property=\"og:image:height\" content=\"768\" \/>\n\t<meta property=\"og:image:type\" content=\"image\/jpeg\" \/>\n<meta name=\"twitter:card\" content=\"summary_large_image\" \/>\n<meta name=\"twitter:label1\" content=\"Est. reading time\" \/>\n\t<meta name=\"twitter:data1\" content=\"1 minute\" \/>\n<script type=\"application\/ld+json\" class=\"yoast-schema-graph\">{\"@context\":\"https:\/\/schema.org\",\"@graph\":[{\"@type\":\"WebPage\",\"@id\":\"https:\/\/www.priesteregg.at\/en\/cuisine\/huwis-alm-garden\/book-a-table\/\",\"url\":\"https:\/\/www.priesteregg.at\/en\/cuisine\/huwis-alm-garden\/book-a-table\/\",\"name\":\"Book a table - Bergdorf Priesteregg\",\"isPartOf\":{\"@id\":\"https:\/\/www.priesteregg.at\/#website\"},\"datePublished\":\"2024-11-14T12:12:35+00:00\",\"dateModified\":\"2025-01-08T13:00:09+00:00\",\"description\":\"Table reservation at Huwis Alm - PRIESTEREGG - Chalets & villas with 5-\u2606 comfort in Austria's most beautiful mountain world \u2713 ECO Resort \u2713\",\"breadcrumb\":{\"@id\":\"https:\/\/www.priesteregg.at\/en\/cuisine\/huwis-alm-garden\/book-a-table\/#breadcrumb\"},\"inLanguage\":\"en-US\",\"potentialAction\":[{\"@type\":\"ReadAction\",\"target\":[\"https:\/\/www.priesteregg.at\/en\/cuisine\/huwis-alm-garden\/book-a-table\/\"]}]},{\"@type\":\"BreadcrumbList\",\"@id\":\"https:\/\/www.priesteregg.at\/en\/cuisine\/huwis-alm-garden\/book-a-table\/#breadcrumb\",\"itemListElement\":[{\"@type\":\"ListItem\",\"position\":1,\"name\":\"Startseite\",\"item\":\"https:\/\/www.priesteregg.at\/en\/\"},{\"@type\":\"ListItem\",\"position\":2,\"name\":\"CUISINE\",\"item\":\"https:\/\/www.priesteregg.at\/en\/cuisine\/\"},{\"@type\":\"ListItem\",\"position\":3,\"name\":\"Huwi\u2019s Alm + Garden\",\"item\":\"https:\/\/www.priesteregg.at\/en\/cuisine\/huwis-alm-garden\/\"},{\"@type\":\"ListItem\",\"position\":4,\"name\":\"Book a table\"}]},{\"@type\":\"WebSite\",\"@id\":\"https:\/\/www.priesteregg.at\/#website\",\"url\":\"https:\/\/www.priesteregg.at\/\",\"name\":\"Bergdorf Priesteregg\",\"description\":\"Chalet, Bergh\u00fctte und Almh\u00fctten Urlaub in Leogang im Salzburger Land, \u00d6sterreich\",\"potentialAction\":[{\"@type\":\"SearchAction\",\"target\":{\"@type\":\"EntryPoint\",\"urlTemplate\":\"https:\/\/www.priesteregg.at\/?s={search_term_string}\"},\"query-input\":{\"@type\":\"PropertyValueSpecification\",\"valueRequired\":true,\"valueName\":\"search_term_string\"}}],\"inLanguage\":\"en-US\"}]}<\/script>\n<!-- \/ Yoast SEO plugin. -->","yoast_head_json":{"title":"Book a table - Bergdorf Priesteregg","description":"Table reservation at Huwis Alm - PRIESTEREGG - Chalets & villas with 5-\u2606 comfort in Austria's most beautiful mountain world \u2713 ECO Resort \u2713","robots":{"index":"index","follow":"follow","max-snippet":"max-snippet:-1","max-image-preview":"max-image-preview:large","max-video-preview":"max-video-preview:-1"},"canonical":"https:\/\/www.priesteregg.at\/en\/cuisine\/huwis-alm-garden\/book-a-table\/","og_locale":"en_US","og_type":"article","og_title":"Book a table - Bergdorf Priesteregg","og_description":"Table reservation at Huwis Alm - PRIESTEREGG - Chalets & villas with 5-\u2606 comfort in Austria's most beautiful mountain world \u2713 ECO Resort \u2713","og_url":"https:\/\/www.priesteregg.at\/en\/cuisine\/huwis-alm-garden\/book-a-table\/","og_site_name":"Bergdorf Priesteregg","article_modified_time":"2025-01-08T13:00:09+00:00","og_image":[{"width":768,"height":768,"url":"https:\/\/www.priesteregg.at\/wp-content\/uploads\/priesteregg-chalet-luxus-ski-oesterreich-berge-winter-hotel-8.jpg","type":"image\/jpeg"}],"twitter_card":"summary_large_image","twitter_misc":{"Est. reading time":"1 minute"},"schema":{"@context":"https:\/\/schema.org","@graph":[{"@type":"WebPage","@id":"https:\/\/www.priesteregg.at\/en\/cuisine\/huwis-alm-garden\/book-a-table\/","url":"https:\/\/www.priesteregg.at\/en\/cuisine\/huwis-alm-garden\/book-a-table\/","name":"Book a table - Bergdorf Priesteregg","isPartOf":{"@id":"https:\/\/www.priesteregg.at\/#website"},"datePublished":"2024-11-14T12:12:35+00:00","dateModified":"2025-01-08T13:00:09+00:00","description":"Table reservation at Huwis Alm - PRIESTEREGG - Chalets & villas with 5-\u2606 comfort in Austria's most beautiful mountain world \u2713 ECO Resort \u2713","breadcrumb":{"@id":"https:\/\/www.priesteregg.at\/en\/cuisine\/huwis-alm-garden\/book-a-table\/#breadcrumb"},"inLanguage":"en-US","potentialAction":[{"@type":"ReadAction","target":["https:\/\/www.priesteregg.at\/en\/cuisine\/huwis-alm-garden\/book-a-table\/"]}]},{"@type":"BreadcrumbList","@id":"https:\/\/www.priesteregg.at\/en\/cuisine\/huwis-alm-garden\/book-a-table\/#breadcrumb","itemListElement":[{"@type":"ListItem","position":1,"name":"Startseite","item":"https:\/\/www.priesteregg.at\/en\/"},{"@type":"ListItem","position":2,"name":"CUISINE","item":"https:\/\/www.priesteregg.at\/en\/cuisine\/"},{"@type":"ListItem","position":3,"name":"Huwi\u2019s Alm + Garden","item":"https:\/\/www.priesteregg.at\/en\/cuisine\/huwis-alm-garden\/"},{"@type":"ListItem","position":4,"name":"Book a table"}]},{"@type":"WebSite","@id":"https:\/\/www.priesteregg.at\/#website","url":"https:\/\/www.priesteregg.at\/","name":"Bergdorf Priesteregg","description":"Chalet, Bergh\u00fctte und Almh\u00fctten Urlaub in Leogang im Salzburger Land, \u00d6sterreich","potentialAction":[{"@type":"SearchAction","target":{"@type":"EntryPoint","urlTemplate":"https:\/\/www.priesteregg.at\/?s={search_term_string}"},"query-input":{"@type":"PropertyValueSpecification","valueRequired":true,"valueName":"search_term_string"}}],"inLanguage":"en-US"}]}},"_links":{"self":[{"href":"https:\/\/www.priesteregg.at\/en\/wp-json\/wp\/v2\/pages\/7945","targetHints":{"allow":["GET"]}}],"collection":[{"href":"https:\/\/www.priesteregg.at\/en\/wp-json\/wp\/v2\/pages"}],"about":[{"href":"https:\/\/www.priesteregg.at\/en\/wp-json\/wp\/v2\/types\/page"}],"author":[{"embeddable":true,"href":"https:\/\/www.priesteregg.at\/en\/wp-json\/wp\/v2\/users\/1"}],"replies":[{"embeddable":true,"href":"https:\/\/www.priesteregg.at\/en\/wp-json\/wp\/v2\/comments?post=7945"}],"version-history":[{"count":6,"href":"https:\/\/www.priesteregg.at\/en\/wp-json\/wp\/v2\/pages\/7945\/revisions"}],"predecessor-version":[{"id":8182,"href":"https:\/\/www.priesteregg.at\/en\/wp-json\/wp\/v2\/pages\/7945\/revisions\/8182"}],"up":[{"embeddable":true,"href":"https:\/\/www.priesteregg.at\/en\/wp-json\/wp\/v2\/pages\/2233"}],"wp:attachment":[{"href":"https:\/\/www.priesteregg.at\/en\/wp-json\/wp\/v2\/media?parent=7945"}],"curies":[{"name":"wp","href":"https:\/\/api.w.org\/{rel}","templated":true}]}}