{"id":7510,"date":"2024-06-26T10:48:07","date_gmt":"2024-06-26T08:48:07","guid":{"rendered":"https:\/\/www.priesteregg.at\/?page_id=7510"},"modified":"2024-08-12T08:42:46","modified_gmt":"2024-08-12T06:42:46","slug":"steckerlfisch","status":"publish","type":"page","link":"https:\/\/www.priesteregg.at\/en\/cuisine\/steckerlfisch\/","title":{"rendered":"Steckerlfisch"},"content":{"rendered":"<div class=\"wpb-content-wrapper\"><p>[vc_row rtl_reverse=&#8221;yes&#8221; el_class=&#8221;vc_row-flex&#8221; css=&#8221;.vc_custom_1564587722203{margin-bottom: 80px !important;}&#8221;][vc_column width=&#8221;1\/2&#8243;][vc_column_text]<\/p>\n<h2>Fished enjoyment<\/h2>\n<p><strong>We invite you to our &#8220;Steckerlfisch&#8221;* dinner.<\/strong><\/p>\n<p>Do you know our <strong>Zwischbergen pond<\/strong> behind the yoga platforms? It is an enchanted place where the crickets chirp and the bank grass sways in the warm wind chimes. In summer, <strong>on the rest days of the Huwi&#8217;s Alm<\/strong>, we accompany the spectacle of nature with homemade delicacies and <strong>invite our chalet guests to eat &#8220;Steckerlfisch&#8221;<\/strong>. The local trout is freshly prepared by us and served at the enjoyment area. Feel free to come along during your holiday, we look forward to a relaxed and cozy get-together with you. If the weather is bad, we can find shelter in our Bedouin tent &#8211; so the &#8220;Steckerlfisch&#8221; meal takes place whatever the weather.<\/p>\n<p>* Steckerlfisch means fire grilled fish on a stick.[\/vc_column_text][\/vc_column][vc_column width=&#8221;1\/2&#8243;][vc_gallery type=&#8221;flexslider_slide&#8221; interval=&#8221;0&#8243; images=&#8221;7692,7694,7696,7698&#8243; img_size=&#8221;large&#8221; css=&#8221;&#8221;][\/vc_column][\/vc_row][vc_row full_width=&#8221;stretch_row&#8221; el_class=&#8221;vc_row-flex thresl-hendl&#8221; css=&#8221;.vc_custom_1565348940990{margin-bottom: 0px !important;padding-top: 40px !important;padding-bottom: 0px !important;background-color: #1f1f1f !important;}&#8221;][vc_column][vc_column_text el_class=&#8221;white&#8221;]<strong>For further culinary experiences we would like to recommend our two other restaurants in Leogang.<\/strong>[\/vc_column_text][\/vc_column][\/vc_row][vc_row full_width=&#8221;stretch_row&#8221; el_class=&#8221;vc_row-flex thresl-hendl&#8221; css=&#8221;.vc_custom_1565345611524{margin-bottom: 0px !important;padding-bottom: 0px !important;background-color: #1f1f1f !important;}&#8221;][vc_column width=&#8221;1\/2&#8243;][vc_single_image image=&#8221;2102&#8243; img_size=&#8221;full&#8221;][vc_column_text el_class=&#8221;white&#8221;]<\/p>\n<h2>Mama Thresl<\/h2>\n<p><strong>mama thresl\u2019s kitchen. <\/strong><\/p>\n<div class=\"wpb_text_column wpb_content_element white\">\n<div class=\"wpb_wrapper\">\n<p>Always fresh, delicious and seasonal. We offer traditional dishes, home-made tarte flamb\u00e9e, crunchy salads, savoury steaks and delicious burgers, or simply what nature provides and our chefs feel like rustling up.<\/p>\n<p>For reservations, please contact<a href=\"tel:+43 6583 20 800\"> +43 6583 20 800<\/a><\/p>\n<\/div>\n<\/div>\n<p>[\/vc_column_text][vc_column_text el_class=&#8221;green-white&#8221;]<a href=\"https:\/\/www.priesteregg.at\/wp-content\/uploads\/chillgrill_mama-thresl_Sommer-2019.pdf\" target=\"_blank\" rel=\"noopener noreferrer\">&gt; <\/a><a href=\"https:\/\/www.mama-thresl.com\/en\/hotel-restaurant-leogang\/tarte-flambee\/\" target=\"_blank\" rel=\"noopener noreferrer\">Lunch<\/a><br \/>\n<a href=\"https:\/\/www.mama-thresl.com\/en\/hotel-restaurant-leogang\/grill-chill\/\" target=\"_blank\" rel=\"noopener noreferrer\">&gt; <\/a><a href=\"https:\/\/www.mama-thresl.com\/en\/hotel-restaurant-leogang\/grill-chill\/\" target=\"_blank\" rel=\"noopener noreferrer\">Dinner <\/a><br \/>\n<a href=\"https:\/\/www.mama-thresl.com\/en\/events-veranstaltungen\/\" target=\"_blank\" rel=\"noopener noreferrer\">&gt; Events<\/a>[\/vc_column_text][vc_btn title=&#8221;to mama thresl&#8221; style=&#8221;classic&#8221; color=&#8221;black&#8221; css=&#8221;.vc_custom_1719403074199{margin-bottom: 108px !important;}&#8221; link=&#8221;url:https%3A%2F%2Fwww.mama-thresl.com%2Fen%2F|target:_blank&#8221;][vc_media_grid element_width=&#8221;6&#8243; gap=&#8221;0&#8243; item=&#8221;425&#8243; css=&#8221;.vc_custom_1605091859406{margin-bottom: 0px !important;}&#8221; grid_id=&#8221;vc_gid:1723444933872-1de6f4d3-d5ca-9&#8243; include=&#8221;4610,4612&#8243;][\/vc_column][vc_column width=&#8221;1\/2&#8243;][vc_single_image image=&#8221;7139&#8243; img_size=&#8221;94&#215;105&#8243;][vc_column_text el_class=&#8221;white&#8221;]<\/p>\n<h2>Hendl Fischerei<\/h2>\n<p><strong>Enjoy your meal with mama thresl in the ski area<\/strong><\/p>\n<p>The hendl fischerei serves warm drinks in real cold winter weather as well as cool drinks in scorching summer temperatures. For lunch, Huwi spoils you with his world famous grilled chicken, spicy ribs or delicious fish served on a stick. Huwi\u2019s delicacies come with the typical cool DJ sound from Ibiza.<\/p>\n<p>For reservations, please contact\u00a0<a href=\"tel:+43 6583 20 800 800\">+43 6583 20 800 800<\/a>[\/vc_column_text][vc_message message_box_color=&#8221;white&#8221; el_class=&#8221;badge-right small&#8221;]<\/p>\n<p style=\"text-align: center;\">Only open<br \/>\nduring<br \/>\nWinter<\/p>\n<p>[\/vc_message][vc_column_text el_class=&#8221;green-white&#8221;]<a href=\"https:\/\/www.hendl-fischerei.at\/en\/food\/\" target=\"_blank\" rel=\"noopener noreferrer\">&gt; FOOD<\/a><a href=\"https:\/\/www.priesteregg.at\/en\/wellness\/cuisine\/our-specialities\/#\"><br \/>\n<\/a><a href=\"https:\/\/www.hendl-fischerei.at\/en\/drinks\/\" target=\"_blank\" rel=\"noopener noreferrer\">&gt; DRINKS<\/a><br \/>\n<a href=\"https:\/\/www.mama-thresl.com\/events-veranstaltungen\/\" target=\"_blank\" rel=\"noopener noreferrer\">&gt; EVENTS<\/a>[\/vc_column_text][vc_btn title=&#8221;to hendl fischerei&#8221; style=&#8221;classic&#8221; color=&#8221;black&#8221; css=&#8221;.vc_custom_1719391460532{margin-bottom: 60px !important;}&#8221; link=&#8221;url:https%3A%2F%2Fwww.hendl-fischerei.at%2Fen%2F|target:_blank&#8221;][vc_media_grid element_width=&#8221;6&#8243; gap=&#8221;0&#8243; item=&#8221;425&#8243; css=&#8221;.vc_custom_1605091877134{margin-bottom: 0px !important;}&#8221; grid_id=&#8221;vc_gid:1723444933876-7e6f8bf4-ccc4-3&#8243; include=&#8221;4606,4608&#8243;][\/vc_column][\/vc_row]<\/p>\n<\/div>","protected":false},"excerpt":{"rendered":"<p>[vc_row rtl_reverse=&#8221;yes&#8221; el_class=&#8221;vc_row-flex&#8221; css=&#8221;.vc_custom_1564587722203{margin-bottom: 80px !important;}&#8221;][vc_column width=&#8221;1\/2&#8243;][vc_column_text] Fished enjoyment We invite you to our &#8220;Steckerlfisch&#8221;* dinner. Do you know our Zwischbergen pond behind the yoga platforms? It is an enchanted place where the crickets chirp and the bank grass sways in the warm wind chimes. In summer, on the rest days of the Huwi&#8217;s Alm, [&hellip;]<\/p>\n","protected":false},"author":1,"featured_media":0,"parent":2227,"menu_order":3,"comment_status":"closed","ping_status":"closed","template":"","meta":{"_acf_changed":false,"footnotes":""},"class_list":["post-7510","page","type-page","status-publish","hentry"],"acf":[],"yoast_head":"<!-- This site is optimized with the Yoast SEO plugin v25.4 - https:\/\/yoast.com\/wordpress\/plugins\/seo\/ -->\n<title>Steckerlfisch meal | we invite our chalet guests<\/title>\n<meta name=\"description\" content=\"We prepare the regional trout fresh at our Zwischbergen pond and invite our guests to a cozy evening and Steckerlfisch meal.\" \/>\n<meta name=\"robots\" content=\"index, follow, max-snippet:-1, max-image-preview:large, max-video-preview:-1\" \/>\n<link rel=\"canonical\" href=\"https:\/\/www.priesteregg.at\/en\/cuisine\/steckerlfisch\/\" \/>\n<meta property=\"og:locale\" content=\"en_US\" \/>\n<meta property=\"og:type\" content=\"article\" \/>\n<meta property=\"og:title\" content=\"Steckerlfisch meal | we invite our chalet guests\" \/>\n<meta property=\"og:description\" content=\"We prepare the regional trout fresh at our Zwischbergen pond and invite our guests to a cozy evening and Steckerlfisch meal.\" \/>\n<meta property=\"og:url\" content=\"https:\/\/www.priesteregg.at\/en\/cuisine\/steckerlfisch\/\" \/>\n<meta property=\"og:site_name\" content=\"Bergdorf Priesteregg\" \/>\n<meta property=\"article:modified_time\" content=\"2024-08-12T06:42:46+00:00\" \/>\n<meta property=\"og:image\" content=\"https:\/\/www.priesteregg.at\/wp-content\/uploads\/priesteregg-chalet-luxus-ski-oesterreich-berge-winter-hotel-8.jpg\" \/>\n\t<meta property=\"og:image:width\" content=\"768\" \/>\n\t<meta property=\"og:image:height\" content=\"768\" \/>\n\t<meta property=\"og:image:type\" content=\"image\/jpeg\" \/>\n<meta name=\"twitter:card\" content=\"summary_large_image\" \/>\n<meta name=\"twitter:label1\" content=\"Est. reading time\" \/>\n\t<meta name=\"twitter:data1\" content=\"2 minutes\" \/>\n<script type=\"application\/ld+json\" class=\"yoast-schema-graph\">{\"@context\":\"https:\/\/schema.org\",\"@graph\":[{\"@type\":\"WebPage\",\"@id\":\"https:\/\/www.priesteregg.at\/en\/cuisine\/steckerlfisch\/\",\"url\":\"https:\/\/www.priesteregg.at\/en\/cuisine\/steckerlfisch\/\",\"name\":\"Steckerlfisch meal | we invite our chalet guests\",\"isPartOf\":{\"@id\":\"https:\/\/www.priesteregg.at\/#website\"},\"datePublished\":\"2024-06-26T08:48:07+00:00\",\"dateModified\":\"2024-08-12T06:42:46+00:00\",\"description\":\"We prepare the regional trout fresh at our Zwischbergen pond and invite our guests to a cozy evening and Steckerlfisch meal.\",\"breadcrumb\":{\"@id\":\"https:\/\/www.priesteregg.at\/en\/cuisine\/steckerlfisch\/#breadcrumb\"},\"inLanguage\":\"en-US\",\"potentialAction\":[{\"@type\":\"ReadAction\",\"target\":[\"https:\/\/www.priesteregg.at\/en\/cuisine\/steckerlfisch\/\"]}]},{\"@type\":\"BreadcrumbList\",\"@id\":\"https:\/\/www.priesteregg.at\/en\/cuisine\/steckerlfisch\/#breadcrumb\",\"itemListElement\":[{\"@type\":\"ListItem\",\"position\":1,\"name\":\"Startseite\",\"item\":\"https:\/\/www.priesteregg.at\/en\/\"},{\"@type\":\"ListItem\",\"position\":2,\"name\":\"CUISINE\",\"item\":\"https:\/\/www.priesteregg.at\/en\/cuisine\/\"},{\"@type\":\"ListItem\",\"position\":3,\"name\":\"Steckerlfisch\"}]},{\"@type\":\"WebSite\",\"@id\":\"https:\/\/www.priesteregg.at\/#website\",\"url\":\"https:\/\/www.priesteregg.at\/\",\"name\":\"Bergdorf Priesteregg\",\"description\":\"Chalet, Bergh\u00fctte und Almh\u00fctten Urlaub in Leogang im Salzburger Land, \u00d6sterreich\",\"potentialAction\":[{\"@type\":\"SearchAction\",\"target\":{\"@type\":\"EntryPoint\",\"urlTemplate\":\"https:\/\/www.priesteregg.at\/?s={search_term_string}\"},\"query-input\":{\"@type\":\"PropertyValueSpecification\",\"valueRequired\":true,\"valueName\":\"search_term_string\"}}],\"inLanguage\":\"en-US\"}]}<\/script>\n<!-- \/ Yoast SEO plugin. -->","yoast_head_json":{"title":"Steckerlfisch meal | we invite our chalet guests","description":"We prepare the regional trout fresh at our Zwischbergen pond and invite our guests to a cozy evening and Steckerlfisch meal.","robots":{"index":"index","follow":"follow","max-snippet":"max-snippet:-1","max-image-preview":"max-image-preview:large","max-video-preview":"max-video-preview:-1"},"canonical":"https:\/\/www.priesteregg.at\/en\/cuisine\/steckerlfisch\/","og_locale":"en_US","og_type":"article","og_title":"Steckerlfisch meal | we invite our chalet guests","og_description":"We prepare the regional trout fresh at our Zwischbergen pond and invite our guests to a cozy evening and Steckerlfisch meal.","og_url":"https:\/\/www.priesteregg.at\/en\/cuisine\/steckerlfisch\/","og_site_name":"Bergdorf Priesteregg","article_modified_time":"2024-08-12T06:42:46+00:00","og_image":[{"width":768,"height":768,"url":"https:\/\/www.priesteregg.at\/wp-content\/uploads\/priesteregg-chalet-luxus-ski-oesterreich-berge-winter-hotel-8.jpg","type":"image\/jpeg"}],"twitter_card":"summary_large_image","twitter_misc":{"Est. reading time":"2 minutes"},"schema":{"@context":"https:\/\/schema.org","@graph":[{"@type":"WebPage","@id":"https:\/\/www.priesteregg.at\/en\/cuisine\/steckerlfisch\/","url":"https:\/\/www.priesteregg.at\/en\/cuisine\/steckerlfisch\/","name":"Steckerlfisch meal | we invite our chalet guests","isPartOf":{"@id":"https:\/\/www.priesteregg.at\/#website"},"datePublished":"2024-06-26T08:48:07+00:00","dateModified":"2024-08-12T06:42:46+00:00","description":"We prepare the regional trout fresh at our Zwischbergen pond and invite our guests to a cozy evening and Steckerlfisch meal.","breadcrumb":{"@id":"https:\/\/www.priesteregg.at\/en\/cuisine\/steckerlfisch\/#breadcrumb"},"inLanguage":"en-US","potentialAction":[{"@type":"ReadAction","target":["https:\/\/www.priesteregg.at\/en\/cuisine\/steckerlfisch\/"]}]},{"@type":"BreadcrumbList","@id":"https:\/\/www.priesteregg.at\/en\/cuisine\/steckerlfisch\/#breadcrumb","itemListElement":[{"@type":"ListItem","position":1,"name":"Startseite","item":"https:\/\/www.priesteregg.at\/en\/"},{"@type":"ListItem","position":2,"name":"CUISINE","item":"https:\/\/www.priesteregg.at\/en\/cuisine\/"},{"@type":"ListItem","position":3,"name":"Steckerlfisch"}]},{"@type":"WebSite","@id":"https:\/\/www.priesteregg.at\/#website","url":"https:\/\/www.priesteregg.at\/","name":"Bergdorf Priesteregg","description":"Chalet, Bergh\u00fctte und Almh\u00fctten Urlaub in Leogang im Salzburger Land, \u00d6sterreich","potentialAction":[{"@type":"SearchAction","target":{"@type":"EntryPoint","urlTemplate":"https:\/\/www.priesteregg.at\/?s={search_term_string}"},"query-input":{"@type":"PropertyValueSpecification","valueRequired":true,"valueName":"search_term_string"}}],"inLanguage":"en-US"}]}},"_links":{"self":[{"href":"https:\/\/www.priesteregg.at\/en\/wp-json\/wp\/v2\/pages\/7510","targetHints":{"allow":["GET"]}}],"collection":[{"href":"https:\/\/www.priesteregg.at\/en\/wp-json\/wp\/v2\/pages"}],"about":[{"href":"https:\/\/www.priesteregg.at\/en\/wp-json\/wp\/v2\/types\/page"}],"author":[{"embeddable":true,"href":"https:\/\/www.priesteregg.at\/en\/wp-json\/wp\/v2\/users\/1"}],"replies":[{"embeddable":true,"href":"https:\/\/www.priesteregg.at\/en\/wp-json\/wp\/v2\/comments?post=7510"}],"version-history":[{"count":11,"href":"https:\/\/www.priesteregg.at\/en\/wp-json\/wp\/v2\/pages\/7510\/revisions"}],"predecessor-version":[{"id":7700,"href":"https:\/\/www.priesteregg.at\/en\/wp-json\/wp\/v2\/pages\/7510\/revisions\/7700"}],"up":[{"embeddable":true,"href":"https:\/\/www.priesteregg.at\/en\/wp-json\/wp\/v2\/pages\/2227"}],"wp:attachment":[{"href":"https:\/\/www.priesteregg.at\/en\/wp-json\/wp\/v2\/media?parent=7510"}],"curies":[{"name":"wp","href":"https:\/\/api.w.org\/{rel}","templated":true}]}}