{"id":7503,"date":"2024-06-26T09:39:22","date_gmt":"2024-06-26T07:39:22","guid":{"rendered":"https:\/\/www.priesteregg.at\/?page_id=7503"},"modified":"2024-06-27T11:28:32","modified_gmt":"2024-06-27T09:28:32","slug":"raisedhide","status":"publish","type":"page","link":"https:\/\/www.priesteregg.at\/en\/cuisine\/raisedhide\/","title":{"rendered":"Raised hide"},"content":{"rendered":"<div class=\"wpb-content-wrapper\"><p>[vc_row full_width=&#8221;stretch_row&#8221; css=&#8221;.vc_custom_1563546312146{margin-top: -40px !important;margin-bottom: 5px !important;padding-top: 60px !important;padding-bottom: 25px !important;background-color: #f6f6f6 !important;}&#8221;][vc_column offset=&#8221;vc_col-lg-offset-2 vc_col-lg-8 vc_col-md-offset-2 vc_col-md-8&#8243;][vc_column_text]<\/p>\n<h1 style=\"text-align: center;\">PRIESTEREGG raised hide<\/h1>\n<hr \/>\n<p style=\"text-align: center;\">Spend an unforgettable evening for two on our raised hide near the mountain village. A beautiful natural landscape, one or two wild animals scurrying past and a romantic sunset form the backdrop this evening.<\/p>\n<p>[\/vc_column_text][\/vc_column][\/vc_row][vc_row el_class=&#8221;vc_row-flex&#8221; css=&#8221;.vc_custom_1715763848268{margin-bottom: 80px !important;}&#8221; el_id=&#8221;hochsitz&#8221;][vc_column width=&#8221;1\/2&#8243;][vc_single_image image=&#8221;4448&#8243; img_size=&#8221;full&#8221;][\/vc_column][vc_column width=&#8221;1\/2&#8243;][vc_message message_box_color=&#8221;black&#8221; el_class=&#8221;badge-right&#8221;]<\/p>\n<p style=\"text-align: center;\">for<br \/>\nchalet<br \/>\nguests<\/p>\n<p>[\/vc_message][vc_column_text]<\/p>\n<h3>Raised hide (in summer only)<\/h3>\n<p><strong>Be at one with nature and experience undisturbed romance together!<\/strong><\/p>\n<p>You can book the PRIESTEREGG\u2019s raised hide exclusively for you and your companion during your stay in the Bergdorf. The best time is from 6pm to 7pm. We pick you up from your Chalet, take you to the hide and serve you a delicious snack of meaty delicacies from the region. Drinks and a bottle of Cuv\u00e9e PRIESTEREGGER from the Dorner winery are included.[\/vc_column_text][\/vc_column][\/vc_row][vc_row equal_height=&#8221;yes&#8221; css=&#8221;.vc_custom_1719402503568{margin-bottom: 80px !important;}&#8221;][vc_column][vc_column_text]<\/p>\n<h2 style=\"text-align: center;\">Reservation raised hide<\/h2>\n<p>[\/vc_column_text][vc_column_text]<\/p>\n<p style=\"text-align: center;\">We are happy to accept inquiries and reservations by telephone on +43 6583 82 550 or by email.<\/p>\n<p>[\/vc_column_text][vc_btn title=&#8221;reservation by email&#8221; style=&#8221;classic&#8221; color=&#8221;black&#8221; align=&#8221;center&#8221; link=&#8221;url:https%3A%2F%2Fwww.priesteregg.at%2Fkontakt%3Fsubject%3DAnfrage%20Hochsitz|title:Kontakt&#8221;][\/vc_column][\/vc_row]<\/p>\n<p>[vc_row full_width=&#8221;stretch_row&#8221; el_class=&#8221;vc_row-flex thresl-hendl&#8221; css=&#8221;.vc_custom_1565348940990{margin-bottom: 0px !important;padding-top: 40px !important;padding-bottom: 0px !important;background-color: #1f1f1f !important;}&#8221;][vc_column][vc_column_text el_class=&#8221;white&#8221;]<strong>For further culinary experiences we would like to recommend our two other restaurants in Leogang.<\/strong>[\/vc_column_text][\/vc_column][\/vc_row][vc_row full_width=&#8221;stretch_row&#8221; el_class=&#8221;vc_row-flex thresl-hendl&#8221; css=&#8221;.vc_custom_1565345611524{margin-bottom: 0px !important;padding-bottom: 0px !important;background-color: #1f1f1f !important;}&#8221;][vc_column width=&#8221;1\/2&#8243;][vc_single_image image=&#8221;2102&#8243; img_size=&#8221;full&#8221;][vc_column_text el_class=&#8221;white&#8221;]<\/p>\n<h2>Mama Thresl<\/h2>\n<p><strong>mama thresl\u2019s kitchen. <\/strong><\/p>\n<p>Always fresh, delicious and seasonal. We offer traditional dishes, home-made tarte flamb\u00e9e, crunchy salads, savoury steaks and delicious burgers, or simply what nature provides and our chefs feel like rustling up.<\/p>\n<p><span style=\"font-size: 12pt;\">For reservations, please contact<a href=\"tel:+43 6583 20 800\"> +43 6583 20 800<\/a><\/span>[\/vc_column_text][vc_column_text el_class=&#8221;green-white&#8221;]<a href=\"https:\/\/www.priesteregg.at\/wp-content\/uploads\/chillgrill_mama-thresl_Sommer-2019.pdf\" target=\"_blank\" rel=\"noopener noreferrer\">&gt; <\/a><a href=\"https:\/\/www.mama-thresl.com\/en\/hotel-restaurant-leogang\/tarte-flambee\/\" target=\"_blank\" rel=\"noopener noreferrer\">Lunch<\/a><br \/>\n<a href=\"https:\/\/www.mama-thresl.com\/en\/hotel-restaurant-leogang\/grill-chill\/\" target=\"_blank\" rel=\"noopener noreferrer\">&gt; <\/a><a href=\"https:\/\/www.mama-thresl.com\/en\/hotel-restaurant-leogang\/grill-chill\/\" target=\"_blank\" rel=\"noopener noreferrer\">Dinner <\/a><br \/>\n<a href=\"https:\/\/www.mama-thresl.com\/en\/events-veranstaltungen\/\" target=\"_blank\" rel=\"noopener noreferrer\">&gt; Events<\/a>[\/vc_column_text][vc_btn title=&#8221;to mama thresl&#8221; style=&#8221;classic&#8221; color=&#8221;black&#8221; link=&#8221;url:https%3A%2F%2Fwww.mama-thresl.com%2Fen%2F||target:%20_blank|&#8221; css=&#8221;.vc_custom_1568020477697{margin-bottom: 108px !important;}&#8221;][vc_media_grid element_width=&#8221;6&#8243; gap=&#8221;0&#8243; item=&#8221;425&#8243; grid_id=&#8221;vc_gid:1719387763763-a3006c5a-8a45-3&#8243; include=&#8221;1916,1917&#8243; css=&#8221;.vc_custom_1562273461931{margin-bottom: 0px !important;}&#8221;][\/vc_column][vc_column width=&#8221;1\/2&#8243;][vc_single_image image=&#8221;7139&#8243; img_size=&#8221;94&#215;105&#8243;][vc_column_text el_class=&#8221;white&#8221;]<\/p>\n<h2>Hendl Fischerei<\/h2>\n<p><strong>Enjoy your meal with mama thresl in the ski area<\/strong><\/p>\n<p>The hendl fischerei serves warm drinks in real cold winter weather as well as cool drinks in scorching summer temperatures. For lunch, Huwi spoils you with his world famous grilled chicken, spicy ribs or delicious fish served on a stick. Huwi\u2019s delicacies come with the typical cool DJ sound from Ibiza.<\/p>\n<p><span style=\"font-size: 12pt;\">For reservations, please contact <a href=\"tel:+43 6583 20 800 800\">+43 6583 20 800 800<\/a><\/span>[\/vc_column_text][vc_message message_box_color=&#8221;white&#8221; el_class=&#8221;badge-right small&#8221;]<\/p>\n<p style=\"text-align: center;\">Nur im<br \/>\nWinter<br \/>\nge\u00f6ffnet[\/vc_message][vc_column_text el_class=&#8221;green-white&#8221;]<a href=\"https:\/\/www.hendl-fischerei.at\/en\/food\/\" target=\"_blank\" rel=\"noopener noreferrer\">&gt; Food<\/a><a href=\"#\"><br \/>\n<\/a><a href=\"https:\/\/www.hendl-fischerei.at\/en\/drinks\/\" target=\"_blank\" rel=\"noopener noreferrer\">&gt; Drinks<\/a><br \/>\n<a href=\"https:\/\/www.mama-thresl.com\/events-veranstaltungen\/\" target=\"_blank\" rel=\"noopener noreferrer\">&gt; Events<\/a>[\/vc_column_text][vc_btn title=&#8221;to hendl fischerei&#8221; style=&#8221;classic&#8221; color=&#8221;black&#8221; link=&#8221;url:https%3A%2F%2Fwww.hendl-fischerei.at%2Fen%2F||target:%20_blank|&#8221; css=&#8221;.vc_custom_1578662010675{margin-bottom: 60px !important;}&#8221;][vc_media_grid element_width=&#8221;6&#8243; gap=&#8221;0&#8243; item=&#8221;425&#8243; grid_id=&#8221;vc_gid:1719387763772-befe76ab-3baa-3&#8243; include=&#8221;1914,2052&#8243; css=&#8221;.vc_custom_1564660993448{margin-bottom: 0px !important;}&#8221;][\/vc_column][\/vc_row]<\/p>\n<\/div>","protected":false},"excerpt":{"rendered":"<p>[vc_row full_width=&#8221;stretch_row&#8221; css=&#8221;.vc_custom_1563546312146{margin-top: -40px !important;margin-bottom: 5px !important;padding-top: 60px !important;padding-bottom: 25px !important;background-color: #f6f6f6 !important;}&#8221;][vc_column offset=&#8221;vc_col-lg-offset-2 vc_col-lg-8 vc_col-md-offset-2 vc_col-md-8&#8243;][vc_column_text] PRIESTEREGG raised hide Spend an unforgettable evening for two on our raised hide near the mountain village. A beautiful natural landscape, one or two wild animals scurrying past and a romantic sunset form the backdrop this evening. [\/vc_column_text][\/vc_column][\/vc_row][vc_row [&hellip;]<\/p>\n","protected":false},"author":1,"featured_media":0,"parent":2227,"menu_order":3,"comment_status":"closed","ping_status":"closed","template":"","meta":{"_acf_changed":false,"footnotes":""},"class_list":["post-7503","page","type-page","status-publish","hentry"],"acf":[],"yoast_head":"<!-- This site is optimized with the Yoast SEO plugin v25.4 - https:\/\/yoast.com\/wordpress\/plugins\/seo\/ -->\n<title>Dinner for two in the nature | PRIESTEREGG raised hide<\/title>\n<meta name=\"description\" content=\"A dinner for two on our high seat is an unforgettable holiday experience - experience nature up close and enjoy togetherness.\" \/>\n<meta name=\"robots\" content=\"index, follow, max-snippet:-1, max-image-preview:large, max-video-preview:-1\" \/>\n<link rel=\"canonical\" href=\"https:\/\/www.priesteregg.at\/en\/cuisine\/raisedhide\/\" \/>\n<meta property=\"og:locale\" content=\"en_US\" \/>\n<meta property=\"og:type\" content=\"article\" \/>\n<meta property=\"og:title\" content=\"Dinner for two in the nature | PRIESTEREGG raised hide\" \/>\n<meta property=\"og:description\" content=\"A dinner for two on our high seat is an unforgettable holiday experience - experience nature up close and enjoy togetherness.\" \/>\n<meta property=\"og:url\" content=\"https:\/\/www.priesteregg.at\/en\/cuisine\/raisedhide\/\" \/>\n<meta property=\"og:site_name\" content=\"Bergdorf Priesteregg\" \/>\n<meta property=\"article:modified_time\" content=\"2024-06-27T09:28:32+00:00\" \/>\n<meta property=\"og:image\" content=\"https:\/\/www.priesteregg.at\/wp-content\/uploads\/priesteregg-chalet-luxus-ski-oesterreich-berge-winter-hotel-8.jpg\" \/>\n\t<meta property=\"og:image:width\" content=\"768\" \/>\n\t<meta property=\"og:image:height\" content=\"768\" \/>\n\t<meta property=\"og:image:type\" content=\"image\/jpeg\" \/>\n<meta name=\"twitter:card\" content=\"summary_large_image\" \/>\n<meta name=\"twitter:label1\" content=\"Est. reading time\" \/>\n\t<meta name=\"twitter:data1\" content=\"3 minutes\" \/>\n<script type=\"application\/ld+json\" class=\"yoast-schema-graph\">{\"@context\":\"https:\/\/schema.org\",\"@graph\":[{\"@type\":\"WebPage\",\"@id\":\"https:\/\/www.priesteregg.at\/en\/cuisine\/raisedhide\/\",\"url\":\"https:\/\/www.priesteregg.at\/en\/cuisine\/raisedhide\/\",\"name\":\"Dinner for two in the nature | PRIESTEREGG raised hide\",\"isPartOf\":{\"@id\":\"https:\/\/www.priesteregg.at\/#website\"},\"datePublished\":\"2024-06-26T07:39:22+00:00\",\"dateModified\":\"2024-06-27T09:28:32+00:00\",\"description\":\"A dinner for two on our high seat is an unforgettable holiday experience - experience nature up close and enjoy togetherness.\",\"breadcrumb\":{\"@id\":\"https:\/\/www.priesteregg.at\/en\/cuisine\/raisedhide\/#breadcrumb\"},\"inLanguage\":\"en-US\",\"potentialAction\":[{\"@type\":\"ReadAction\",\"target\":[\"https:\/\/www.priesteregg.at\/en\/cuisine\/raisedhide\/\"]}]},{\"@type\":\"BreadcrumbList\",\"@id\":\"https:\/\/www.priesteregg.at\/en\/cuisine\/raisedhide\/#breadcrumb\",\"itemListElement\":[{\"@type\":\"ListItem\",\"position\":1,\"name\":\"Startseite\",\"item\":\"https:\/\/www.priesteregg.at\/en\/\"},{\"@type\":\"ListItem\",\"position\":2,\"name\":\"CUISINE\",\"item\":\"https:\/\/www.priesteregg.at\/en\/cuisine\/\"},{\"@type\":\"ListItem\",\"position\":3,\"name\":\"Raised hide\"}]},{\"@type\":\"WebSite\",\"@id\":\"https:\/\/www.priesteregg.at\/#website\",\"url\":\"https:\/\/www.priesteregg.at\/\",\"name\":\"Bergdorf Priesteregg\",\"description\":\"Chalet, Bergh\u00fctte und Almh\u00fctten Urlaub in Leogang im Salzburger Land, \u00d6sterreich\",\"potentialAction\":[{\"@type\":\"SearchAction\",\"target\":{\"@type\":\"EntryPoint\",\"urlTemplate\":\"https:\/\/www.priesteregg.at\/?s={search_term_string}\"},\"query-input\":{\"@type\":\"PropertyValueSpecification\",\"valueRequired\":true,\"valueName\":\"search_term_string\"}}],\"inLanguage\":\"en-US\"}]}<\/script>\n<!-- \/ Yoast SEO plugin. -->","yoast_head_json":{"title":"Dinner for two in the nature | PRIESTEREGG raised hide","description":"A dinner for two on our high seat is an unforgettable holiday experience - experience nature up close and enjoy togetherness.","robots":{"index":"index","follow":"follow","max-snippet":"max-snippet:-1","max-image-preview":"max-image-preview:large","max-video-preview":"max-video-preview:-1"},"canonical":"https:\/\/www.priesteregg.at\/en\/cuisine\/raisedhide\/","og_locale":"en_US","og_type":"article","og_title":"Dinner for two in the nature | PRIESTEREGG raised hide","og_description":"A dinner for two on our high seat is an unforgettable holiday experience - experience nature up close and enjoy togetherness.","og_url":"https:\/\/www.priesteregg.at\/en\/cuisine\/raisedhide\/","og_site_name":"Bergdorf Priesteregg","article_modified_time":"2024-06-27T09:28:32+00:00","og_image":[{"width":768,"height":768,"url":"https:\/\/www.priesteregg.at\/wp-content\/uploads\/priesteregg-chalet-luxus-ski-oesterreich-berge-winter-hotel-8.jpg","type":"image\/jpeg"}],"twitter_card":"summary_large_image","twitter_misc":{"Est. reading time":"3 minutes"},"schema":{"@context":"https:\/\/schema.org","@graph":[{"@type":"WebPage","@id":"https:\/\/www.priesteregg.at\/en\/cuisine\/raisedhide\/","url":"https:\/\/www.priesteregg.at\/en\/cuisine\/raisedhide\/","name":"Dinner for two in the nature | PRIESTEREGG raised hide","isPartOf":{"@id":"https:\/\/www.priesteregg.at\/#website"},"datePublished":"2024-06-26T07:39:22+00:00","dateModified":"2024-06-27T09:28:32+00:00","description":"A dinner for two on our high seat is an unforgettable holiday experience - experience nature up close and enjoy togetherness.","breadcrumb":{"@id":"https:\/\/www.priesteregg.at\/en\/cuisine\/raisedhide\/#breadcrumb"},"inLanguage":"en-US","potentialAction":[{"@type":"ReadAction","target":["https:\/\/www.priesteregg.at\/en\/cuisine\/raisedhide\/"]}]},{"@type":"BreadcrumbList","@id":"https:\/\/www.priesteregg.at\/en\/cuisine\/raisedhide\/#breadcrumb","itemListElement":[{"@type":"ListItem","position":1,"name":"Startseite","item":"https:\/\/www.priesteregg.at\/en\/"},{"@type":"ListItem","position":2,"name":"CUISINE","item":"https:\/\/www.priesteregg.at\/en\/cuisine\/"},{"@type":"ListItem","position":3,"name":"Raised hide"}]},{"@type":"WebSite","@id":"https:\/\/www.priesteregg.at\/#website","url":"https:\/\/www.priesteregg.at\/","name":"Bergdorf Priesteregg","description":"Chalet, Bergh\u00fctte und Almh\u00fctten Urlaub in Leogang im Salzburger Land, \u00d6sterreich","potentialAction":[{"@type":"SearchAction","target":{"@type":"EntryPoint","urlTemplate":"https:\/\/www.priesteregg.at\/?s={search_term_string}"},"query-input":{"@type":"PropertyValueSpecification","valueRequired":true,"valueName":"search_term_string"}}],"inLanguage":"en-US"}]}},"_links":{"self":[{"href":"https:\/\/www.priesteregg.at\/en\/wp-json\/wp\/v2\/pages\/7503","targetHints":{"allow":["GET"]}}],"collection":[{"href":"https:\/\/www.priesteregg.at\/en\/wp-json\/wp\/v2\/pages"}],"about":[{"href":"https:\/\/www.priesteregg.at\/en\/wp-json\/wp\/v2\/types\/page"}],"author":[{"embeddable":true,"href":"https:\/\/www.priesteregg.at\/en\/wp-json\/wp\/v2\/users\/1"}],"replies":[{"embeddable":true,"href":"https:\/\/www.priesteregg.at\/en\/wp-json\/wp\/v2\/comments?post=7503"}],"version-history":[{"count":12,"href":"https:\/\/www.priesteregg.at\/en\/wp-json\/wp\/v2\/pages\/7503\/revisions"}],"predecessor-version":[{"id":7591,"href":"https:\/\/www.priesteregg.at\/en\/wp-json\/wp\/v2\/pages\/7503\/revisions\/7591"}],"up":[{"embeddable":true,"href":"https:\/\/www.priesteregg.at\/en\/wp-json\/wp\/v2\/pages\/2227"}],"wp:attachment":[{"href":"https:\/\/www.priesteregg.at\/en\/wp-json\/wp\/v2\/media?parent=7503"}],"curies":[{"name":"wp","href":"https:\/\/api.w.org\/{rel}","templated":true}]}}