{"id":7182,"date":"2024-03-26T13:50:51","date_gmt":"2024-03-26T12:50:51","guid":{"rendered":"https:\/\/www.priesteregg.at\/?page_id=7182"},"modified":"2025-07-04T10:14:08","modified_gmt":"2025-07-04T08:14:08","slug":"helicopterflight","status":"publish","type":"page","link":"https:\/\/www.priesteregg.at\/en\/activities\/helicopterflight\/","title":{"rendered":"Helicopter flights to the Premium Eco Resort &#8211; luxury on the way"},"content":{"rendered":"<div class=\"wpb-content-wrapper\"><p>[vc_row css=&#8221;.vc_custom_1562149595467{margin-bottom: 0px !important;}&#8221;][vc_column][vc_raw_html css=&#8221;&#8221;]JTNDYSUyMGhyZWYlM0QlMjIlMjMlMjIlMjBvbkNsaWNrJTNEJTIyaGlzdG9yeS5iYWNrJTI4JTI5JTNCcmV0dXJuJTIwZmFsc2UlM0IlMjIlM0UlMjZsdCUzQiUyMEJhY2slMjB0byUyMG92ZXJ2aWV3JTNDJTJGYSUzRQ==[\/vc_raw_html][\/vc_column][\/vc_row][vc_row disable_element=&#8221;yes&#8221; css=&#8221;.vc_custom_1563536642763{margin-bottom: 0px !important;}&#8221;][vc_column][\/vc_column][\/vc_row][vc_row full_width=&#8221;stretch_row&#8221; css=&#8221;.vc_custom_1751616835715{margin-bottom: 30px !important;padding-top: 60px !important;padding-bottom: 25px !important;background-color: #f6f6f6 !important;}&#8221; el_class=&#8221;grey&#8221;][vc_column offset=&#8221;vc_col-lg-offset-2 vc_col-lg-8 vc_col-md-offset-2 vc_col-md-8 vc_col-sm-offset-0 vc_col-xs-12&#8243;][vc_column_text css=&#8221;&#8221;]<\/p>\n<h1 style=\"text-align: center;\">EXPERIENCE LUXURIOUS HELICOPTER FLIGHTS TO AND AROUND THE PRIESTEREGG<\/h1>\n<hr \/>\n<p style=\"text-align: center;\">The Alps. They shape our local landscape for hundreds of kilometers and hide the diverse life in the middle. It is a truly special experience to marvel at their beauty from the air: on a private helicopter flight.<\/p>\n<p style=\"text-align: center;\">Our regional partner Sennair, which has specialized in helicopter transfers and \u201cexcursions\u201d for many years, will take off with you \u2013 for a scenic sightseeing flight, as a comfortable air taxi or for arrival and departure to PRIESTEREGG. At a heavenly height you will glide over the breathtaking mountain world in a modern helicopter and enjoy the sensational panoramic view in complete relaxation. Below you, sublime peaks, picturesque lakes, long valleys and dense forests adorn the backdrop. You might even spot a few chamois showing off their climbing skills on the steep rock face. Or you can see a golden eagle at eye level, circling majestically.<\/p>\n<p style=\"text-align: center;\">By the way, whenever you explore the world from above, we compensate for the CO2 emissions per helicopter flight by paying an environmental contribution to myclimate <a href=\"https:\/\/www.myclimate.org\/en\/\">WWW.MYCLIMATE.ORG<\/a>.<\/p>\n<p style=\"text-align: center;\">Book a helicopter flight: Sennair: <a href=\"https:\/\/sennair.at\/en\/\">WWW.SENNAIR.AT<\/a>, <a href=\"mailto:INFO@SENNAIR.AT\">INFO@SENNAIR.AT<\/a>, T: +43 664 15 51\u00a0141<\/p>\n<p>[\/vc_column_text][vc_single_image image=&#8221;8252&#8243; img_size=&#8221;full&#8221; alignment=&#8221;center&#8221; css=&#8221;&#8221;][\/vc_column][\/vc_row][vc_row el_class=&#8221;vc_row-flex&#8221;][vc_column css=&#8221;.vc_custom_1561117582485{margin-bottom: 30px !important;}&#8221;][vc_single_image image=&#8221;1811&#8243; img_size=&#8221;full&#8221; alignment=&#8221;center&#8221;][vc_row_inner][vc_column_inner][vc_column_text css=&#8221;&#8221;]<\/p>\n<h2 style=\"text-align: center;\">HELICOPTER FLIGHTS TO AND FROM PRIESTEREGG PREMIUM ECO RESORT<\/h2>\n<p>[\/vc_column_text][\/vc_column_inner][\/vc_row_inner][\/vc_column][\/vc_row][vc_row el_class=&#8221;vc_row-flex&#8221; css=&#8221;.vc_custom_1560778897073{margin-bottom: 60px !important;}&#8221;][vc_column width=&#8221;1\/2&#8243;][vc_row_inner][vc_column_inner][vc_column_text]<\/p>\n<h3>HELICOPTER TRANSFER FLIGHTS: DEPARTURE AND ARRIVAL TO THE CHALET HOTEL BY HELICOPTER<\/h3>\n<p>[\/vc_column_text][\/vc_column_inner][\/vc_row_inner][vc_column_text]Everyday life off, airplane mode on. We have thought of something very special for your arrival and departure to PRIESTEREGG and, if you wish, we will pick you up directly at Munich or Salzburg airport* by helicopter. The Sennair helicopter transfer will fly you to our chalet village, accompanied by fantastic views and the mountains at your feet, and then back to the airport by helicopter from our hotel on the day of your departure. Transfer flights are possible all year round. You can easily book the helicopter flight via Sennair WWW.SENNAIR.AT, we will take care of the CO2 compensation for you (<a href=\"https:\/\/www.myclimate.org\/en\/\">WWW.MYCLIMATE.ORG<\/a>).<\/p>\n<p>** Flight duration: Munich \u2013 Priestegg: 1 hour \/ Salzburg \u2013 Priestegg: 40 min.[\/vc_column_text][\/vc_column][vc_column width=&#8221;1\/2&#8243;][vc_single_image image=&#8221;2710&#8243; img_size=&#8221;full&#8221;][\/vc_column][\/vc_row][vc_row el_class=&#8221;vc_row-flex&#8221; css=&#8221;.vc_custom_1560782319756{margin-bottom: 0px !important;}&#8221;][vc_column css=&#8221;.vc_custom_1560782330640{margin-bottom: 0px !important;}&#8221;][\/vc_column][\/vc_row][vc_row el_class=&#8221;vc_row-flex&#8221; css=&#8221;.vc_custom_1560778897073{margin-bottom: 60px !important;}&#8221;][vc_column width=&#8221;1\/2&#8243;][vc_row_inner][vc_column_inner][vc_single_image image=&#8221;7196&#8243; img_size=&#8221;full&#8221;][\/vc_column_inner][\/vc_row_inner][\/vc_column][vc_column width=&#8221;1\/2&#8243;][vc_column_text]<\/p>\n<h3>Helicopter tours over the alps<\/h3>\n<p>[\/vc_column_text][vc_row_inner][vc_column_inner][vc_column_text]For 15, 20 or 30 minutes you will marvel at our homeland from a bird&#8217;s eye view with Sennair. The fascinating world of our seasonally decorated nature awaits you on a helicopter flight over the Alps. Lush green of the grassy mountains, shimmering silver of the rock massifs, deep blue of the mountain lakes and glittering white of the blankets of snow. If luck would have it, a golden eagle glides through the air or chamois prance over the steep rock faces. You can book your helicopter flight all year round via WWW.SENNAIR.AT. We also compensate for this adventure with a CO2 compensation payment to myclimate <a href=\"https:\/\/www.myclimate.org\/en\/\">WWW.MYCLIMATE.ORG<\/a>.[\/vc_column_text][\/vc_column_inner][\/vc_row_inner][\/vc_column][\/vc_row][vc_row el_class=&#8221;vc_row-flex&#8221; css=&#8221;.vc_custom_1560782319756{margin-bottom: 0px !important;}&#8221;][vc_column css=&#8221;.vc_custom_1560782330640{margin-bottom: 0px !important;}&#8221;][\/vc_column][\/vc_row][vc_row el_class=&#8221;vc_row-flex&#8221; css=&#8221;.vc_custom_1560778897073{margin-bottom: 60px !important;}&#8221;][vc_column width=&#8221;1\/2&#8243;][vc_row_inner][vc_column_inner][vc_column_text]<\/p>\n<h3>Special taxi flights for day trips<\/h3>\n<p>[\/vc_column_text][\/vc_column_inner][\/vc_row_inner][vc_column_text]From Leogang to Vienna or Salzburg for some shopping? Or for lunch at a very special gourmet or picnic spot? With a Sennair taxi flight, even longer distances literally fly by. You can jet from the chalet hotel by helicopter all year round for a day trip to the city of your choice. When you get back, enjoy relaxation in the PRIESTEREGG BAD and make yourself wonderfully comfortable in your chalet. You can book your taxi flight on WWW.SENNAIR.AT, and we will be happy to pay the resulting CO2 compensation to myclimate <a href=\"https:\/\/www.myclimate.org\/en\/\">WWW.MYCLIMATE.ORG<\/a> for you.[\/vc_column_text][\/vc_column][vc_column width=&#8221;1\/2&#8243;][vc_row_inner][vc_column_inner][vc_single_image image=&#8221;7198&#8243; img_size=&#8221;full&#8221;][\/vc_column_inner][\/vc_row_inner][\/vc_column][\/vc_row][vc_row][vc_column][vc_column_text]<\/p>\n<h2 style=\"text-align: center;\">FAQ\u00b4s about helicopter flights<\/h2>\n<p>[\/vc_column_text][\/vc_column][\/vc_row][vc_row][vc_column][vc_tta_accordion c_icon=&#8221;chevron&#8221; active_section=&#8221;1&#8243;][vc_tta_section title=&#8221;How many person can fly with?&#8221; tab_id=&#8221;1710491705140-c2c25357-8301&#8243;][vc_column_text]The helicopter has space for 1 pilot and 5-6 guests (6 persons on request).[\/vc_column_text][\/vc_tta_section][vc_tta_section title=&#8221;At what age children are allowed to fly?&#8221; tab_id=&#8221;1710491705140-8597ce75-c812&#8243;][vc_column_text]Children of all ages are allowed to fly. Children up to 2 years old sit on their parents&#8217; laps, children from 2 years old sit in their own seat.<\/p>\n<p>For newborns, we recommend checking with a doctor beforehand whether they are fit to fly.[\/vc_column_text][\/vc_tta_section][vc_tta_section title=&#8221;Is it possible to fly in any weather?&#8221; tab_id=&#8221;1710492397891-97c303ea-2953&#8243;][vc_column_text]The flights can only be carried out in weather suitable for flying. We are happy to answer any questions you may have.[\/vc_column_text][\/vc_tta_section][vc_tta_section title=&#8221;How is it paid?&#8221; tab_id=&#8221;1710492518581-6af0833c-f586&#8243;][vc_column_text]You pay for your flight directly with Sennair. The following payment options are available:<\/p>\n<ul>\n<li>VISA, Mastercard, AMEX<\/li>\n<li>Paypal<\/li>\n<li>Instant bank transfer<\/li>\n<li>Payment in advance<\/li>\n<\/ul>\n<p>[\/vc_column_text][\/vc_tta_section][vc_tta_section title=&#8221;Which helicopter is used?&#8221; tab_id=&#8221;1710492642804-5a7e5394-8aa2&#8243;][vc_column_text]It will be flown with the H125 B3 \/ B3e helicopter from Airbus Helicopter.[\/vc_column_text][\/vc_tta_section][vc_tta_section title=&#8221;Are dogs allowed?&#8221; tab_id=&#8221;1710492821642-4b41f02b-d33a&#8221;][vc_column_text]Dogs are also very welcome on board &#8211; small dogs travel in a dog basket they bring with them, large dogs sit on the floor. Please remember to wear bite protection and, for cross-border flights, to bring the necessary papers\/proof of vaccinations.<\/p>\n<p>The Sennair team will be happy to answer any questions you may have about flying with a dog in advance.[\/vc_column_text][\/vc_tta_section][vc_tta_section title=&#8221;What items of luggage are allowed to take with you?&#8221; tab_id=&#8221;1710494844877-c5d75fcb-0529&#8243;][vc_column_text]In total, the following pieces of luggage have space in the helicopter:<\/p>\n<p>3x carry-on suitcases<br \/>\n3x normal hand luggage bags<br \/>\n1x small hand luggage bag<br \/>\n1x large suitcase<br \/>\n1x XL suitcase or on request.<\/p>\n<p>Sports equipment (skis, snowboards, golf, etc.) can also be transported &#8211; please register\/clarify in advance.[\/vc_column_text][\/vc_tta_section][vc_tta_section title=&#8221;How can I book a flight?&#8221; tab_id=&#8221;1710493157836-837c1496-bb1d&#8221;][vc_column_text]Please book or inquire your flight directly with our partner Sennair.<\/p>\n<p><a href=\"https:\/\/www.sennair.at\/en\/shop-en\">Request helicopter flight<\/a>[\/vc_column_text][\/vc_tta_section][\/vc_tta_accordion][\/vc_column][\/vc_row]<\/p>\n<\/div>","protected":false},"excerpt":{"rendered":"<p>[vc_row css=&#8221;.vc_custom_1562149595467{margin-bottom: 0px !important;}&#8221;][vc_column][vc_raw_html css=&#8221;&#8221;]JTNDYSUyMGhyZWYlM0QlMjIlMjMlMjIlMjBvbkNsaWNrJTNEJTIyaGlzdG9yeS5iYWNrJTI4JTI5JTNCcmV0dXJuJTIwZmFsc2UlM0IlMjIlM0UlMjZsdCUzQiUyMEJhY2slMjB0byUyMG92ZXJ2aWV3JTNDJTJGYSUzRQ==[\/vc_raw_html][\/vc_column][\/vc_row][vc_row disable_element=&#8221;yes&#8221; css=&#8221;.vc_custom_1563536642763{margin-bottom: 0px !important;}&#8221;][vc_column][\/vc_column][\/vc_row][vc_row full_width=&#8221;stretch_row&#8221; css=&#8221;.vc_custom_1751616835715{margin-bottom: 30px !important;padding-top: 60px !important;padding-bottom: 25px !important;background-color: #f6f6f6 !important;}&#8221; el_class=&#8221;grey&#8221;][vc_column offset=&#8221;vc_col-lg-offset-2 vc_col-lg-8 vc_col-md-offset-2 vc_col-md-8 vc_col-sm-offset-0 vc_col-xs-12&#8243;][vc_column_text css=&#8221;&#8221;] EXPERIENCE LUXURIOUS HELICOPTER FLIGHTS TO AND AROUND THE PRIESTEREGG The Alps. They shape our local landscape for hundreds of kilometers and hide the diverse life in the middle. [&hellip;]<\/p>\n","protected":false},"author":1,"featured_media":7227,"parent":2348,"menu_order":22,"comment_status":"closed","ping_status":"closed","template":"","meta":{"_acf_changed":false,"footnotes":""},"class_list":["post-7182","page","type-page","status-publish","has-post-thumbnail","hentry"],"acf":[],"yoast_head":"<!-- This site is optimized with the Yoast SEO plugin v25.4 - https:\/\/yoast.com\/wordpress\/plugins\/seo\/ -->\n<title>Helicopter flights to the Premium Eco Resort - luxury on the way - Bergdorf Priesteregg<\/title>\n<meta name=\"description\" content=\"Luxuri\u00f6se Helikopterfl\u00fcge in Ihrem Urlaub erleben: Alle Infos zu Transfer- Rund- &amp; Taxifl\u00fcgen zur Ab- und Anreise in unser Resort sowie f\u00fcr Ausfl\u00fcge.\" \/>\n<meta name=\"robots\" content=\"index, follow, max-snippet:-1, max-image-preview:large, max-video-preview:-1\" \/>\n<link rel=\"canonical\" href=\"https:\/\/www.priesteregg.at\/en\/activities\/helicopterflight\/\" \/>\n<meta property=\"og:locale\" content=\"en_US\" \/>\n<meta property=\"og:type\" content=\"article\" \/>\n<meta property=\"og:title\" content=\"Helicopter flights to the Premium Eco Resort - luxury on the way - Bergdorf Priesteregg\" \/>\n<meta property=\"og:description\" content=\"Luxuri\u00f6se Helikopterfl\u00fcge in Ihrem Urlaub erleben: Alle Infos zu Transfer- Rund- &amp; Taxifl\u00fcgen zur Ab- und Anreise in unser Resort sowie f\u00fcr Ausfl\u00fcge.\" \/>\n<meta property=\"og:url\" content=\"https:\/\/www.priesteregg.at\/en\/activities\/helicopterflight\/\" \/>\n<meta property=\"og:site_name\" content=\"Bergdorf Priesteregg\" \/>\n<meta property=\"article:modified_time\" content=\"2025-07-04T08:14:08+00:00\" \/>\n<meta property=\"og:image\" content=\"https:\/\/www.priesteregg.at\/wp-content\/uploads\/revslider\/video-media\/Priesteregg_SENNAIR_OPENER_181.jpeg\" \/>\n\t<meta property=\"og:image:width\" content=\"1920\" \/>\n\t<meta property=\"og:image:height\" content=\"1080\" \/>\n\t<meta property=\"og:image:type\" content=\"image\/jpeg\" \/>\n<meta name=\"twitter:card\" content=\"summary_large_image\" \/>\n<meta name=\"twitter:label1\" content=\"Est. reading time\" \/>\n\t<meta name=\"twitter:data1\" content=\"6 minutes\" \/>\n<script type=\"application\/ld+json\" class=\"yoast-schema-graph\">{\"@context\":\"https:\/\/schema.org\",\"@graph\":[{\"@type\":\"WebPage\",\"@id\":\"https:\/\/www.priesteregg.at\/en\/activities\/helicopterflight\/\",\"url\":\"https:\/\/www.priesteregg.at\/en\/activities\/helicopterflight\/\",\"name\":\"Helicopter flights to the Premium Eco Resort - luxury on the way - Bergdorf Priesteregg\",\"isPartOf\":{\"@id\":\"https:\/\/www.priesteregg.at\/#website\"},\"primaryImageOfPage\":{\"@id\":\"https:\/\/www.priesteregg.at\/en\/activities\/helicopterflight\/#primaryimage\"},\"image\":{\"@id\":\"https:\/\/www.priesteregg.at\/en\/activities\/helicopterflight\/#primaryimage\"},\"thumbnailUrl\":\"https:\/\/www.priesteregg.at\/wp-content\/uploads\/revslider\/video-media\/Priesteregg_SENNAIR_OPENER_181.jpeg\",\"datePublished\":\"2024-03-26T12:50:51+00:00\",\"dateModified\":\"2025-07-04T08:14:08+00:00\",\"description\":\"Luxuri\u00f6se Helikopterfl\u00fcge in Ihrem Urlaub erleben: Alle Infos zu Transfer- Rund- & Taxifl\u00fcgen zur Ab- und Anreise in unser Resort sowie f\u00fcr Ausfl\u00fcge.\",\"breadcrumb\":{\"@id\":\"https:\/\/www.priesteregg.at\/en\/activities\/helicopterflight\/#breadcrumb\"},\"inLanguage\":\"en-US\",\"potentialAction\":[{\"@type\":\"ReadAction\",\"target\":[\"https:\/\/www.priesteregg.at\/en\/activities\/helicopterflight\/\"]}]},{\"@type\":\"ImageObject\",\"inLanguage\":\"en-US\",\"@id\":\"https:\/\/www.priesteregg.at\/en\/activities\/helicopterflight\/#primaryimage\",\"url\":\"https:\/\/www.priesteregg.at\/wp-content\/uploads\/revslider\/video-media\/Priesteregg_SENNAIR_OPENER_181.jpeg\",\"contentUrl\":\"https:\/\/www.priesteregg.at\/wp-content\/uploads\/revslider\/video-media\/Priesteregg_SENNAIR_OPENER_181.jpeg\",\"width\":1920,\"height\":1080},{\"@type\":\"BreadcrumbList\",\"@id\":\"https:\/\/www.priesteregg.at\/en\/activities\/helicopterflight\/#breadcrumb\",\"itemListElement\":[{\"@type\":\"ListItem\",\"position\":1,\"name\":\"Startseite\",\"item\":\"https:\/\/www.priesteregg.at\/en\/\"},{\"@type\":\"ListItem\",\"position\":2,\"name\":\"Activities\",\"item\":\"https:\/\/www.priesteregg.at\/en\/activities\/\"},{\"@type\":\"ListItem\",\"position\":3,\"name\":\"Helicopter flights to the Premium Eco Resort &#8211; luxury on the way\"}]},{\"@type\":\"WebSite\",\"@id\":\"https:\/\/www.priesteregg.at\/#website\",\"url\":\"https:\/\/www.priesteregg.at\/\",\"name\":\"Bergdorf Priesteregg\",\"description\":\"Chalet, Bergh\u00fctte und Almh\u00fctten Urlaub in Leogang im Salzburger Land, \u00d6sterreich\",\"potentialAction\":[{\"@type\":\"SearchAction\",\"target\":{\"@type\":\"EntryPoint\",\"urlTemplate\":\"https:\/\/www.priesteregg.at\/?s={search_term_string}\"},\"query-input\":{\"@type\":\"PropertyValueSpecification\",\"valueRequired\":true,\"valueName\":\"search_term_string\"}}],\"inLanguage\":\"en-US\"}]}<\/script>\n<!-- \/ Yoast SEO plugin. -->","yoast_head_json":{"title":"Helicopter flights to the Premium Eco Resort - luxury on the way - Bergdorf Priesteregg","description":"Luxuri\u00f6se Helikopterfl\u00fcge in Ihrem Urlaub erleben: Alle Infos zu Transfer- Rund- & Taxifl\u00fcgen zur Ab- und Anreise in unser Resort sowie f\u00fcr Ausfl\u00fcge.","robots":{"index":"index","follow":"follow","max-snippet":"max-snippet:-1","max-image-preview":"max-image-preview:large","max-video-preview":"max-video-preview:-1"},"canonical":"https:\/\/www.priesteregg.at\/en\/activities\/helicopterflight\/","og_locale":"en_US","og_type":"article","og_title":"Helicopter flights to the Premium Eco Resort - luxury on the way - Bergdorf Priesteregg","og_description":"Luxuri\u00f6se Helikopterfl\u00fcge in Ihrem Urlaub erleben: Alle Infos zu Transfer- Rund- & Taxifl\u00fcgen zur Ab- und Anreise in unser Resort sowie f\u00fcr Ausfl\u00fcge.","og_url":"https:\/\/www.priesteregg.at\/en\/activities\/helicopterflight\/","og_site_name":"Bergdorf Priesteregg","article_modified_time":"2025-07-04T08:14:08+00:00","og_image":[{"width":1920,"height":1080,"url":"https:\/\/www.priesteregg.at\/wp-content\/uploads\/revslider\/video-media\/Priesteregg_SENNAIR_OPENER_181.jpeg","type":"image\/jpeg"}],"twitter_card":"summary_large_image","twitter_misc":{"Est. reading time":"6 minutes"},"schema":{"@context":"https:\/\/schema.org","@graph":[{"@type":"WebPage","@id":"https:\/\/www.priesteregg.at\/en\/activities\/helicopterflight\/","url":"https:\/\/www.priesteregg.at\/en\/activities\/helicopterflight\/","name":"Helicopter flights to the Premium Eco Resort - luxury on the way - Bergdorf Priesteregg","isPartOf":{"@id":"https:\/\/www.priesteregg.at\/#website"},"primaryImageOfPage":{"@id":"https:\/\/www.priesteregg.at\/en\/activities\/helicopterflight\/#primaryimage"},"image":{"@id":"https:\/\/www.priesteregg.at\/en\/activities\/helicopterflight\/#primaryimage"},"thumbnailUrl":"https:\/\/www.priesteregg.at\/wp-content\/uploads\/revslider\/video-media\/Priesteregg_SENNAIR_OPENER_181.jpeg","datePublished":"2024-03-26T12:50:51+00:00","dateModified":"2025-07-04T08:14:08+00:00","description":"Luxuri\u00f6se Helikopterfl\u00fcge in Ihrem Urlaub erleben: Alle Infos zu Transfer- Rund- & Taxifl\u00fcgen zur Ab- und Anreise in unser Resort sowie f\u00fcr Ausfl\u00fcge.","breadcrumb":{"@id":"https:\/\/www.priesteregg.at\/en\/activities\/helicopterflight\/#breadcrumb"},"inLanguage":"en-US","potentialAction":[{"@type":"ReadAction","target":["https:\/\/www.priesteregg.at\/en\/activities\/helicopterflight\/"]}]},{"@type":"ImageObject","inLanguage":"en-US","@id":"https:\/\/www.priesteregg.at\/en\/activities\/helicopterflight\/#primaryimage","url":"https:\/\/www.priesteregg.at\/wp-content\/uploads\/revslider\/video-media\/Priesteregg_SENNAIR_OPENER_181.jpeg","contentUrl":"https:\/\/www.priesteregg.at\/wp-content\/uploads\/revslider\/video-media\/Priesteregg_SENNAIR_OPENER_181.jpeg","width":1920,"height":1080},{"@type":"BreadcrumbList","@id":"https:\/\/www.priesteregg.at\/en\/activities\/helicopterflight\/#breadcrumb","itemListElement":[{"@type":"ListItem","position":1,"name":"Startseite","item":"https:\/\/www.priesteregg.at\/en\/"},{"@type":"ListItem","position":2,"name":"Activities","item":"https:\/\/www.priesteregg.at\/en\/activities\/"},{"@type":"ListItem","position":3,"name":"Helicopter flights to the Premium Eco Resort &#8211; luxury on the way"}]},{"@type":"WebSite","@id":"https:\/\/www.priesteregg.at\/#website","url":"https:\/\/www.priesteregg.at\/","name":"Bergdorf Priesteregg","description":"Chalet, Bergh\u00fctte und Almh\u00fctten Urlaub in Leogang im Salzburger Land, \u00d6sterreich","potentialAction":[{"@type":"SearchAction","target":{"@type":"EntryPoint","urlTemplate":"https:\/\/www.priesteregg.at\/?s={search_term_string}"},"query-input":{"@type":"PropertyValueSpecification","valueRequired":true,"valueName":"search_term_string"}}],"inLanguage":"en-US"}]}},"_links":{"self":[{"href":"https:\/\/www.priesteregg.at\/en\/wp-json\/wp\/v2\/pages\/7182","targetHints":{"allow":["GET"]}}],"collection":[{"href":"https:\/\/www.priesteregg.at\/en\/wp-json\/wp\/v2\/pages"}],"about":[{"href":"https:\/\/www.priesteregg.at\/en\/wp-json\/wp\/v2\/types\/page"}],"author":[{"embeddable":true,"href":"https:\/\/www.priesteregg.at\/en\/wp-json\/wp\/v2\/users\/1"}],"replies":[{"embeddable":true,"href":"https:\/\/www.priesteregg.at\/en\/wp-json\/wp\/v2\/comments?post=7182"}],"version-history":[{"count":15,"href":"https:\/\/www.priesteregg.at\/en\/wp-json\/wp\/v2\/pages\/7182\/revisions"}],"predecessor-version":[{"id":8919,"href":"https:\/\/www.priesteregg.at\/en\/wp-json\/wp\/v2\/pages\/7182\/revisions\/8919"}],"up":[{"embeddable":true,"href":"https:\/\/www.priesteregg.at\/en\/wp-json\/wp\/v2\/pages\/2348"}],"wp:featuredmedia":[{"embeddable":true,"href":"https:\/\/www.priesteregg.at\/en\/wp-json\/wp\/v2\/media\/7227"}],"wp:attachment":[{"href":"https:\/\/www.priesteregg.at\/en\/wp-json\/wp\/v2\/media?parent=7182"}],"curies":[{"name":"wp","href":"https:\/\/api.w.org\/{rel}","templated":true}]}}