{"id":3321,"date":"2020-01-14T13:20:28","date_gmt":"2020-01-14T12:20:28","guid":{"rendered":"https:\/\/www.priesteregg.at\/?page_id=3321"},"modified":"2022-11-15T09:44:29","modified_gmt":"2022-11-15T08:44:29","slug":"contact","status":"publish","type":"page","link":"https:\/\/www.priesteregg.at\/en\/wellness\/contact\/","title":{"rendered":"Contact"},"content":{"rendered":"<div class=\"wpb-content-wrapper\"><p>[vc_row full_width=&#8221;stretch_row&#8221; css=&#8221;.vc_custom_1563795236223{margin-top: -40px !important;margin-bottom: 40px !important;padding-top: 60px !important;padding-bottom: 35px !important;background-color: #f6f6f6 !important;}&#8221;][vc_column][vc_column_text css=&#8221;.vc_custom_1579004354737{margin-bottom: 15px !important;}&#8221;]<\/p>\n<h1 style=\"text-align: center;\">Request for wellbeing in the PRIESTEREGG<\/h1>\n<hr \/>\n<p>[\/vc_column_text][vc_column_text]<\/p>\n<p style=\"text-align: center;\"><span class=\"tlid-translation translation\" lang=\"en\"><span class=\"\" title=\"\">Please note that the booking of wellness treatments and the use of our PRIESTEREGG BAD is currently only possible for our chalet guests.<\/span> <span class=\"\" title=\"\">We ask for your understanding.<\/span><\/span><\/p>\n<p style=\"text-align: center;\">If you have any queries or wishes, please do not hesitate to contact us.<br \/>\nWe respond to all inquiries as soon as we can.<\/p>\n<p>[\/vc_column_text][\/vc_column][\/vc_row][vc_row][vc_column]\n<div class=\"wpcf7 no-js\" id=\"wpcf7-f3335-o1\" lang=\"de-DE\" dir=\"ltr\" data-wpcf7-id=\"3335\">\n<div class=\"screen-reader-response\"><p role=\"status\" aria-live=\"polite\" aria-atomic=\"true\"><\/p> <ul><\/ul><\/div>\n<form action=\"\/en\/wp-json\/wp\/v2\/pages\/3321#wpcf7-f3335-o1\" method=\"post\" class=\"wpcf7-form init wpcf7-acceptance-as-validation\" aria-label=\"Kontaktformular\" novalidate=\"novalidate\" data-status=\"init\">\n<fieldset class=\"hidden-fields-container\"><input type=\"hidden\" name=\"_wpcf7\" value=\"3335\" \/><input type=\"hidden\" name=\"_wpcf7_version\" value=\"6.1\" \/><input type=\"hidden\" name=\"_wpcf7_locale\" value=\"de_DE\" \/><input type=\"hidden\" name=\"_wpcf7_unit_tag\" value=\"wpcf7-f3335-o1\" \/><input type=\"hidden\" name=\"_wpcf7_container_post\" value=\"0\" \/><input type=\"hidden\" name=\"_wpcf7_posted_data_hash\" value=\"\" \/>\n<\/fieldset>\n<p><label><span class=\"wpcf7-form-control-wrap\" data-name=\"your-name\"><input size=\"40\" maxlength=\"400\" class=\"wpcf7-form-control wpcf7-text wpcf7-validates-as-required\" aria-required=\"true\" aria-invalid=\"false\" placeholder=\"Name\" value=\"\" type=\"text\" name=\"your-name\" \/><\/span> <\/label>\n<\/p>\n<p><label><span class=\"wpcf7-form-control-wrap\" data-name=\"phone\"><input size=\"40\" maxlength=\"400\" class=\"wpcf7-form-control wpcf7-tel wpcf7-validates-as-required wpcf7-text wpcf7-validates-as-tel\" aria-required=\"true\" aria-invalid=\"false\" placeholder=\"Phone*\" value=\"\" type=\"tel\" name=\"phone\" \/><\/span><\/label>\n<\/p>\n<p><label><span class=\"wpcf7-form-control-wrap\" data-name=\"your-email\"><input size=\"40\" maxlength=\"400\" class=\"wpcf7-form-control wpcf7-email wpcf7-validates-as-required wpcf7-text wpcf7-validates-as-email\" aria-required=\"true\" aria-invalid=\"false\" placeholder=\"E-mail*\" value=\"\" type=\"email\" name=\"your-email\" \/><\/span> <\/label>\n<\/p>\n<p><label><span class=\"wpcf7-form-control-wrap\" data-name=\"plz-ort\"><input size=\"40\" maxlength=\"400\" class=\"wpcf7-form-control wpcf7-text\" aria-invalid=\"false\" placeholder=\"Postcode \/ Town\" value=\"\" type=\"text\" name=\"plz-ort\" \/><\/span><\/label>\n<\/p>\n<p><label><span class=\"wpcf7-form-control-wrap\" data-name=\"str-nr\"><input size=\"40\" maxlength=\"400\" class=\"wpcf7-form-control wpcf7-text\" aria-invalid=\"false\" placeholder=\"Street \/ House number\" value=\"\" type=\"text\" name=\"str-nr\" \/><\/span><\/label>\n<\/p>\n<p><label><span class=\"wpcf7-form-control-wrap\" data-name=\"anreisedatum\"><input class=\"wpcf7-form-control wpcf7-date wpcf7-validates-as-required wpcf7-validates-as-date\" aria-required=\"true\" aria-invalid=\"false\" placeholder=\"Anreisedatum*\" value=\"\" type=\"date\" name=\"anreisedatum\" \/><\/span><\/label>\n<\/p>\n<p><label><span class=\"wpcf7-form-control-wrap\" data-name=\"treatment-place\"><textarea cols=\"40\" rows=\"10\" maxlength=\"2000\" class=\"wpcf7-form-control wpcf7-textarea wpcf7-validates-as-required\" aria-required=\"true\" aria-invalid=\"false\" placeholder=\"Treatment \/ place of treatment*\" name=\"treatment-place\"><\/textarea><\/span> <\/label>\n<\/p>\n<p><label>Dream chalet: <span class=\"wpcf7-form-control-wrap\" data-name=\"wunschchalet\"><select class=\"wpcf7-form-control wpcf7-select\" aria-invalid=\"false\" name=\"wunschchalet\"><option value=\"\">Please choose\n ...<\/option><option value=\"Berg Chalets\">Berg Chalets<\/option><option value=\"Premium Chalets\">Premium Chalets<\/option><option value=\"Willy Bogner Chalet\">Willy Bogner Chalet<\/option><option value=\"Wilderer Villa\">Wilderer Villa<\/option><option value=\"Villa Etaner\">Villa Etaner<\/option><option value=\"Villa Wossa\">Villa Wossa<\/option><option value=\"Seeh\u00fctten\">Seeh\u00fctten<\/option><option value=\"Seeh\u00fctten\">Seeh\u00fctten<\/option><\/select><\/span><\/label>\n<\/p>\n<p><label><span class=\"wpcf7-form-control-wrap\" data-name=\"your-message\"><textarea cols=\"40\" rows=\"10\" maxlength=\"2000\" class=\"wpcf7-form-control wpcf7-textarea wpcf7-validates-as-required\" aria-required=\"true\" aria-invalid=\"false\" placeholder=\"Your Message\" name=\"your-message\"><\/textarea><\/span> <\/label>\n<\/p>\n<p style=\"text-align: right\">*Required fields\n<\/p>\n<p><span class=\"wpcf7-form-control-wrap\" data-name=\"acceptance-258\"><span class=\"wpcf7-form-control wpcf7-acceptance\"><span class=\"wpcf7-list-item\"><label><input type=\"checkbox\" name=\"acceptance-258\" value=\"1\" aria-invalid=\"false\" \/><span class=\"wpcf7-list-item-label\"><span> I hereby declare that I agree that my details from this form may be used to reply to the contact. A passing on to third parties does not take place in principle. The given consent can be revoked at any time. In case of revocation, the data will be deleted immediately. I have taken note of the <a href=\"\/datenschutz\" target=\"_blank\">date protection<\/a>. <\/span><\/span><\/label><\/span><\/span><\/span>\n<\/p>\n<p><input class=\"wpcf7-form-control wpcf7-submit has-spinner\" type=\"submit\" value=\"Send\" \/>\n<\/p><div class=\"wpcf7-response-output\" aria-hidden=\"true\"><\/div>\n<\/form>\n<\/div>\n[\/vc_column][\/vc_row][vc_row equal_height=&#8221;yes&#8221; content_placement=&#8221;middle&#8221; el_class=&#8221;divider-hor&#8221; css=&#8221;.vc_custom_1560438448846{margin-bottom: 60px !important;}&#8221;][vc_column width=&#8221;1\/2&#8243;][vc_column_text]<\/p>\n<p style=\"text-align: center;\">Telefon <span style=\"font-size: 13.5pt;\"><a href=\"tel:+43 6583 82550\">+43 6583 82550<\/a><\/span><\/p>\n<p>[\/vc_column_text][\/vc_column][vc_column width=&#8221;1\/2&#8243;][vc_column_text]<\/p>\n<p style=\"text-align: center;\">Priesteregg<br \/>\nPremium ECO Resort<br \/>\nSonnberg 22<br \/>\n5771 Leogang, \u00d6sterreich<\/p>\n<p>[\/vc_column_text][\/vc_column][\/vc_row][vc_row][vc_column][vc_column_text]<\/p>\n<p style=\"text-align: center;\"><a style=\"margin-right: 20px; margin-left: 20px;\" href=\"https:\/\/www.priesteregg.at\/en\/anreise\/\">&gt; ARRIVAL<\/a>\u00a0<a href=\"https:\/\/www.google.de\/maps\/place\/Priesteregg\/@47.444967,12.751147,17z\/data=!4m8!3m7!1s0x4776fc74d701e8db:0xacabf212b67ba39f!5m2!4m1!1i2!8m2!3d47.444967!4d12.753341\" target=\"_blank\" rel=\"noopener noreferrer\">&gt; GOOGLE MAPS<\/a><\/p>\n<p>[\/vc_column_text][\/vc_column][\/vc_row]<\/p>\n<\/div>","protected":false},"excerpt":{"rendered":"<p>[vc_row full_width=&#8221;stretch_row&#8221; css=&#8221;.vc_custom_1563795236223{margin-top: -40px !important;margin-bottom: 40px !important;padding-top: 60px !important;padding-bottom: 35px !important;background-color: #f6f6f6 !important;}&#8221;][vc_column][vc_column_text css=&#8221;.vc_custom_1579004354737{margin-bottom: 15px !important;}&#8221;] Request for wellbeing in the PRIESTEREGG [\/vc_column_text][vc_column_text] Please note that the booking of wellness treatments and the use of our PRIESTEREGG BAD is currently only possible for our chalet guests. We ask for your understanding. If you have any [&hellip;]<\/p>\n","protected":false},"author":1,"featured_media":0,"parent":2195,"menu_order":32,"comment_status":"closed","ping_status":"closed","template":"","meta":{"_acf_changed":false,"footnotes":""},"class_list":["post-3321","page","type-page","status-publish","hentry"],"acf":[],"yoast_head":"<!-- This site is optimized with the Yoast SEO plugin v25.4 - https:\/\/yoast.com\/wordpress\/plugins\/seo\/ -->\n<title>Wellness Contact - Bergdorf Priesteregg<\/title>\n<meta name=\"description\" content=\"Request &amp; Contact: Wellness applications with 5-\u2606 comfort in Austria&#039;s most beautiful mountain world \u2713 ECO Resort \u2713 Infinitypool &amp; Wellness\" \/>\n<meta name=\"robots\" content=\"index, follow, max-snippet:-1, max-image-preview:large, max-video-preview:-1\" \/>\n<link rel=\"canonical\" href=\"https:\/\/www.priesteregg.at\/en\/wellness\/contact\/\" \/>\n<meta property=\"og:locale\" content=\"en_US\" \/>\n<meta property=\"og:type\" content=\"article\" \/>\n<meta property=\"og:title\" content=\"Wellness Contact - Bergdorf Priesteregg\" \/>\n<meta property=\"og:description\" content=\"Request &amp; Contact: Wellness applications with 5-\u2606 comfort in Austria&#039;s most beautiful mountain world \u2713 ECO Resort \u2713 Infinitypool &amp; Wellness\" \/>\n<meta property=\"og:url\" content=\"https:\/\/www.priesteregg.at\/en\/wellness\/contact\/\" \/>\n<meta property=\"og:site_name\" content=\"Bergdorf Priesteregg\" \/>\n<meta property=\"article:modified_time\" content=\"2022-11-15T08:44:29+00:00\" \/>\n<meta property=\"og:image\" content=\"https:\/\/www.priesteregg.at\/wp-content\/uploads\/priesteregg-chalet-luxus-ski-oesterreich-berge-winter-hotel-8.jpg\" \/>\n\t<meta property=\"og:image:width\" content=\"768\" \/>\n\t<meta property=\"og:image:height\" content=\"768\" \/>\n\t<meta property=\"og:image:type\" content=\"image\/jpeg\" \/>\n<meta name=\"twitter:card\" content=\"summary_large_image\" \/>\n<meta name=\"twitter:label1\" content=\"Est. reading time\" \/>\n\t<meta name=\"twitter:data1\" content=\"1 minute\" \/>\n<script type=\"application\/ld+json\" class=\"yoast-schema-graph\">{\"@context\":\"https:\/\/schema.org\",\"@graph\":[{\"@type\":\"WebPage\",\"@id\":\"https:\/\/www.priesteregg.at\/en\/wellness\/contact\/\",\"url\":\"https:\/\/www.priesteregg.at\/en\/wellness\/contact\/\",\"name\":\"Wellness Contact - Bergdorf Priesteregg\",\"isPartOf\":{\"@id\":\"https:\/\/www.priesteregg.at\/#website\"},\"datePublished\":\"2020-01-14T12:20:28+00:00\",\"dateModified\":\"2022-11-15T08:44:29+00:00\",\"description\":\"Request & Contact: Wellness applications with 5-\u2606 comfort in Austria's most beautiful mountain world \u2713 ECO Resort \u2713 Infinitypool & Wellness\",\"breadcrumb\":{\"@id\":\"https:\/\/www.priesteregg.at\/en\/wellness\/contact\/#breadcrumb\"},\"inLanguage\":\"en-US\",\"potentialAction\":[{\"@type\":\"ReadAction\",\"target\":[\"https:\/\/www.priesteregg.at\/en\/wellness\/contact\/\"]}]},{\"@type\":\"BreadcrumbList\",\"@id\":\"https:\/\/www.priesteregg.at\/en\/wellness\/contact\/#breadcrumb\",\"itemListElement\":[{\"@type\":\"ListItem\",\"position\":1,\"name\":\"Startseite\",\"item\":\"https:\/\/www.priesteregg.at\/en\/\"},{\"@type\":\"ListItem\",\"position\":2,\"name\":\"Wellness\",\"item\":\"https:\/\/www.priesteregg.at\/en\/wellness\/\"},{\"@type\":\"ListItem\",\"position\":3,\"name\":\"Contact\"}]},{\"@type\":\"WebSite\",\"@id\":\"https:\/\/www.priesteregg.at\/#website\",\"url\":\"https:\/\/www.priesteregg.at\/\",\"name\":\"Bergdorf Priesteregg\",\"description\":\"Chalet, Bergh\u00fctte und Almh\u00fctten Urlaub in Leogang im Salzburger Land, \u00d6sterreich\",\"potentialAction\":[{\"@type\":\"SearchAction\",\"target\":{\"@type\":\"EntryPoint\",\"urlTemplate\":\"https:\/\/www.priesteregg.at\/?s={search_term_string}\"},\"query-input\":{\"@type\":\"PropertyValueSpecification\",\"valueRequired\":true,\"valueName\":\"search_term_string\"}}],\"inLanguage\":\"en-US\"}]}<\/script>\n<!-- \/ Yoast SEO plugin. -->","yoast_head_json":{"title":"Wellness Contact - Bergdorf Priesteregg","description":"Request & Contact: Wellness applications with 5-\u2606 comfort in Austria's most beautiful mountain world \u2713 ECO Resort \u2713 Infinitypool & Wellness","robots":{"index":"index","follow":"follow","max-snippet":"max-snippet:-1","max-image-preview":"max-image-preview:large","max-video-preview":"max-video-preview:-1"},"canonical":"https:\/\/www.priesteregg.at\/en\/wellness\/contact\/","og_locale":"en_US","og_type":"article","og_title":"Wellness Contact - Bergdorf Priesteregg","og_description":"Request & Contact: Wellness applications with 5-\u2606 comfort in Austria's most beautiful mountain world \u2713 ECO Resort \u2713 Infinitypool & Wellness","og_url":"https:\/\/www.priesteregg.at\/en\/wellness\/contact\/","og_site_name":"Bergdorf Priesteregg","article_modified_time":"2022-11-15T08:44:29+00:00","og_image":[{"width":768,"height":768,"url":"https:\/\/www.priesteregg.at\/wp-content\/uploads\/priesteregg-chalet-luxus-ski-oesterreich-berge-winter-hotel-8.jpg","type":"image\/jpeg"}],"twitter_card":"summary_large_image","twitter_misc":{"Est. reading time":"1 minute"},"schema":{"@context":"https:\/\/schema.org","@graph":[{"@type":"WebPage","@id":"https:\/\/www.priesteregg.at\/en\/wellness\/contact\/","url":"https:\/\/www.priesteregg.at\/en\/wellness\/contact\/","name":"Wellness Contact - Bergdorf Priesteregg","isPartOf":{"@id":"https:\/\/www.priesteregg.at\/#website"},"datePublished":"2020-01-14T12:20:28+00:00","dateModified":"2022-11-15T08:44:29+00:00","description":"Request & Contact: Wellness applications with 5-\u2606 comfort in Austria's most beautiful mountain world \u2713 ECO Resort \u2713 Infinitypool & Wellness","breadcrumb":{"@id":"https:\/\/www.priesteregg.at\/en\/wellness\/contact\/#breadcrumb"},"inLanguage":"en-US","potentialAction":[{"@type":"ReadAction","target":["https:\/\/www.priesteregg.at\/en\/wellness\/contact\/"]}]},{"@type":"BreadcrumbList","@id":"https:\/\/www.priesteregg.at\/en\/wellness\/contact\/#breadcrumb","itemListElement":[{"@type":"ListItem","position":1,"name":"Startseite","item":"https:\/\/www.priesteregg.at\/en\/"},{"@type":"ListItem","position":2,"name":"Wellness","item":"https:\/\/www.priesteregg.at\/en\/wellness\/"},{"@type":"ListItem","position":3,"name":"Contact"}]},{"@type":"WebSite","@id":"https:\/\/www.priesteregg.at\/#website","url":"https:\/\/www.priesteregg.at\/","name":"Bergdorf Priesteregg","description":"Chalet, Bergh\u00fctte und Almh\u00fctten Urlaub in Leogang im Salzburger Land, \u00d6sterreich","potentialAction":[{"@type":"SearchAction","target":{"@type":"EntryPoint","urlTemplate":"https:\/\/www.priesteregg.at\/?s={search_term_string}"},"query-input":{"@type":"PropertyValueSpecification","valueRequired":true,"valueName":"search_term_string"}}],"inLanguage":"en-US"}]}},"_links":{"self":[{"href":"https:\/\/www.priesteregg.at\/en\/wp-json\/wp\/v2\/pages\/3321","targetHints":{"allow":["GET"]}}],"collection":[{"href":"https:\/\/www.priesteregg.at\/en\/wp-json\/wp\/v2\/pages"}],"about":[{"href":"https:\/\/www.priesteregg.at\/en\/wp-json\/wp\/v2\/types\/page"}],"author":[{"embeddable":true,"href":"https:\/\/www.priesteregg.at\/en\/wp-json\/wp\/v2\/users\/1"}],"replies":[{"embeddable":true,"href":"https:\/\/www.priesteregg.at\/en\/wp-json\/wp\/v2\/comments?post=3321"}],"version-history":[{"count":2,"href":"https:\/\/www.priesteregg.at\/en\/wp-json\/wp\/v2\/pages\/3321\/revisions"}],"predecessor-version":[{"id":3336,"href":"https:\/\/www.priesteregg.at\/en\/wp-json\/wp\/v2\/pages\/3321\/revisions\/3336"}],"up":[{"embeddable":true,"href":"https:\/\/www.priesteregg.at\/en\/wp-json\/wp\/v2\/pages\/2195"}],"wp:attachment":[{"href":"https:\/\/www.priesteregg.at\/en\/wp-json\/wp\/v2\/media?parent=3321"}],"curies":[{"name":"wp","href":"https:\/\/api.w.org\/{rel}","templated":true}]}}