{"id":3043,"date":"2019-12-20T12:30:39","date_gmt":"2019-12-20T11:30:39","guid":{"rendered":"https:\/\/www.priesteregg.at\/?page_id=3043"},"modified":"2025-07-09T09:45:08","modified_gmt":"2025-07-09T07:45:08","slug":"rest","status":"publish","type":"page","link":"https:\/\/www.priesteregg.at\/en\/wellness\/priesteregg-bath\/rest\/","title":{"rendered":"Rest"},"content":{"rendered":"<div class=\"wpb-content-wrapper\"><p>[vc_row css=&#8221;.vc_custom_1579603409763{margin-top: 0px !important;margin-bottom: 20px !important;}&#8221;][vc_column][vc_column_text el_class=&#8221;etaner black&#8221;]<a href=\"https:\/\/www.priesteregg.at\/en\/wellbeing\/priesteregg-bad\/\"><span class=\"tlid-translation translation\" lang=\"en\"><span class=\"\" title=\"\">&lt; Back<\/span><\/span><\/a>[\/vc_column_text][\/vc_column][\/vc_row][vc_row css=&#8221;.vc_custom_1579603400706{margin-top: 0px !important;margin-bottom: 60px !important;}&#8221;][vc_column][vc_column_text el_class=&#8221;etaner black&#8221;]<\/p>\n<h1 style=\"text-align: center;\">REST<\/h1>\n<p>[\/vc_column_text][\/vc_column][\/vc_row][vc_row el_class=&#8221;vc_row-flex&#8221; css=&#8221;.vc_custom_1576162761540{margin-bottom: 13px !important;}&#8221;][vc_column][vc_column_text css=&#8221;.vc_custom_1578404580120{margin-bottom: 20px !important;}&#8221; el_class=&#8221;etaner black&#8221;]<\/p>\n<p style=\"text-align: center;\"><span style=\"font-size: 24pt;\">Slow down.<\/span><br \/>\n<span style=\"font-size: 24pt;\">Feel yourself<\/span><br \/>\n<span style=\"font-size: 24pt;\">and be with yourself.<\/span><\/p>\n<p>[\/vc_column_text][\/vc_column][\/vc_row][vc_row el_class=&#8221;vc_row-flex&#8221; css=&#8221;.vc_custom_1575981486453{margin-bottom: 80px !important;}&#8221;][vc_column offset=&#8221;vc_col-lg-offset-2 vc_col-lg-8 vc_col-md-offset-2 vc_col-md-8&#8243;][vc_single_image image=&#8221;2839&#8243; img_size=&#8221;full&#8221; alignment=&#8221;center&#8221;][vc_column_text]<\/p>\n<p style=\"text-align: center;\">The new PRIESTEREGG BAD lies high up on a plateau offering a far-reaching view of the surrounding mountains. The magic of this place will allow you to easily leave your everyday life behind. Our exclusive wellness area does not only offer a high-quality wellness programme, it also provides your body with complete relaxation. You can enjoy the sun and the fresh mountain air on our spacious terrace, or go for an undisturbed swim in our Infinity Pool. If you want complete peace and quiet, there is the option to retreat to the Gottfried Kaschnig Salon, where you can either pore over a book, read a paper or just enjoy the comfortable warmth of the fireplace and take in the breathtakingly beautiful panorama through our huge glass windows. Whatever you do, the most important thing is that you give yourself some time, arrive in the here and now and find your way to your inner self.<\/p>\n<p>[\/vc_column_text][\/vc_column][\/vc_row][vc_row el_class=&#8221;vc_row-flex&#8221; css=&#8221;.vc_custom_1576068521541{margin-bottom: 50px !important;}&#8221;][vc_column][vc_gallery interval=&#8221;3&#8243; images=&#8221;3462,3383,3120,3430,3124,3729&#8243; img_size=&#8221;full&#8221;][\/vc_column][\/vc_row][vc_row el_class=&#8221;vc_row-flex&#8221; css=&#8221;.vc_custom_1576162862412{margin-bottom: 85px !important;}&#8221;][vc_column][vc_column_text css=&#8221;.vc_custom_1592314434591{margin-bottom: 20px !important;}&#8221; el_class=&#8221;etaner black&#8221;]<\/p>\n<p style=\"text-align: center;\">GOTTFRIED KASCHNIG SALON<br \/>\nPINE WOOD RELAXING PLACES<br \/>\nRest area with sun terrace<br \/>\nInfinity terrace next to the pool<br \/>\nOutdoor Cigar Lounge<\/p>\n<p>[\/vc_column_text][\/vc_column][\/vc_row][vc_row content_placement=&#8221;middle&#8221; css=&#8221;.vc_custom_1578570095275{margin-bottom: 65px !important;}&#8221;][vc_column el_class=&#8221;absolute-center-outer&#8221; offset=&#8221;vc_hidden-xs&#8221;][vc_basic_grid post_type=&#8221;ids&#8221; style=&#8221;pagination&#8221; items_per_page=&#8221;4&#8243; element_width=&#8221;3&#8243; gap=&#8221;10&#8243; paging_design=&#8221;none&#8221; loop=&#8221;yes&#8221; item=&#8221;2946&#8243; grid_id=&#8221;vc_gid:1752047073636-5fcf0196-6c9d-7&#8243; include=&#8221;2944, 3039, 3043, 2800&#8243; el_class=&#8221;bad4erGrid&#8221;][\/vc_column][vc_column offset=&#8221;vc_hidden-lg vc_hidden-md vc_hidden-sm&#8221;][vc_basic_grid post_type=&#8221;ids&#8221; style=&#8221;pagination&#8221; items_per_page=&#8221;4&#8243; element_width=&#8221;12&#8243; gap=&#8221;10&#8243; paging_design=&#8221;none&#8221; item=&#8221;2946&#8243; grid_id=&#8221;vc_gid:1752047073637-ebf813bc-5c91-6&#8243; include=&#8221;2944, 3039, 3043, 2800&#8243; el_class=&#8221;bad4erGrid&#8221;][\/vc_column][\/vc_row][vc_row el_class=&#8221;vc_row-flex divider-hor&#8221; css=&#8221;.vc_custom_1576015465959{margin-bottom: 100px !important;}&#8221;][vc_column width=&#8221;1\/2&#8243;][vc_column_text el_class=&#8221;etaner black&#8221;]<\/p>\n<h2 style=\"text-align: center;\">Good to know<\/h2>\n<p>[\/vc_column_text][vc_column_text]<\/p>\n<p style=\"text-align: center;\">This section provides you with everything you need to know to find your way around our new PRIESTEREGG BAD, such as opening hours, Q&amp;As, special offers and other interesting facts.<\/p>\n<p>[\/vc_column_text][vc_btn title=&#8221;Discover more&#8221; style=&#8221;classic&#8221; color=&#8221;black&#8221; align=&#8221;center&#8221; css=&#8221;&#8221; link=&#8221;url:https%3A%2F%2Fwww.priesteregg.at%2Fen%2Fwellbeing%2Fpriesteregg-bad%2Fuseful-information%2F|title:Useful%20information||&#8221;][\/vc_column][vc_column width=&#8221;1\/2&#8243;][vc_column_text el_class=&#8221;etaner black&#8221;]<\/p>\n<h2 style=\"text-align: center;\">Information &amp; Booking<\/h2>\n<p>[\/vc_column_text][vc_column_text]<\/p>\n<p style=\"text-align: center;\">You can book your personal treatment by phone on\u00a0<a href=\"tel:+43%206583%2082%20550\">+43 6583 82 550<\/a>.<br \/>\nPlease note that we charge 80 percent for treatments cancelled less than 24 hours prior to the appointment.<\/p>\n<p>[\/vc_column_text][vc_btn title=&#8221;Make an appointment&#8221; style=&#8221;classic&#8221; color=&#8221;black&#8221; align=&#8221;center&#8221; css=&#8221;&#8221; link=&#8221;url:https%3A%2F%2Fwww.priesteregg.at%2Fen%2Fwellbeing%2Fcontact%2F|title:Priesteregg%20Bad||&#8221;][\/vc_column][\/vc_row][vc_row full_width=&#8221;stretch_row&#8221; css=&#8221;.vc_custom_1576068467322{padding-top: 60px !important;padding-bottom: 40px !important;background-color: #d1cec5 !important;}&#8221;][vc_column offset=&#8221;vc_col-lg-offset-2 vc_col-lg-8 vc_col-md-offset-2 vc_col-md-8&#8243;][vc_column_text css=&#8221;&#8221; el_class=&#8221;etaner black&#8221;]<\/p>\n<p style=\"text-align: center;\"><span style=\"font-size: 24pt;\">FULL BODY CEREMONY<\/span><\/p>\n<p style=\"text-align: center;\"><span style=\"font-size: 24pt;\">A UNIQUE TREATMENT FOR EVERYONE WHO WANTS TO BE PAMPERED FROM HEAD TO TOE.<\/span><\/p>\n<p>[\/vc_column_text][vc_btn title=&#8221;Read more&#8221; style=&#8221;classic&#8221; align=&#8221;center&#8221; css=&#8221;&#8221; link=&#8221;url:https%3A%2F%2Fwww.priesteregg.at%2Fen%2Fwellbeing%2Ftreatments%2F%23FULL-BODY-CEREMONY|||&#8221;][\/vc_column][\/vc_row]<\/p>\n<\/div>","protected":false},"excerpt":{"rendered":"<p>[vc_row css=&#8221;.vc_custom_1579603409763{margin-top: 0px !important;margin-bottom: 20px !important;}&#8221;][vc_column][vc_column_text el_class=&#8221;etaner black&#8221;]&lt; Back[\/vc_column_text][\/vc_column][\/vc_row][vc_row css=&#8221;.vc_custom_1579603400706{margin-top: 0px !important;margin-bottom: 60px !important;}&#8221;][vc_column][vc_column_text el_class=&#8221;etaner black&#8221;] REST [\/vc_column_text][\/vc_column][\/vc_row][vc_row el_class=&#8221;vc_row-flex&#8221; css=&#8221;.vc_custom_1576162761540{margin-bottom: 13px !important;}&#8221;][vc_column][vc_column_text css=&#8221;.vc_custom_1578404580120{margin-bottom: 20px !important;}&#8221; el_class=&#8221;etaner black&#8221;] Slow down. Feel yourself and be with yourself. [\/vc_column_text][\/vc_column][\/vc_row][vc_row el_class=&#8221;vc_row-flex&#8221; css=&#8221;.vc_custom_1575981486453{margin-bottom: 80px !important;}&#8221;][vc_column offset=&#8221;vc_col-lg-offset-2 vc_col-lg-8 vc_col-md-offset-2 vc_col-md-8&#8243;][vc_single_image image=&#8221;2839&#8243; img_size=&#8221;full&#8221; alignment=&#8221;center&#8221;][vc_column_text] The new PRIESTEREGG BAD lies high up on [&hellip;]<\/p>\n","protected":false},"author":1,"featured_media":3116,"parent":2219,"menu_order":4,"comment_status":"closed","ping_status":"closed","template":"","meta":{"_acf_changed":false,"footnotes":""},"class_list":["post-3043","page","type-page","status-publish","has-post-thumbnail","hentry"],"acf":[],"yoast_head":"<!-- This site is optimized with the Yoast SEO plugin v25.4 - https:\/\/yoast.com\/wordpress\/plugins\/seo\/ -->\n<title>Rest - Bergdorf Priesteregg<\/title>\n<meta name=\"description\" content=\"WELLBEING with mountain view \u2713 Warm infinity pool \u2713 Yoga in beautiful nature \u2713 Hiking trails in front of the chalet \u2713 Pure rest &amp; relaxation\" \/>\n<meta name=\"robots\" content=\"index, follow, max-snippet:-1, max-image-preview:large, max-video-preview:-1\" \/>\n<link rel=\"canonical\" href=\"https:\/\/www.priesteregg.at\/en\/wellness\/priesteregg-bath\/rest\/\" \/>\n<meta property=\"og:locale\" content=\"en_US\" \/>\n<meta property=\"og:type\" content=\"article\" \/>\n<meta property=\"og:title\" content=\"Rest - Bergdorf Priesteregg\" \/>\n<meta property=\"og:description\" content=\"WELLBEING with mountain view \u2713 Warm infinity pool \u2713 Yoga in beautiful nature \u2713 Hiking trails in front of the chalet \u2713 Pure rest &amp; relaxation\" \/>\n<meta property=\"og:url\" content=\"https:\/\/www.priesteregg.at\/en\/wellness\/priesteregg-bath\/rest\/\" \/>\n<meta property=\"og:site_name\" content=\"Bergdorf Priesteregg\" \/>\n<meta property=\"article:modified_time\" content=\"2025-07-09T07:45:08+00:00\" \/>\n<meta property=\"og:image\" content=\"https:\/\/www.priesteregg.at\/wp-content\/uploads\/ruhe_kachel.jpg\" \/>\n\t<meta property=\"og:image:width\" content=\"768\" \/>\n\t<meta property=\"og:image:height\" content=\"768\" \/>\n\t<meta property=\"og:image:type\" content=\"image\/jpeg\" \/>\n<meta name=\"twitter:card\" content=\"summary_large_image\" \/>\n<meta name=\"twitter:label1\" content=\"Est. reading time\" \/>\n\t<meta name=\"twitter:data1\" content=\"3 minutes\" \/>\n<script type=\"application\/ld+json\" class=\"yoast-schema-graph\">{\"@context\":\"https:\/\/schema.org\",\"@graph\":[{\"@type\":\"WebPage\",\"@id\":\"https:\/\/www.priesteregg.at\/en\/wellness\/priesteregg-bath\/rest\/\",\"url\":\"https:\/\/www.priesteregg.at\/en\/wellness\/priesteregg-bath\/rest\/\",\"name\":\"Rest - Bergdorf Priesteregg\",\"isPartOf\":{\"@id\":\"https:\/\/www.priesteregg.at\/#website\"},\"primaryImageOfPage\":{\"@id\":\"https:\/\/www.priesteregg.at\/en\/wellness\/priesteregg-bath\/rest\/#primaryimage\"},\"image\":{\"@id\":\"https:\/\/www.priesteregg.at\/en\/wellness\/priesteregg-bath\/rest\/#primaryimage\"},\"thumbnailUrl\":\"https:\/\/www.priesteregg.at\/wp-content\/uploads\/ruhe_kachel.jpg\",\"datePublished\":\"2019-12-20T11:30:39+00:00\",\"dateModified\":\"2025-07-09T07:45:08+00:00\",\"description\":\"WELLBEING with mountain view \u2713 Warm infinity pool \u2713 Yoga in beautiful nature \u2713 Hiking trails in front of the chalet \u2713 Pure rest & relaxation\",\"breadcrumb\":{\"@id\":\"https:\/\/www.priesteregg.at\/en\/wellness\/priesteregg-bath\/rest\/#breadcrumb\"},\"inLanguage\":\"en-US\",\"potentialAction\":[{\"@type\":\"ReadAction\",\"target\":[\"https:\/\/www.priesteregg.at\/en\/wellness\/priesteregg-bath\/rest\/\"]}]},{\"@type\":\"ImageObject\",\"inLanguage\":\"en-US\",\"@id\":\"https:\/\/www.priesteregg.at\/en\/wellness\/priesteregg-bath\/rest\/#primaryimage\",\"url\":\"https:\/\/www.priesteregg.at\/wp-content\/uploads\/ruhe_kachel.jpg\",\"contentUrl\":\"https:\/\/www.priesteregg.at\/wp-content\/uploads\/ruhe_kachel.jpg\",\"width\":768,\"height\":768},{\"@type\":\"BreadcrumbList\",\"@id\":\"https:\/\/www.priesteregg.at\/en\/wellness\/priesteregg-bath\/rest\/#breadcrumb\",\"itemListElement\":[{\"@type\":\"ListItem\",\"position\":1,\"name\":\"Startseite\",\"item\":\"https:\/\/www.priesteregg.at\/en\/\"},{\"@type\":\"ListItem\",\"position\":2,\"name\":\"Wellness\",\"item\":\"https:\/\/www.priesteregg.at\/en\/wellness\/\"},{\"@type\":\"ListItem\",\"position\":3,\"name\":\"Priesteregg Bad\",\"item\":\"https:\/\/www.priesteregg.at\/en\/wellness\/priesteregg-bath\/\"},{\"@type\":\"ListItem\",\"position\":4,\"name\":\"Rest\"}]},{\"@type\":\"WebSite\",\"@id\":\"https:\/\/www.priesteregg.at\/#website\",\"url\":\"https:\/\/www.priesteregg.at\/\",\"name\":\"Bergdorf Priesteregg\",\"description\":\"Chalet, Bergh\u00fctte und Almh\u00fctten Urlaub in Leogang im Salzburger Land, \u00d6sterreich\",\"potentialAction\":[{\"@type\":\"SearchAction\",\"target\":{\"@type\":\"EntryPoint\",\"urlTemplate\":\"https:\/\/www.priesteregg.at\/?s={search_term_string}\"},\"query-input\":{\"@type\":\"PropertyValueSpecification\",\"valueRequired\":true,\"valueName\":\"search_term_string\"}}],\"inLanguage\":\"en-US\"}]}<\/script>\n<!-- \/ Yoast SEO plugin. -->","yoast_head_json":{"title":"Rest - Bergdorf Priesteregg","description":"WELLBEING with mountain view \u2713 Warm infinity pool \u2713 Yoga in beautiful nature \u2713 Hiking trails in front of the chalet \u2713 Pure rest & relaxation","robots":{"index":"index","follow":"follow","max-snippet":"max-snippet:-1","max-image-preview":"max-image-preview:large","max-video-preview":"max-video-preview:-1"},"canonical":"https:\/\/www.priesteregg.at\/en\/wellness\/priesteregg-bath\/rest\/","og_locale":"en_US","og_type":"article","og_title":"Rest - Bergdorf Priesteregg","og_description":"WELLBEING with mountain view \u2713 Warm infinity pool \u2713 Yoga in beautiful nature \u2713 Hiking trails in front of the chalet \u2713 Pure rest & relaxation","og_url":"https:\/\/www.priesteregg.at\/en\/wellness\/priesteregg-bath\/rest\/","og_site_name":"Bergdorf Priesteregg","article_modified_time":"2025-07-09T07:45:08+00:00","og_image":[{"width":768,"height":768,"url":"https:\/\/www.priesteregg.at\/wp-content\/uploads\/ruhe_kachel.jpg","type":"image\/jpeg"}],"twitter_card":"summary_large_image","twitter_misc":{"Est. reading time":"3 minutes"},"schema":{"@context":"https:\/\/schema.org","@graph":[{"@type":"WebPage","@id":"https:\/\/www.priesteregg.at\/en\/wellness\/priesteregg-bath\/rest\/","url":"https:\/\/www.priesteregg.at\/en\/wellness\/priesteregg-bath\/rest\/","name":"Rest - Bergdorf Priesteregg","isPartOf":{"@id":"https:\/\/www.priesteregg.at\/#website"},"primaryImageOfPage":{"@id":"https:\/\/www.priesteregg.at\/en\/wellness\/priesteregg-bath\/rest\/#primaryimage"},"image":{"@id":"https:\/\/www.priesteregg.at\/en\/wellness\/priesteregg-bath\/rest\/#primaryimage"},"thumbnailUrl":"https:\/\/www.priesteregg.at\/wp-content\/uploads\/ruhe_kachel.jpg","datePublished":"2019-12-20T11:30:39+00:00","dateModified":"2025-07-09T07:45:08+00:00","description":"WELLBEING with mountain view \u2713 Warm infinity pool \u2713 Yoga in beautiful nature \u2713 Hiking trails in front of the chalet \u2713 Pure rest & relaxation","breadcrumb":{"@id":"https:\/\/www.priesteregg.at\/en\/wellness\/priesteregg-bath\/rest\/#breadcrumb"},"inLanguage":"en-US","potentialAction":[{"@type":"ReadAction","target":["https:\/\/www.priesteregg.at\/en\/wellness\/priesteregg-bath\/rest\/"]}]},{"@type":"ImageObject","inLanguage":"en-US","@id":"https:\/\/www.priesteregg.at\/en\/wellness\/priesteregg-bath\/rest\/#primaryimage","url":"https:\/\/www.priesteregg.at\/wp-content\/uploads\/ruhe_kachel.jpg","contentUrl":"https:\/\/www.priesteregg.at\/wp-content\/uploads\/ruhe_kachel.jpg","width":768,"height":768},{"@type":"BreadcrumbList","@id":"https:\/\/www.priesteregg.at\/en\/wellness\/priesteregg-bath\/rest\/#breadcrumb","itemListElement":[{"@type":"ListItem","position":1,"name":"Startseite","item":"https:\/\/www.priesteregg.at\/en\/"},{"@type":"ListItem","position":2,"name":"Wellness","item":"https:\/\/www.priesteregg.at\/en\/wellness\/"},{"@type":"ListItem","position":3,"name":"Priesteregg Bad","item":"https:\/\/www.priesteregg.at\/en\/wellness\/priesteregg-bath\/"},{"@type":"ListItem","position":4,"name":"Rest"}]},{"@type":"WebSite","@id":"https:\/\/www.priesteregg.at\/#website","url":"https:\/\/www.priesteregg.at\/","name":"Bergdorf Priesteregg","description":"Chalet, Bergh\u00fctte und Almh\u00fctten Urlaub in Leogang im Salzburger Land, \u00d6sterreich","potentialAction":[{"@type":"SearchAction","target":{"@type":"EntryPoint","urlTemplate":"https:\/\/www.priesteregg.at\/?s={search_term_string}"},"query-input":{"@type":"PropertyValueSpecification","valueRequired":true,"valueName":"search_term_string"}}],"inLanguage":"en-US"}]}},"_links":{"self":[{"href":"https:\/\/www.priesteregg.at\/en\/wp-json\/wp\/v2\/pages\/3043","targetHints":{"allow":["GET"]}}],"collection":[{"href":"https:\/\/www.priesteregg.at\/en\/wp-json\/wp\/v2\/pages"}],"about":[{"href":"https:\/\/www.priesteregg.at\/en\/wp-json\/wp\/v2\/types\/page"}],"author":[{"embeddable":true,"href":"https:\/\/www.priesteregg.at\/en\/wp-json\/wp\/v2\/users\/1"}],"replies":[{"embeddable":true,"href":"https:\/\/www.priesteregg.at\/en\/wp-json\/wp\/v2\/comments?post=3043"}],"version-history":[{"count":15,"href":"https:\/\/www.priesteregg.at\/en\/wp-json\/wp\/v2\/pages\/3043\/revisions"}],"predecessor-version":[{"id":8945,"href":"https:\/\/www.priesteregg.at\/en\/wp-json\/wp\/v2\/pages\/3043\/revisions\/8945"}],"up":[{"embeddable":true,"href":"https:\/\/www.priesteregg.at\/en\/wp-json\/wp\/v2\/pages\/2219"}],"wp:featuredmedia":[{"embeddable":true,"href":"https:\/\/www.priesteregg.at\/en\/wp-json\/wp\/v2\/media\/3116"}],"wp:attachment":[{"href":"https:\/\/www.priesteregg.at\/en\/wp-json\/wp\/v2\/media?parent=3043"}],"curies":[{"name":"wp","href":"https:\/\/api.w.org\/{rel}","templated":true}]}}