{"id":2944,"date":"2019-12-20T12:27:47","date_gmt":"2019-12-20T11:27:47","guid":{"rendered":"https:\/\/www.priesteregg.at\/?page_id=2944"},"modified":"2025-07-09T09:45:30","modified_gmt":"2025-07-09T07:45:30","slug":"water","status":"publish","type":"page","link":"https:\/\/www.priesteregg.at\/en\/wellness\/priesteregg-bath\/water\/","title":{"rendered":"Water"},"content":{"rendered":"<div class=\"wpb-content-wrapper\"><p>[vc_row css=&#8221;.vc_custom_1579602744247{margin-top: 0px !important;margin-bottom: 20px !important;}&#8221;][vc_column][vc_column_text el_class=&#8221;etaner black&#8221;]<a href=\"https:\/\/www.priesteregg.at\/en\/wellbeing\/priesteregg-bad\/\"><span class=\"tlid-translation translation\" lang=\"en\"><span class=\"\" title=\"\">&lt; Back<\/span><\/span><\/a>[\/vc_column_text][\/vc_column][\/vc_row][vc_row css=&#8221;.vc_custom_1579602768922{margin-top: 0px !important;margin-bottom: 60px !important;}&#8221;][vc_column][vc_column_text el_class=&#8221;etaner black&#8221;]<\/p>\n<h1 style=\"text-align: center;\">Water<\/h1>\n<p>[\/vc_column_text][\/vc_column][\/vc_row][vc_row el_class=&#8221;vc_row-flex&#8221; css=&#8221;.vc_custom_1576162761540{margin-bottom: 13px !important;}&#8221;][vc_column][vc_column_text css=&#8221;.vc_custom_1578403238857{margin-bottom: 20px !important;}&#8221; el_class=&#8221;etaner black&#8221;]<\/p>\n<p style=\"text-align: center;\"><span style=\"font-size: 24pt;\">Swimming.<\/span><br \/>\n<span style=\"font-size: 24pt;\">Feeling weightless<\/span><br \/>\n<span style=\"font-size: 24pt;\">and allowing yourself to drift.<\/span><\/p>\n<p>[\/vc_column_text][\/vc_column][\/vc_row][vc_row el_class=&#8221;vc_row-flex&#8221; css=&#8221;.vc_custom_1575981486453{margin-bottom: 80px !important;}&#8221;][vc_column offset=&#8221;vc_col-lg-offset-2 vc_col-lg-8 vc_col-md-offset-2 vc_col-md-8&#8243;][vc_single_image image=&#8221;2839&#8243; img_size=&#8221;full&#8221; alignment=&#8221;center&#8221;][vc_column_text]<\/p>\n<p style=\"text-align: center;\">Water is the world\u2019s most valuable resource and an important part of the PRIESTEREGG. One of the reasons is that the crystal clear Birnback river provides the whole Bergdorf with high quality drinking water. However, this precious commodity is not only used for drinking; it is also an integral part of the treatments offered in the PRIESTEREGG BAD. If used wisely, it strengthens the immune system and stimulates the metabolism. It activates the blood circulation, loosens tensions and strengthens the muscular system. You can either enjoy it whilst doing your lengths in the heated Infinity or Nature Pool or whilst receiving a haki\u00ae-Flow treatment, during which you can just let yourself go and drift in our warm pool by the fireplace.<\/p>\n<p>[\/vc_column_text][\/vc_column][\/vc_row][vc_row el_class=&#8221;vc_row-flex&#8221; css=&#8221;.vc_custom_1576068521541{margin-bottom: 50px !important;}&#8221;][vc_column][vc_gallery interval=&#8221;3&#8243; images=&#8221;3759,3070,3420,3446,3470,3757&#8243; img_size=&#8221;full&#8221;][\/vc_column][\/vc_row][vc_row el_class=&#8221;vc_row-flex&#8221; css=&#8221;.vc_custom_1576162862412{margin-bottom: 85px !important;}&#8221;][vc_column][vc_column_text css=&#8221;.vc_custom_1592314350895{margin-bottom: 20px !important;}&#8221; el_class=&#8221;etaner black&#8221;]<\/p>\n<p style=\"text-align: center;\">Himmelbecken \u2013 25 x 5 meters Infinity Pool<br \/>\nKaminbecken \u2013 8 x 4 meters Indoor Pool<br \/>\nwith open fireplace<br \/>\nNaturbecken \u2013 20 x 4 meters Outdoor Nature Pool<\/p>\n<p>[\/vc_column_text][\/vc_column][\/vc_row][vc_row content_placement=&#8221;middle&#8221; css=&#8221;.vc_custom_1576018127899{margin-bottom: 80px !important;}&#8221;][vc_column el_class=&#8221;absolute-center-outer&#8221; offset=&#8221;vc_hidden-xs&#8221;][vc_basic_grid post_type=&#8221;ids&#8221; style=&#8221;pagination&#8221; items_per_page=&#8221;4&#8243; element_width=&#8221;3&#8243; gap=&#8221;10&#8243; paging_design=&#8221;none&#8221; loop=&#8221;yes&#8221; item=&#8221;2946&#8243; grid_id=&#8221;vc_gid:1752047099714-3c223988-9dda-1&#8243; include=&#8221;2944, 3039, 3043, 2800&#8243; el_class=&#8221;bad4erGrid&#8221;][\/vc_column][vc_column offset=&#8221;vc_hidden-lg vc_hidden-md vc_hidden-sm&#8221;][vc_basic_grid post_type=&#8221;ids&#8221; style=&#8221;pagination&#8221; items_per_page=&#8221;4&#8243; element_width=&#8221;12&#8243; gap=&#8221;10&#8243; paging_design=&#8221;none&#8221; item=&#8221;2946&#8243; grid_id=&#8221;vc_gid:1752047099714-ea493146-54a0-10&#8243; include=&#8221;2944, 3039, 3043, 2800&#8243; el_class=&#8221;bad4erGrid&#8221;][\/vc_column][\/vc_row][vc_row el_class=&#8221;vc_row-flex divider-hor&#8221; css=&#8221;.vc_custom_1576015465959{margin-bottom: 100px !important;}&#8221;][vc_column width=&#8221;1\/2&#8243;][vc_column_text el_class=&#8221;etaner black&#8221;]<\/p>\n<h2 style=\"text-align: center;\">Good to know<\/h2>\n<p>[\/vc_column_text][vc_column_text]<\/p>\n<p style=\"text-align: center;\">This section provides you with everything you need to know to find your way around our new PRIESTEREGG BAD, such as opening hours, Q&amp;As, special offers and other interesting facts.<\/p>\n<p>[\/vc_column_text][vc_btn title=&#8221;Discover more&#8221; style=&#8221;classic&#8221; color=&#8221;black&#8221; align=&#8221;center&#8221; css=&#8221;&#8221; link=&#8221;url:%20https%3A%2F%2Fwww.priesteregg.at%2Fen%2Fwellbeing%2Fpriesteregg-bad%2Fuseful-information%2F%20|title:Useful%20information||&#8221;][\/vc_column][vc_column width=&#8221;1\/2&#8243;][vc_column_text el_class=&#8221;etaner black&#8221;]<\/p>\n<h2 style=\"text-align: center;\">Information &amp; Booking<\/h2>\n<p>[\/vc_column_text][vc_column_text]<\/p>\n<p style=\"text-align: center;\">You can book your personal treatment by phone on\u00a0<a href=\"tel:+43%206583%2082%20550\">+43 6583 82 550<\/a>.<br \/>\nPlease note that we charge 80 percent for treatments cancelled less than 24 hours prior to the appointment<strong>.<\/strong><\/p>\n<p>[\/vc_column_text][vc_btn title=&#8221;Make an appointment&#8221; style=&#8221;classic&#8221; color=&#8221;black&#8221; align=&#8221;center&#8221; css=&#8221;&#8221; link=&#8221;url:https%3A%2F%2Fwww.priesteregg.at%2Fen%2Fwellbeing%2Fcontact%2F|title:Priesteregg%20Bad||&#8221;][\/vc_column][\/vc_row][vc_row full_width=&#8221;stretch_row&#8221; css=&#8221;.vc_custom_1576068467322{padding-top: 60px !important;padding-bottom: 40px !important;background-color: #d1cec5 !important;}&#8221;][vc_column offset=&#8221;vc_col-lg-offset-2 vc_col-lg-8 vc_col-md-offset-2 vc_col-md-8&#8243;][vc_column_text css=&#8221;&#8221; el_class=&#8221;etaner black&#8221;]<\/p>\n<p style=\"text-align: center;\"><span style=\"font-size: 24pt;\">haki\u00ae Flow<\/span><\/p>\n<p style=\"text-align: center;\"><span style=\"font-size: 24pt;\">Unique treatment<br \/>\n<\/span><span style=\"font-size: 24pt;\">for all those who love water<br \/>\n<\/span><span style=\"font-size: 24pt;\">and its healing powers<\/span><\/p>\n<p>[\/vc_column_text][vc_btn title=&#8221;Read more&#8221; style=&#8221;classic&#8221; align=&#8221;center&#8221; css=&#8221;&#8221; link=&#8221;url:https%3A%2F%2Fwww.priesteregg.at%2Fen%2Fwellbeing%2Ftreatments%2F%23HAKI_Flow|||&#8221;][\/vc_column][\/vc_row]<\/p>\n<\/div>","protected":false},"excerpt":{"rendered":"<p>[vc_row css=&#8221;.vc_custom_1579602744247{margin-top: 0px !important;margin-bottom: 20px !important;}&#8221;][vc_column][vc_column_text el_class=&#8221;etaner black&#8221;]&lt; Back[\/vc_column_text][\/vc_column][\/vc_row][vc_row css=&#8221;.vc_custom_1579602768922{margin-top: 0px !important;margin-bottom: 60px !important;}&#8221;][vc_column][vc_column_text el_class=&#8221;etaner black&#8221;] Water [\/vc_column_text][\/vc_column][\/vc_row][vc_row el_class=&#8221;vc_row-flex&#8221; css=&#8221;.vc_custom_1576162761540{margin-bottom: 13px !important;}&#8221;][vc_column][vc_column_text css=&#8221;.vc_custom_1578403238857{margin-bottom: 20px !important;}&#8221; el_class=&#8221;etaner black&#8221;] Swimming. Feeling weightless and allowing yourself to drift. [\/vc_column_text][\/vc_column][\/vc_row][vc_row el_class=&#8221;vc_row-flex&#8221; css=&#8221;.vc_custom_1575981486453{margin-bottom: 80px !important;}&#8221;][vc_column offset=&#8221;vc_col-lg-offset-2 vc_col-lg-8 vc_col-md-offset-2 vc_col-md-8&#8243;][vc_single_image image=&#8221;2839&#8243; img_size=&#8221;full&#8221; alignment=&#8221;center&#8221;][vc_column_text] Water is the world\u2019s most valuable resource and [&hellip;]<\/p>\n","protected":false},"author":1,"featured_media":3112,"parent":2219,"menu_order":1,"comment_status":"closed","ping_status":"closed","template":"","meta":{"_acf_changed":false,"footnotes":""},"class_list":["post-2944","page","type-page","status-publish","has-post-thumbnail","hentry"],"acf":[],"yoast_head":"<!-- This site is optimized with the Yoast SEO plugin v25.4 - https:\/\/yoast.com\/wordpress\/plugins\/seo\/ -->\n<title>Water - Bergdorf Priesteregg<\/title>\n<meta name=\"description\" content=\"Water as part of the PRIESTEREGG \u2713 PRIESTEREGG BAD \u2713 3 pools \u2713 indoor &amp; outdoor \u2713 health &amp; soul\" \/>\n<meta name=\"robots\" content=\"index, follow, max-snippet:-1, max-image-preview:large, max-video-preview:-1\" \/>\n<link rel=\"canonical\" href=\"https:\/\/www.priesteregg.at\/en\/wellness\/priesteregg-bath\/water\/\" \/>\n<meta property=\"og:locale\" content=\"en_US\" \/>\n<meta property=\"og:type\" content=\"article\" \/>\n<meta property=\"og:title\" content=\"Water - Bergdorf Priesteregg\" \/>\n<meta property=\"og:description\" content=\"Water as part of the PRIESTEREGG \u2713 PRIESTEREGG BAD \u2713 3 pools \u2713 indoor &amp; outdoor \u2713 health &amp; soul\" \/>\n<meta property=\"og:url\" content=\"https:\/\/www.priesteregg.at\/en\/wellness\/priesteregg-bath\/water\/\" \/>\n<meta property=\"og:site_name\" content=\"Bergdorf Priesteregg\" \/>\n<meta property=\"article:modified_time\" content=\"2025-07-09T07:45:30+00:00\" \/>\n<meta property=\"og:image\" content=\"https:\/\/www.priesteregg.at\/wp-content\/uploads\/wasser_kachel.jpg\" \/>\n\t<meta property=\"og:image:width\" content=\"768\" \/>\n\t<meta property=\"og:image:height\" content=\"768\" \/>\n\t<meta property=\"og:image:type\" content=\"image\/jpeg\" \/>\n<meta name=\"twitter:card\" content=\"summary_large_image\" \/>\n<meta name=\"twitter:label1\" content=\"Est. reading time\" \/>\n\t<meta name=\"twitter:data1\" content=\"3 minutes\" \/>\n<script type=\"application\/ld+json\" class=\"yoast-schema-graph\">{\"@context\":\"https:\/\/schema.org\",\"@graph\":[{\"@type\":\"WebPage\",\"@id\":\"https:\/\/www.priesteregg.at\/en\/wellness\/priesteregg-bath\/water\/\",\"url\":\"https:\/\/www.priesteregg.at\/en\/wellness\/priesteregg-bath\/water\/\",\"name\":\"Water - Bergdorf Priesteregg\",\"isPartOf\":{\"@id\":\"https:\/\/www.priesteregg.at\/#website\"},\"primaryImageOfPage\":{\"@id\":\"https:\/\/www.priesteregg.at\/en\/wellness\/priesteregg-bath\/water\/#primaryimage\"},\"image\":{\"@id\":\"https:\/\/www.priesteregg.at\/en\/wellness\/priesteregg-bath\/water\/#primaryimage\"},\"thumbnailUrl\":\"https:\/\/www.priesteregg.at\/wp-content\/uploads\/wasser_kachel.jpg\",\"datePublished\":\"2019-12-20T11:27:47+00:00\",\"dateModified\":\"2025-07-09T07:45:30+00:00\",\"description\":\"Water as part of the PRIESTEREGG \u2713 PRIESTEREGG BAD \u2713 3 pools \u2713 indoor & outdoor \u2713 health & soul\",\"breadcrumb\":{\"@id\":\"https:\/\/www.priesteregg.at\/en\/wellness\/priesteregg-bath\/water\/#breadcrumb\"},\"inLanguage\":\"en-US\",\"potentialAction\":[{\"@type\":\"ReadAction\",\"target\":[\"https:\/\/www.priesteregg.at\/en\/wellness\/priesteregg-bath\/water\/\"]}]},{\"@type\":\"ImageObject\",\"inLanguage\":\"en-US\",\"@id\":\"https:\/\/www.priesteregg.at\/en\/wellness\/priesteregg-bath\/water\/#primaryimage\",\"url\":\"https:\/\/www.priesteregg.at\/wp-content\/uploads\/wasser_kachel.jpg\",\"contentUrl\":\"https:\/\/www.priesteregg.at\/wp-content\/uploads\/wasser_kachel.jpg\",\"width\":768,\"height\":768},{\"@type\":\"BreadcrumbList\",\"@id\":\"https:\/\/www.priesteregg.at\/en\/wellness\/priesteregg-bath\/water\/#breadcrumb\",\"itemListElement\":[{\"@type\":\"ListItem\",\"position\":1,\"name\":\"Startseite\",\"item\":\"https:\/\/www.priesteregg.at\/en\/\"},{\"@type\":\"ListItem\",\"position\":2,\"name\":\"Wellness\",\"item\":\"https:\/\/www.priesteregg.at\/en\/wellness\/\"},{\"@type\":\"ListItem\",\"position\":3,\"name\":\"Priesteregg Bad\",\"item\":\"https:\/\/www.priesteregg.at\/en\/wellness\/priesteregg-bath\/\"},{\"@type\":\"ListItem\",\"position\":4,\"name\":\"Water\"}]},{\"@type\":\"WebSite\",\"@id\":\"https:\/\/www.priesteregg.at\/#website\",\"url\":\"https:\/\/www.priesteregg.at\/\",\"name\":\"Bergdorf Priesteregg\",\"description\":\"Chalet, Bergh\u00fctte und Almh\u00fctten Urlaub in Leogang im Salzburger Land, \u00d6sterreich\",\"potentialAction\":[{\"@type\":\"SearchAction\",\"target\":{\"@type\":\"EntryPoint\",\"urlTemplate\":\"https:\/\/www.priesteregg.at\/?s={search_term_string}\"},\"query-input\":{\"@type\":\"PropertyValueSpecification\",\"valueRequired\":true,\"valueName\":\"search_term_string\"}}],\"inLanguage\":\"en-US\"}]}<\/script>\n<!-- \/ Yoast SEO plugin. -->","yoast_head_json":{"title":"Water - Bergdorf Priesteregg","description":"Water as part of the PRIESTEREGG \u2713 PRIESTEREGG BAD \u2713 3 pools \u2713 indoor & outdoor \u2713 health & soul","robots":{"index":"index","follow":"follow","max-snippet":"max-snippet:-1","max-image-preview":"max-image-preview:large","max-video-preview":"max-video-preview:-1"},"canonical":"https:\/\/www.priesteregg.at\/en\/wellness\/priesteregg-bath\/water\/","og_locale":"en_US","og_type":"article","og_title":"Water - Bergdorf Priesteregg","og_description":"Water as part of the PRIESTEREGG \u2713 PRIESTEREGG BAD \u2713 3 pools \u2713 indoor & outdoor \u2713 health & soul","og_url":"https:\/\/www.priesteregg.at\/en\/wellness\/priesteregg-bath\/water\/","og_site_name":"Bergdorf Priesteregg","article_modified_time":"2025-07-09T07:45:30+00:00","og_image":[{"width":768,"height":768,"url":"https:\/\/www.priesteregg.at\/wp-content\/uploads\/wasser_kachel.jpg","type":"image\/jpeg"}],"twitter_card":"summary_large_image","twitter_misc":{"Est. reading time":"3 minutes"},"schema":{"@context":"https:\/\/schema.org","@graph":[{"@type":"WebPage","@id":"https:\/\/www.priesteregg.at\/en\/wellness\/priesteregg-bath\/water\/","url":"https:\/\/www.priesteregg.at\/en\/wellness\/priesteregg-bath\/water\/","name":"Water - Bergdorf Priesteregg","isPartOf":{"@id":"https:\/\/www.priesteregg.at\/#website"},"primaryImageOfPage":{"@id":"https:\/\/www.priesteregg.at\/en\/wellness\/priesteregg-bath\/water\/#primaryimage"},"image":{"@id":"https:\/\/www.priesteregg.at\/en\/wellness\/priesteregg-bath\/water\/#primaryimage"},"thumbnailUrl":"https:\/\/www.priesteregg.at\/wp-content\/uploads\/wasser_kachel.jpg","datePublished":"2019-12-20T11:27:47+00:00","dateModified":"2025-07-09T07:45:30+00:00","description":"Water as part of the PRIESTEREGG \u2713 PRIESTEREGG BAD \u2713 3 pools \u2713 indoor & outdoor \u2713 health & soul","breadcrumb":{"@id":"https:\/\/www.priesteregg.at\/en\/wellness\/priesteregg-bath\/water\/#breadcrumb"},"inLanguage":"en-US","potentialAction":[{"@type":"ReadAction","target":["https:\/\/www.priesteregg.at\/en\/wellness\/priesteregg-bath\/water\/"]}]},{"@type":"ImageObject","inLanguage":"en-US","@id":"https:\/\/www.priesteregg.at\/en\/wellness\/priesteregg-bath\/water\/#primaryimage","url":"https:\/\/www.priesteregg.at\/wp-content\/uploads\/wasser_kachel.jpg","contentUrl":"https:\/\/www.priesteregg.at\/wp-content\/uploads\/wasser_kachel.jpg","width":768,"height":768},{"@type":"BreadcrumbList","@id":"https:\/\/www.priesteregg.at\/en\/wellness\/priesteregg-bath\/water\/#breadcrumb","itemListElement":[{"@type":"ListItem","position":1,"name":"Startseite","item":"https:\/\/www.priesteregg.at\/en\/"},{"@type":"ListItem","position":2,"name":"Wellness","item":"https:\/\/www.priesteregg.at\/en\/wellness\/"},{"@type":"ListItem","position":3,"name":"Priesteregg Bad","item":"https:\/\/www.priesteregg.at\/en\/wellness\/priesteregg-bath\/"},{"@type":"ListItem","position":4,"name":"Water"}]},{"@type":"WebSite","@id":"https:\/\/www.priesteregg.at\/#website","url":"https:\/\/www.priesteregg.at\/","name":"Bergdorf Priesteregg","description":"Chalet, Bergh\u00fctte und Almh\u00fctten Urlaub in Leogang im Salzburger Land, \u00d6sterreich","potentialAction":[{"@type":"SearchAction","target":{"@type":"EntryPoint","urlTemplate":"https:\/\/www.priesteregg.at\/?s={search_term_string}"},"query-input":{"@type":"PropertyValueSpecification","valueRequired":true,"valueName":"search_term_string"}}],"inLanguage":"en-US"}]}},"_links":{"self":[{"href":"https:\/\/www.priesteregg.at\/en\/wp-json\/wp\/v2\/pages\/2944","targetHints":{"allow":["GET"]}}],"collection":[{"href":"https:\/\/www.priesteregg.at\/en\/wp-json\/wp\/v2\/pages"}],"about":[{"href":"https:\/\/www.priesteregg.at\/en\/wp-json\/wp\/v2\/types\/page"}],"author":[{"embeddable":true,"href":"https:\/\/www.priesteregg.at\/en\/wp-json\/wp\/v2\/users\/1"}],"replies":[{"embeddable":true,"href":"https:\/\/www.priesteregg.at\/en\/wp-json\/wp\/v2\/comments?post=2944"}],"version-history":[{"count":22,"href":"https:\/\/www.priesteregg.at\/en\/wp-json\/wp\/v2\/pages\/2944\/revisions"}],"predecessor-version":[{"id":3212,"href":"https:\/\/www.priesteregg.at\/en\/wp-json\/wp\/v2\/pages\/2944\/revisions\/3212"}],"up":[{"embeddable":true,"href":"https:\/\/www.priesteregg.at\/en\/wp-json\/wp\/v2\/pages\/2219"}],"wp:featuredmedia":[{"embeddable":true,"href":"https:\/\/www.priesteregg.at\/en\/wp-json\/wp\/v2\/media\/3112"}],"wp:attachment":[{"href":"https:\/\/www.priesteregg.at\/en\/wp-json\/wp\/v2\/media?parent=2944"}],"curies":[{"name":"wp","href":"https:\/\/api.w.org\/{rel}","templated":true}]}}