{"id":2442,"date":"2019-09-02T11:21:12","date_gmt":"2019-09-02T09:21:12","guid":{"rendered":"https:\/\/www.priesteregg.at\/?page_id=2442"},"modified":"2019-09-16T10:01:57","modified_gmt":"2019-09-16T08:01:57","slug":"data-protection","status":"publish","type":"page","link":"https:\/\/www.priesteregg.at\/en\/data-protection\/","title":{"rendered":"Data Protection"},"content":{"rendered":"<div class=\"wpb-content-wrapper\"><p>[vc_row][vc_column][vc_column_text]<\/p>\n<h1 style=\"text-align: center;\">Data protection<\/h1>\n<hr \/>\n<p>[\/vc_column_text][\/vc_column][\/vc_row][vc_row][vc_column width=&#8221;1\/2&#8243;][vc_column_text]<strong>Informationen zur DSGVO (Stand 24. Mai 2018)<\/strong><br \/>\nUns ist die Sicherheit Ihrer Daten wichtig. Wir verwenden sie ausschlie\u00dflich zweckgebunden und geben sie nur dann an Dritte weiter, sofern diese in unserem ausdr\u00fccklichen Auftrag zur Zweckerf\u00fcllung beitragen. Nach EU-Datenschutz-Grundverordnung (DSGVO) , dem Datenschutzgesetz bzw. dem Bundesgesetzblatt 2017\/120 der Republik \u00d6sterreich mit endg\u00fcltiger Wirksamkeit 25.5.2018 haben Nutzer das Recht, auf Antrag unentgeltlich Auskunft \u00fcber die personenbezogenen Daten zu erhalten, die wir \u00fcber sie gespeichert haben. Zus\u00e4tzlich hat jeder Kunde bzw. Nutzer jederzeit das Recht auf Berichtigung unrichtiger Daten, Sperrung und L\u00f6schung (&#8220;Recht auf Vergessenwerden&#8221;) seiner personenbezogenen Daten, soweit dem keine gesetzliche Aufbewahrungs- oder Meldepflichtpflicht entgegensteht.<\/p>\n<p>Sollten wir unserer Datenschutzpflicht nicht fristgerecht nachkommen,\u00a0wenden Sie sich mit ihrer Beschwerde bitte an die:<\/p>\n<p>\u00d6sterreichische Datenschutzbeh\u00f6rde<br \/>\nWickenburggasse 8<br \/>\nA-1080 Wien<br \/>\nTelefon: +43 1 52 152-0<br \/>\nE-Mail:\u00a0<a href=\"mailto:dsb@dsb.gv.at\">dsb@dsb.gv.at<\/a>[\/vc_column_text][vc_column_text]<\/p>\n<ol style=\"list-style-type: upper-roman;\">\n<li><strong>Allgemeines zur Datenverarbeitung<\/strong>\n<ol>\n<li><strong>Umfang der Verarbeitung personenbezogener Daten\u00a0<\/strong><br \/>\nWir erheben und verwenden personenbezogene Daten unserer Nutzer grunds\u00e4tzlich nur, soweit dies zur Bereitstellung einer funktionsf\u00e4higen Website sowie unserer Inhalte und Leistungen erforderlich ist. Die Erhebung und Verwendung personenbezogener Daten unserer Nutzer erfolgt regelm\u00e4\u00dfig nur nach Einwilligung des Nutzers. Eine Ausnahme gilt in solchen F\u00e4llen, in denen eine vorherige Einholung einer Einwilligung aus tats\u00e4chlichen Gr\u00fcnden nicht m\u00f6glich ist und die Verarbeitung der Daten durch gesetzliche Vorschriften gestattet ist.<\/li>\n<li><strong>Rechtsgrundlage f\u00fcr die Verarbeitung personenbezogener Daten<br \/>\n<\/strong>Soweit wir f\u00fcr Verarbeitungsvorg\u00e4nge personenbezogener Daten eine Einwilligung der betroffenen Person einholen, dient Art. 6 Abs. 1 lit. a DSGVO als Rechtsgrundlage. Bei der Verarbeitung von personenbezogenen Daten, die zur Erf\u00fcllung eines Vertrages, dessen Vertragspartei die betroffene Person ist, erforderlich ist, dient Art. 6 Abs. 1 lit. b DSGVO als Rechtsgrundlage. Dies gilt auch f\u00fcr Verarbeitungsvorg\u00e4nge, die zur Durchf\u00fchrung vorvertraglicher Ma\u00dfnahmen erforderlich sind. Soweit eine Verarbeitung personenbezogener Daten zur Erf\u00fcllung einer rechtlichen Verpflichtung erforderlich ist, der unser Unternehmen unterliegt (z.B. nationale Meldegesetze), dient Art. 6 Abs. 1 lit. c DSGVO als Rechtsgrundlage. Ist die Verarbeitung zur Wahrung eines berechtigten Interesses unseres Unternehmens oder eines Dritten erforderlich und \u00fcberwiegen die Interessen, Grundrechte und Grundfreiheiten des Betroffenen das erstgenannte Interesse nicht, so dient Art. 6 Abs. 1 lit. f DSGVO als Rechtsgrundlage f\u00fcr die Verarbeitung.<\/li>\n<li><strong>Datenl\u00f6schung und Speicherdauer<\/strong><br \/>\nDie personenbezogenen Daten der betroffenen Person werden gel\u00f6scht oder gesperrt, sobald der Zweck der Speicherung entf\u00e4llt. Eine Speicherung kann dar\u00fcber hinaus erfolgen, wenn dies durch den europ\u00e4ischen oder nationalen Gesetzgeber in unionsrechtlichen Verordnungen, Gesetzen oder sonstigen Vorschriften, denen der Verantwortliche unterliegt, vorgesehen wurde. Eine Sperrung oder L\u00f6schung der Daten erfolgt auch dann, wenn eine durch die genannten Normen vorgeschriebene Speicherfrist abl\u00e4uft, es sei denn, dass eine Erforderlichkeit zur weiteren Speicherung der Daten f\u00fcr einen Vertragsabschluss oder eine Vertragserf\u00fcllung besteht.<\/li>\n<\/ol>\n<\/li>\n<li><strong>Bereitstellung der Webseite und Erstellung von Logfiles<\/strong>\n<ol>\n<li><strong>Beschreibung und Umfang der Datenverarbeitung<br \/>\n<\/strong>Bei jedem Aufruf unserer Internetseite erfasst unser System automatisiert Daten und Informationen vom Computersystem des aufrufenden Rechners. Folgende Daten werden hierbei erhoben:<br \/>\n(1) Informationen \u00fcber den Browsertyp und die verwendete Version<br \/>\n(2) Das Betriebssystem des Nutzers<br \/>\n(3) Die IP-Adresse des Nutzers<br \/>\n(4) Datum und Uhrzeit des Zugriffs<br \/>\n(5) Websites, von denen das System des Nutzers auf unsere Internetseite gelangt<br \/>\n(6) Websites, die vom System des Nutzers \u00fcber unsere Website aufgerufen werden Die Daten werden ebenfalls in den Logfiles unseres Systems gespeichert. Eine Speicherung dieser Daten zusammen mit anderen personenbezogenen Daten des Nutzers findet nicht statt. Personenbezogene Nutzerprofile k\u00f6nnen nicht gebildet werden.<\/li>\n<li><strong>Rechtsgrundlage f\u00fcr die Datenverarbeitung<\/strong><br \/>\nRechtsgrundlage f\u00fcr die vor\u00fcbergehende Speicherung der Daten und der Logfiles ist Art. 6 Abs. 1 lit. f DSGVO.<\/li>\n<li><strong>Zweck der Datenverarbeitung<br \/>\n<\/strong>Die vor\u00fcbergehende Speicherung der IP-Adresse durch das System ist notwendig, um eine Auslieferung der Website an den Rechner des Nutzers zu erm\u00f6glichen. Hierf\u00fcr muss die IP-Adresse des Nutzers f\u00fcr die Dauer der Sitzung gespeichert bleiben. Die Speicherung in Logfiles erfolgt, um die Funktionsf\u00e4higkeit der Website sicherzustellen. Zudem dienen uns die Daten zur Optimierung der Website und zur Sicherstellung der Sicherheit unserer informationstechnischen Systeme. Eine Auswertung der Daten zu Marketingzwecken findet in diesem Zusammenhang nicht statt. In diesen Zwecken liegt auch unser berechtigtes Interesse an der Datenverarbeitung nach Art. 6 Abs. 1 lit. f DSGVO.<\/li>\n<li><strong>Dauer der Speicherung<\/strong><br \/>\nDie Daten werden gel\u00f6scht, sobald sie f\u00fcr die Erreichung des Zweckes ihrer Erhebung nicht mehr erforderlich sind. Im Falle der Erfassung der Daten zur Bereitstellung der Website ist dies der Fall, wenn die jeweilige Sitzung beendet ist. Im Falle der Speicherung der Daten in Logfiles ist dies nach sp\u00e4testens sieben Tagen der Fall. Eine dar\u00fcberhinausgehende Speicherung ist m\u00f6glich. In diesem Fall werden die IP-Adressen der Nutzer gel\u00f6scht oder verfremdet, sodass eine Zuordnung des aufrufenden Clients nicht mehr m\u00f6glich ist.<\/li>\n<\/ol>\n<\/li>\n<li><strong><strong>Kontakt\/E-Mail-Kontakt<\/strong><\/strong>\n<ol>\n<li><strong>Beschreibung und Umfang der Datenverarbeitung<br \/>\n<\/strong>Auf unserer Internetseite ist eine Kontaktm\u00f6glichkeit vorhanden, welches f\u00fcr die elektronische Kontaktaufnahme genutzt werden kann. Nimmt ein Nutzer diese M\u00f6glichkeit wahr, so kann dieser \u00fcber die bereitgestellte E-Mail-Adresse Kontakt zu dem jeweiligen Ansprechpartner aufnehmen. In diesem Fall werden die mit der E-Mail \u00fcbermittelten personenbezogenen Daten des Nutzers im E-Mail-System gespeichert. Es erfolgt in diesem Zusammenhang keine Weitergabe der Daten an Dritte. Die Daten werden ausschlie\u00dflich f\u00fcr die Verarbeitung der Konversation verwendet.<\/li>\n<li><strong>Rechtsgrundlage f\u00fcr die Datenverarbeitung<\/strong><br \/>\nRechtsgrundlage f\u00fcr die Verarbeitung der Daten ist bei Vorliegen einer Einwilligung des Nutzers Art. 6 Abs. 1 lit. a DSGVO. Rechtsgrundlage f\u00fcr die Verarbeitung der Daten ist im \u00dcbrigen Art. 6 Abs. 1 lit. f DSGVO. Zielt die Kontaktaufnahme auf den Abschluss eines Vertrages ab, so ist zus\u00e4tzliche Rechtsgrundlage f\u00fcr die Verarbeitung Art. 6 Abs. 1 lit. b DSGVO.<\/li>\n<li><strong>Zweck der Datenverarbeitung\u00a0<\/strong><br \/>\nBei der Verarbeitung von personenbezogenen Daten bei einer Kontaktaufnahme per E-Mail liegt das erforderliche berechtigte Interesse an der Verarbeitung der Daten vor.<\/li>\n<li><strong>Dauer der Speicherung<\/strong><br \/>\nDie Daten werden gel\u00f6scht, sobald sie f\u00fcr die Erreichung des Zweckes ihrer Erhebung nicht mehr erforderlich sind. F\u00fcr die personenbezogenen Daten, die per E-Mail \u00fcbersandt wurden, ist dies dann der Fall, wenn die jeweilige Konversation mit dem Nutzer beendet ist. Beendet ist die Konversation dann, wenn sich aus den Umst\u00e4nden entnehmen l\u00e4sst, dass der betroffene Sachverhalt abschlie\u00dfend gekl\u00e4rt ist. Sollte es sich bei der Kontaktaufnahme um ein vorvertragliches Verh\u00e4ltnis (Angebot- oder Reservierungsanfrage) handeln, werden die \u00fcbermittelten Daten zus\u00e4tzlich in unserer Hotelsoftware gespeichert und zur Vertragsdurchf\u00fchrung genutzt. Sollte es zu keinem Vertragsverh\u00e4ltnis kommen, l\u00f6schen wir die Daten nach einem Jahr zum Jahresende.<\/li>\n<li><strong>Widerspruchs- und Beseitigungsm\u00f6glichkeit<br \/>\n<\/strong>Der Nutzer hat jederzeit die M\u00f6glichkeit, die Verarbeitung seiner personenbezogenen Daten zu widersprechen. Hierf\u00fcr haben wir die E-Mail-Adresse <a href=\"mailto:bergdorf@priesteregg.at\">bergdorf@priesteregg.at<\/a> eingerichtet. Wir weisen darauf hin, dass im Fall eines Widerspruchs die Konversation nicht fortgef\u00fchrt werden kann bzw. wir keine Angebote etc. erstellen k\u00f6nnen. Alle personenbezogenen Daten, die im Zuge der Kontaktaufnahme gespeichert wurden, werden in diesem Fall gel\u00f6scht.<\/li>\n<\/ol>\n<\/li>\n<\/ol>\n<p>[\/vc_column_text][\/vc_column][vc_column width=&#8221;1\/2&#8243;][vc_column_text]<strong>Datenschutzerkl\u00e4rung f\u00fcr die Nutzung von Google Analytics<br \/>\n<\/strong>Diese Website nutzt Funktionen des Webanalysedienstes Google Analytics. Anbieter ist die Google Inc. 1600 Amphitheatre Parkway Mountain View, CA 94043, USA. Google Analytics verwendet sog. &#8220;Cookies&#8221;. Das sind Textdateien, die auf Ihrem Computer gespeichert werden und die eine Analyse der Benutzung der Website durch Sie erm\u00f6glichen. Die durch den Cookie erzeugten Informationen \u00fcber Ihre Benutzung dieser Website werden in der Regel an einen Server von Google in den USA \u00fcbertragen und dort gespeichert.<br \/>\nIm Falle der Aktivierung der IP-Anonymisierung auf dieser Webseite wird Ihre IP-Adresse von Google jedoch innerhalb von Mitgliedstaaten der Europ\u00e4ischen Union oder in anderen Vertragsstaaten des Abkommens \u00fcber den Europ\u00e4ischen Wirtschaftsraum zuvor gek\u00fcrzt. Nur in Ausnahmef\u00e4llen wird die volle IP-Adresse an einen Server von Google in den USA \u00fcbertragen und dort gek\u00fcrzt. Im Auftrag des Betreibers dieser Website wird Google diese Informationen benutzen, um Ihre Nutzung der Website auszuwerten, um Reports \u00fcber die Websiteaktivit\u00e4ten zusammenzustellen und um weitere mit der Websitenutzung und der Internetnutzung verbundene Dienstleistungen gegen\u00fcber dem Websitebetreiber zu erbringen. Die im Rahmen von Google Analytics von Ihrem Browser \u00fcbermittelte IPAdresse wird nicht mit anderen Daten von Google zusammengef\u00fchrt.<br \/>\nSie k\u00f6nnen die Speicherung der Cookies durch eine entsprechende Einstellung Ihrer Browser-Software verhindern; wir weisen Sie jedoch darauf hin, dass Sie in diesem Fall gegebenenfalls nicht s\u00e4mtliche Funktionen dieser Website vollumf\u00e4nglich werden nutzen k\u00f6nnen. Sie k\u00f6nnen dar\u00fcber hinaus die Erfassung der durch das Cookie erzeugten und auf Ihre Nutzung der Website bezogenen Daten (inkl. Ihrer IP-Adresse) an Google sowie die Verarbeitung dieser Daten durch Google verhindern, indem sie das unter dem folgenden Link verf\u00fcgbare Browser-Plugin herunterladen und installieren:\u00a0<a href=\"http:\/\/tools.google.com\/dlpage\/gaoptout?hl=de\">http:\/\/tools.google.com\/dlpage\/gaoptout?hl=de<\/a><\/p>\n<p>&nbsp;<\/p>\n<p><strong>Datenschutzerkl\u00e4rung f\u00fcr die Nutzung von Google Maps<br \/>\n<\/strong>Diese Website nutzt den Kartendienst Google Maps \u00fcber eine API. Anbieter ist die Google Inc. 1600 Amphitheatre Parkway Mountain View, CA 94043, USA. Zur besseren Nutzung der Funktionen werden Cookies und IP-Adressen in der Regel an einen Server von Google in den USA \u00fcbertragen und dort gespeichert.<\/p>\n<p>Mehr Informationen zum Umgang mit den Nutzerdaten finden Sie in der Datenschutzerkl\u00e4rung von Google:\u00a0<a href=\"https:\/\/www.google.com\/intl\/de\/policies\/privacy\">https:\/\/www.google.com\/intl\/de\/policies\/privacy<\/a><\/p>\n<p>&nbsp;<\/p>\n<p><strong>Datenschutzerkl\u00e4rung f\u00fcr die Nutzung von Google Web Fonts<br \/>\n<\/strong>Zur einheitlichen Darstellung verwendet diese Website den Dienst Google Web Fonts. Anbieter ist die Google Inc. 1600 Amphitheatre Parkway Mountain View, CA 94043, USA. Beim Abruf dieser Web Fonts k\u00f6nnen Server von Google \u00fcber die Verbindung Ihre IP-Adressen abrufen.<\/p>\n<p>Sollte Ihr Browser Web Fonts nicht unterst\u00fctzen, wird eine Standardschrift von Ihrem Computer verwendet.<\/p>\n<p>Weitere Informationen zu Google Web Fonts finden Sie unter\u00a0<a href=\"https:\/\/developers.google.com\/fonts\/faq\">https:\/\/developers.google.com\/fonts\/faq<\/a>\u00a0und in der Datenschutzerkl\u00e4rung von Google:\u00a0<a href=\"https:\/\/www.google.com\/policies\/privacy\/\">https:\/\/www.google.com\/policies\/privacy\/<\/a><\/p>\n<p><strong>Datenschutzerkl\u00e4rung f\u00fcr die Nutzung von YouTube<br \/>\n<\/strong>Unsere Webseite nutzt Plugins der von Google betriebenen Seite YouTube. Betreiber der Seiten ist die YouTube, LLC, 901 Cherry Ave., San Bruno, CA 94066, USA. Wenn Sie eine unserer mit einem YouTube-Plugin ausgestatteten Seiten besuchen, wird eine Verbindung zu den Servern von YouTube hergestellt. Dabei wird dem YouTube-Server mitgeteilt, welche unserer Seiten Sie besucht haben.<br \/>\nWenn Sie in Ihrem YouTube-Account eingeloggt sind erm\u00f6glichen Sie YouTube, Ihr Surfverhalten direkt Ihrem pers\u00f6nlichen Profil zuzuordnen. Dies k\u00f6nnen Sie verhindern, indem Sie sich aus Ihrem YouTube-Account ausloggen.<br \/>\nWeitere Informationen zum Umgang von Nutzerdaten finden Sie in der Datenschutzerkl\u00e4rung von YouTube unter\u00a0<a href=\"https:\/\/www.google.de\/intl\/de\/policies\/privacy\">https:\/\/www.google.de\/intl\/de\/policies\/privacy<\/a><\/p>\n<p><strong>Auskunft, L\u00f6schung, Sperrung<br \/>\n<\/strong>Sie haben jederzeit das Recht auf unentgeltliche Auskunft \u00fcber Ihre gespeicherten personenbezogenen Daten, deren Herkunft und Empf\u00e4nger und den Zweck der Datenverarbeitung sowie ein Recht auf Berichtigung, Sperrung oder L\u00f6schung dieser Daten. Hierzu sowie zu weiteren Fragen zum Thema personenbezogene Daten k\u00f6nnen Sie sich jederzeit unter der im Impressum angegebenen Adresse an uns wenden.<\/p>\n<p><strong>Cookies<br \/>\n<\/strong>Die Internetseiten verwenden teilweise so genannte Cookies. Cookies richten auf Ihrem Rechner keinen Schaden an und enthalten keine Viren. Cookies dienen dazu, unser Angebot nutzerfreundlicher, effektiver und sicherer zu machen. Cookies sind kleine Textdateien, die auf Ihrem Rechner abgelegt werden und die Ihr Browser speichert.<br \/>\nDie meisten der von uns verwendeten Cookies sind so genannte \u201eSession-Cookies\u201c. Sie werden nach Ende Ihres Besuchs automatisch gel\u00f6scht. Andere Cookies bleiben auf Ihrem Endger\u00e4t gespeichert, bis Sie diese l\u00f6schen. Diese Cookies erm\u00f6glichen es uns, Ihren Browser beim n\u00e4chsten Besuch wiederzuerkennen.<br \/>\nSie k\u00f6nnen Ihren Browser so einstellen, dass Sie \u00fcber das Setzen von Cookies informiert werden und Cookies nur im Einzelfall erlauben, die Annahme von Cookies f\u00fcr bestimmte F\u00e4lle oder generell ausschlie\u00dfen sowie das automatische L\u00f6schen der Cookies beim Schlie\u00dfen des Browser aktivieren. Bei der Deaktivierung von Cookies kann die Funktionalit\u00e4t dieser Website eingeschr\u00e4nkt sein.<\/p>\n<p><strong>SSL-VERSCHL\u00dcSSELUNG<br \/>\n<\/strong>Diese Seite nutzt aus Gr\u00fcnden der Sicherheit und zum Schutz der \u00dcbertragung vertraulicher Inhalte, wie zum Beispiel der Anfragen, die Sie an uns als Seitenbetreiber senden, eine SSL-Verschl\u00fcsselung. Eine verschl\u00fcsselte Verbindung erkennen Sie daran, dass die Adresszeile des Browsers von \u201ehttp:\/\/\u201c auf \u201ehttps:\/\/\u201c wechselt und an dem Schloss-Symbol in Ihrer Browserzeile. Wenn die SSL Verschl\u00fcsselung aktiviert ist, k\u00f6nnen die Daten, die Sie an uns \u00fcbermitteln, nicht von Dritten mitgelesen werden.[\/vc_column_text][\/vc_column][\/vc_row]<\/p>\n<\/div>","protected":false},"excerpt":{"rendered":"<p>[vc_row][vc_column][vc_column_text] Data protection [\/vc_column_text][\/vc_column][\/vc_row][vc_row][vc_column width=&#8221;1\/2&#8243;][vc_column_text]Informationen zur DSGVO (Stand 24. Mai 2018) Uns ist die Sicherheit Ihrer Daten wichtig. Wir verwenden sie ausschlie\u00dflich zweckgebunden und geben sie nur dann an Dritte weiter, sofern diese in unserem ausdr\u00fccklichen Auftrag zur Zweckerf\u00fcllung beitragen. Nach EU-Datenschutz-Grundverordnung (DSGVO) , dem Datenschutzgesetz bzw. dem Bundesgesetzblatt 2017\/120 der Republik \u00d6sterreich mit endg\u00fcltiger [&hellip;]<\/p>\n","protected":false},"author":2,"featured_media":0,"parent":0,"menu_order":36,"comment_status":"closed","ping_status":"closed","template":"","meta":{"_acf_changed":false,"footnotes":""},"class_list":["post-2442","page","type-page","status-publish","hentry"],"acf":[],"yoast_head":"<!-- This site is optimized with the Yoast SEO plugin v25.4 - https:\/\/yoast.com\/wordpress\/plugins\/seo\/ -->\n<title>Data Protection - Bergdorf Priesteregg<\/title>\n<meta name=\"robots\" content=\"noindex, nofollow\" \/>\n<meta property=\"og:locale\" content=\"en_US\" \/>\n<meta property=\"og:type\" content=\"article\" \/>\n<meta property=\"og:title\" content=\"Data Protection - Bergdorf Priesteregg\" \/>\n<meta property=\"og:description\" content=\"[vc_row][vc_column][vc_column_text] Data protection [\/vc_column_text][\/vc_column][\/vc_row][vc_row][vc_column width=&#8221;1\/2&#8243;][vc_column_text]Informationen zur DSGVO (Stand 24. Mai 2018) Uns ist die Sicherheit Ihrer Daten wichtig. Wir verwenden sie ausschlie\u00dflich zweckgebunden und geben sie nur dann an Dritte weiter, sofern diese in unserem ausdr\u00fccklichen Auftrag zur Zweckerf\u00fcllung beitragen. Nach EU-Datenschutz-Grundverordnung (DSGVO) , dem Datenschutzgesetz bzw. dem Bundesgesetzblatt 2017\/120 der Republik \u00d6sterreich mit endg\u00fcltiger [&hellip;]\" \/>\n<meta property=\"og:url\" content=\"https:\/\/www.priesteregg.at\/en\/data-protection\/\" \/>\n<meta property=\"og:site_name\" content=\"Bergdorf Priesteregg\" \/>\n<meta property=\"article:modified_time\" content=\"2019-09-16T08:01:57+00:00\" \/>\n<meta property=\"og:image\" content=\"https:\/\/www.priesteregg.at\/wp-content\/uploads\/priesteregg-chalet-luxus-ski-oesterreich-berge-winter-hotel-8.jpg\" \/>\n\t<meta property=\"og:image:width\" content=\"768\" \/>\n\t<meta property=\"og:image:height\" content=\"768\" \/>\n\t<meta property=\"og:image:type\" content=\"image\/jpeg\" \/>\n<meta name=\"twitter:card\" content=\"summary_large_image\" \/>\n<meta name=\"twitter:label1\" content=\"Est. reading time\" \/>\n\t<meta name=\"twitter:data1\" content=\"10 minutes\" \/>\n<script type=\"application\/ld+json\" class=\"yoast-schema-graph\">{\"@context\":\"https:\/\/schema.org\",\"@graph\":[{\"@type\":\"WebPage\",\"@id\":\"https:\/\/www.priesteregg.at\/en\/data-protection\/\",\"url\":\"https:\/\/www.priesteregg.at\/en\/data-protection\/\",\"name\":\"Data Protection - Bergdorf Priesteregg\",\"isPartOf\":{\"@id\":\"https:\/\/www.priesteregg.at\/#website\"},\"datePublished\":\"2019-09-02T09:21:12+00:00\",\"dateModified\":\"2019-09-16T08:01:57+00:00\",\"breadcrumb\":{\"@id\":\"https:\/\/www.priesteregg.at\/en\/data-protection\/#breadcrumb\"},\"inLanguage\":\"en-US\",\"potentialAction\":[{\"@type\":\"ReadAction\",\"target\":[\"https:\/\/www.priesteregg.at\/en\/data-protection\/\"]}]},{\"@type\":\"BreadcrumbList\",\"@id\":\"https:\/\/www.priesteregg.at\/en\/data-protection\/#breadcrumb\",\"itemListElement\":[{\"@type\":\"ListItem\",\"position\":1,\"name\":\"Startseite\",\"item\":\"https:\/\/www.priesteregg.at\/en\/\"},{\"@type\":\"ListItem\",\"position\":2,\"name\":\"Data Protection\"}]},{\"@type\":\"WebSite\",\"@id\":\"https:\/\/www.priesteregg.at\/#website\",\"url\":\"https:\/\/www.priesteregg.at\/\",\"name\":\"Bergdorf Priesteregg\",\"description\":\"Chalet, Bergh\u00fctte und Almh\u00fctten Urlaub in Leogang im Salzburger Land, \u00d6sterreich\",\"potentialAction\":[{\"@type\":\"SearchAction\",\"target\":{\"@type\":\"EntryPoint\",\"urlTemplate\":\"https:\/\/www.priesteregg.at\/?s={search_term_string}\"},\"query-input\":{\"@type\":\"PropertyValueSpecification\",\"valueRequired\":true,\"valueName\":\"search_term_string\"}}],\"inLanguage\":\"en-US\"}]}<\/script>\n<!-- \/ Yoast SEO plugin. -->","yoast_head_json":{"title":"Data Protection - Bergdorf Priesteregg","robots":{"index":"noindex","follow":"nofollow"},"og_locale":"en_US","og_type":"article","og_title":"Data Protection - Bergdorf Priesteregg","og_description":"[vc_row][vc_column][vc_column_text] Data protection [\/vc_column_text][\/vc_column][\/vc_row][vc_row][vc_column width=&#8221;1\/2&#8243;][vc_column_text]Informationen zur DSGVO (Stand 24. Mai 2018) Uns ist die Sicherheit Ihrer Daten wichtig. Wir verwenden sie ausschlie\u00dflich zweckgebunden und geben sie nur dann an Dritte weiter, sofern diese in unserem ausdr\u00fccklichen Auftrag zur Zweckerf\u00fcllung beitragen. Nach EU-Datenschutz-Grundverordnung (DSGVO) , dem Datenschutzgesetz bzw. dem Bundesgesetzblatt 2017\/120 der Republik \u00d6sterreich mit endg\u00fcltiger [&hellip;]","og_url":"https:\/\/www.priesteregg.at\/en\/data-protection\/","og_site_name":"Bergdorf Priesteregg","article_modified_time":"2019-09-16T08:01:57+00:00","og_image":[{"width":768,"height":768,"url":"https:\/\/www.priesteregg.at\/wp-content\/uploads\/priesteregg-chalet-luxus-ski-oesterreich-berge-winter-hotel-8.jpg","type":"image\/jpeg"}],"twitter_card":"summary_large_image","twitter_misc":{"Est. reading time":"10 minutes"},"schema":{"@context":"https:\/\/schema.org","@graph":[{"@type":"WebPage","@id":"https:\/\/www.priesteregg.at\/en\/data-protection\/","url":"https:\/\/www.priesteregg.at\/en\/data-protection\/","name":"Data Protection - Bergdorf Priesteregg","isPartOf":{"@id":"https:\/\/www.priesteregg.at\/#website"},"datePublished":"2019-09-02T09:21:12+00:00","dateModified":"2019-09-16T08:01:57+00:00","breadcrumb":{"@id":"https:\/\/www.priesteregg.at\/en\/data-protection\/#breadcrumb"},"inLanguage":"en-US","potentialAction":[{"@type":"ReadAction","target":["https:\/\/www.priesteregg.at\/en\/data-protection\/"]}]},{"@type":"BreadcrumbList","@id":"https:\/\/www.priesteregg.at\/en\/data-protection\/#breadcrumb","itemListElement":[{"@type":"ListItem","position":1,"name":"Startseite","item":"https:\/\/www.priesteregg.at\/en\/"},{"@type":"ListItem","position":2,"name":"Data Protection"}]},{"@type":"WebSite","@id":"https:\/\/www.priesteregg.at\/#website","url":"https:\/\/www.priesteregg.at\/","name":"Bergdorf Priesteregg","description":"Chalet, Bergh\u00fctte und Almh\u00fctten Urlaub in Leogang im Salzburger Land, \u00d6sterreich","potentialAction":[{"@type":"SearchAction","target":{"@type":"EntryPoint","urlTemplate":"https:\/\/www.priesteregg.at\/?s={search_term_string}"},"query-input":{"@type":"PropertyValueSpecification","valueRequired":true,"valueName":"search_term_string"}}],"inLanguage":"en-US"}]}},"_links":{"self":[{"href":"https:\/\/www.priesteregg.at\/en\/wp-json\/wp\/v2\/pages\/2442","targetHints":{"allow":["GET"]}}],"collection":[{"href":"https:\/\/www.priesteregg.at\/en\/wp-json\/wp\/v2\/pages"}],"about":[{"href":"https:\/\/www.priesteregg.at\/en\/wp-json\/wp\/v2\/types\/page"}],"author":[{"embeddable":true,"href":"https:\/\/www.priesteregg.at\/en\/wp-json\/wp\/v2\/users\/2"}],"replies":[{"embeddable":true,"href":"https:\/\/www.priesteregg.at\/en\/wp-json\/wp\/v2\/comments?post=2442"}],"version-history":[{"count":2,"href":"https:\/\/www.priesteregg.at\/en\/wp-json\/wp\/v2\/pages\/2442\/revisions"}],"predecessor-version":[{"id":2444,"href":"https:\/\/www.priesteregg.at\/en\/wp-json\/wp\/v2\/pages\/2442\/revisions\/2444"}],"wp:attachment":[{"href":"https:\/\/www.priesteregg.at\/en\/wp-json\/wp\/v2\/media?parent=2442"}],"curies":[{"name":"wp","href":"https:\/\/api.w.org\/{rel}","templated":true}]}}