{"id":2436,"date":"2019-06-21T14:25:07","date_gmt":"2019-06-21T12:25:07","guid":{"rendered":"https:\/\/www.priesteregg.at\/?page_id=2436"},"modified":"2026-04-23T12:26:29","modified_gmt":"2026-04-23T10:26:29","slug":"angebote-pakete","status":"publish","type":"page","link":"https:\/\/www.priesteregg.at\/en\/angebote-pakete\/","title":{"rendered":"Angebote &#038; Pakete"},"content":{"rendered":"<div class=\"wpb-content-wrapper\"><p>[vc_row css=&#8221;.vc_custom_1562107320387{margin-bottom: 0px !important;}&#8221;][vc_column css=&#8221;.vc_custom_1562107194482{margin-bottom: 0px !important;}&#8221;][vc_column_text css=&#8221;&#8221;]<a href=\"https:\/\/www.priesteregg.at\/bergdorf\/\">&lt; Back to overview<\/a>[\/vc_column_text][\/vc_column][\/vc_row][vc_row css=&#8221;.vc_custom_1560780755105{margin-bottom: 0px !important;}&#8221;][vc_column][vc_gallery type=&#8221;flexslider_slide&#8221; interval=&#8221;3&#8243; images=&#8221;5556,7790,5550,7773,5888&#8243; img_size=&#8221;890&#215;476&#8243; css=&#8221;&#8221;][\/vc_column][\/vc_row][vc_row el_class=&#8221;vc_row-flex&#8221; css=&#8221;.vc_custom_1776846386785{margin-bottom: 60px !important;}&#8221; el_id=&#8221;youandme&#8221;][vc_column width=&#8221;1\/2&#8243;][vc_column_text css=&#8221;&#8221;]<\/p>\n<h2>Time for you and me<\/h2>\n<p style=\"text-align: left;\">Time for the two of you \u2013 between heaven and heart.<br data-start=\"51\" data-end=\"54\" \/>5 nights in a chalet or lakeside hut with served mountain breakfast, culinary highlights, soothing wellness moments, and unforgettable nature experiences. A getaway filled with peace, indulgence, and true togetherness.<\/p>\n<p>[\/vc_column_text][\/vc_column][vc_column width=&#8221;1\/2&#8243;][vc_single_image image=&#8221;9787&#8243; img_size=&#8221;full&#8221; css=&#8221;&#8221;][\/vc_column][\/vc_row][vc_row el_class=&#8221;vc_row-flex&#8221; css=&#8221;.vc_custom_1770376109357{margin-bottom: 60px !important;}&#8221;][vc_column width=&#8221;1\/2&#8243;][vc_column_text css=&#8221;&#8221;]<\/p>\n<h2>Included services<\/h2>\n<ul>\n<li>5 nights with daily natural and vitality-rich mountain breakfast served to your chalet or lake hut<\/li>\n<li>Complimentary use of the PRIESTEREGG BAD<\/li>\n<li>A traditional hat dinner at Huwi\u2019s Alm<\/li>\n<li>A delightful evening meal in your private chalet\/lakeside hut<\/li>\n<li>An evening of undisturbed togetherness at the Hochsitz, including a \u201cWildererjause\u201d with regional delicacies and specialties<\/li>\n<li>A picnic\/breakfast in the private nature experience area<\/li>\n<li>A couple\u2019s treatment (90-minute full-body ceremony) at the PRIESTEREGG BAD<\/li>\n<li>Guided e-bike tour with Rotwild e-bikes<\/li>\n<li>Guided longevity ice bathing session<\/li>\n<li>Optional: experience true freedom with Priesteregg ballooning<\/li>\n<\/ul>\n<p>Highlight: Saalfelden Leogang Card included during your stay:<\/p>\n<p>Daily 2 free ascents and descents with various mountain lifts in the region (including bike transport)<br \/>\nFree use of public transport in the Pinzgau region and the Loigom Shuttle<br \/>\nAccess to the Summer Experience Program<br \/>\nFree entry to swimming pools and museums<\/p>\n<p>Additional nights bookable on request.[\/vc_column_text][vc_btn title=&#8221;Request offer&#8221; color=&#8221;black&#8221; css=&#8221;&#8221; link=&#8221;url:https%3A%2F%2Fwww.onepagebooking.com%2Fpriestereggecoresort%3Flang%3Den%2Fpackages%2F64765&#8243;][\/vc_column][vc_column width=&#8221;1\/2&#8243;][vc_column_text css=&#8221;&#8221; el_class=&#8221;prices-angbote&#8221;]<\/p>\n<h2>Price15.06. &#8211; 15.09.2026<\/h2>\n<p><strong>Price per person\u00a0<\/strong><\/p>\n<table style=\"border-collapse: collapse; width: 97.629%; height: 161px;\">\n<tbody>\n<tr style=\"height: 23px;\">\n<td style=\"width: 33.3333%; height: 23px;\">Berg Chalet<\/td>\n<td style=\"width: 33.3333%; height: 23px;\">5 nights from \u20ac 1.383<\/td>\n<\/tr>\n<tr style=\"height: 23px;\">\n<td style=\"width: 33.3333%; height: 23px;\">Premium Chalet<\/td>\n<td style=\"width: 33.3333%; height: 23px;\">5 nights from \u20ac 2.710<\/td>\n<\/tr>\n<tr style=\"height: 23px;\">\n<td style=\"width: 33.3333%; height: 23px;\">Wilderer Villa<\/td>\n<td style=\"width: 33.3333%; height: 23px;\">5 nights from \u20ac 2.835<\/td>\n<\/tr>\n<tr style=\"height: 23px;\">\n<td style=\"width: 33.3333%; height: 23px;\">Seeh\u00fctten<\/td>\n<td style=\"width: 33.3333%; height: 23px;\">5 nights from \u20ac 3.206<\/td>\n<\/tr>\n<tr style=\"height: 23px;\">\n<td style=\"width: 33.3333%; height: 23px;\">Willy Bogner Chalet<\/td>\n<td style=\"width: 33.3333%; height: 23px;\">5 nights from \u20ac 4.955<\/td>\n<\/tr>\n<tr style=\"height: 23px;\">\n<td style=\"width: 33.3333%; height: 23px;\">Villa Etaner<\/td>\n<td style=\"width: 33.3333%; height: 23px;\">4 nights from \u20ac 5.911<\/td>\n<\/tr>\n<tr style=\"height: 23px;\">\n<td style=\"width: 33.3333%; height: 23px;\">Villa Wossa<\/td>\n<td style=\"width: 33.3333%; height: 23px;\">4 nights from \u20ac 6.402<\/td>\n<\/tr>\n<\/tbody>\n<\/table>\n<p>&nbsp;<\/p>\n<p>To conceal changes![\/vc_column_text][\/vc_column][\/vc_row][vc_row][vc_column][vc_separator color=&#8221;black&#8221; css=&#8221;&#8221;][\/vc_column][\/vc_row][vc_row el_class=&#8221;vc_row-flex&#8221; css=&#8221;.vc_custom_1776846469778{margin-bottom: 60px !important;}&#8221; el_id=&#8221;mountainandbalance&#8221;][vc_column width=&#8221;1\/2&#8243;][vc_column_text css=&#8221;&#8221;]<\/p>\n<h2>Mountains &amp; Balance<\/h2>\n<p data-start=\"0\" data-end=\"245\">3 nights in an idyllic lakeside hut with served mountain breakfast, combined with soothing relaxation and active moments in nature. Enjoy culinary highlights, explore the region by e-bike, and recharge your energy at the PRIESTEREGG BAD.<\/p>\n<p>[\/vc_column_text][\/vc_column][vc_column width=&#8221;1\/2&#8243;][vc_single_image image=&#8221;9789&#8243; img_size=&#8221;full&#8221; css=&#8221;&#8221;][\/vc_column][\/vc_row][vc_row el_class=&#8221;vc_row-flex&#8221; css=&#8221;.vc_custom_1770376449775{margin-bottom: 60px !important;}&#8221;][vc_column width=&#8221;1\/2&#8243;][vc_column_text css=&#8221;&#8221;]<\/p>\n<h2>Included services Mountains &amp; Balance<\/h2>\n<ul>\n<li>3 nights<\/li>\n<li>Daily natural, vitality-rich mountain breakfast served to your chalet or lake hut<\/li>\n<li>Complimentary use of the PRIESTEREGG BAD<\/li>\n<li>A traditional hat dinner at Huwi\u2019s Alm<\/li>\n<li>A delightful evening meal in your private chalet\/lakeside hut<\/li>\n<li>An energy and detox massage at the PRIESTEREGG BAD<\/li>\n<li>Explore nature with Rotwild e-bikes, including a picnic backpack for enjoyable breaks<\/li>\n<\/ul>\n<p>Highlight: Saalfelden Leogang Card included during your stay:<\/p>\n<p>Daily 2 free ascents and descents with various mountain lifts in the region (including bike transport)<br \/>\nFree use of public transport in the Pinzgau region and the Loigom Shuttle<br \/>\nAccess to the Summer Experience Program<br \/>\nFree entry to swimming pools and museums<\/p>\n<p>Additional nights bookable on request.[\/vc_column_text][vc_btn title=&#8221;Request offer&#8221; color=&#8221;black&#8221; css=&#8221;&#8221; link=&#8221;url:https%3A%2F%2Fwww.onepagebooking.com%2Fpriestereggecoresort%3Flang%3Den%2Fpackages%2F64766&#8243;][\/vc_column][vc_column width=&#8221;1\/2&#8243;][vc_column_text css=&#8221;&#8221; el_class=&#8221;prices-angbote&#8221;]<\/p>\n<h2>Prices 30.04. &#8211; 30.06.2026 and 01.09. &#8211; 29.10.2026<\/h2>\n<p><strong>Prices per person\u00a0<\/strong><\/p>\n<table style=\"border-collapse: collapse; width: 95.3847%; height: 38px;\">\n<tbody>\n<tr style=\"height: 23px;\">\n<td style=\"width: 33.3333%; height: 23px;\">Seeh\u00fctten<\/td>\n<td style=\"width: 33.3333%; height: 23px;\">3 nights from \u20ac 2.418<\/td>\n<\/tr>\n<\/tbody>\n<\/table>\n<p>[\/vc_column_text][\/vc_column][\/vc_row][vc_row][vc_column][vc_separator color=&#8221;black&#8221; css=&#8221;&#8221;][\/vc_column][\/vc_row][vc_row disable_element=&#8221;yes&#8221; el_class=&#8221;vc_row-flex&#8221; css=&#8221;.vc_custom_1776846409863{margin-bottom: 60px !important;}&#8221;][vc_column width=&#8221;1\/2&#8243;][vc_column_text css=&#8221;&#8221;]<\/p>\n<h2>Cuddle Days<\/h2>\n<p style=\"text-align: left;\">Switch off and take a break \u2013 it\u2019s a luxury you should treat yourself to much more often! Enjoy your stay at Chaletdorf PRIESTEREGG to the fullest and do something good for yourself. For example, with a soothing massage in your own chalet or a relaxing bath in the warm hot tub. Or let our head chef indulge you with culinary delights and end the day with a good glass of wine in a romantic atmosphere. This is how body, mind, and soul come back into harmony.<\/p>\n<p>[\/vc_column_text][\/vc_column][vc_column width=&#8221;1\/2&#8243;][vc_single_image image=&#8221;9573&#8243; img_size=&#8221;full&#8221; css=&#8221;&#8221;][\/vc_column][\/vc_row][vc_row disable_element=&#8221;yes&#8221; el_class=&#8221;vc_row-flex&#8221; css=&#8221;.vc_custom_1776846421204{margin-bottom: 60px !important;}&#8221;][vc_column width=&#8221;1\/2&#8243;][vc_column_text css=&#8221;&#8221;]<\/p>\n<h2>Included services cuddle days<\/h2>\n<ul>\n<li data-section-id=\"1hhdswo\" data-start=\"0\" data-end=\"97\">\n<p data-start=\"2\" data-end=\"97\"><strong data-start=\"2\" data-end=\"29\" data-is-only-node=\"\">3 nights\u2019 accommodation<\/strong>, including a daily Vital Mountain breakfast served in your chalet<\/p>\n<\/li>\n<li data-section-id=\"1hhdswo\" data-start=\"0\" data-end=\"97\">\n<p data-start=\"2\" data-end=\"97\"><strong data-start=\"100\" data-end=\"119\" data-is-only-node=\"\">indulgent hours<\/strong> with a candlelight dinner in your private chalet<\/p>\n<\/li>\n<li data-section-id=\"o1m2sb\" data-start=\"171\" data-end=\"245\">\n<p data-start=\"173\" data-end=\"245\">A traditional <strong data-start=\"187\" data-end=\"220\">hut-style meal or ribs dinner<\/strong> at Gasthaus HUWI\u2019S ALM<\/p>\n<\/li>\n<li data-section-id=\"cmvvcr\" data-start=\"246\" data-end=\"287\">\n<p data-start=\"248\" data-end=\"287\"><strong data-start=\"248\" data-end=\"285\" data-is-only-node=\"\">1 massage (30 minutes) per person<\/strong><\/p>\n<\/li>\n<li data-section-id=\"3qccnz\" data-start=\"288\" data-end=\"323\">\n<p data-start=\"290\" data-end=\"323\">Use of the <strong data-start=\"301\" data-end=\"321\">PRIESTEREGG Bath<\/strong><\/p>\n<\/li>\n<li data-section-id=\"zddh6n\" data-start=\"324\" data-end=\"494\" data-is-last-node=\"\">\n<p data-start=\"326\" data-end=\"494\" data-is-last-node=\"\">Includes all mountain village extras such as a <strong data-start=\"373\" data-end=\"479\">private sauna in your chalet, your own hot tub in front of the chalet, cozy bathrobes, internet access<\/strong>, and much more<\/p>\n<\/li>\n<\/ul>\n<p>Additional nights bookable on request.[\/vc_column_text][vc_raw_html css=&#8221;&#8221;]JTVCc2dfcG9wdXAlMjBpZCUzRCUyMjc5MDAlMjIlMjBldmVudCUzRCUyMmNsaWNrJTIyJTVEJTNDbGFiZWwlMjBjbGFzcyUzRCUyMnZjX2dlbmVyYWwlMjB2Y19idG4zJTIwdmNfYnRuMy1zaXplLW1kJTIwdmNfYnRuMy1zaGFwZS1yb3VuZGVkJTIwdmNfYnRuMy1zdHlsZS1jbGFzc2ljJTIwdmNfYnRuMy1jb2xvci1ibGFjayUyMiUzRUFuZ2Vib3QlMjBhbmZyYWdlbiUzQyUyRmxhYmVsJTNFJTVCJTJGc2dfcG9wdXAlNUQ=[\/vc_raw_html][\/vc_column][vc_column width=&#8221;1\/2&#8243;][vc_column_text css=&#8221;&#8221; el_class=&#8221;prices-angbote&#8221;]<\/p>\n<h2>Prices 2026<\/h2>\n<p><strong>Prices per person\u00a0<\/strong><\/p>\n<table style=\"border-collapse: collapse; width: 97.629%; height: 161px;\">\n<tbody>\n<tr style=\"height: 23px;\">\n<td style=\"width: 33.3333%; height: 23px;\">Berg Chalet<\/td>\n<td style=\"width: 33.3333%; height: 23px;\">3 nights from \u20ac 1329<\/td>\n<\/tr>\n<tr style=\"height: 23px;\">\n<td style=\"width: 33.3333%; height: 23px;\">Premium Chalet<\/td>\n<td style=\"width: 33.3333%; height: 23px;\">3 nights from \u20ac 1515<\/td>\n<\/tr>\n<tr style=\"height: 23px;\">\n<td style=\"width: 33.3333%; height: 23px;\">Wilderer Villa<\/td>\n<td style=\"width: 33.3333%; height: 23px;\">3 nights from \u20ac 2145<\/td>\n<\/tr>\n<tr style=\"height: 23px;\">\n<td style=\"width: 33.3333%; height: 23px;\">Seeh\u00fctten<\/td>\n<td style=\"width: 33.3333%; height: 23px;\">3 nights from \u20ac 2295<\/td>\n<\/tr>\n<tr style=\"height: 23px;\">\n<td style=\"width: 33.3333%; height: 23px;\">Willy Bogner Chalet<\/td>\n<td style=\"width: 33.3333%; height: 23px;\">3 nights from \u20ac 2802<\/td>\n<\/tr>\n<tr style=\"height: 23px;\">\n<td style=\"width: 33.3333%; height: 23px;\">Villa Etaner<\/td>\n<td style=\"width: 33.3333%; height: 23px;\">3 nights from \u20ac 3345<\/td>\n<\/tr>\n<tr style=\"height: 23px;\">\n<td style=\"width: 33.3333%; height: 23px;\">Villa Wossa<\/td>\n<td style=\"width: 33.3333%; height: 23px;\">3 nights from \u20ac 3600<\/td>\n<\/tr>\n<\/tbody>\n<\/table>\n<p>[\/vc_column_text][\/vc_column][\/vc_row]<\/p>\n<\/div>","protected":false},"excerpt":{"rendered":"<p>[vc_row css=&#8221;.vc_custom_1562107320387{margin-bottom: 0px !important;}&#8221;][vc_column css=&#8221;.vc_custom_1562107194482{margin-bottom: 0px !important;}&#8221;][vc_column_text css=&#8221;&#8221;]&lt; Back to overview[\/vc_column_text][\/vc_column][\/vc_row][vc_row css=&#8221;.vc_custom_1560780755105{margin-bottom: 0px !important;}&#8221;][vc_column][vc_gallery type=&#8221;flexslider_slide&#8221; interval=&#8221;3&#8243; images=&#8221;5556,7790,5550,7773,5888&#8243; img_size=&#8221;890&#215;476&#8243; css=&#8221;&#8221;][\/vc_column][\/vc_row][vc_row el_class=&#8221;vc_row-flex&#8221; css=&#8221;.vc_custom_1776846386785{margin-bottom: 60px !important;}&#8221; el_id=&#8221;youandme&#8221;][vc_column width=&#8221;1\/2&#8243;][vc_column_text css=&#8221;&#8221;] Time for you and me Time for the two of you \u2013 between heaven and heart.5 nights in a chalet or lakeside hut with served mountain breakfast, culinary highlights, [&hellip;]<\/p>\n","protected":false},"author":1,"featured_media":0,"parent":0,"menu_order":19,"comment_status":"closed","ping_status":"closed","template":"","meta":{"_acf_changed":false,"footnotes":""},"class_list":["post-2436","page","type-page","status-publish","hentry"],"acf":[],"yoast_head":"<!-- This site is optimized with the Yoast SEO plugin v25.4 - https:\/\/yoast.com\/wordpress\/plugins\/seo\/ -->\n<title>Romantische Kuscheltage im Chaletdorf | Angebote &amp; Pakete<\/title>\n<meta name=\"description\" content=\"3 \u00dcbernachtungen im Chaletdorf inkl. t\u00e4glichem Vital-Bergfr\u00fchst\u00fcck \u2713 Inklusivleistungen &amp; Preise \u2713 Massage &amp; Hot Pot \u27a4 Angebot anfragen\" \/>\n<meta name=\"robots\" content=\"index, follow, max-snippet:-1, max-image-preview:large, max-video-preview:-1\" \/>\n<link rel=\"canonical\" href=\"https:\/\/www.priesteregg.at\/en\/angebote-pakete\/\" \/>\n<meta property=\"og:locale\" content=\"en_US\" \/>\n<meta property=\"og:type\" content=\"article\" \/>\n<meta property=\"og:title\" content=\"Romantische Kuscheltage im Chaletdorf | Angebote &amp; Pakete\" \/>\n<meta property=\"og:description\" content=\"3 \u00dcbernachtungen im Chaletdorf inkl. t\u00e4glichem Vital-Bergfr\u00fchst\u00fcck \u2713 Inklusivleistungen &amp; Preise \u2713 Massage &amp; Hot Pot \u27a4 Angebot anfragen\" \/>\n<meta property=\"og:url\" content=\"https:\/\/www.priesteregg.at\/en\/angebote-pakete\/\" \/>\n<meta property=\"og:site_name\" content=\"Bergdorf Priesteregg\" \/>\n<meta property=\"article:modified_time\" content=\"2026-04-23T10:26:29+00:00\" \/>\n<meta property=\"og:image\" content=\"https:\/\/www.priesteregg.at\/wp-content\/uploads\/priesteregg-chalet-luxus-ski-oesterreich-berge-winter-hotel-8.jpg\" \/>\n\t<meta property=\"og:image:width\" content=\"768\" \/>\n\t<meta property=\"og:image:height\" content=\"768\" \/>\n\t<meta property=\"og:image:type\" content=\"image\/jpeg\" \/>\n<meta name=\"twitter:card\" content=\"summary_large_image\" \/>\n<meta name=\"twitter:label1\" content=\"Est. reading time\" \/>\n\t<meta name=\"twitter:data1\" content=\"5 minutes\" \/>\n<script type=\"application\/ld+json\" class=\"yoast-schema-graph\">{\"@context\":\"https:\/\/schema.org\",\"@graph\":[{\"@type\":\"WebPage\",\"@id\":\"https:\/\/www.priesteregg.at\/en\/angebote-pakete\/\",\"url\":\"https:\/\/www.priesteregg.at\/en\/angebote-pakete\/\",\"name\":\"Romantische Kuscheltage im Chaletdorf | Angebote & Pakete\",\"isPartOf\":{\"@id\":\"https:\/\/www.priesteregg.at\/#website\"},\"datePublished\":\"2019-06-21T12:25:07+00:00\",\"dateModified\":\"2026-04-23T10:26:29+00:00\",\"description\":\"3 \u00dcbernachtungen im Chaletdorf inkl. t\u00e4glichem Vital-Bergfr\u00fchst\u00fcck \u2713 Inklusivleistungen & Preise \u2713 Massage & Hot Pot \u27a4 Angebot anfragen\",\"breadcrumb\":{\"@id\":\"https:\/\/www.priesteregg.at\/en\/angebote-pakete\/#breadcrumb\"},\"inLanguage\":\"en-US\",\"potentialAction\":[{\"@type\":\"ReadAction\",\"target\":[\"https:\/\/www.priesteregg.at\/en\/angebote-pakete\/\"]}]},{\"@type\":\"BreadcrumbList\",\"@id\":\"https:\/\/www.priesteregg.at\/en\/angebote-pakete\/#breadcrumb\",\"itemListElement\":[{\"@type\":\"ListItem\",\"position\":1,\"name\":\"Startseite\",\"item\":\"https:\/\/www.priesteregg.at\/en\/\"},{\"@type\":\"ListItem\",\"position\":2,\"name\":\"Angebote &#038; Pakete\"}]},{\"@type\":\"WebSite\",\"@id\":\"https:\/\/www.priesteregg.at\/#website\",\"url\":\"https:\/\/www.priesteregg.at\/\",\"name\":\"Bergdorf Priesteregg\",\"description\":\"Chalet, Bergh\u00fctte und Almh\u00fctten Urlaub in Leogang im Salzburger Land, \u00d6sterreich\",\"potentialAction\":[{\"@type\":\"SearchAction\",\"target\":{\"@type\":\"EntryPoint\",\"urlTemplate\":\"https:\/\/www.priesteregg.at\/?s={search_term_string}\"},\"query-input\":{\"@type\":\"PropertyValueSpecification\",\"valueRequired\":true,\"valueName\":\"search_term_string\"}}],\"inLanguage\":\"en-US\"}]}<\/script>\n<!-- \/ Yoast SEO plugin. -->","yoast_head_json":{"title":"Romantische Kuscheltage im Chaletdorf | Angebote & Pakete","description":"3 \u00dcbernachtungen im Chaletdorf inkl. t\u00e4glichem Vital-Bergfr\u00fchst\u00fcck \u2713 Inklusivleistungen & Preise \u2713 Massage & Hot Pot \u27a4 Angebot anfragen","robots":{"index":"index","follow":"follow","max-snippet":"max-snippet:-1","max-image-preview":"max-image-preview:large","max-video-preview":"max-video-preview:-1"},"canonical":"https:\/\/www.priesteregg.at\/en\/angebote-pakete\/","og_locale":"en_US","og_type":"article","og_title":"Romantische Kuscheltage im Chaletdorf | Angebote & Pakete","og_description":"3 \u00dcbernachtungen im Chaletdorf inkl. t\u00e4glichem Vital-Bergfr\u00fchst\u00fcck \u2713 Inklusivleistungen & Preise \u2713 Massage & Hot Pot \u27a4 Angebot anfragen","og_url":"https:\/\/www.priesteregg.at\/en\/angebote-pakete\/","og_site_name":"Bergdorf Priesteregg","article_modified_time":"2026-04-23T10:26:29+00:00","og_image":[{"width":768,"height":768,"url":"https:\/\/www.priesteregg.at\/wp-content\/uploads\/priesteregg-chalet-luxus-ski-oesterreich-berge-winter-hotel-8.jpg","type":"image\/jpeg"}],"twitter_card":"summary_large_image","twitter_misc":{"Est. reading time":"5 minutes"},"schema":{"@context":"https:\/\/schema.org","@graph":[{"@type":"WebPage","@id":"https:\/\/www.priesteregg.at\/en\/angebote-pakete\/","url":"https:\/\/www.priesteregg.at\/en\/angebote-pakete\/","name":"Romantische Kuscheltage im Chaletdorf | Angebote & Pakete","isPartOf":{"@id":"https:\/\/www.priesteregg.at\/#website"},"datePublished":"2019-06-21T12:25:07+00:00","dateModified":"2026-04-23T10:26:29+00:00","description":"3 \u00dcbernachtungen im Chaletdorf inkl. t\u00e4glichem Vital-Bergfr\u00fchst\u00fcck \u2713 Inklusivleistungen & Preise \u2713 Massage & Hot Pot \u27a4 Angebot anfragen","breadcrumb":{"@id":"https:\/\/www.priesteregg.at\/en\/angebote-pakete\/#breadcrumb"},"inLanguage":"en-US","potentialAction":[{"@type":"ReadAction","target":["https:\/\/www.priesteregg.at\/en\/angebote-pakete\/"]}]},{"@type":"BreadcrumbList","@id":"https:\/\/www.priesteregg.at\/en\/angebote-pakete\/#breadcrumb","itemListElement":[{"@type":"ListItem","position":1,"name":"Startseite","item":"https:\/\/www.priesteregg.at\/en\/"},{"@type":"ListItem","position":2,"name":"Angebote &#038; Pakete"}]},{"@type":"WebSite","@id":"https:\/\/www.priesteregg.at\/#website","url":"https:\/\/www.priesteregg.at\/","name":"Bergdorf Priesteregg","description":"Chalet, Bergh\u00fctte und Almh\u00fctten Urlaub in Leogang im Salzburger Land, \u00d6sterreich","potentialAction":[{"@type":"SearchAction","target":{"@type":"EntryPoint","urlTemplate":"https:\/\/www.priesteregg.at\/?s={search_term_string}"},"query-input":{"@type":"PropertyValueSpecification","valueRequired":true,"valueName":"search_term_string"}}],"inLanguage":"en-US"}]}},"_links":{"self":[{"href":"https:\/\/www.priesteregg.at\/en\/wp-json\/wp\/v2\/pages\/2436","targetHints":{"allow":["GET"]}}],"collection":[{"href":"https:\/\/www.priesteregg.at\/en\/wp-json\/wp\/v2\/pages"}],"about":[{"href":"https:\/\/www.priesteregg.at\/en\/wp-json\/wp\/v2\/types\/page"}],"author":[{"embeddable":true,"href":"https:\/\/www.priesteregg.at\/en\/wp-json\/wp\/v2\/users\/1"}],"replies":[{"embeddable":true,"href":"https:\/\/www.priesteregg.at\/en\/wp-json\/wp\/v2\/comments?post=2436"}],"version-history":[{"count":43,"href":"https:\/\/www.priesteregg.at\/en\/wp-json\/wp\/v2\/pages\/2436\/revisions"}],"predecessor-version":[{"id":9802,"href":"https:\/\/www.priesteregg.at\/en\/wp-json\/wp\/v2\/pages\/2436\/revisions\/9802"}],"wp:attachment":[{"href":"https:\/\/www.priesteregg.at\/en\/wp-json\/wp\/v2\/media?parent=2436"}],"curies":[{"name":"wp","href":"https:\/\/api.w.org\/{rel}","templated":true}]}}