{"id":2343,"date":"2019-08-29T19:20:57","date_gmt":"2019-08-29T17:20:57","guid":{"rendered":"https:\/\/www.priesteregg.at\/?page_id=2343"},"modified":"2025-08-19T11:49:26","modified_gmt":"2025-08-19T09:49:26","slug":"imprint","status":"publish","type":"page","link":"https:\/\/www.priesteregg.at\/en\/imprint\/","title":{"rendered":"Imprint"},"content":{"rendered":"<div class=\"wpb-content-wrapper\"><p>[vc_row][vc_column][vc_column_text]<\/p>\n<h1 style=\"text-align: center;\">Imprint<\/h1>\n<hr \/>\n<p>[\/vc_column_text][\/vc_column][\/vc_row][vc_row el_class=&#8221;vc_row-flex&#8221;][vc_column width=&#8221;1\/2&#8243;][vc_column_text]<strong>Responsible for content<br \/>\n<\/strong>Bergdorf PRIESTEREGG GmbH<br \/>\nRepresented by Renate und Hubert Oberlader<br \/>\nSonnberg 22<br \/>\nA-5771 Leogang<br \/>\nAustria<br \/>\nTelephone: +43 6583 82550<br \/>\nFax: +43 6583 82554<br \/>\n<a href=\"mailto:bergdorf@priesteregg.at\">bergdorf@priesteregg.at<\/a><br \/>\n<a href=\"http:\/\/www.priesteregg.at\">www.priesteregg.at<\/a><\/p>\n<p>Legal form: Limited company<br \/>\nRegistration number: FN324563z<br \/>\nSpecialist group: Hotel industry<br \/>\nSupervisory authority according to ECG: District Administrative Authority Zell am<br \/>\nCommercial Court: Regional court Salzburg<\/p>\n<p>Member of Chamber of Commerce: Salzburg<br \/>\nSpecialist group: Hotel industry<br \/>\nDirectors: Renate and Hubert Oberlader<br \/>\nUID: ATU 64822259<\/p>\n<p><strong>Web Design &amp; Concept<br \/>\n<\/strong>Konzept &amp; Design<br \/>\nDesignbuero A, Andrea Hofmann<br \/>\nE-Mail:\u00a0<a href=\"mailto:andrea@designbuero-a.de\">ANDREA@DESIGNBUERO-A.DE<\/a><br \/>\nWeb:\u00a0<a href=\"http:\/\/www.designbuero-a.de\/\">WWW.DESIGNBUERO-A.DE<\/a><\/p>\n<p><strong>Realization<\/strong><br \/>\nSEBRA UG (limited liability)<br \/>\nTelephone: +49 (0)89 \/ 21545315<br \/>\nMobile: +49 (0)179 \/ 2319374<br \/>\nE-Mail: <a href=\"mailto:info@sebra.org\">info@sebra.org<\/a><br \/>\nWeb: <a href=\"http:\/\/sebra.org\">http:\/\/sebra.org<\/a><br \/>\nDirector: Dipl.-Ing. (FH) Roland Selmeier Amtsgericht M\u00fcnchen \u2022 HRB 198399<\/p>\n<p>According to ECG, the Austrian hotel regulations are the legal base.[\/vc_column_text][\/vc_column][vc_column width=&#8221;1\/2&#8243;][vc_column_text css=&#8221;&#8221;]<strong>Registrations<br \/>\n<\/strong>All information is subject to change without notice. All rates are quoted in Euros. We reserve the right to make mistakes or change the rates and dates for package deals at any time.<\/p>\n<p><strong>Photo credits<br \/>\n<\/strong>Photography: G\u00fcnter Standl (<a href=\"https:\/\/www.guenterstandl.de\/\">www.guenterstandl.de)<\/a><br \/>\nStefan Gimpl, Michael Poliza, Maria Pirchner, Christoph Sch\u00f6ch, Caro B\u00e4renz, Stefan Soeser, ebenholz skicare, Team Dr Joseph<br \/>\ncopyright Saalfelden Leogang Touristik GmbH: Klemens K\u00f6nig, Peter K\u00fchnl, Peter Lintner, Michael Gei\u00dfler<br \/>\nSalzburgfoto: istockphoto: jvoisey<br \/>\nVideos: Hermann Eder, Sennair<br \/>\nIcons: Flaticon, Freepik<br \/>\nSketches: Dr. Dipl. Ing. Bogna Krynicka<\/p>\n<p><strong>Data protection<br \/>\n<\/strong>Your personal data will be treated confidentially and will not be passed on to third parties.<\/p>\n<p><strong>Liability for external links<br \/>\n<\/strong>Despite careful control, we are not to be held liable for the content of external links. The operators of the linked pages are solely responsible for their content.<\/p>\n<p><strong>Copyright<br \/>\n<\/strong>The content of this website is protected by copyright. The provision of content and image material from this website to other websites needs the permission of the editors. The information on this website has been compiled to the best of our knowledge and checked for accuracy with great care. Nevertheless, content and factual errors can occur. The website operator does not assume any guarantee or liability for the accuracy, timeliness and completeness of the information provided. All information is without guarantee.[\/vc_column_text][\/vc_column][\/vc_row]<\/p>\n<\/div>","protected":false},"excerpt":{"rendered":"<p>[vc_row][vc_column][vc_column_text] Imprint [\/vc_column_text][\/vc_column][\/vc_row][vc_row el_class=&#8221;vc_row-flex&#8221;][vc_column width=&#8221;1\/2&#8243;][vc_column_text]Responsible for content Bergdorf PRIESTEREGG GmbH Represented by Renate und Hubert Oberlader Sonnberg 22 A-5771 Leogang Austria Telephone: +43 6583 82550 Fax: +43 6583 82554 bergdorf@priesteregg.at www.priesteregg.at Legal form: Limited company Registration number: FN324563z Specialist group: Hotel industry Supervisory authority according to ECG: District Administrative Authority Zell am Commercial Court: Regional [&hellip;]<\/p>\n","protected":false},"author":2,"featured_media":0,"parent":0,"menu_order":33,"comment_status":"closed","ping_status":"closed","template":"","meta":{"_acf_changed":false,"footnotes":""},"class_list":["post-2343","page","type-page","status-publish","hentry"],"acf":[],"yoast_head":"<!-- This site is optimized with the Yoast SEO plugin v25.4 - https:\/\/yoast.com\/wordpress\/plugins\/seo\/ -->\n<title>Imprint - Bergdorf Priesteregg<\/title>\n<meta name=\"robots\" content=\"index, follow, max-snippet:-1, max-image-preview:large, max-video-preview:-1\" \/>\n<link rel=\"canonical\" href=\"https:\/\/www.priesteregg.at\/en\/imprint\/\" \/>\n<meta property=\"og:locale\" content=\"en_US\" \/>\n<meta property=\"og:type\" content=\"article\" \/>\n<meta property=\"og:title\" content=\"Imprint - Bergdorf Priesteregg\" \/>\n<meta property=\"og:description\" content=\"[vc_row][vc_column][vc_column_text] Imprint [\/vc_column_text][\/vc_column][\/vc_row][vc_row el_class=&#8221;vc_row-flex&#8221;][vc_column width=&#8221;1\/2&#8243;][vc_column_text]Responsible for content Bergdorf PRIESTEREGG GmbH Represented by Renate und Hubert Oberlader Sonnberg 22 A-5771 Leogang Austria Telephone: +43 6583 82550 Fax: +43 6583 82554 bergdorf@priesteregg.at www.priesteregg.at Legal form: Limited company Registration number: FN324563z Specialist group: Hotel industry Supervisory authority according to ECG: District Administrative Authority Zell am Commercial Court: Regional [&hellip;]\" \/>\n<meta property=\"og:url\" content=\"https:\/\/www.priesteregg.at\/en\/imprint\/\" \/>\n<meta property=\"og:site_name\" content=\"Bergdorf Priesteregg\" \/>\n<meta property=\"article:modified_time\" content=\"2025-08-19T09:49:26+00:00\" \/>\n<meta property=\"og:image\" content=\"https:\/\/www.priesteregg.at\/wp-content\/uploads\/priesteregg-chalet-luxus-ski-oesterreich-berge-winter-hotel-8.jpg\" \/>\n\t<meta property=\"og:image:width\" content=\"768\" \/>\n\t<meta property=\"og:image:height\" content=\"768\" \/>\n\t<meta property=\"og:image:type\" content=\"image\/jpeg\" \/>\n<meta name=\"twitter:card\" content=\"summary_large_image\" \/>\n<meta name=\"twitter:label1\" content=\"Est. reading time\" \/>\n\t<meta name=\"twitter:data1\" content=\"3 minutes\" \/>\n<script type=\"application\/ld+json\" class=\"yoast-schema-graph\">{\"@context\":\"https:\/\/schema.org\",\"@graph\":[{\"@type\":\"WebPage\",\"@id\":\"https:\/\/www.priesteregg.at\/en\/imprint\/\",\"url\":\"https:\/\/www.priesteregg.at\/en\/imprint\/\",\"name\":\"Imprint - Bergdorf Priesteregg\",\"isPartOf\":{\"@id\":\"https:\/\/www.priesteregg.at\/#website\"},\"datePublished\":\"2019-08-29T17:20:57+00:00\",\"dateModified\":\"2025-08-19T09:49:26+00:00\",\"breadcrumb\":{\"@id\":\"https:\/\/www.priesteregg.at\/en\/imprint\/#breadcrumb\"},\"inLanguage\":\"en-US\",\"potentialAction\":[{\"@type\":\"ReadAction\",\"target\":[\"https:\/\/www.priesteregg.at\/en\/imprint\/\"]}]},{\"@type\":\"BreadcrumbList\",\"@id\":\"https:\/\/www.priesteregg.at\/en\/imprint\/#breadcrumb\",\"itemListElement\":[{\"@type\":\"ListItem\",\"position\":1,\"name\":\"Startseite\",\"item\":\"https:\/\/www.priesteregg.at\/en\/\"},{\"@type\":\"ListItem\",\"position\":2,\"name\":\"Imprint\"}]},{\"@type\":\"WebSite\",\"@id\":\"https:\/\/www.priesteregg.at\/#website\",\"url\":\"https:\/\/www.priesteregg.at\/\",\"name\":\"Bergdorf Priesteregg\",\"description\":\"Chalet, Bergh\u00fctte und Almh\u00fctten Urlaub in Leogang im Salzburger Land, \u00d6sterreich\",\"potentialAction\":[{\"@type\":\"SearchAction\",\"target\":{\"@type\":\"EntryPoint\",\"urlTemplate\":\"https:\/\/www.priesteregg.at\/?s={search_term_string}\"},\"query-input\":{\"@type\":\"PropertyValueSpecification\",\"valueRequired\":true,\"valueName\":\"search_term_string\"}}],\"inLanguage\":\"en-US\"}]}<\/script>\n<!-- \/ Yoast SEO plugin. -->","yoast_head_json":{"title":"Imprint - Bergdorf Priesteregg","robots":{"index":"index","follow":"follow","max-snippet":"max-snippet:-1","max-image-preview":"max-image-preview:large","max-video-preview":"max-video-preview:-1"},"canonical":"https:\/\/www.priesteregg.at\/en\/imprint\/","og_locale":"en_US","og_type":"article","og_title":"Imprint - Bergdorf Priesteregg","og_description":"[vc_row][vc_column][vc_column_text] Imprint [\/vc_column_text][\/vc_column][\/vc_row][vc_row el_class=&#8221;vc_row-flex&#8221;][vc_column width=&#8221;1\/2&#8243;][vc_column_text]Responsible for content Bergdorf PRIESTEREGG GmbH Represented by Renate und Hubert Oberlader Sonnberg 22 A-5771 Leogang Austria Telephone: +43 6583 82550 Fax: +43 6583 82554 bergdorf@priesteregg.at www.priesteregg.at Legal form: Limited company Registration number: FN324563z Specialist group: Hotel industry Supervisory authority according to ECG: District Administrative Authority Zell am Commercial Court: Regional [&hellip;]","og_url":"https:\/\/www.priesteregg.at\/en\/imprint\/","og_site_name":"Bergdorf Priesteregg","article_modified_time":"2025-08-19T09:49:26+00:00","og_image":[{"width":768,"height":768,"url":"https:\/\/www.priesteregg.at\/wp-content\/uploads\/priesteregg-chalet-luxus-ski-oesterreich-berge-winter-hotel-8.jpg","type":"image\/jpeg"}],"twitter_card":"summary_large_image","twitter_misc":{"Est. reading time":"3 minutes"},"schema":{"@context":"https:\/\/schema.org","@graph":[{"@type":"WebPage","@id":"https:\/\/www.priesteregg.at\/en\/imprint\/","url":"https:\/\/www.priesteregg.at\/en\/imprint\/","name":"Imprint - Bergdorf Priesteregg","isPartOf":{"@id":"https:\/\/www.priesteregg.at\/#website"},"datePublished":"2019-08-29T17:20:57+00:00","dateModified":"2025-08-19T09:49:26+00:00","breadcrumb":{"@id":"https:\/\/www.priesteregg.at\/en\/imprint\/#breadcrumb"},"inLanguage":"en-US","potentialAction":[{"@type":"ReadAction","target":["https:\/\/www.priesteregg.at\/en\/imprint\/"]}]},{"@type":"BreadcrumbList","@id":"https:\/\/www.priesteregg.at\/en\/imprint\/#breadcrumb","itemListElement":[{"@type":"ListItem","position":1,"name":"Startseite","item":"https:\/\/www.priesteregg.at\/en\/"},{"@type":"ListItem","position":2,"name":"Imprint"}]},{"@type":"WebSite","@id":"https:\/\/www.priesteregg.at\/#website","url":"https:\/\/www.priesteregg.at\/","name":"Bergdorf Priesteregg","description":"Chalet, Bergh\u00fctte und Almh\u00fctten Urlaub in Leogang im Salzburger Land, \u00d6sterreich","potentialAction":[{"@type":"SearchAction","target":{"@type":"EntryPoint","urlTemplate":"https:\/\/www.priesteregg.at\/?s={search_term_string}"},"query-input":{"@type":"PropertyValueSpecification","valueRequired":true,"valueName":"search_term_string"}}],"inLanguage":"en-US"}]}},"_links":{"self":[{"href":"https:\/\/www.priesteregg.at\/en\/wp-json\/wp\/v2\/pages\/2343","targetHints":{"allow":["GET"]}}],"collection":[{"href":"https:\/\/www.priesteregg.at\/en\/wp-json\/wp\/v2\/pages"}],"about":[{"href":"https:\/\/www.priesteregg.at\/en\/wp-json\/wp\/v2\/types\/page"}],"author":[{"embeddable":true,"href":"https:\/\/www.priesteregg.at\/en\/wp-json\/wp\/v2\/users\/2"}],"replies":[{"embeddable":true,"href":"https:\/\/www.priesteregg.at\/en\/wp-json\/wp\/v2\/comments?post=2343"}],"version-history":[{"count":9,"href":"https:\/\/www.priesteregg.at\/en\/wp-json\/wp\/v2\/pages\/2343\/revisions"}],"predecessor-version":[{"id":9151,"href":"https:\/\/www.priesteregg.at\/en\/wp-json\/wp\/v2\/pages\/2343\/revisions\/9151"}],"wp:attachment":[{"href":"https:\/\/www.priesteregg.at\/en\/wp-json\/wp\/v2\/media?parent=2343"}],"curies":[{"name":"wp","href":"https:\/\/api.w.org\/{rel}","templated":true}]}}