{"id":2336,"date":"2019-08-29T19:11:02","date_gmt":"2019-08-29T17:11:02","guid":{"rendered":"https:\/\/www.priesteregg.at\/?page_id=2336"},"modified":"2021-12-09T11:53:29","modified_gmt":"2021-12-09T10:53:29","slug":"press","status":"publish","type":"page","link":"https:\/\/www.priesteregg.at\/en\/press\/","title":{"rendered":"Press"},"content":{"rendered":"<div class=\"wpb-content-wrapper\"><p>[vc_row][vc_column][vc_column_text]<\/p>\n<h1 style=\"text-align: center;\">Press<\/h1>\n<hr \/>\n<p style=\"text-align: center;\">Here you can download documents and photos.<br \/>\nIf you need more information, please do not hesitate to contact us.<\/p>\n<p>[\/vc_column_text][\/vc_column][\/vc_row][vc_row el_class=&#8221;vc_row-flex&#8221;][vc_column width=&#8221;1\/2&#8243;][vc_column_text]<\/p>\n<h2>DOWNLOADS<\/h2>\n<p>Press kit PRIESTEREGG 2019 <a href=\"https:\/\/www.priesteregg.at\/wp-content\/uploads\/Pressemappe-Priesteregg-2018_Sommer_neu-1.pdf\" target=\"_blank\" rel=\"noopener noreferrer\">&gt;DOWNLOAD<\/a><br \/>\nPress release construction <a href=\"https:\/\/www.priesteregg.at\/wp-content\/uploads\/Pressemeldung_Priesteregg-in-Leogang-gestaltet-Chalet-Urlaub-2019-noch-exklusiver_STROMBERGER.pdf\">&gt;DOWNLOAD<\/a>[\/vc_column_text][vc_column_text]<\/p>\n<h2>PHOTO DATABASE<\/h2>\n<p>You can download press photos from our photo database in print quality (300 dpi) at just one click. Please note that any editorial or commercial use of the images requires our written permission.[\/vc_column_text][vc_btn title=&#8221;PHOTO DATABASE&#8221; style=&#8221;classic&#8221; color=&#8221;black&#8221; link=&#8221;url:https%3A%2F%2Fhidrive.ionos.com%2Fshare%2Fmuuwkp.pxp%23%24%2FBilder%2FFoto-CD%2520Priesteregg||target:%20_blank|&#8221;][\/vc_column][vc_column width=&#8221;1\/2&#8243;][vc_column_text]<\/p>\n<h2>PRESS CONTACT<\/h2>\n<p>For press inquiries, please contact our pubic relation office in Munich. We look forward to hearing from you.<\/p>\n<p>STROMBERGER PR, Carmen Stromberger<br \/>\nKistlerhofstra\u00dfe 70, Haus 5, Geb\u00e4ude 188<br \/>\n81379 M\u00fcnchen, Germany<br \/>\nTelefon +49 89 18947880<br \/>\nTelefax +49 89 18947870<br \/>\n<a href=\"mailto:Stromberger@strombergerpr.de\">Stromberger@strombergerpr.de<\/a><br \/>\n<a href=\"https:\/\/www.strombergerpr.de\/en\/\" target=\"_blank\" rel=\"noopener noreferrer\">www.strombergerpr.de\/en<\/a>[\/vc_column_text][\/vc_column][\/vc_row][vc_row][vc_column][vc_column_text]<\/p>\n<h2 style=\"text-align: center;\">PRESS REVIEWS<\/h2>\n<p style=\"text-align: center;\">This is what the media say about the PRIESTEREGG.<\/p>\n<p>[\/vc_column_text][\/vc_column][\/vc_row][vc_row el_class=&#8221;presse-grid&#8221;][vc_column width=&#8221;1\/4&#8243;][vc_single_image image=&#8221;2666&#8243; img_size=&#8221;full&#8221;][vc_column_text]<\/p>\n<div class=\"\"><strong><span class=\"\" lang=\"DE\">Brille&amp;Mode<\/span><\/strong><\/div>\n<div class=\"\"><span class=\"\" lang=\"DE\">September 2019<\/span><\/div>\n<div class=\"\"><a href=\"https:\/\/www.priesteregg.at\/wp-content\/uploads\/Brille_Mode_September_2019.pdf\" target=\"_blank\" rel=\"noopener noreferrer\">&gt; DOWNLOAD<\/a><\/div>\n<p>[\/vc_column_text][\/vc_column][vc_column width=&#8221;1\/4&#8243;][vc_single_image image=&#8221;2676&#8243; img_size=&#8221;full&#8221;][vc_column_text]<\/p>\n<div class=\"\"><strong><span class=\"\" lang=\"DE\">Playboy<\/span><\/strong><\/div>\n<div class=\"\"><span class=\"\" lang=\"DE\">September 2019<\/span><\/div>\n<div class=\"\"><a href=\"https:\/\/www.priesteregg.at\/wp-content\/uploads\/Playboy_Wiesn-Playmate_Setpember-2019.pdf\" target=\"_blank\" rel=\"noopener noreferrer\">&gt; DOWNLOAD<\/a><\/div>\n<p>[\/vc_column_text][\/vc_column][vc_column width=&#8221;1\/4&#8243;][vc_single_image image=&#8221;2672&#8243; img_size=&#8221;full&#8221;][vc_column_text]<\/p>\n<div class=\"\"><strong><span class=\"\" lang=\"DE\">Living&amp;Style<\/span><\/strong><\/div>\n<div class=\"\"><span class=\"\" lang=\"DE\">April 2019<\/span><\/div>\n<div class=\"\"><a href=\"https:\/\/www.priesteregg.at\/wp-content\/uploads\/Living-Style_April-2019.pdf\" target=\"_blank\" rel=\"noopener noreferrer\">&gt; DOWNLOAD<\/a><\/div>\n<p>[\/vc_column_text][\/vc_column][vc_column width=&#8221;1\/4&#8243;][vc_single_image image=&#8221;2680&#8243; img_size=&#8221;full&#8221;][vc_column_text]<\/p>\n<div class=\"\"><strong><span class=\"\" lang=\"DE\">WOHIN REISEN?<\/span><\/strong><\/div>\n<div class=\"\"><span class=\"\" lang=\"DE\">March 2019<\/span><\/div>\n<div class=\"\"><a href=\"https:\/\/www.priesteregg.at\/wp-content\/uploads\/WOHIN-REISEN_Spezial-SalzburgerLand_MAErz-2019.pdf\" target=\"_blank\" rel=\"noopener noreferrer\">&gt; DOWNLOAD<\/a><\/div>\n<p>[\/vc_column_text][\/vc_column][\/vc_row][vc_row el_class=&#8221;presse-grid&#8221;][vc_column width=&#8221;1\/4&#8243;][vc_single_image image=&#8221;1963&#8243; img_size=&#8221;full&#8221;][vc_column_text]<\/p>\n<div class=\"\"><strong><span class=\"\" lang=\"DE\">exclusiv<\/span><\/strong><\/div>\n<div class=\"\"><span class=\"\" lang=\"DE\">Winter 2019<br \/>\n<\/span><a href=\"https:\/\/www.priesteregg.at\/wp-content\/uploads\/exclusiv_Winter_2019.pdf\" target=\"_blank\" rel=\"noopener noreferrer\">&gt; DOWNLOAD<\/a><\/div>\n<p>[\/vc_column_text][\/vc_column][vc_column width=&#8221;1\/4&#8243;][vc_single_image image=&#8221;1966&#8243; img_size=&#8221;full&#8221;][vc_column_text]<\/p>\n<div class=\"\"><strong><span class=\"\" lang=\"DE\">Le Deluxe<\/span><\/strong><\/div>\n<div class=\"\"><span class=\"\" lang=\"DE\">December 2018<br \/>\n<\/span><a href=\"https:\/\/www.priesteregg.at\/wp-content\/uploads\/Le_Deluxe_Dezember_2018.pdf\" target=\"_blank\" rel=\"noopener noreferrer\">&gt; DOWNLOAD<\/a><\/div>\n<p>[\/vc_column_text][\/vc_column][vc_column width=&#8221;1\/4&#8243;][vc_single_image image=&#8221;1962&#8243; img_size=&#8221;full&#8221;][vc_column_text]<\/p>\n<div class=\"\"><strong><span class=\"\" lang=\"DE\">Connoisseur Circle<\/span><\/strong><\/div>\n<div class=\"\"><span class=\"\" lang=\"DE\">December 2018<br \/>\n<\/span><a href=\"https:\/\/www.priesteregg.at\/wp-content\/uploads\/Connoisseur_Circle_Dezember-2018.pdf\" target=\"_blank\" rel=\"noopener noreferrer\">&gt; DOWNLOAD<\/a><\/div>\n<p>[\/vc_column_text][\/vc_column][vc_column width=&#8221;1\/4&#8243;][vc_single_image image=&#8221;1964&#8243; img_size=&#8221;full&#8221;][vc_column_text]<\/p>\n<div class=\"\"><strong>Falstaff Living\u00a0<\/strong><\/div>\n<div class=\"\">December 2018<br \/>\n<a href=\"https:\/\/www.priesteregg.at\/wp-content\/uploads\/falstaff_Living_Dezember-2018.pdf\" target=\"_blank\" rel=\"noopener noreferrer\">&gt; DOWNLOAD<\/a><\/div>\n<p>[\/vc_column_text][\/vc_column][\/vc_row][vc_row el_class=&#8221;presse-grid&#8221;][vc_column width=&#8221;1\/4&#8243;][vc_single_image image=&#8221;1968&#8243; img_size=&#8221;full&#8221;][vc_column_text]<\/p>\n<div class=\"\"><strong><span class=\"\" lang=\"DE\">Der Ober\u00f6sterreicher<\/span><\/strong><\/div>\n<div class=\"\"><span class=\"\" lang=\"DE\">November 2018<br \/>\n<\/span><a href=\"https:\/\/www.priesteregg.at\/wp-content\/uploads\/Der_Oberoesterreicher_November_2018.pdf\" target=\"_blank\" rel=\"noopener noreferrer\">&gt; DOWNLOAD<\/a><\/div>\n<p>[\/vc_column_text][\/vc_column][vc_column width=&#8221;1\/4&#8243;][vc_single_image image=&#8221;1965&#8243; img_size=&#8221;full&#8221;][vc_column_text]<\/p>\n<div class=\"\"><strong><span class=\"\" lang=\"DE\">Herzst\u00fcck<\/span><\/strong><\/div>\n<div class=\"\"><span class=\"\" lang=\"DE\">October 2018<br \/>\n<\/span><a href=\"https:\/\/www.priesteregg.at\/wp-content\/uploads\/Herzstueck_Oktober_2018.pdf\" target=\"_blank\" rel=\"noopener noreferrer\">&gt; DOWNLOAD<\/a><\/div>\n<p>[\/vc_column_text][\/vc_column][vc_column width=&#8221;1\/4&#8243;][vc_single_image image=&#8221;1967&#8243; img_size=&#8221;full&#8221;][vc_column_text]<\/p>\n<div class=\"\"><strong><span class=\"\" lang=\"DE\">Netzwerk Hotel<\/span><\/strong><\/div>\n<div class=\"\"><span class=\"\" lang=\"DE\">October 2018<\/span><\/div>\n<div class=\"\"><a href=\"https:\/\/www.priesteregg.at\/wp-content\/uploads\/Netzwerk_Hotel_Oktober_2018.pdf\" target=\"_blank\" rel=\"noopener noreferrer\">&gt; DOWNLOAD<\/a><\/div>\n<p>[\/vc_column_text][\/vc_column][vc_column width=&#8221;1\/4&#8243;][vc_single_image image=&#8221;1969&#8243; img_size=&#8221;full&#8221;][vc_column_text]<\/p>\n<div class=\"\"><strong><span class=\"\" lang=\"DE\">Reiselust<\/span><\/strong><\/div>\n<div class=\"\"><span class=\"\" lang=\"DE\">August 2018<br \/>\n<\/span><a href=\"https:\/\/www.priesteregg.at\/wp-content\/uploads\/Reiselust_A_August_2018.pdf\" target=\"_blank\" rel=\"noopener noreferrer\">&gt; DOWNLOAD<\/a><\/div>\n<p>[\/vc_column_text][\/vc_column][\/vc_row][vc_row el_class=&#8221;presse-grid&#8221;][vc_column width=&#8221;1\/4&#8243;][vc_single_image image=&#8221;1961&#8243; img_size=&#8221;full&#8221;][vc_column_text]<\/p>\n<div class=\"\"><strong><span class=\"\" lang=\"DE\">Adam<\/span><\/strong><\/div>\n<div class=\"\"><span class=\"\" lang=\"DE\">March 2018<br \/>\n<\/span><a href=\"https:\/\/www.priesteregg.at\/wp-content\/uploads\/ADAM_Maerz_2018.pdf\" target=\"_blank\" rel=\"noopener noreferrer\">&gt; DOWNLOAD<\/a><\/div>\n<p>[\/vc_column_text][\/vc_column][vc_column width=&#8221;1\/4&#8243;][vc_single_image image=&#8221;1970&#8243; img_size=&#8221;full&#8221;][vc_column_text]<\/p>\n<div class=\"\"><strong><span class=\"\" lang=\"DE\">Uberding<\/span><\/strong><\/div>\n<div class=\"\"><span class=\"\" lang=\"DE\">January 2018<\/span><\/div>\n<div class=\"\"><a href=\"https:\/\/www.priesteregg.at\/wp-content\/uploads\/Uberding_Januar_2018.pdf\" target=\"_blank\" rel=\"noopener noreferrer\">&gt; DOWNLOAD<\/a><\/div>\n<p>[\/vc_column_text][\/vc_column][vc_column width=&#8221;1\/4&#8243;][\/vc_column][vc_column width=&#8221;1\/4&#8243;][\/vc_column][\/vc_row]<\/p>\n<\/div>","protected":false},"excerpt":{"rendered":"<p>[vc_row][vc_column][vc_column_text] Press Here you can download documents and photos. If you need more information, please do not hesitate to contact us. [\/vc_column_text][\/vc_column][\/vc_row][vc_row el_class=&#8221;vc_row-flex&#8221;][vc_column width=&#8221;1\/2&#8243;][vc_column_text] DOWNLOADS Press kit PRIESTEREGG 2019 &gt;DOWNLOAD Press release construction &gt;DOWNLOAD[\/vc_column_text][vc_column_text] PHOTO DATABASE You can download press photos from our photo database in print quality (300 dpi) at just one click. Please [&hellip;]<\/p>\n","protected":false},"author":2,"featured_media":1785,"parent":0,"menu_order":28,"comment_status":"closed","ping_status":"closed","template":"","meta":{"_acf_changed":false,"footnotes":""},"class_list":["post-2336","page","type-page","status-publish","has-post-thumbnail","hentry"],"acf":[],"yoast_head":"<!-- This site is optimized with the Yoast SEO plugin v25.4 - https:\/\/yoast.com\/wordpress\/plugins\/seo\/ -->\n<title>Press - Bergdorf Priesteregg<\/title>\n<meta name=\"description\" content=\"Your PRESS CONTACT to the Premium ECO Resort \u2713 Chalets &amp; Villas with 5-\u2606 comfort in Austria&#039;s most beautiful mountain world \u2713\" \/>\n<meta name=\"robots\" content=\"index, follow, max-snippet:-1, max-image-preview:large, max-video-preview:-1\" \/>\n<link rel=\"canonical\" href=\"https:\/\/www.priesteregg.at\/en\/press\/\" \/>\n<meta property=\"og:locale\" content=\"en_US\" \/>\n<meta property=\"og:type\" content=\"article\" \/>\n<meta property=\"og:title\" content=\"Press - Bergdorf Priesteregg\" \/>\n<meta property=\"og:description\" content=\"Your PRESS CONTACT to the Premium ECO Resort \u2713 Chalets &amp; Villas with 5-\u2606 comfort in Austria&#039;s most beautiful mountain world \u2713\" \/>\n<meta property=\"og:url\" content=\"https:\/\/www.priesteregg.at\/en\/press\/\" \/>\n<meta property=\"og:site_name\" content=\"Bergdorf Priesteregg\" \/>\n<meta property=\"article:modified_time\" content=\"2021-12-09T10:53:29+00:00\" \/>\n<meta property=\"og:image\" content=\"https:\/\/www.priesteregg.at\/wp-content\/uploads\/2019\/06\/chalet-uebersicht-dummy.jpg\" \/>\n\t<meta property=\"og:image:width\" content=\"219\" \/>\n\t<meta property=\"og:image:height\" content=\"158\" \/>\n\t<meta property=\"og:image:type\" content=\"image\/jpeg\" \/>\n<meta name=\"twitter:card\" content=\"summary_large_image\" \/>\n<meta name=\"twitter:label1\" content=\"Est. reading time\" \/>\n\t<meta name=\"twitter:data1\" content=\"3 minutes\" \/>\n<script type=\"application\/ld+json\" class=\"yoast-schema-graph\">{\"@context\":\"https:\/\/schema.org\",\"@graph\":[{\"@type\":\"WebPage\",\"@id\":\"https:\/\/www.priesteregg.at\/en\/press\/\",\"url\":\"https:\/\/www.priesteregg.at\/en\/press\/\",\"name\":\"Press - Bergdorf Priesteregg\",\"isPartOf\":{\"@id\":\"https:\/\/www.priesteregg.at\/#website\"},\"primaryImageOfPage\":{\"@id\":\"https:\/\/www.priesteregg.at\/en\/press\/#primaryimage\"},\"image\":{\"@id\":\"https:\/\/www.priesteregg.at\/en\/press\/#primaryimage\"},\"thumbnailUrl\":\"https:\/\/www.priesteregg.at\/wp-content\/uploads\/2019\/06\/chalet-uebersicht-dummy.jpg\",\"datePublished\":\"2019-08-29T17:11:02+00:00\",\"dateModified\":\"2021-12-09T10:53:29+00:00\",\"description\":\"Your PRESS CONTACT to the Premium ECO Resort \u2713 Chalets & Villas with 5-\u2606 comfort in Austria's most beautiful mountain world \u2713\",\"breadcrumb\":{\"@id\":\"https:\/\/www.priesteregg.at\/en\/press\/#breadcrumb\"},\"inLanguage\":\"en-US\",\"potentialAction\":[{\"@type\":\"ReadAction\",\"target\":[\"https:\/\/www.priesteregg.at\/en\/press\/\"]}]},{\"@type\":\"ImageObject\",\"inLanguage\":\"en-US\",\"@id\":\"https:\/\/www.priesteregg.at\/en\/press\/#primaryimage\",\"url\":\"https:\/\/www.priesteregg.at\/wp-content\/uploads\/2019\/06\/chalet-uebersicht-dummy.jpg\",\"contentUrl\":\"https:\/\/www.priesteregg.at\/wp-content\/uploads\/2019\/06\/chalet-uebersicht-dummy.jpg\",\"width\":219,\"height\":158},{\"@type\":\"BreadcrumbList\",\"@id\":\"https:\/\/www.priesteregg.at\/en\/press\/#breadcrumb\",\"itemListElement\":[{\"@type\":\"ListItem\",\"position\":1,\"name\":\"Startseite\",\"item\":\"https:\/\/www.priesteregg.at\/en\/\"},{\"@type\":\"ListItem\",\"position\":2,\"name\":\"Press\"}]},{\"@type\":\"WebSite\",\"@id\":\"https:\/\/www.priesteregg.at\/#website\",\"url\":\"https:\/\/www.priesteregg.at\/\",\"name\":\"Bergdorf Priesteregg\",\"description\":\"Chalet, Bergh\u00fctte und Almh\u00fctten Urlaub in Leogang im Salzburger Land, \u00d6sterreich\",\"potentialAction\":[{\"@type\":\"SearchAction\",\"target\":{\"@type\":\"EntryPoint\",\"urlTemplate\":\"https:\/\/www.priesteregg.at\/?s={search_term_string}\"},\"query-input\":{\"@type\":\"PropertyValueSpecification\",\"valueRequired\":true,\"valueName\":\"search_term_string\"}}],\"inLanguage\":\"en-US\"}]}<\/script>\n<!-- \/ Yoast SEO plugin. -->","yoast_head_json":{"title":"Press - Bergdorf Priesteregg","description":"Your PRESS CONTACT to the Premium ECO Resort \u2713 Chalets & Villas with 5-\u2606 comfort in Austria's most beautiful mountain world \u2713","robots":{"index":"index","follow":"follow","max-snippet":"max-snippet:-1","max-image-preview":"max-image-preview:large","max-video-preview":"max-video-preview:-1"},"canonical":"https:\/\/www.priesteregg.at\/en\/press\/","og_locale":"en_US","og_type":"article","og_title":"Press - Bergdorf Priesteregg","og_description":"Your PRESS CONTACT to the Premium ECO Resort \u2713 Chalets & Villas with 5-\u2606 comfort in Austria's most beautiful mountain world \u2713","og_url":"https:\/\/www.priesteregg.at\/en\/press\/","og_site_name":"Bergdorf Priesteregg","article_modified_time":"2021-12-09T10:53:29+00:00","og_image":[{"width":219,"height":158,"url":"https:\/\/www.priesteregg.at\/wp-content\/uploads\/2019\/06\/chalet-uebersicht-dummy.jpg","type":"image\/jpeg"}],"twitter_card":"summary_large_image","twitter_misc":{"Est. reading time":"3 minutes"},"schema":{"@context":"https:\/\/schema.org","@graph":[{"@type":"WebPage","@id":"https:\/\/www.priesteregg.at\/en\/press\/","url":"https:\/\/www.priesteregg.at\/en\/press\/","name":"Press - Bergdorf Priesteregg","isPartOf":{"@id":"https:\/\/www.priesteregg.at\/#website"},"primaryImageOfPage":{"@id":"https:\/\/www.priesteregg.at\/en\/press\/#primaryimage"},"image":{"@id":"https:\/\/www.priesteregg.at\/en\/press\/#primaryimage"},"thumbnailUrl":"https:\/\/www.priesteregg.at\/wp-content\/uploads\/2019\/06\/chalet-uebersicht-dummy.jpg","datePublished":"2019-08-29T17:11:02+00:00","dateModified":"2021-12-09T10:53:29+00:00","description":"Your PRESS CONTACT to the Premium ECO Resort \u2713 Chalets & Villas with 5-\u2606 comfort in Austria's most beautiful mountain world \u2713","breadcrumb":{"@id":"https:\/\/www.priesteregg.at\/en\/press\/#breadcrumb"},"inLanguage":"en-US","potentialAction":[{"@type":"ReadAction","target":["https:\/\/www.priesteregg.at\/en\/press\/"]}]},{"@type":"ImageObject","inLanguage":"en-US","@id":"https:\/\/www.priesteregg.at\/en\/press\/#primaryimage","url":"https:\/\/www.priesteregg.at\/wp-content\/uploads\/2019\/06\/chalet-uebersicht-dummy.jpg","contentUrl":"https:\/\/www.priesteregg.at\/wp-content\/uploads\/2019\/06\/chalet-uebersicht-dummy.jpg","width":219,"height":158},{"@type":"BreadcrumbList","@id":"https:\/\/www.priesteregg.at\/en\/press\/#breadcrumb","itemListElement":[{"@type":"ListItem","position":1,"name":"Startseite","item":"https:\/\/www.priesteregg.at\/en\/"},{"@type":"ListItem","position":2,"name":"Press"}]},{"@type":"WebSite","@id":"https:\/\/www.priesteregg.at\/#website","url":"https:\/\/www.priesteregg.at\/","name":"Bergdorf Priesteregg","description":"Chalet, Bergh\u00fctte und Almh\u00fctten Urlaub in Leogang im Salzburger Land, \u00d6sterreich","potentialAction":[{"@type":"SearchAction","target":{"@type":"EntryPoint","urlTemplate":"https:\/\/www.priesteregg.at\/?s={search_term_string}"},"query-input":{"@type":"PropertyValueSpecification","valueRequired":true,"valueName":"search_term_string"}}],"inLanguage":"en-US"}]}},"_links":{"self":[{"href":"https:\/\/www.priesteregg.at\/en\/wp-json\/wp\/v2\/pages\/2336","targetHints":{"allow":["GET"]}}],"collection":[{"href":"https:\/\/www.priesteregg.at\/en\/wp-json\/wp\/v2\/pages"}],"about":[{"href":"https:\/\/www.priesteregg.at\/en\/wp-json\/wp\/v2\/types\/page"}],"author":[{"embeddable":true,"href":"https:\/\/www.priesteregg.at\/en\/wp-json\/wp\/v2\/users\/2"}],"replies":[{"embeddable":true,"href":"https:\/\/www.priesteregg.at\/en\/wp-json\/wp\/v2\/comments?post=2336"}],"version-history":[{"count":10,"href":"https:\/\/www.priesteregg.at\/en\/wp-json\/wp\/v2\/pages\/2336\/revisions"}],"predecessor-version":[{"id":2691,"href":"https:\/\/www.priesteregg.at\/en\/wp-json\/wp\/v2\/pages\/2336\/revisions\/2691"}],"wp:featuredmedia":[{"embeddable":true,"href":"https:\/\/www.priesteregg.at\/en\/wp-json\/wp\/v2\/media\/1785"}],"wp:attachment":[{"href":"https:\/\/www.priesteregg.at\/en\/wp-json\/wp\/v2\/media?parent=2336"}],"curies":[{"name":"wp","href":"https:\/\/api.w.org\/{rel}","templated":true}]}}