{"id":2312,"date":"2019-08-29T18:25:24","date_gmt":"2019-08-29T16:25:24","guid":{"rendered":"https:\/\/www.priesteregg.at\/?page_id=2312"},"modified":"2026-01-09T21:29:05","modified_gmt":"2026-01-09T20:29:05","slug":"arrival","status":"publish","type":"page","link":"https:\/\/www.priesteregg.at\/en\/arrival\/","title":{"rendered":"Arrival"},"content":{"rendered":"<div class=\"wpb-content-wrapper\"><p>[vc_row css=&#8221;.vc_custom_1561121376064{margin-bottom: 60px !important;}&#8221;][vc_column][vc_column_text]<\/p>\n<h1 style=\"text-align: center;\">HOW TO GET THERE<\/h1>\n<hr \/>\n<p style=\"text-align: center;\">Important information on how to get to the PRIESTEREGG.<br \/>\nOur address: PRIESTEREGG, Sonnberg 22, A-5771 Leogang<\/p>\n<p>[\/vc_column_text][\/vc_column][\/vc_row][vc_row el_class=&#8221;vc_row-flex&#8221;][vc_column width=&#8221;1\/2&#8243;][vc_column_text]<\/p>\n<h2>HOW TO FIND US<\/h2>\n<p><strong>Beware: Some navigation systems are unable to find the right way from Leogang to our Bergdorf! <\/strong><\/p>\n<p><strong>Please note: <\/strong>We have kept the location of the PRIESTEREGG pretty secret which makes it difficult for some navigation systems to find it. Please do not rely on your system once you reach Leogang. It may lead you the wrong route up the mountain.<\/p>\n<p>Enter \u201cB\u00e4ckerei Ritter\u201c, Leogang 82, A-5771 Leogang into your navigation system. Leave the main road at the \u201cB\u00e4ckerei Ritter\u201c (bakery) and follow the green signs to \u201cBergdorf Priesteregg\u201d or \u201cHuwi\u2019s Alm\u201d. Keep left and after the railway underpass turn left again and cross a small bridge. From there, follow the scenic mountain road for two kilometres to the very end. Continue by following the signs.<\/p>\n<p>Here you will find the link to the <a href=\"https:\/\/www.google.com\/maps\/place\/Priesteregg\/@47.4449925,12.7533922,17z\/data=!3m1!4b1!4m8!3m7!1s0x4776fc74d701e8db:0xacabf212b67ba39f!5m2!4m1!1i2!8m2!3d47.4450295!4d12.753357?hl=de\" target=\"_blank\" rel=\"noopener\">Google Maps route planner<\/a>.[\/vc_column_text][vc_column_text css=&#8221;&#8221;]<\/p>\n<h2>BY CAR<\/h2>\n<p><strong>Route 1: to Leogang via Tyrol<br \/>\n<\/strong>Rosenheim \u2013exit at Oberaudorf (GER) &#8211; Walchsee &#8211; K\u00f6ssen &#8211; Waidring &#8211; St. Ullrich &#8211; Hochfilzen &#8211; Leogang. Drive past the Leogang cable car (Asitzbahn) station. On the right, you\u2019ll see the village church and a bank. After a few metres, turn left at the \u201eB\u00e4ckerei Ritter\u201c. From here, follow the route as described above.<\/p>\n<p><strong>Route 2: Motorway M\u00fcnchen &#8211; Salzburg (A8)<br \/>\n<\/strong>A8 motorway direction to Rosenheim (GER) \u2013exit at Siegsdorf &#8211; Lofer \u2013 Saalfelden. At the roundabout in Saalfelden, go right towards Leogang. After about eight kilometres, you reach Leogang. At the village entry, turn right at the \u201cB\u00e4ckerei Ritter\u201d. From here, follow the route as described above.<\/p>\n<p><strong>HUWI&#8217;s advice for chalet guests in winter<br \/>\n<\/strong>The PRIESTEREGG is situated on a high plateau at an altitude of 1,100 metres. Winters are harsh here, so please only travel with snow tyres and deposit snow chains in your boot. In case you cannot get up the mountain road, simply park your car at the railway underpass car park and ring our emergency number. It will only take a few minutes for our shuttle bus to come down and take you to the warm and cosy Bergdorf.<\/p>\n<p><strong>Emergency number +43 664 1800801<\/strong>[\/vc_column_text][vc_column_text]<\/p>\n<h2>BY RAIL<\/h2>\n<p>We are happy to pick you up from the railway stations in Leogang or Saalfelden. For easy and fast booking, please use the following website. For our guests from Germany, please note that the Austrian and German Railways sometimes charge different prices for the same ticket. It\u2019s certainly worth comparing both railway sites.<\/p>\n<p><a href=\"https:\/\/www.oebb.at\/en\" target=\"_blank\" rel=\"noopener noreferrer\">&gt; \u00d6BB<\/a><br \/>\n<a href=\"https:\/\/www.bahn.com\/en\/view\/index.shtml\" target=\"_blank\" rel=\"noopener noreferrer\">&gt; Deutsche Bahn<\/a>[\/vc_column_text][\/vc_column][vc_column width=&#8221;1\/2&#8243;][vc_column_text css=&#8221;&#8221;]<\/p>\n<h2>BY PLANE<\/h2>\n<p>Getting to Leogang by plane is easy as there are three international airports nearby: Munich (2.5 hrs\/190 km), Salzburg (1 hr\/70 km) and Innsbruck (2 hrs \/ 130 km).<\/p>\n<p><strong>Rental car<br \/>\n<\/strong>If you like discovering a new region and want to be mobile during your stay, we recommend hiring a car and driving from the respective airport.<br \/>\n<span style=\"font-size: 12pt;\">&gt; <a href=\"https:\/\/www.avis.de\/rund-um-avis\/mietwagen-stationen\/europa\/deutschland\/m%C3%BCnchen\/m%C3%BCnchen-flughafen?map=GoogleMyBusiness-MUC\" target=\"_blank\" rel=\"noopener noreferrer\">CAR RENTAL MUNICH AIRPORT M\u00dcNCHEN<\/a><\/span><br \/>\n<span style=\"font-size: 12pt;\">&gt; <\/span><a href=\"https:\/\/www.avis.de\/rund-um-avis\/mietwagen-stationen\/europa\/%C3%B6sterreich\/salzburg\/flughafen-salzburg\" target=\"_blank\" rel=\"noopener noreferrer\"><span style=\"font-size: 12pt;\">CAR RENTAL SALZBURG AIRPORT<\/span><\/a><\/p>\n<p><strong>Private Shuttle<\/strong><br \/>\nIf you require a transfer from the airport to PRIESTEREGG, we recommend our partner company Taxi H\u00f6rl or a VIP shuttle in exclusive Mercedes minibuses or business cars.<br \/>\n<a href=\"https:\/\/www.taxi-leogang.com\/ANFRAGE-englisch\/index.php\/\">&gt; Book Shuttle Taxi H\u00f6rl<\/a><br \/>\n<a href=\"https:\/\/www.austriatransfer.com\/de\/service\">&gt; Book VIP Shuttle<\/a>[\/vc_column_text][vc_column_text]<\/p>\n<h2>BY HELICOPTER<\/h2>\n<p>Fly high! The best way to start your holiday is to travel comfortably. For this reason, we have something very special for you. We can organise a helicopter pick-up from Munich or Salzburg airport. If you opt for this service, your holiday at the PRIESTEREGG will certainly get off to a flying start, and your amazing time at the Bergdorf will commence as soon as the helicopter hovers in the air and takes you on this unforgettable ride. Flying above the breathtakingly beautiful Alps, you can relax and enjoy the sensational panorama. You fly over high peaks, picturesque lakes, beautiful valleys and dense forests. You may even catch a glimpse of a mountain goat skillfully climbing across the rocks or see an eagle glide across the sky. The surprises keep on coming! Once the helicopter has safely landed at the Bergdorf, we will be there to welcome you and take you to your Chalet.<\/p>\n<p>By the way: we compensate the entire CO\u2082 emission of the flight by paying an environmental contribution to <a href=\"https:\/\/www.myclimate.org\/\" target=\"_blank\" rel=\"noopener noreferrer\">myclimate<\/a>!<\/p>\n<p>Book your flight:<br \/>\nSennAir Helicopter GmbH<br \/>\nWeb: <a href=\"http:\/\/www.sennair.at\" target=\"_blank\" rel=\"noopener noreferrer\">sennair.at<\/a><br \/>\nMail: <a href=\"mailto:info@sennair.at\">info@sennair.at<\/a><br \/>\nTel. <a href=\"tel: +43 664 155 11 41\">+43 664 155 11 41<\/a>[\/vc_column_text][\/vc_column][\/vc_row]<\/p>\n<\/div>","protected":false},"excerpt":{"rendered":"<p>[vc_row css=&#8221;.vc_custom_1561121376064{margin-bottom: 60px !important;}&#8221;][vc_column][vc_column_text] HOW TO GET THERE Important information on how to get to the PRIESTEREGG. Our address: PRIESTEREGG, Sonnberg 22, A-5771 Leogang [\/vc_column_text][\/vc_column][\/vc_row][vc_row el_class=&#8221;vc_row-flex&#8221;][vc_column width=&#8221;1\/2&#8243;][vc_column_text] HOW TO FIND US Beware: Some navigation systems are unable to find the right way from Leogang to our Bergdorf! Please note: We have kept the location of [&hellip;]<\/p>\n","protected":false},"author":2,"featured_media":0,"parent":0,"menu_order":23,"comment_status":"closed","ping_status":"closed","template":"","meta":{"_acf_changed":false,"footnotes":""},"class_list":["post-2312","page","type-page","status-publish","hentry"],"acf":[],"yoast_head":"<!-- This site is optimized with the Yoast SEO plugin v25.4 - https:\/\/yoast.com\/wordpress\/plugins\/seo\/ -->\n<title>Arrival - Bergdorf Priesteregg<\/title>\n<meta name=\"description\" content=\"How to find the PRIESTEREGG - Premium Eco Resort in Austria&#039;s most beautiful mountain world : Arrival by car \u2713 Train \u2713 Plane\u2713 Helicopter\u2713\" \/>\n<meta name=\"robots\" content=\"index, follow, max-snippet:-1, max-image-preview:large, max-video-preview:-1\" \/>\n<link rel=\"canonical\" href=\"https:\/\/www.priesteregg.at\/en\/arrival\/\" \/>\n<meta property=\"og:locale\" content=\"en_US\" \/>\n<meta property=\"og:type\" content=\"article\" \/>\n<meta property=\"og:title\" content=\"Arrival - Bergdorf Priesteregg\" \/>\n<meta property=\"og:description\" content=\"How to find the PRIESTEREGG - Premium Eco Resort in Austria&#039;s most beautiful mountain world : Arrival by car \u2713 Train \u2713 Plane\u2713 Helicopter\u2713\" \/>\n<meta property=\"og:url\" content=\"https:\/\/www.priesteregg.at\/en\/arrival\/\" \/>\n<meta property=\"og:site_name\" content=\"Bergdorf Priesteregg\" \/>\n<meta property=\"article:modified_time\" content=\"2026-01-09T20:29:05+00:00\" \/>\n<meta property=\"og:image\" content=\"https:\/\/www.priesteregg.at\/wp-content\/uploads\/priesteregg-chalet-luxus-ski-oesterreich-berge-winter-hotel-8.jpg\" \/>\n\t<meta property=\"og:image:width\" content=\"768\" \/>\n\t<meta property=\"og:image:height\" content=\"768\" \/>\n\t<meta property=\"og:image:type\" content=\"image\/jpeg\" \/>\n<meta name=\"twitter:card\" content=\"summary_large_image\" \/>\n<meta name=\"twitter:label1\" content=\"Est. reading time\" \/>\n\t<meta name=\"twitter:data1\" content=\"5 minutes\" \/>\n<script type=\"application\/ld+json\" class=\"yoast-schema-graph\">{\"@context\":\"https:\/\/schema.org\",\"@graph\":[{\"@type\":\"WebPage\",\"@id\":\"https:\/\/www.priesteregg.at\/en\/arrival\/\",\"url\":\"https:\/\/www.priesteregg.at\/en\/arrival\/\",\"name\":\"Arrival - Bergdorf Priesteregg\",\"isPartOf\":{\"@id\":\"https:\/\/www.priesteregg.at\/#website\"},\"datePublished\":\"2019-08-29T16:25:24+00:00\",\"dateModified\":\"2026-01-09T20:29:05+00:00\",\"description\":\"How to find the PRIESTEREGG - Premium Eco Resort in Austria's most beautiful mountain world : Arrival by car \u2713 Train \u2713 Plane\u2713 Helicopter\u2713\",\"breadcrumb\":{\"@id\":\"https:\/\/www.priesteregg.at\/en\/arrival\/#breadcrumb\"},\"inLanguage\":\"en-US\",\"potentialAction\":[{\"@type\":\"ReadAction\",\"target\":[\"https:\/\/www.priesteregg.at\/en\/arrival\/\"]}]},{\"@type\":\"BreadcrumbList\",\"@id\":\"https:\/\/www.priesteregg.at\/en\/arrival\/#breadcrumb\",\"itemListElement\":[{\"@type\":\"ListItem\",\"position\":1,\"name\":\"Startseite\",\"item\":\"https:\/\/www.priesteregg.at\/en\/\"},{\"@type\":\"ListItem\",\"position\":2,\"name\":\"Arrival\"}]},{\"@type\":\"WebSite\",\"@id\":\"https:\/\/www.priesteregg.at\/#website\",\"url\":\"https:\/\/www.priesteregg.at\/\",\"name\":\"Bergdorf Priesteregg\",\"description\":\"Chalet, Bergh\u00fctte und Almh\u00fctten Urlaub in Leogang im Salzburger Land, \u00d6sterreich\",\"potentialAction\":[{\"@type\":\"SearchAction\",\"target\":{\"@type\":\"EntryPoint\",\"urlTemplate\":\"https:\/\/www.priesteregg.at\/?s={search_term_string}\"},\"query-input\":{\"@type\":\"PropertyValueSpecification\",\"valueRequired\":true,\"valueName\":\"search_term_string\"}}],\"inLanguage\":\"en-US\"}]}<\/script>\n<!-- \/ Yoast SEO plugin. -->","yoast_head_json":{"title":"Arrival - Bergdorf Priesteregg","description":"How to find the PRIESTEREGG - Premium Eco Resort in Austria's most beautiful mountain world : Arrival by car \u2713 Train \u2713 Plane\u2713 Helicopter\u2713","robots":{"index":"index","follow":"follow","max-snippet":"max-snippet:-1","max-image-preview":"max-image-preview:large","max-video-preview":"max-video-preview:-1"},"canonical":"https:\/\/www.priesteregg.at\/en\/arrival\/","og_locale":"en_US","og_type":"article","og_title":"Arrival - Bergdorf Priesteregg","og_description":"How to find the PRIESTEREGG - Premium Eco Resort in Austria's most beautiful mountain world : Arrival by car \u2713 Train \u2713 Plane\u2713 Helicopter\u2713","og_url":"https:\/\/www.priesteregg.at\/en\/arrival\/","og_site_name":"Bergdorf Priesteregg","article_modified_time":"2026-01-09T20:29:05+00:00","og_image":[{"width":768,"height":768,"url":"https:\/\/www.priesteregg.at\/wp-content\/uploads\/priesteregg-chalet-luxus-ski-oesterreich-berge-winter-hotel-8.jpg","type":"image\/jpeg"}],"twitter_card":"summary_large_image","twitter_misc":{"Est. reading time":"5 minutes"},"schema":{"@context":"https:\/\/schema.org","@graph":[{"@type":"WebPage","@id":"https:\/\/www.priesteregg.at\/en\/arrival\/","url":"https:\/\/www.priesteregg.at\/en\/arrival\/","name":"Arrival - Bergdorf Priesteregg","isPartOf":{"@id":"https:\/\/www.priesteregg.at\/#website"},"datePublished":"2019-08-29T16:25:24+00:00","dateModified":"2026-01-09T20:29:05+00:00","description":"How to find the PRIESTEREGG - Premium Eco Resort in Austria's most beautiful mountain world : Arrival by car \u2713 Train \u2713 Plane\u2713 Helicopter\u2713","breadcrumb":{"@id":"https:\/\/www.priesteregg.at\/en\/arrival\/#breadcrumb"},"inLanguage":"en-US","potentialAction":[{"@type":"ReadAction","target":["https:\/\/www.priesteregg.at\/en\/arrival\/"]}]},{"@type":"BreadcrumbList","@id":"https:\/\/www.priesteregg.at\/en\/arrival\/#breadcrumb","itemListElement":[{"@type":"ListItem","position":1,"name":"Startseite","item":"https:\/\/www.priesteregg.at\/en\/"},{"@type":"ListItem","position":2,"name":"Arrival"}]},{"@type":"WebSite","@id":"https:\/\/www.priesteregg.at\/#website","url":"https:\/\/www.priesteregg.at\/","name":"Bergdorf Priesteregg","description":"Chalet, Bergh\u00fctte und Almh\u00fctten Urlaub in Leogang im Salzburger Land, \u00d6sterreich","potentialAction":[{"@type":"SearchAction","target":{"@type":"EntryPoint","urlTemplate":"https:\/\/www.priesteregg.at\/?s={search_term_string}"},"query-input":{"@type":"PropertyValueSpecification","valueRequired":true,"valueName":"search_term_string"}}],"inLanguage":"en-US"}]}},"_links":{"self":[{"href":"https:\/\/www.priesteregg.at\/en\/wp-json\/wp\/v2\/pages\/2312","targetHints":{"allow":["GET"]}}],"collection":[{"href":"https:\/\/www.priesteregg.at\/en\/wp-json\/wp\/v2\/pages"}],"about":[{"href":"https:\/\/www.priesteregg.at\/en\/wp-json\/wp\/v2\/types\/page"}],"author":[{"embeddable":true,"href":"https:\/\/www.priesteregg.at\/en\/wp-json\/wp\/v2\/users\/2"}],"replies":[{"embeddable":true,"href":"https:\/\/www.priesteregg.at\/en\/wp-json\/wp\/v2\/comments?post=2312"}],"version-history":[{"count":12,"href":"https:\/\/www.priesteregg.at\/en\/wp-json\/wp\/v2\/pages\/2312\/revisions"}],"predecessor-version":[{"id":9513,"href":"https:\/\/www.priesteregg.at\/en\/wp-json\/wp\/v2\/pages\/2312\/revisions\/9513"}],"wp:attachment":[{"href":"https:\/\/www.priesteregg.at\/en\/wp-json\/wp\/v2\/media?parent=2312"}],"curies":[{"name":"wp","href":"https:\/\/api.w.org\/{rel}","templated":true}]}}