{"id":2250,"date":"2019-09-02T09:54:54","date_gmt":"2019-09-02T07:54:54","guid":{"rendered":"https:\/\/www.priesteregg.at\/?page_id=2250"},"modified":"2021-12-09T13:01:26","modified_gmt":"2021-12-09T12:01:26","slug":"specials-2019-2020","status":"publish","type":"page","link":"https:\/\/www.priesteregg.at\/en\/events-incentives\/specials-2019-2020\/","title":{"rendered":"Specials 2019 &#038; 2020"},"content":{"rendered":"<div class=\"wpb-content-wrapper\"><p>[vc_row full_width=&#8221;stretch_row&#8221; css=&#8221;.vc_custom_1563980749161{margin-bottom: 30px !important;padding-top: 25px !important;}&#8221;][vc_column width=&#8221;2\/3&#8243; offset=&#8221;vc_col-lg-offset-2&#8243;][vc_column_text el_class=&#8221;max-width&#8221;]<\/p>\n<h1 style=\"text-align: center;\">Specials 2019 &amp; 2020<\/h1>\n<hr \/>\n<p style=\"text-align: center;\">Whether dream journey, yoga retreat or other highlights:<br \/>\nHere you will find current PRIESTEREGG specials at special places of power.<\/p>\n<p>[\/vc_column_text][\/vc_column][\/vc_row][vc_row el_class=&#8221;vc_row-flex&#8221; css=&#8221;.vc_custom_1563547378114{margin-top: 0px !important;margin-bottom: 0px !important;padding-top: 0px !important;padding-bottom: 0px !important;}&#8221;][vc_column][\/vc_column][\/vc_row][vc_row full_width=&#8221;stretch_row&#8221; el_class=&#8221;vc_row-flex&#8221; css=&#8221;.vc_custom_1563974101432{padding-top: 80px !important;padding-bottom: 55px !important;background-color: #f6f6f6 !important;}&#8221; el_id=&#8221;specials&#8221;][vc_column width=&#8221;1\/2&#8243;][vc_gallery type=&#8221;flexslider_slide&#8221; interval=&#8221;0&#8243; images=&#8221;1974,1973,1975,1976,1977&#8243; img_size=&#8221;full&#8221; onclick=&#8221;&#8221;][vc_column_text]For further information please contact Hannah Balster directly from Michael Poliza Private Travel.<\/p>\n<p>Phone request <a href=\"tel:+49 40 27166855\">+49 40 27166855<\/a>[\/vc_column_text][vc_btn title=&#8221;Inquiry per mail&#8221; style=&#8221;classic&#8221; color=&#8221;green&#8221; link=&#8221;url:https%3A%2F%2Fwww.priesteregg.at%2Fkontakt%2F%3Fsubject%3DBetreff%3A%20Priesteregg%20goes%20Afrika|title:Kontakt||&#8221;][vc_column_text]<a href=\"https:\/\/itin.michaelpoliza.de\/Itinerary\/Overview\/74f846ae-f537-4246-a1b9-3e85018db38e\" target=\"_blank\" rel=\"noopener noreferrer\">&gt; Michael Poliza Private Travel<\/a>[\/vc_column_text][\/vc_column][vc_column width=&#8221;1\/2&#8243;][vc_column_text]<a href=\"#\">Priesteregg May 2020<\/a><\/p>\n<h2>Priesteregg Goes Africa<\/h2>\n<p><strong>Experience the magic.<\/strong><\/p>\n<p>Last year, we went on a magnificent discovery trip to Kenya together with the nature photographer Michael Poliza. We loved it so much that we decided to organise a similar exciting trip for our PRIESTEREGG friends. Together with Michael Poliza, we will take 16 people to discover this amazing country for seven days. Michael Poliza will show us his favourite spots, and we will even have the chance to look at them from a birds\u2019 perspective when we fly over the Masai Mara in a hot air balloon and cross northern Kenya in a helicopter.<\/p>\n<p>In order to make this trip unforgettable, private planes will take us from lodge to lodge. We will also be served the most delicious culinary delights in the two luxury camps we selected for our stay. Food and drinks (also alcohol), game drives as well as other activities are included in the price. Our first camp, the \u201cLittle Governors\u201d, is located directly at the scenic Mara River in the heart of the Masai Mara. There are few places in the world where you can see as much wildlife as here. The luxurious tents are right next to a lagoon, which enables us to observe the animals at a close range. Jochen Zeitz owns the second luxury lodge, which we will have exclusively to ourselves. Apart from exhilarating game drives there are many other opportunities to make the day a varied one &#8211; let us surprise you!<\/p>\n<p>We are really looking forward to taking you on this unforgettable trip!<br \/>\nYours Renate &amp; Huwi with Michael Poliza[\/vc_column_text][\/vc_column][\/vc_row][vc_row full_width=&#8221;stretch_row&#8221; disable_element=&#8221;yes&#8221; el_class=&#8221;vc_row-flex&#8221; css=&#8221;.vc_custom_1563981342994{background-color: #f6f6f6 !important;}&#8221;][vc_column][vc_separator color=&#8221;black&#8221;][\/vc_column][\/vc_row][vc_row full_width=&#8221;stretch_row&#8221; rtl_reverse=&#8221;yes&#8221; disable_element=&#8221;yes&#8221; el_class=&#8221;vc_row-flex&#8221; css=&#8221;.vc_custom_1563981351226{padding-top: 60px !important;padding-bottom: 55px !important;background-color: #f6f6f6 !important;}&#8221;][vc_column width=&#8221;1\/2&#8243;][vc_column_text]<a href=\"#\">Priesteregg Spezial 2019 &amp; 2020<\/a><\/p>\n<h2>Priesteregg Specials<\/h2>\n<p><strong>This is Photoshop&#8217;s version of Lorem Ipsum.<\/strong><\/p>\n<p>Nullam ac urna eu felis dapibus condimentum sit amet a augue. Sed non neque elit. Sed ut imperdiet nisi. Proin condimentum fermentum nunc. Etiam pharetra, erat sed fermentum feugiat, velit mauris egestas quam, ut aliquam massa nisl quis neque. Suspendisse in orci enim. This is Photoshop&#8217;s version of Lorem Ipsum. Proin gravida nibh vel velit auctor aliquet. Aenean sollicitudin, lorem quis bibendum auctor, nisi elit consequat ipsum, nec sagittis sem t nibh vulputate cursus a sit amet mauris. Morbi accumsan ipsum velit. Bei Fragen kontaktiere uns gerne vorab per Mail oder Telefon.[\/vc_column_text][\/vc_column][vc_column width=&#8221;1\/2&#8243;][vc_single_image image=&#8221;1879&#8243; img_size=&#8221;full&#8221;][vc_column_text]F\u00fcr weitere Informationen kontaktiert bitte direkt Hannah Balster von Michael Poliza Private Travel.<\/p>\n<p>Telefonische Anfrage <a href=\"tel:+49 40 27166855\">+49 40 27166855<\/a>[\/vc_column_text][vc_btn title=&#8221;Anfrage per Mail&#8221; style=&#8221;classic&#8221; color=&#8221;green&#8221; link=&#8221;url:https%3A%2F%2Fwww.priesteregg.at%2Fkontakt%2F%3Fsubject%3DPriesteregg%20goes%20Afrika|title:Kontakt||&#8221;][vc_column_text]<a href=\"#\" target=\"_blank\" rel=\"noopener noreferrer\">&gt; Michael Poliza<\/a>[\/vc_column_text][\/vc_column][\/vc_row]<\/p>\n<\/div>","protected":false},"excerpt":{"rendered":"<p>[vc_row full_width=&#8221;stretch_row&#8221; css=&#8221;.vc_custom_1563980749161{margin-bottom: 30px !important;padding-top: 25px !important;}&#8221;][vc_column width=&#8221;2\/3&#8243; offset=&#8221;vc_col-lg-offset-2&#8243;][vc_column_text el_class=&#8221;max-width&#8221;] Specials 2019 &amp; 2020 Whether dream journey, yoga retreat or other highlights: Here you will find current PRIESTEREGG specials at special places of power. [\/vc_column_text][\/vc_column][\/vc_row][vc_row el_class=&#8221;vc_row-flex&#8221; css=&#8221;.vc_custom_1563547378114{margin-top: 0px !important;margin-bottom: 0px !important;padding-top: 0px !important;padding-bottom: 0px !important;}&#8221;][vc_column][\/vc_column][\/vc_row][vc_row full_width=&#8221;stretch_row&#8221; el_class=&#8221;vc_row-flex&#8221; css=&#8221;.vc_custom_1563974101432{padding-top: 80px !important;padding-bottom: 55px !important;background-color: #f6f6f6 !important;}&#8221; el_id=&#8221;specials&#8221;][vc_column [&hellip;]<\/p>\n","protected":false},"author":2,"featured_media":0,"parent":2245,"menu_order":6,"comment_status":"closed","ping_status":"closed","template":"","meta":{"_acf_changed":false,"footnotes":""},"class_list":["post-2250","page","type-page","status-publish","hentry"],"acf":[],"yoast_head":"<!-- This site is optimized with the Yoast SEO plugin v25.4 - https:\/\/yoast.com\/wordpress\/plugins\/seo\/ -->\n<title>Specials 2019 &amp; 2020 - Bergdorf Priesteregg<\/title>\n<meta name=\"description\" content=\"Specials: Dream holiday, yoga retreat and other highlights with 5-\u2606 comfort in Austria&#039;s most beautiful mountains \u2713\" \/>\n<meta name=\"robots\" content=\"index, follow, max-snippet:-1, max-image-preview:large, max-video-preview:-1\" \/>\n<link rel=\"canonical\" href=\"https:\/\/www.priesteregg.at\/en\/events-incentives\/specials-2019-2020\/\" \/>\n<meta property=\"og:locale\" content=\"en_US\" \/>\n<meta property=\"og:type\" content=\"article\" \/>\n<meta property=\"og:title\" content=\"Specials 2019 &amp; 2020 - Bergdorf Priesteregg\" \/>\n<meta property=\"og:description\" content=\"Specials: Dream holiday, yoga retreat and other highlights with 5-\u2606 comfort in Austria&#039;s most beautiful mountains \u2713\" \/>\n<meta property=\"og:url\" content=\"https:\/\/www.priesteregg.at\/en\/events-incentives\/specials-2019-2020\/\" \/>\n<meta property=\"og:site_name\" content=\"Bergdorf Priesteregg\" \/>\n<meta property=\"article:modified_time\" content=\"2021-12-09T12:01:26+00:00\" \/>\n<meta property=\"og:image\" content=\"https:\/\/www.priesteregg.at\/wp-content\/uploads\/priesteregg-chalet-luxus-ski-oesterreich-berge-winter-hotel-8.jpg\" \/>\n\t<meta property=\"og:image:width\" content=\"768\" \/>\n\t<meta property=\"og:image:height\" content=\"768\" \/>\n\t<meta property=\"og:image:type\" content=\"image\/jpeg\" \/>\n<meta name=\"twitter:card\" content=\"summary_large_image\" \/>\n<meta name=\"twitter:label1\" content=\"Est. reading time\" \/>\n\t<meta name=\"twitter:data1\" content=\"4 minutes\" \/>\n<script type=\"application\/ld+json\" class=\"yoast-schema-graph\">{\"@context\":\"https:\/\/schema.org\",\"@graph\":[{\"@type\":\"WebPage\",\"@id\":\"https:\/\/www.priesteregg.at\/en\/events-incentives\/specials-2019-2020\/\",\"url\":\"https:\/\/www.priesteregg.at\/en\/events-incentives\/specials-2019-2020\/\",\"name\":\"Specials 2019 & 2020 - Bergdorf Priesteregg\",\"isPartOf\":{\"@id\":\"https:\/\/www.priesteregg.at\/#website\"},\"datePublished\":\"2019-09-02T07:54:54+00:00\",\"dateModified\":\"2021-12-09T12:01:26+00:00\",\"description\":\"Specials: Dream holiday, yoga retreat and other highlights with 5-\u2606 comfort in Austria's most beautiful mountains \u2713\",\"breadcrumb\":{\"@id\":\"https:\/\/www.priesteregg.at\/en\/events-incentives\/specials-2019-2020\/#breadcrumb\"},\"inLanguage\":\"en-US\",\"potentialAction\":[{\"@type\":\"ReadAction\",\"target\":[\"https:\/\/www.priesteregg.at\/en\/events-incentives\/specials-2019-2020\/\"]}]},{\"@type\":\"BreadcrumbList\",\"@id\":\"https:\/\/www.priesteregg.at\/en\/events-incentives\/specials-2019-2020\/#breadcrumb\",\"itemListElement\":[{\"@type\":\"ListItem\",\"position\":1,\"name\":\"Startseite\",\"item\":\"https:\/\/www.priesteregg.at\/en\/\"},{\"@type\":\"ListItem\",\"position\":2,\"name\":\"Events &#038; Incentives\",\"item\":\"https:\/\/www.priesteregg.at\/en\/events-incentives\/\"},{\"@type\":\"ListItem\",\"position\":3,\"name\":\"Specials 2019 &#038; 2020\"}]},{\"@type\":\"WebSite\",\"@id\":\"https:\/\/www.priesteregg.at\/#website\",\"url\":\"https:\/\/www.priesteregg.at\/\",\"name\":\"Bergdorf Priesteregg\",\"description\":\"Chalet, Bergh\u00fctte und Almh\u00fctten Urlaub in Leogang im Salzburger Land, \u00d6sterreich\",\"potentialAction\":[{\"@type\":\"SearchAction\",\"target\":{\"@type\":\"EntryPoint\",\"urlTemplate\":\"https:\/\/www.priesteregg.at\/?s={search_term_string}\"},\"query-input\":{\"@type\":\"PropertyValueSpecification\",\"valueRequired\":true,\"valueName\":\"search_term_string\"}}],\"inLanguage\":\"en-US\"}]}<\/script>\n<!-- \/ Yoast SEO plugin. -->","yoast_head_json":{"title":"Specials 2019 & 2020 - Bergdorf Priesteregg","description":"Specials: Dream holiday, yoga retreat and other highlights with 5-\u2606 comfort in Austria's most beautiful mountains \u2713","robots":{"index":"index","follow":"follow","max-snippet":"max-snippet:-1","max-image-preview":"max-image-preview:large","max-video-preview":"max-video-preview:-1"},"canonical":"https:\/\/www.priesteregg.at\/en\/events-incentives\/specials-2019-2020\/","og_locale":"en_US","og_type":"article","og_title":"Specials 2019 & 2020 - Bergdorf Priesteregg","og_description":"Specials: Dream holiday, yoga retreat and other highlights with 5-\u2606 comfort in Austria's most beautiful mountains \u2713","og_url":"https:\/\/www.priesteregg.at\/en\/events-incentives\/specials-2019-2020\/","og_site_name":"Bergdorf Priesteregg","article_modified_time":"2021-12-09T12:01:26+00:00","og_image":[{"width":768,"height":768,"url":"https:\/\/www.priesteregg.at\/wp-content\/uploads\/priesteregg-chalet-luxus-ski-oesterreich-berge-winter-hotel-8.jpg","type":"image\/jpeg"}],"twitter_card":"summary_large_image","twitter_misc":{"Est. reading time":"4 minutes"},"schema":{"@context":"https:\/\/schema.org","@graph":[{"@type":"WebPage","@id":"https:\/\/www.priesteregg.at\/en\/events-incentives\/specials-2019-2020\/","url":"https:\/\/www.priesteregg.at\/en\/events-incentives\/specials-2019-2020\/","name":"Specials 2019 & 2020 - Bergdorf Priesteregg","isPartOf":{"@id":"https:\/\/www.priesteregg.at\/#website"},"datePublished":"2019-09-02T07:54:54+00:00","dateModified":"2021-12-09T12:01:26+00:00","description":"Specials: Dream holiday, yoga retreat and other highlights with 5-\u2606 comfort in Austria's most beautiful mountains \u2713","breadcrumb":{"@id":"https:\/\/www.priesteregg.at\/en\/events-incentives\/specials-2019-2020\/#breadcrumb"},"inLanguage":"en-US","potentialAction":[{"@type":"ReadAction","target":["https:\/\/www.priesteregg.at\/en\/events-incentives\/specials-2019-2020\/"]}]},{"@type":"BreadcrumbList","@id":"https:\/\/www.priesteregg.at\/en\/events-incentives\/specials-2019-2020\/#breadcrumb","itemListElement":[{"@type":"ListItem","position":1,"name":"Startseite","item":"https:\/\/www.priesteregg.at\/en\/"},{"@type":"ListItem","position":2,"name":"Events &#038; Incentives","item":"https:\/\/www.priesteregg.at\/en\/events-incentives\/"},{"@type":"ListItem","position":3,"name":"Specials 2019 &#038; 2020"}]},{"@type":"WebSite","@id":"https:\/\/www.priesteregg.at\/#website","url":"https:\/\/www.priesteregg.at\/","name":"Bergdorf Priesteregg","description":"Chalet, Bergh\u00fctte und Almh\u00fctten Urlaub in Leogang im Salzburger Land, \u00d6sterreich","potentialAction":[{"@type":"SearchAction","target":{"@type":"EntryPoint","urlTemplate":"https:\/\/www.priesteregg.at\/?s={search_term_string}"},"query-input":{"@type":"PropertyValueSpecification","valueRequired":true,"valueName":"search_term_string"}}],"inLanguage":"en-US"}]}},"_links":{"self":[{"href":"https:\/\/www.priesteregg.at\/en\/wp-json\/wp\/v2\/pages\/2250","targetHints":{"allow":["GET"]}}],"collection":[{"href":"https:\/\/www.priesteregg.at\/en\/wp-json\/wp\/v2\/pages"}],"about":[{"href":"https:\/\/www.priesteregg.at\/en\/wp-json\/wp\/v2\/types\/page"}],"author":[{"embeddable":true,"href":"https:\/\/www.priesteregg.at\/en\/wp-json\/wp\/v2\/users\/2"}],"replies":[{"embeddable":true,"href":"https:\/\/www.priesteregg.at\/en\/wp-json\/wp\/v2\/comments?post=2250"}],"version-history":[{"count":7,"href":"https:\/\/www.priesteregg.at\/en\/wp-json\/wp\/v2\/pages\/2250\/revisions"}],"predecessor-version":[{"id":2703,"href":"https:\/\/www.priesteregg.at\/en\/wp-json\/wp\/v2\/pages\/2250\/revisions\/2703"}],"up":[{"embeddable":true,"href":"https:\/\/www.priesteregg.at\/en\/wp-json\/wp\/v2\/pages\/2245"}],"wp:attachment":[{"href":"https:\/\/www.priesteregg.at\/en\/wp-json\/wp\/v2\/media?parent=2250"}],"curies":[{"name":"wp","href":"https:\/\/api.w.org\/{rel}","templated":true}]}}