{"id":2245,"date":"2019-08-29T16:58:25","date_gmt":"2019-08-29T14:58:25","guid":{"rendered":"https:\/\/www.priesteregg.at\/?page_id=2245"},"modified":"2025-01-09T16:02:54","modified_gmt":"2025-01-09T15:02:54","slug":"events-incentives","status":"publish","type":"page","link":"https:\/\/www.priesteregg.at\/en\/events-incentives\/","title":{"rendered":"Events &#038; Incentives"},"content":{"rendered":"<div class=\"wpb-content-wrapper\"><p>[vc_row full_width=&#8221;stretch_row&#8221; css=&#8221;.vc_custom_1563978230794{margin-top: -40px !important;margin-bottom: 0px !important;padding-top: 60px !important;padding-bottom: 0px !important;background-color: #f6f6f6 !important;}&#8221;][vc_column width=&#8221;1\/5&#8243;][\/vc_column][vc_column width=&#8221;3\/5&#8243;][vc_column_text css=&#8221;.vc_custom_1567089998709{margin-bottom: 10px !important;}&#8221; el_class=&#8221;max-width&#8221;]<\/p>\n<h1 style=\"text-align: center;\">Events at Priesteregg<\/h1>\n<hr \/>\n<p>[\/vc_column_text][\/vc_column][\/vc_row][vc_row full_width=&#8221;stretch_row&#8221; css=&#8221;.vc_custom_1563978218384{margin-bottom: 60px !important;padding-bottom: 25px !important;background-color: #f6f6f6 !important;}&#8221;][vc_column offset=&#8221;vc_col-lg-offset-2 vc_col-lg-8 vc_col-md-offset-2 vc_col-md-8&#8243;][vc_column_text]<\/p>\n<p style=\"text-align: center;\">The PRIESTEREGG is not only a wonderful place to spend your holiday, it is also a great location for meetings and special occasions.<\/p>\n<p style=\"text-align: center;\">For business events, incentives, private parties and weddings we provide full catering and tailor your event to your specifications.<\/p>\n<p>[\/vc_column_text][vc_single_image image=&#8221;8252&#8243; img_size=&#8221;full&#8221; alignment=&#8221;center&#8221; css=&#8221;&#8221;][\/vc_column][\/vc_row][vc_row el_class=&#8221;vc_row-flex&#8221; css=&#8221;.vc_custom_1563547378114{margin-top: 0px !important;margin-bottom: 0px !important;padding-top: 0px !important;padding-bottom: 0px !important;}&#8221;][vc_column][\/vc_column][\/vc_row][vc_row el_class=&#8221;vc_row-flex&#8221; css=&#8221;.vc_custom_1561998906581{margin-bottom: 40px !important;}&#8221;][vc_column width=&#8221;1\/2&#8243;][vc_single_image image=&#8221;1889&#8243; img_size=&#8221;full&#8221;][\/vc_column][vc_column width=&#8221;1\/2&#8243; css=&#8221;.vc_custom_1562011739573{padding-top: 0px !important;}&#8221;][vc_column_text css=&#8221;.vc_custom_1567090111418{margin-bottom: 5px !important;}&#8221;]<\/p>\n<h2>Incentives<\/h2>\n<p><strong>Better vision<\/strong><\/p>\n<p>If you are looking for a special location for business meetings, the Villa ETANER is just right for you. Here, you will find the peace and quiet that is necessary for creative meetings and workshops, as well as the latest technology. The rooms are suitable for individual events such as cooking courses where participants need to be actively involved around the big cooking island. The breathtaking mountain panorama is the perfect backdrop to allow thoughts to move freely.[\/vc_column_text][vc_column_text css=&#8221;.vc_custom_1567090136241{margin-top: 10px !important;}&#8221;]<\/p>\n<ul>\n<li>Incentive groups of up to 15 people<\/li>\n<li>Working in small groups is possible due to separate rooms<\/li>\n<li>Projector with screen<\/li>\n<li>Table for 10-12 people for meeting and dining<\/li>\n<li>Outdoors: covered loggia, pool and several seating options<\/li>\n<li>Three bedrooms in the ETANER Villa with additional accommodation in other Chalets in the Bergdorf<\/li>\n<\/ul>\n<p>Telefon <span style=\"font-size: 13.5pt;\"><a href=\"tel:+43 6583 82550\">+43 6583 82550<\/a><\/span>[\/vc_column_text][vc_btn title=&#8221;Request per mail&#8221; style=&#8221;classic&#8221; color=&#8221;black&#8221; link=&#8221;url:https%3A%2F%2Fwww.priesteregg.at%2Fen%2Fcontact%2F%3Fsubject%3DSubject%3A%20Incentives|title:Contact||&#8221;][\/vc_column][\/vc_row][vc_row rtl_reverse=&#8221;yes&#8221; el_class=&#8221;vc_row-flex&#8221; css=&#8221;.vc_custom_1561999332155{margin-bottom: 40px !important;}&#8221;][vc_column width=&#8221;1\/2&#8243;][vc_column_text css=&#8221;.vc_custom_1567090170649{margin-bottom: 5px !important;}&#8221;]<\/p>\n<h2>Weddings<\/h2>\n<p><strong>An unforgettable day<\/strong><\/p>\n<p>The magnificent Salzburg mountains; the enchanting hut atmosphere at an altitude of 1,100 metres; the outstanding local cuisine and the two visionary hosts, Renate and Huwi Oberlader, with plenty of creative ideas for a special wedding day. These are the perfect components for a great start into marital bliss.[\/vc_column_text][vc_column_text css=&#8221;.vc_custom_1567090188906{margin-top: 10px !important;}&#8221;]<\/p>\n<div class=\"wpb_text_column wpb_content_element \">\n<div class=\"wpb_wrapper\">\n<ul>\n<li>Huwi\u2019s Alm can accommodate up to 160 people in two rooms, each for 80 people<\/li>\n<li>Individual menus<\/li>\n<li>Different locations for different ideas (garden, covered loggia, restaurant)<\/li>\n<li>Open air wedding ceremony in the garden and official ceremony in Leogang<\/li>\n<\/ul>\n<p>Telefon <a href=\"tel:+43 6583 82550\">+43 6583 82550<\/a><\/div>\n<\/div>\n<p>[\/vc_column_text][vc_btn title=&#8221;Request per mail&#8221; style=&#8221;classic&#8221; color=&#8221;black&#8221; link=&#8221;url:https%3A%2F%2Fwww.priesteregg.at%2Fen%2Fcontact%2F%3Fsubject%3DSubject%3A%20Wedding%20location%20inquiry|title:Contact||&#8221;][vc_column_text]<a href=\"https:\/\/www.priesteregg.at\/wp-content\/uploads\/Hochzeitsmappe-Priesteregg-2023.pdf\" target=\"_blank\" rel=\"noopener\">&gt; INFO FILE WEDDINGS (PDF)<\/a>[\/vc_column_text][\/vc_column][vc_column width=&#8221;1\/2&#8243;][vc_single_image image=&#8221;1880&#8243; img_size=&#8221;full&#8221;][\/vc_column][\/vc_row][vc_row el_class=&#8221;vc_row-flex&#8221; css=&#8221;.vc_custom_1561998876051{margin-bottom: 40px !important;}&#8221;][vc_column width=&#8221;1\/2&#8243;][vc_single_image image=&#8221;1879&#8243; img_size=&#8221;full&#8221;][\/vc_column][vc_column width=&#8221;1\/2&#8243;][vc_column_text css=&#8221;.vc_custom_1567680893481{margin-bottom: 5px !important;}&#8221;]<\/p>\n<h2>PARTIES &amp; PARTYING<\/h2>\n<p><strong>Beautiful location. Excellent service.<\/strong><\/p>\n<p>No matter whether birthdays, anniversaries, christenings, Christmas parties or other festivities &#8211; Huwi\u2019s Alm will make every party an unforgettable occasion. The restaurant\u2019s great atmosphere, its cosy corners and friendly staff are the perfect setting for any celebration. Weather-permitting, the idyllic garden restaurant is also a great place to celebrate a special occasion.[\/vc_column_text][vc_column_text css=&#8221;.vc_custom_1568019846507{margin-top: 10px !important;}&#8221;]<\/p>\n<ul>\n<li>Huwi\u2019s Alm can accommodate up to 160 people in two rooms, each for 80 people.<\/li>\n<li>From small parties (birthday, christening, etc.) to big celebrations<\/li>\n<li>Private or business<\/li>\n<li>Individual menus<\/li>\n<\/ul>\n<p>Tel: <a href=\"tel:+43%206583%2082550\">+43 6583 82550<\/a>[\/vc_column_text][vc_btn title=&#8221;Request per mail&#8221; style=&#8221;classic&#8221; color=&#8221;black&#8221; link=&#8221;url:https%3A%2F%2Fwww.priesteregg.at%2Fen%2Fcontact%2F%3Fsubject%3DSubject%3A%20Event%20location|title:Contact||&#8221;][\/vc_column][\/vc_row][vc_row rtl_reverse=&#8221;yes&#8221; el_class=&#8221;vc_row-flex&#8221; css=&#8221;.vc_custom_1561999332155{margin-bottom: 40px !important;}&#8221;][vc_column width=&#8221;1\/2&#8243;][vc_column_text css=&#8221;.vc_custom_1567681213700{margin-bottom: 5px !important;}&#8221;]<\/p>\n<h2>ACCOMMODATION &amp; ACTIVITIES<\/h2>\n<p><strong>One place. Plenty of opportunities.<\/strong><\/p>\n<p>We have different kinds of accommodation on offer. You can also add some spice to your stay by organising some trips and activities. We are happy to advise you which activities would be best for you and your group.[\/vc_column_text][vc_column_text css=&#8221;.vc_custom_1567090501060{margin-top: 10px !important;}&#8221;]<\/p>\n<ul>\n<li>Accommodation at the PRIESTEREGG in the Villa ETANER (max. 10 people), the Chalets (2-6 people) or in Leogang at the mama thresl (max 50 rooms, suitable for big groups)<\/li>\n<li>Activities with a professional guide available (e.g. outdoor team Geisler)<\/li>\n<li>Individual outdoor activities available at the PRIESTEREGG (E-Bikes, yoga in the forest, hiking, archery, helicopter flights and many more)<\/li>\n<\/ul>\n<p>Telefon <span style=\"font-size: 13.5pt;\"><a href=\"tel:+43 6583 82550\">+43 6583 82550<\/a><\/span>[\/vc_column_text][vc_btn title=&#8221;Request per mail&#8221; style=&#8221;classic&#8221; color=&#8221;black&#8221; link=&#8221;url:https%3A%2F%2Fwww.priesteregg.at%2Fen%2Fcontact%2F%3Fsubject%3DSubject%3A%20Overnight%20stay%20|title:Press||&#8221;][vc_column_text]<a href=\"https:\/\/www.priesteregg.at\/en\/chalets\/villa-etaner\/\">&gt; Villa ETANER<\/a><br \/>\n<a href=\"https:\/\/www.priesteregg.at\/en\/chalets\/\">&gt; Chalets<\/a><br \/>\n<a href=\"https:\/\/www.mama-thresl.com\/en\/\" target=\"_blank\" rel=\"noopener noreferrer\">&gt; mama thresl<\/a>[\/vc_column_text][\/vc_column][vc_column width=&#8221;1\/2&#8243;][vc_single_image image=&#8221;1881&#8243; img_size=&#8221;full&#8221;][\/vc_column][\/vc_row][vc_row full_width=&#8221;stretch_row&#8221; disable_element=&#8221;yes&#8221; el_class=&#8221;vc_row-flex&#8221; css=&#8221;.vc_custom_1669714852960{padding-top: 80px !important;padding-bottom: 55px !important;background-color: #f6f6f6 !important;}&#8221; el_id=&#8221;specials&#8221;][vc_column width=&#8221;1\/2&#8243;][vc_single_image image=&#8221;1973&#8243; img_size=&#8221;full&#8221;][\/vc_column][vc_column width=&#8221;1\/2&#8243;][vc_column_text]<a href=\"#\">Special 2019 &amp; 2020<\/a><\/p>\n<h2>PRIESTEREGG TRAVEL SPECIALS<\/h2>\n<p><strong>Enjoy life!<\/strong><\/p>\n<p>Whether dream holiday, yoga retreat or other unforgettable trips: here you can find the latest PRIESTEREGG offers to special places of power.<\/p>\n<p>We are currently offering a dream trip to Africa, which Huwi and Renate would like to take you on. Together with the nature photographer <a href=\"http:\/\/www.michaelpoliza.com\/en\">MICHAEL POLIZA<\/a> as well as 16 other people, we will explore this versatile continent for one week. Michael Poliza will show us his favourite places from a bird\u2019s perspective \u2013 we cross the Masai Mara in a hot air balloon, tour northern Kenya in a helicopter and hop from lodge to lodge in a private plane. Plenty of delicious food will be available. Come along \u2013 we have more surprises up our sleeves![\/vc_column_text][vc_btn title=&#8221;Discover more&#8221; style=&#8221;classic&#8221; color=&#8221;green&#8221; link=&#8221;url:https%3A%2F%2Fwww.priesteregg.at%2Fveranstaltungen%2Fspecials-2019-2020%2F|title:Specials%202019%20%26%202020||&#8221;][\/vc_column][\/vc_row]<\/p>\n<\/div>","protected":false},"excerpt":{"rendered":"<p>[vc_row full_width=&#8221;stretch_row&#8221; css=&#8221;.vc_custom_1563978230794{margin-top: -40px !important;margin-bottom: 0px !important;padding-top: 60px !important;padding-bottom: 0px !important;background-color: #f6f6f6 !important;}&#8221;][vc_column width=&#8221;1\/5&#8243;][\/vc_column][vc_column width=&#8221;3\/5&#8243;][vc_column_text css=&#8221;.vc_custom_1567089998709{margin-bottom: 10px !important;}&#8221; el_class=&#8221;max-width&#8221;] Events at Priesteregg [\/vc_column_text][\/vc_column][\/vc_row][vc_row full_width=&#8221;stretch_row&#8221; css=&#8221;.vc_custom_1563978218384{margin-bottom: 60px !important;padding-bottom: 25px !important;background-color: #f6f6f6 !important;}&#8221;][vc_column offset=&#8221;vc_col-lg-offset-2 vc_col-lg-8 vc_col-md-offset-2 vc_col-md-8&#8243;][vc_column_text] The PRIESTEREGG is not only a wonderful place to spend your holiday, it is also a great location for meetings [&hellip;]<\/p>\n","protected":false},"author":2,"featured_media":0,"parent":0,"menu_order":14,"comment_status":"closed","ping_status":"closed","template":"","meta":{"_acf_changed":false,"footnotes":""},"class_list":["post-2245","page","type-page","status-publish","hentry"],"acf":[],"yoast_head":"<!-- This site is optimized with the Yoast SEO plugin v25.4 - https:\/\/yoast.com\/wordpress\/plugins\/seo\/ -->\n<title>Events &amp; Incentives - Bergdorf Priesteregg<\/title>\n<meta name=\"description\" content=\"Exceptional event location at 1,100m \u2713 Idyllic mountain panorama \u2713 Beautiful guest garden \u2713 Lots of wood &amp; coziness \u2713 Individual &amp; unique\" \/>\n<meta name=\"robots\" content=\"index, follow, max-snippet:-1, max-image-preview:large, max-video-preview:-1\" \/>\n<link rel=\"canonical\" href=\"https:\/\/www.priesteregg.at\/en\/events-incentives\/\" \/>\n<meta property=\"og:locale\" content=\"en_US\" \/>\n<meta property=\"og:type\" content=\"article\" \/>\n<meta property=\"og:title\" content=\"Events &amp; Incentives - Bergdorf Priesteregg\" \/>\n<meta property=\"og:description\" content=\"Exceptional event location at 1,100m \u2713 Idyllic mountain panorama \u2713 Beautiful guest garden \u2713 Lots of wood &amp; coziness \u2713 Individual &amp; unique\" \/>\n<meta property=\"og:url\" content=\"https:\/\/www.priesteregg.at\/en\/events-incentives\/\" \/>\n<meta property=\"og:site_name\" content=\"Bergdorf Priesteregg\" \/>\n<meta property=\"article:modified_time\" content=\"2025-01-09T15:02:54+00:00\" \/>\n<meta property=\"og:image\" content=\"https:\/\/www.priesteregg.at\/wp-content\/uploads\/priesteregg-chalet-luxus-ski-oesterreich-berge-winter-hotel-8.jpg\" \/>\n\t<meta property=\"og:image:width\" content=\"768\" \/>\n\t<meta property=\"og:image:height\" content=\"768\" \/>\n\t<meta property=\"og:image:type\" content=\"image\/jpeg\" \/>\n<meta name=\"twitter:card\" content=\"summary_large_image\" \/>\n<meta name=\"twitter:label1\" content=\"Est. reading time\" \/>\n\t<meta name=\"twitter:data1\" content=\"5 minutes\" \/>\n<script type=\"application\/ld+json\" class=\"yoast-schema-graph\">{\"@context\":\"https:\/\/schema.org\",\"@graph\":[{\"@type\":\"WebPage\",\"@id\":\"https:\/\/www.priesteregg.at\/en\/events-incentives\/\",\"url\":\"https:\/\/www.priesteregg.at\/en\/events-incentives\/\",\"name\":\"Events & Incentives - Bergdorf Priesteregg\",\"isPartOf\":{\"@id\":\"https:\/\/www.priesteregg.at\/#website\"},\"datePublished\":\"2019-08-29T14:58:25+00:00\",\"dateModified\":\"2025-01-09T15:02:54+00:00\",\"description\":\"Exceptional event location at 1,100m \u2713 Idyllic mountain panorama \u2713 Beautiful guest garden \u2713 Lots of wood & coziness \u2713 Individual & unique\",\"breadcrumb\":{\"@id\":\"https:\/\/www.priesteregg.at\/en\/events-incentives\/#breadcrumb\"},\"inLanguage\":\"en-US\",\"potentialAction\":[{\"@type\":\"ReadAction\",\"target\":[\"https:\/\/www.priesteregg.at\/en\/events-incentives\/\"]}]},{\"@type\":\"BreadcrumbList\",\"@id\":\"https:\/\/www.priesteregg.at\/en\/events-incentives\/#breadcrumb\",\"itemListElement\":[{\"@type\":\"ListItem\",\"position\":1,\"name\":\"Startseite\",\"item\":\"https:\/\/www.priesteregg.at\/en\/\"},{\"@type\":\"ListItem\",\"position\":2,\"name\":\"Events &#038; Incentives\"}]},{\"@type\":\"WebSite\",\"@id\":\"https:\/\/www.priesteregg.at\/#website\",\"url\":\"https:\/\/www.priesteregg.at\/\",\"name\":\"Bergdorf Priesteregg\",\"description\":\"Chalet, Bergh\u00fctte und Almh\u00fctten Urlaub in Leogang im Salzburger Land, \u00d6sterreich\",\"potentialAction\":[{\"@type\":\"SearchAction\",\"target\":{\"@type\":\"EntryPoint\",\"urlTemplate\":\"https:\/\/www.priesteregg.at\/?s={search_term_string}\"},\"query-input\":{\"@type\":\"PropertyValueSpecification\",\"valueRequired\":true,\"valueName\":\"search_term_string\"}}],\"inLanguage\":\"en-US\"}]}<\/script>\n<!-- \/ Yoast SEO plugin. -->","yoast_head_json":{"title":"Events & Incentives - Bergdorf Priesteregg","description":"Exceptional event location at 1,100m \u2713 Idyllic mountain panorama \u2713 Beautiful guest garden \u2713 Lots of wood & coziness \u2713 Individual & unique","robots":{"index":"index","follow":"follow","max-snippet":"max-snippet:-1","max-image-preview":"max-image-preview:large","max-video-preview":"max-video-preview:-1"},"canonical":"https:\/\/www.priesteregg.at\/en\/events-incentives\/","og_locale":"en_US","og_type":"article","og_title":"Events & Incentives - Bergdorf Priesteregg","og_description":"Exceptional event location at 1,100m \u2713 Idyllic mountain panorama \u2713 Beautiful guest garden \u2713 Lots of wood & coziness \u2713 Individual & unique","og_url":"https:\/\/www.priesteregg.at\/en\/events-incentives\/","og_site_name":"Bergdorf Priesteregg","article_modified_time":"2025-01-09T15:02:54+00:00","og_image":[{"width":768,"height":768,"url":"https:\/\/www.priesteregg.at\/wp-content\/uploads\/priesteregg-chalet-luxus-ski-oesterreich-berge-winter-hotel-8.jpg","type":"image\/jpeg"}],"twitter_card":"summary_large_image","twitter_misc":{"Est. reading time":"5 minutes"},"schema":{"@context":"https:\/\/schema.org","@graph":[{"@type":"WebPage","@id":"https:\/\/www.priesteregg.at\/en\/events-incentives\/","url":"https:\/\/www.priesteregg.at\/en\/events-incentives\/","name":"Events & Incentives - Bergdorf Priesteregg","isPartOf":{"@id":"https:\/\/www.priesteregg.at\/#website"},"datePublished":"2019-08-29T14:58:25+00:00","dateModified":"2025-01-09T15:02:54+00:00","description":"Exceptional event location at 1,100m \u2713 Idyllic mountain panorama \u2713 Beautiful guest garden \u2713 Lots of wood & coziness \u2713 Individual & unique","breadcrumb":{"@id":"https:\/\/www.priesteregg.at\/en\/events-incentives\/#breadcrumb"},"inLanguage":"en-US","potentialAction":[{"@type":"ReadAction","target":["https:\/\/www.priesteregg.at\/en\/events-incentives\/"]}]},{"@type":"BreadcrumbList","@id":"https:\/\/www.priesteregg.at\/en\/events-incentives\/#breadcrumb","itemListElement":[{"@type":"ListItem","position":1,"name":"Startseite","item":"https:\/\/www.priesteregg.at\/en\/"},{"@type":"ListItem","position":2,"name":"Events &#038; Incentives"}]},{"@type":"WebSite","@id":"https:\/\/www.priesteregg.at\/#website","url":"https:\/\/www.priesteregg.at\/","name":"Bergdorf Priesteregg","description":"Chalet, Bergh\u00fctte und Almh\u00fctten Urlaub in Leogang im Salzburger Land, \u00d6sterreich","potentialAction":[{"@type":"SearchAction","target":{"@type":"EntryPoint","urlTemplate":"https:\/\/www.priesteregg.at\/?s={search_term_string}"},"query-input":{"@type":"PropertyValueSpecification","valueRequired":true,"valueName":"search_term_string"}}],"inLanguage":"en-US"}]}},"_links":{"self":[{"href":"https:\/\/www.priesteregg.at\/en\/wp-json\/wp\/v2\/pages\/2245","targetHints":{"allow":["GET"]}}],"collection":[{"href":"https:\/\/www.priesteregg.at\/en\/wp-json\/wp\/v2\/pages"}],"about":[{"href":"https:\/\/www.priesteregg.at\/en\/wp-json\/wp\/v2\/types\/page"}],"author":[{"embeddable":true,"href":"https:\/\/www.priesteregg.at\/en\/wp-json\/wp\/v2\/users\/2"}],"replies":[{"embeddable":true,"href":"https:\/\/www.priesteregg.at\/en\/wp-json\/wp\/v2\/comments?post=2245"}],"version-history":[{"count":24,"href":"https:\/\/www.priesteregg.at\/en\/wp-json\/wp\/v2\/pages\/2245\/revisions"}],"predecessor-version":[{"id":8293,"href":"https:\/\/www.priesteregg.at\/en\/wp-json\/wp\/v2\/pages\/2245\/revisions\/8293"}],"wp:attachment":[{"href":"https:\/\/www.priesteregg.at\/en\/wp-json\/wp\/v2\/media?parent=2245"}],"curies":[{"name":"wp","href":"https:\/\/api.w.org\/{rel}","templated":true}]}}