{"id":2241,"date":"2019-08-29T16:44:11","date_gmt":"2019-08-29T14:44:11","guid":{"rendered":"https:\/\/www.priesteregg.at\/?page_id=2241"},"modified":"2025-03-18T10:03:57","modified_gmt":"2025-03-18T09:03:57","slug":"our-specialities","status":"publish","type":"page","link":"https:\/\/www.priesteregg.at\/en\/cuisine\/our-specialities\/","title":{"rendered":"Our Specialities"},"content":{"rendered":"<div class=\"wpb-content-wrapper\"><p>[vc_row full_width=&#8221;stretch_row&#8221; css=&#8221;.vc_custom_1563546500111{margin-top: -40px !important;margin-bottom: 5px !important;padding-top: 60px !important;padding-bottom: 25px !important;background-color: #f6f6f6 !important;}&#8221;][vc_column offset=&#8221;vc_col-lg-offset-2 vc_col-lg-8 vc_col-md-offset-2 vc_col-md-8&#8243;][vc_column_text]<\/p>\n<h1 style=\"text-align: center;\">OUR SPECIALITIES<\/h1>\n<hr \/>\n<p style=\"text-align: center;\">The Pinzgau region is not only famous for its beautiful landscape, it is also known for its culinary diversity. We serve local specialties as well as seasonal delicacies, no matter whether sweet or savoury \u2013 there is certainly something for everyone. Let our chefs spoil you to the max!<\/p>\n<p>[\/vc_column_text][vc_single_image image=&#8221;8252&#8243; img_size=&#8221;full&#8221; alignment=&#8221;center&#8221; css=&#8221;&#8221;][\/vc_column][\/vc_row][vc_row css=&#8221;.vc_custom_1561993490381{margin-bottom: 5px !important;}&#8221;][vc_column][vc_column_text]<a href=\"https:\/\/www.priesteregg.at\/en\/cuisine\/\">&lt; back<\/a>[\/vc_column_text][\/vc_column][\/vc_row][vc_row el_class=&#8221;vc_row-flex&#8221; css=&#8221;.vc_custom_1563547022525{margin-bottom: 40px !important;}&#8221;][vc_column width=&#8221;1\/2&#8243;][vc_single_image image=&#8221;1912&#8243; img_size=&#8221;full&#8221;][\/vc_column][vc_column width=&#8221;1\/2&#8243;][vc_column_text]<\/p>\n<h3>OUR FOOD<\/h3>\n<p><strong>Directly from nature of the highest quality<\/strong><\/p>\n<p style=\"text-align: left;\">Food is very important to us! That\u2019s why most of our products are homemade or purchased from nearby farms and small regional producers. \u00a0We bake fresh bread in our stone oven and smoke savoury bacon in our smoking chamber. The happy cows of the Pinzgau farmers provide us with fresh milk and butter. The delicious honey, which is also an ingredient of our Bergdorf chocolate, comes from the small farm shop belonging to our friends Mathilde and Franz H\u00f6ttl.<br \/>\nYou see, the honest and pure taste of the PRIESTEREGG delicacies are well worth the trip.<\/p>\n<p>[\/vc_column_text][\/vc_column][\/vc_row][vc_row rtl_reverse=&#8221;yes&#8221; el_class=&#8221;vc_row-flex&#8221; css=&#8221;.vc_custom_1564587818130{margin-bottom: 80px !important;}&#8221;][vc_column width=&#8221;1\/2&#8243;][vc_column_text css=&#8221;&#8221;]<\/p>\n<h2>OUR SPECIALITIES<\/h2>\n<h4>Hat meal<\/h4>\n<p>As a starter, we serve a bowl of fresh salads with Balsamic vinegar, kernel oil and freshly-made garlic bread. We then place an iron hat in the centre of the beautifully laid table and heat it with a paste burner. The hat\u2019s brim is filled with a hearty beef soup and delicious Julienne vegetables. For the meat, everyone places their pork or Black Angus loin, which has been marinated by our chefs, on the hot hat. It\u2019s up to you whether you prefer this special delicacy rare, medium or well done! This substantial meal is accompanied by a fresh salad, freshly prepared garlic bread, various sauces and baked potatoes from an organic farm. In between, you can complement this meal by having a spoonful of the delicious beef soup with vegetables, which gets stronger and more intense as the grilling continues. This is more than just dinner \u2013 this is a special, cosy and social experience!<\/p>\n<p><strong>Spare ribs<\/strong><\/p>\n<p>As a starter, we serve a bowl of fresh salads with Balsamic vinegar, kernel oil and freshly-made garlic bread. After this delicious intro, we serve our famous spare ribs in a giant iron pan. The spare ribs are seasoned with a top-secret herb mix and roasted using a special method, which makes them as tender as nowhere else. They are served with baked potatoes in a sour-cr\u00e8me and chive sauce.<\/p>\n<p><strong>Tender pink roasted back of Black Angus beef<\/strong><\/p>\n<p>A piece of Black Angus Schl\u00f6gel, seasoned with herbs, is roasted for several hours at low temperature and thus crispy on the outside and pale pink on the inside. The delicious aroma is the best aperitif you can imagine. It is accompanied by roast potatoes and sweet and spicy red cabbage. Starting of course with our &#8220;vitamin shot&#8221; a bowl full of salads with warm garlic bread.[\/vc_column_text][\/vc_column][vc_column width=&#8221;1\/2&#8243;][vc_single_image image=&#8221;2053&#8243; img_size=&#8221;full&#8221;][vc_column_text css=&#8221;.vc_custom_1734264108548{margin-top: 60px !important;}&#8221;]<\/p>\n<h4><strong>Huwi\u2019s Alm &amp; Garden<\/strong><\/h4>\n<p><a href=\"https:\/\/www.priesteregg.at\/en\/wellness\/cuisine\/huwis-alm-garden\/book-a-table\/\">Please book a table at Huwi\u2019s Alm<\/a>[\/vc_column_text][vc_btn title=&#8221;Order a voucher&#8221; style=&#8221;classic&#8221; color=&#8221;black&#8221; link=&#8221;url:https%3A%2F%2Fwww.vbooking.de%2F(S(lq3ipyxn0qw1pgk1qkiotkck))%2Fv3%2Fdetails.aspx%3Fclientid%3Dpriesteregg%26lang%3Dde%26id%3D5e4fdfbe-543c-4536-83cc-3cf6a845421b%26product%3Dfalse|title:Bergdorf%20allgemein|target:%20_blank|&#8221;][\/vc_column][\/vc_row][vc_row el_class=&#8221;vc_row-flex&#8221; css=&#8221;.vc_custom_1560760054615{margin-bottom: 80px !important;}&#8221;][vc_column width=&#8221;1\/2&#8243;][vc_single_image image=&#8221;1908&#8243; img_size=&#8221;full&#8221;][\/vc_column][vc_column width=&#8221;1\/2&#8243;][vc_column_text css=&#8221;&#8221;]<\/p>\n<h3>CATTLE FARMING<\/h3>\n<p><strong>Free-range husbandry all year round<\/strong><\/p>\n<p>We take great pride in our organic Black Angus cattle breeding, which provides us with exceptionally flavorful and tender beef. Black Angus are hardy cattle originally from Scotland, where they were first officially recorded in the mid-19th century. The harsh, windy, and rainy region shaped these robust and resilient animals, allowing for year-round free-range farming. In fact, they even gain weight in extreme cold and give birth to their calves at temperatures as low as -15\u00b0C. These good-natured, relatively calm cattle are not only black but also come in a reddish-brown color. The fine-grained, marbled meat of Black Angus is renowned for its juiciness and is highly sought after by gourmet lovers worldwide.[\/vc_column_text][\/vc_column][\/vc_row][vc_row full_width=&#8221;stretch_row&#8221; el_class=&#8221;vc_row-flex thresl-hendl&#8221; css=&#8221;.vc_custom_1565348983231{margin-bottom: 0px !important;padding-top: 40px !important;padding-bottom: 0px !important;background-color: #1f1f1f !important;}&#8221;][vc_column][vc_column_text el_class=&#8221;white&#8221;]<strong>For further culinary experiences we would like to recommend our two other restaurants in Leogang.<\/strong>[\/vc_column_text][\/vc_column][\/vc_row][vc_row full_width=&#8221;stretch_row&#8221; el_class=&#8221;vc_row-flex thresl-hendl&#8221; css=&#8221;.vc_custom_1565345670987{margin-bottom: 0px !important;padding-top: 0px !important;padding-bottom: 0px !important;background-color: #1f1f1f !important;}&#8221;][vc_column width=&#8221;1\/2&#8243;][vc_single_image image=&#8221;2102&#8243; img_size=&#8221;full&#8221;][vc_column_text el_class=&#8221;white&#8221;]<\/p>\n<h2>Mama Thresl<\/h2>\n<p><strong>mama thresl\u2019s kitchen. <\/strong><\/p>\n<p>Always fresh, delicious and seasonal. We offer traditional dishes, home-made tarte flamb\u00e9e, crunchy salads, savoury steaks and delicious burgers, or simply what nature provides and our chefs feel like rustling up.<\/p>\n<p><span style=\"font-size: 12pt;\">For reservations, please contact<a href=\"tel:+43 6583 20 800\"> +43 6583 20 800<\/a><\/span>[\/vc_column_text][vc_column_text el_class=&#8221;green-white&#8221;]<a href=\"https:\/\/www.mama-thresl.com\/en\/hotel-restaurant-leogang\/tarte-flambee\/\" target=\"_blank\" rel=\"noopener noreferrer\">&gt; <\/a><a href=\"https:\/\/www.mama-thresl.com\/en\/hotel-restaurant-leogang\/tarte-flambee\/\" target=\"_blank\" rel=\"noopener noreferrer\">Lunch<\/a><br \/>\n<a href=\"https:\/\/www.mama-thresl.com\/en\/hotel-restaurant-leogang\/grill-chill\/\" target=\"_blank\" rel=\"noopener noreferrer\">&gt; <\/a><a href=\"https:\/\/www.mama-thresl.com\/en\/hotel-restaurant-leogang\/grill-chill\/\" target=\"_blank\" rel=\"noopener noreferrer\">Dinner<\/a><br \/>\n<a href=\"https:\/\/www.mama-thresl.com\/en\/events-veranstaltungen\/\" target=\"_blank\" rel=\"noopener noreferrer\">&gt; Events<\/a>[\/vc_column_text][vc_btn title=&#8221;to mama thresl&#8221; style=&#8221;classic&#8221; color=&#8221;black&#8221; css=&#8221;.vc_custom_1568020575564{margin-bottom: 108px !important;}&#8221; link=&#8221;url:https%3A%2F%2Fwww.mama-thresl.com%2Fen%2F||target:%20_blank|&#8221;][vc_media_grid element_width=&#8221;6&#8243; gap=&#8221;0&#8243; item=&#8221;425&#8243; css=&#8221;.vc_custom_1562273592837{margin-bottom: 0px !important;}&#8221; grid_id=&#8221;vc_gid:1742288563477-3d21db17-3ec8-7&#8243; include=&#8221;1916,1917&#8243;][\/vc_column][vc_column width=&#8221;1\/2&#8243;][vc_single_image image=&#8221;7139&#8243; img_size=&#8221;94&#215;105&#8243;][vc_column_text el_class=&#8221;white&#8221;]<\/p>\n<h2>Hendl Fischerei<\/h2>\n<p><strong>Enjoy your meal with mama thresl in the ski area<\/strong><\/p>\n<p>The hendl fischerei serves warm drinks in real cold winter weather as well as cool drinks in scorching summer temperatures. For lunch, Huwi spoils you with his world famous grilled chicken, spicy ribs or delicious fish served on a stick. Huwi\u2019s delicacies come with the typical cool DJ sound from Ibiza.<\/p>\n<p><span style=\"font-size: 12pt;\">For reservations, please contact <a href=\"tel:+43 6583 20 800 800\">+43 6583 20 800 800<\/a><\/span>[\/vc_column_text][vc_message message_box_color=&#8221;white&#8221; el_class=&#8221;badge-right small&#8221;]<\/p>\n<p style=\"text-align: center;\">Only open<br \/>\nduring<br \/>\nwinter<\/p>\n<p>[\/vc_message][vc_column_text el_class=&#8221;green-white&#8221;]<a href=\"https:\/\/www.hendl-fischerei.at\/en\/food\/\" target=\"_blank\" rel=\"noopener noreferrer\">&gt; Food<\/a><a href=\"#\"><br \/>\n<\/a><a href=\"https:\/\/www.hendl-fischerei.at\/en\/drinks\/\" target=\"_blank\" rel=\"noopener noreferrer\">&gt; Drinks <\/a><br \/>\n<a href=\"https:\/\/www.mama-thresl.com\/events-veranstaltungen\/\" target=\"_blank\" rel=\"noopener noreferrer\">&gt; Events<\/a>[\/vc_column_text][vc_btn title=&#8221;to hendl fischerei&#8221; style=&#8221;classic&#8221; color=&#8221;black&#8221; css=&#8221;.vc_custom_1578662149974{margin-bottom: 60px !important;}&#8221; link=&#8221;url:https%3A%2F%2Fwww.hendl-fischerei.at%2Fen%2F||target:%20_blank|&#8221;][vc_media_grid element_width=&#8221;6&#8243; gap=&#8221;0&#8243; item=&#8221;425&#8243; css=&#8221;.vc_custom_1564661102258{margin-bottom: 0px !important;}&#8221; grid_id=&#8221;vc_gid:1742288563481-abd18620-e464-3&#8243; include=&#8221;1914,2052&#8243;][\/vc_column][\/vc_row]<\/p>\n<\/div>","protected":false},"excerpt":{"rendered":"<p>[vc_row full_width=&#8221;stretch_row&#8221; css=&#8221;.vc_custom_1563546500111{margin-top: -40px !important;margin-bottom: 5px !important;padding-top: 60px !important;padding-bottom: 25px !important;background-color: #f6f6f6 !important;}&#8221;][vc_column offset=&#8221;vc_col-lg-offset-2 vc_col-lg-8 vc_col-md-offset-2 vc_col-md-8&#8243;][vc_column_text] OUR SPECIALITIES The Pinzgau region is not only famous for its beautiful landscape, it is also known for its culinary diversity. We serve local specialties as well as seasonal delicacies, no matter whether sweet or savoury \u2013 there [&hellip;]<\/p>\n","protected":false},"author":2,"featured_media":0,"parent":2227,"menu_order":4,"comment_status":"closed","ping_status":"closed","template":"","meta":{"_acf_changed":false,"footnotes":""},"class_list":["post-2241","page","type-page","status-publish","hentry"],"acf":[],"yoast_head":"<!-- This site is optimized with the Yoast SEO plugin v25.4 - https:\/\/yoast.com\/wordpress\/plugins\/seo\/ -->\n<title>Our Specialities - Bergdorf Priesteregg<\/title>\n<meta name=\"description\" content=\"Restaurant with regional specialties \u2713 Hut &amp; Ripperl \u2713 Beautiful guest garden \u2713 Lots of wood &amp; coziness \u2713 Parties &amp; celebrations\" \/>\n<meta name=\"robots\" content=\"index, follow, max-snippet:-1, max-image-preview:large, max-video-preview:-1\" \/>\n<link rel=\"canonical\" href=\"https:\/\/www.priesteregg.at\/en\/cuisine\/our-specialities\/\" \/>\n<meta property=\"og:locale\" content=\"en_US\" \/>\n<meta property=\"og:type\" content=\"article\" \/>\n<meta property=\"og:title\" content=\"Our Specialities - Bergdorf Priesteregg\" \/>\n<meta property=\"og:description\" content=\"Restaurant with regional specialties \u2713 Hut &amp; Ripperl \u2713 Beautiful guest garden \u2713 Lots of wood &amp; coziness \u2713 Parties &amp; celebrations\" \/>\n<meta property=\"og:url\" content=\"https:\/\/www.priesteregg.at\/en\/cuisine\/our-specialities\/\" \/>\n<meta property=\"og:site_name\" content=\"Bergdorf Priesteregg\" \/>\n<meta property=\"article:modified_time\" content=\"2025-03-18T09:03:57+00:00\" \/>\n<meta property=\"og:image\" content=\"https:\/\/www.priesteregg.at\/wp-content\/uploads\/priesteregg-chalet-luxus-ski-oesterreich-berge-winter-hotel-8.jpg\" \/>\n\t<meta property=\"og:image:width\" content=\"768\" \/>\n\t<meta property=\"og:image:height\" content=\"768\" \/>\n\t<meta property=\"og:image:type\" content=\"image\/jpeg\" \/>\n<meta name=\"twitter:card\" content=\"summary_large_image\" \/>\n<meta name=\"twitter:label1\" content=\"Est. reading time\" \/>\n\t<meta name=\"twitter:data1\" content=\"7 minutes\" \/>\n<script type=\"application\/ld+json\" class=\"yoast-schema-graph\">{\"@context\":\"https:\/\/schema.org\",\"@graph\":[{\"@type\":\"WebPage\",\"@id\":\"https:\/\/www.priesteregg.at\/en\/cuisine\/our-specialities\/\",\"url\":\"https:\/\/www.priesteregg.at\/en\/cuisine\/our-specialities\/\",\"name\":\"Our Specialities - Bergdorf Priesteregg\",\"isPartOf\":{\"@id\":\"https:\/\/www.priesteregg.at\/#website\"},\"datePublished\":\"2019-08-29T14:44:11+00:00\",\"dateModified\":\"2025-03-18T09:03:57+00:00\",\"description\":\"Restaurant with regional specialties \u2713 Hut & Ripperl \u2713 Beautiful guest garden \u2713 Lots of wood & coziness \u2713 Parties & celebrations\",\"breadcrumb\":{\"@id\":\"https:\/\/www.priesteregg.at\/en\/cuisine\/our-specialities\/#breadcrumb\"},\"inLanguage\":\"en-US\",\"potentialAction\":[{\"@type\":\"ReadAction\",\"target\":[\"https:\/\/www.priesteregg.at\/en\/cuisine\/our-specialities\/\"]}]},{\"@type\":\"BreadcrumbList\",\"@id\":\"https:\/\/www.priesteregg.at\/en\/cuisine\/our-specialities\/#breadcrumb\",\"itemListElement\":[{\"@type\":\"ListItem\",\"position\":1,\"name\":\"Startseite\",\"item\":\"https:\/\/www.priesteregg.at\/en\/\"},{\"@type\":\"ListItem\",\"position\":2,\"name\":\"CUISINE\",\"item\":\"https:\/\/www.priesteregg.at\/en\/cuisine\/\"},{\"@type\":\"ListItem\",\"position\":3,\"name\":\"Our Specialities\"}]},{\"@type\":\"WebSite\",\"@id\":\"https:\/\/www.priesteregg.at\/#website\",\"url\":\"https:\/\/www.priesteregg.at\/\",\"name\":\"Bergdorf Priesteregg\",\"description\":\"Chalet, Bergh\u00fctte und Almh\u00fctten Urlaub in Leogang im Salzburger Land, \u00d6sterreich\",\"potentialAction\":[{\"@type\":\"SearchAction\",\"target\":{\"@type\":\"EntryPoint\",\"urlTemplate\":\"https:\/\/www.priesteregg.at\/?s={search_term_string}\"},\"query-input\":{\"@type\":\"PropertyValueSpecification\",\"valueRequired\":true,\"valueName\":\"search_term_string\"}}],\"inLanguage\":\"en-US\"}]}<\/script>\n<!-- \/ Yoast SEO plugin. -->","yoast_head_json":{"title":"Our Specialities - Bergdorf Priesteregg","description":"Restaurant with regional specialties \u2713 Hut & Ripperl \u2713 Beautiful guest garden \u2713 Lots of wood & coziness \u2713 Parties & celebrations","robots":{"index":"index","follow":"follow","max-snippet":"max-snippet:-1","max-image-preview":"max-image-preview:large","max-video-preview":"max-video-preview:-1"},"canonical":"https:\/\/www.priesteregg.at\/en\/cuisine\/our-specialities\/","og_locale":"en_US","og_type":"article","og_title":"Our Specialities - Bergdorf Priesteregg","og_description":"Restaurant with regional specialties \u2713 Hut & Ripperl \u2713 Beautiful guest garden \u2713 Lots of wood & coziness \u2713 Parties & celebrations","og_url":"https:\/\/www.priesteregg.at\/en\/cuisine\/our-specialities\/","og_site_name":"Bergdorf Priesteregg","article_modified_time":"2025-03-18T09:03:57+00:00","og_image":[{"width":768,"height":768,"url":"https:\/\/www.priesteregg.at\/wp-content\/uploads\/priesteregg-chalet-luxus-ski-oesterreich-berge-winter-hotel-8.jpg","type":"image\/jpeg"}],"twitter_card":"summary_large_image","twitter_misc":{"Est. reading time":"7 minutes"},"schema":{"@context":"https:\/\/schema.org","@graph":[{"@type":"WebPage","@id":"https:\/\/www.priesteregg.at\/en\/cuisine\/our-specialities\/","url":"https:\/\/www.priesteregg.at\/en\/cuisine\/our-specialities\/","name":"Our Specialities - Bergdorf Priesteregg","isPartOf":{"@id":"https:\/\/www.priesteregg.at\/#website"},"datePublished":"2019-08-29T14:44:11+00:00","dateModified":"2025-03-18T09:03:57+00:00","description":"Restaurant with regional specialties \u2713 Hut & Ripperl \u2713 Beautiful guest garden \u2713 Lots of wood & coziness \u2713 Parties & celebrations","breadcrumb":{"@id":"https:\/\/www.priesteregg.at\/en\/cuisine\/our-specialities\/#breadcrumb"},"inLanguage":"en-US","potentialAction":[{"@type":"ReadAction","target":["https:\/\/www.priesteregg.at\/en\/cuisine\/our-specialities\/"]}]},{"@type":"BreadcrumbList","@id":"https:\/\/www.priesteregg.at\/en\/cuisine\/our-specialities\/#breadcrumb","itemListElement":[{"@type":"ListItem","position":1,"name":"Startseite","item":"https:\/\/www.priesteregg.at\/en\/"},{"@type":"ListItem","position":2,"name":"CUISINE","item":"https:\/\/www.priesteregg.at\/en\/cuisine\/"},{"@type":"ListItem","position":3,"name":"Our Specialities"}]},{"@type":"WebSite","@id":"https:\/\/www.priesteregg.at\/#website","url":"https:\/\/www.priesteregg.at\/","name":"Bergdorf Priesteregg","description":"Chalet, Bergh\u00fctte und Almh\u00fctten Urlaub in Leogang im Salzburger Land, \u00d6sterreich","potentialAction":[{"@type":"SearchAction","target":{"@type":"EntryPoint","urlTemplate":"https:\/\/www.priesteregg.at\/?s={search_term_string}"},"query-input":{"@type":"PropertyValueSpecification","valueRequired":true,"valueName":"search_term_string"}}],"inLanguage":"en-US"}]}},"_links":{"self":[{"href":"https:\/\/www.priesteregg.at\/en\/wp-json\/wp\/v2\/pages\/2241","targetHints":{"allow":["GET"]}}],"collection":[{"href":"https:\/\/www.priesteregg.at\/en\/wp-json\/wp\/v2\/pages"}],"about":[{"href":"https:\/\/www.priesteregg.at\/en\/wp-json\/wp\/v2\/types\/page"}],"author":[{"embeddable":true,"href":"https:\/\/www.priesteregg.at\/en\/wp-json\/wp\/v2\/users\/2"}],"replies":[{"embeddable":true,"href":"https:\/\/www.priesteregg.at\/en\/wp-json\/wp\/v2\/comments?post=2241"}],"version-history":[{"count":22,"href":"https:\/\/www.priesteregg.at\/en\/wp-json\/wp\/v2\/pages\/2241\/revisions"}],"predecessor-version":[{"id":8589,"href":"https:\/\/www.priesteregg.at\/en\/wp-json\/wp\/v2\/pages\/2241\/revisions\/8589"}],"up":[{"embeddable":true,"href":"https:\/\/www.priesteregg.at\/en\/wp-json\/wp\/v2\/pages\/2227"}],"wp:attachment":[{"href":"https:\/\/www.priesteregg.at\/en\/wp-json\/wp\/v2\/media?parent=2241"}],"curies":[{"name":"wp","href":"https:\/\/api.w.org\/{rel}","templated":true}]}}