{"id":2237,"date":"2019-08-29T14:28:22","date_gmt":"2019-08-29T12:28:22","guid":{"rendered":"https:\/\/www.priesteregg.at\/?page_id=2237"},"modified":"2025-12-22T09:44:43","modified_gmt":"2025-12-22T08:44:43","slug":"dining-in-the-chalet","status":"publish","type":"page","link":"https:\/\/www.priesteregg.at\/en\/cuisine\/dining-in-the-chalet\/","title":{"rendered":"Dining in the Chalet"},"content":{"rendered":"<div class=\"wpb-content-wrapper\"><p>[vc_row full_width=&#8221;stretch_row&#8221; css=&#8221;.vc_custom_1563546312146{margin-top: -40px !important;margin-bottom: 5px !important;padding-top: 60px !important;padding-bottom: 25px !important;background-color: #f6f6f6 !important;}&#8221;][vc_column offset=&#8221;vc_col-lg-offset-2 vc_col-lg-8 vc_col-md-offset-2 vc_col-md-8&#8243;][vc_column_text]<\/p>\n<h1 style=\"text-align: center;\">DINING IN THE CHALET<\/h1>\n<p style=\"text-align: center;\">As if by magic, your breakfast is served in your Chalet &#8211; and if you don\u2019t want to leave your little kingdom in the evenings, we can also serve your dinner at &#8220;your home&#8221;.<\/p>\n<p>[\/vc_column_text][vc_single_image image=&#8221;8252&#8243; img_size=&#8221;full&#8221; alignment=&#8221;center&#8221; css=&#8221;&#8221;][\/vc_column][\/vc_row][vc_row css=&#8221;.vc_custom_1561992950780{margin-bottom: 5px !important;}&#8221;][vc_column][vc_column_text]<a href=\"https:\/\/www.priesteregg.at\/en\/cuisine\/\">&lt;back<\/a>[\/vc_column_text][\/vc_column][\/vc_row][vc_row el_class=&#8221;vc_row-flex&#8221; css=&#8221;.vc_custom_1560760054615{margin-bottom: 80px !important;}&#8221;][vc_column width=&#8221;1\/2&#8243;][vc_gallery type=&#8221;flexslider_slide&#8221; interval=&#8221;0&#8243; images=&#8221;3674,3676&#8243; img_size=&#8221;full&#8221; onclick=&#8221;&#8221;][\/vc_column][vc_column width=&#8221;1\/2&#8243;][vc_column_text css=&#8221;&#8221;]<\/p>\n<h3>LUXURY BREAKFAST<\/h3>\n<p><strong>As if by magic.<\/strong><\/p>\n<p>When the first sunlight enters your bedroom through the light curtains, the good spirits of the hotel quietly sneak into your Chalet and prepare exactly the breakfast you have wished for: freshly squeezed orange juice, fruit rich in vitamins, regional meat and cheeses, homemade jam, organic honey, healthy Bircher Muesli and freshly baked pastries.<\/p>\n<p>Weather-permitting we can also serve your special breakfast on your terrace. After all, we want to make sure that you feel completely at home.[\/vc_column_text][\/vc_column][\/vc_row][vc_row rtl_reverse=&#8221;yes&#8221; el_class=&#8221;vc_row-flex&#8221; css=&#8221;.vc_custom_1564587722203{margin-bottom: 80px !important;}&#8221;][vc_column width=&#8221;1\/2&#8243;][vc_column_text]<\/p>\n<h2>Chalet meals<\/h2>\n<p><strong>Allow us to spoil you<\/strong><\/p>\n<p>If you don\u2019t want to leave your cosy little kingdom in the evening, we are happy to serve our delicious Pinzgau specialties in your Chalet. You can look forward to tasty cheese dumplings, baked potatoes with smoked salmon, smoked trout, pasta with a light crayfish sauce, spicy fried ribs, Galloway loin from our farm, original Wiener Schnitzel, Salzburg onion roast, crispy roast pork and oven-fresh Kaiserschmarrn with roasted plums. Every meal is freshly prepared and taken to your Chalet in a big dish accompanied by a crunchy salad.[\/vc_column_text][\/vc_column][vc_column width=&#8221;1\/2&#8243;][vc_gallery type=&#8221;flexslider_slide&#8221; interval=&#8221;0&#8243; images=&#8221;3680,3678&#8243; img_size=&#8221;full&#8221; onclick=&#8221;&#8221;][\/vc_column][\/vc_row][vc_row css=&#8221;.vc_custom_1563961518685{margin-bottom: 120px !important;}&#8221;][vc_column][vc_tta_accordion c_icon=&#8221;chevron&#8221; active_section=&#8221;-1&#8243; no_fill=&#8221;true&#8221; collapsible_all=&#8221;true&#8221;][vc_tta_section title=&#8221;OUR CHALET MEALS&#8221; tab_id=&#8221;OUR-CHALET-MEALS&#8221;][vc_column_text css=&#8221;&#8221;]<\/p>\n<table style=\"border-collapse: collapse; width: 100%; height: 226px;\">\n<tbody>\n<tr style=\"height: 24px;\">\n<td style=\"width: 87.8378%; height: 24px;\">Hearty Pinzgau cheese dumplings<\/td>\n<td style=\"width: 12.1622%; text-align: right; height: 24px;\"><\/td>\n<\/tr>\n<tr style=\"height: 24px;\">\n<td style=\"width: 87.8378%; height: 24px;\">Homemade gnocchi, seasonal vegetable, rocket, fine herb oil, parmesan cheese<\/td>\n<td style=\"width: 12.1622%; text-align: right; height: 24px;\"><\/td>\n<\/tr>\n<tr style=\"height: 24px;\">\n<td style=\"width: 87.8378%; height: 24px;\">Smoked trout with horseradish and cranberries<\/td>\n<td style=\"width: 12.1622%; text-align: right; height: 24px;\"><\/td>\n<\/tr>\n<tr style=\"height: 5px;\">\n<td style=\"width: 87.8378%; height: 10px;\" width=\"87%\">Pasta with a light creamy sauce, grayfish and salmon<\/td>\n<td style=\"width: 12.1622%; text-align: right; height: 10px;\"><\/td>\n<\/tr>\n<tr style=\"height: 24px;\">\n<td style=\"width: 87.8378%; height: 24px;\">Spicy fried ribs, baked potatoes, chive sauce<\/td>\n<td style=\"width: 12.1622%; text-align: right; height: 24px;\"><\/td>\n<\/tr>\n<tr style=\"height: 24px;\">\n<td style=\"width: 87.8378%; height: 24px;\">Lightly pink roasted loin of black angus beef from our farm, red cabbage, bread dumpling<\/td>\n<td style=\"width: 12.1622%; text-align: right; height: 24px;\"><\/td>\n<\/tr>\n<tr style=\"height: 24px;\">\n<td style=\"width: 87.8378%; height: 24px;\">&#8220;Wiener Schnitzel&#8221; of veal or pork, granberries, baked potato, chive sauce<\/td>\n<td style=\"width: 12.1622%; text-align: right; height: 24px;\"><\/td>\n<\/tr>\n<\/tbody>\n<\/table>\n<p>&nbsp;<\/p>\n<p>As dinner is a communal experience in our Bergdorf, please select one Chalet meal for you and your friends. We will exclusively prepare your meal and serve it in a big dish (large casserole) together with a fresh salad.<\/p>\n<p><span style=\"font-size: 10pt;\">* we serve one Chalet meal for all guests<\/span>[\/vc_column_text][\/vc_tta_section][\/vc_tta_accordion][\/vc_column][\/vc_row][vc_row el_class=&#8221;vc_row-flex&#8221; css=&#8221;.vc_custom_1560760054615{margin-bottom: 80px !important;}&#8221;][vc_column width=&#8221;1\/2&#8243;][vc_gallery type=&#8221;flexslider_slide&#8221; interval=&#8221;0&#8243; images=&#8221;7607,7605&#8243; img_size=&#8221;768&#215;768&#8243; onclick=&#8221;&#8221; css=&#8221;&#8221;][\/vc_column][vc_column width=&#8221;1\/2&#8243; el_id=&#8221;feuerring&#8221;][vc_column_text css=&#8221;&#8221;]<\/p>\n<h3>PRIVATE BARBECUE IN THE VILLAS<\/h3>\n<p><strong>Prepare your own grilled specialties at the Feuerring.<\/strong><\/p>\n<p>For many people, a cozy barbecue evening with family or friends is the epitome of summer and vacation. In our villas (<a href=\"https:\/\/www.priesteregg.at\/en\/premium-eco-resort\/chalets\/villa-etaner\/\">ETANER<\/a>, <a href=\"https:\/\/www.priesteregg.at\/en\/premium-eco-resort\/chalets\/wilderer-villa\/\">WILDERER<\/a>, <a href=\"https:\/\/www.priesteregg.at\/en\/premium-eco-resort\/chalets\/willy-bogner-chalet\/\">WILLY BOGNER<\/a> and <a href=\"https:\/\/www.priesteregg.at\/en\/premium-eco-resort\/chalets\/villa-wossa\/\">WOSSA<\/a>) there are &#8220;Feuerringe&#8221; (fire bowls for grilling) in the garden on which our guests can prepare delicious grilled specialties. Imagine that the finest types of meat, vegetarian grilled dishes and side dishes are served directly to your chalet, the &#8220;Feuerring&#8221; has been heated in time and is already at the perfect temperature. As the evening sun casts its last rays over the valley and mountains, a seductive smell of barbecue fills the air and the culinary enjoyment can begin. After dinner, things will be cleaned up again as if by magic and you can enjoy the rest of the evening in peace.[\/vc_column_text][\/vc_column][\/vc_row][vc_row equal_height=&#8221;yes&#8221; el_class=&#8221;vc_row-flex line-hor&#8221; css=&#8221;.vc_custom_1560947471717{margin-bottom: 80px !important;}&#8221;][vc_column width=&#8221;1\/2&#8243;][vc_column_text]<\/p>\n<h2 style=\"text-align: center;\">ORDER YOUR CHALET MEAL<\/h2>\n<p>[\/vc_column_text][vc_column_text]<\/p>\n<p style=\"text-align: center;\">Please order your Chalet dinner at the reception by 1pm.<\/p>\n<p style=\"text-align: center;\">Reception <span style=\"font-size: 13.5pt;\"><a href=\"tel:+43 6583 82 550\">+43 6583 82 550<\/a> <\/span><\/p>\n<p>[\/vc_column_text][\/vc_column][vc_column width=&#8221;1\/2&#8243;][vc_column_text]<\/p>\n<h2 style=\"text-align: center;\">RESERVATION AT HUWI\u2019S ALM<\/h2>\n<p>[\/vc_column_text][vc_column_text css=&#8221;&#8221;]<\/p>\n<p style=\"text-align: center;\">Please book your table at Huwi\u2019s Alm by 1pm at the latest.<\/p>\n<p>[\/vc_column_text][vc_btn title=&#8221;Book your table&#8221; style=&#8221;classic&#8221; color=&#8221;black&#8221; align=&#8221;center&#8221; css=&#8221;&#8221; link=&#8221;url:https%3A%2F%2Fwww.priesteregg.at%2Fen%2Fcuisine%2Fhuwis-alm-garden%2Fbook-a-table%2F|title:Contact%20per%20mail&#8221;][\/vc_column][\/vc_row][vc_row full_width=&#8221;stretch_row&#8221; el_class=&#8221;vc_row-flex thresl-hendl&#8221; css=&#8221;.vc_custom_1565348940990{margin-bottom: 0px !important;padding-top: 40px !important;padding-bottom: 0px !important;background-color: #1f1f1f !important;}&#8221;][vc_column][vc_column_text el_class=&#8221;white&#8221;]<strong>For further culinary experiences we would like to recommend our two other restaurants in Leogang.<\/strong>[\/vc_column_text][\/vc_column][\/vc_row][vc_row full_width=&#8221;stretch_row&#8221; el_class=&#8221;vc_row-flex thresl-hendl&#8221; css=&#8221;.vc_custom_1565345611524{margin-bottom: 0px !important;padding-bottom: 0px !important;background-color: #1f1f1f !important;}&#8221;][vc_column width=&#8221;1\/2&#8243;][vc_single_image image=&#8221;2102&#8243; img_size=&#8221;full&#8221;][vc_column_text el_class=&#8221;white&#8221;]<\/p>\n<h2>Mama Thresl<\/h2>\n<p><strong>mama thresl\u2019s kitchen. <\/strong><\/p>\n<p>Always fresh, delicious and seasonal. We offer traditional dishes, home-made tarte flamb\u00e9e, crunchy salads, savoury steaks and delicious burgers, or simply what nature provides and our chefs feel like rustling up.<\/p>\n<p><span style=\"font-size: 12pt;\">For reservations, please contact<a href=\"tel:+43 6583 20 800\"> +43 6583 20 800<\/a><\/span>[\/vc_column_text][vc_column_text el_class=&#8221;green-white&#8221;]<a href=\"https:\/\/www.priesteregg.at\/wp-content\/uploads\/chillgrill_mama-thresl_Sommer-2019.pdf\" target=\"_blank\" rel=\"noopener noreferrer\">&gt; <\/a><a href=\"https:\/\/www.mama-thresl.com\/en\/hotel-restaurant-leogang\/tarte-flambee\/\" target=\"_blank\" rel=\"noopener noreferrer\">Lunch<\/a><br \/>\n<a href=\"https:\/\/www.mama-thresl.com\/en\/hotel-restaurant-leogang\/grill-chill\/\" target=\"_blank\" rel=\"noopener noreferrer\">&gt; <\/a><a href=\"https:\/\/www.mama-thresl.com\/en\/hotel-restaurant-leogang\/grill-chill\/\" target=\"_blank\" rel=\"noopener noreferrer\">Dinner <\/a><br \/>\n<a href=\"https:\/\/www.mama-thresl.com\/en\/events-veranstaltungen\/\" target=\"_blank\" rel=\"noopener noreferrer\">&gt; Events<\/a>[\/vc_column_text][vc_btn title=&#8221;to mama thresl&#8221; style=&#8221;classic&#8221; color=&#8221;black&#8221; css=&#8221;.vc_custom_1568020477697{margin-bottom: 108px !important;}&#8221; link=&#8221;url:https%3A%2F%2Fwww.mama-thresl.com%2Fen%2F||target:%20_blank|&#8221;][vc_media_grid element_width=&#8221;6&#8243; gap=&#8221;0&#8243; item=&#8221;425&#8243; css=&#8221;.vc_custom_1562273461931{margin-bottom: 0px !important;}&#8221; grid_id=&#8221;vc_gid:1766392885386-14dadacb-dd58-9&#8243; include=&#8221;1916,1917&#8243;][\/vc_column][vc_column width=&#8221;1\/2&#8243;][vc_single_image image=&#8221;7139&#8243; img_size=&#8221;94&#215;105&#8243;][vc_column_text el_class=&#8221;white&#8221;]<\/p>\n<h2>Hendl Fischerei<\/h2>\n<p><strong>Enjoy your meal with mama thresl in the ski area<\/strong><\/p>\n<p>The hendl fischerei serves warm drinks in real cold winter weather as well as cool drinks in scorching summer temperatures. For lunch, Huwi spoils you with his world famous grilled chicken, spicy ribs or delicious fish served on a stick. Huwi\u2019s delicacies come with the typical cool DJ sound from Ibiza.<\/p>\n<p><span style=\"font-size: 12pt;\">For reservations, please contact <a href=\"tel:+43 6583 20 800 800\">+43 6583 20 800 800<\/a><\/span>[\/vc_column_text][vc_message message_box_color=&#8221;white&#8221; el_class=&#8221;badge-right small&#8221;]<\/p>\n<p style=\"text-align: center;\">Nur im<br \/>\nWinter<br \/>\nge\u00f6ffnet[\/vc_message][vc_column_text el_class=&#8221;green-white&#8221;]<a href=\"https:\/\/www.hendl-fischerei.at\/en\/food\/\" target=\"_blank\" rel=\"noopener noreferrer\">&gt; Food<\/a><a href=\"#\"><br \/>\n<\/a><a href=\"https:\/\/www.hendl-fischerei.at\/en\/drinks\/\" target=\"_blank\" rel=\"noopener noreferrer\">&gt; Drinks<\/a><br \/>\n<a href=\"https:\/\/www.mama-thresl.com\/events-veranstaltungen\/\" target=\"_blank\" rel=\"noopener noreferrer\">&gt; Events<\/a>[\/vc_column_text][vc_btn title=&#8221;to hendl fischerei&#8221; style=&#8221;classic&#8221; color=&#8221;black&#8221; css=&#8221;.vc_custom_1578662010675{margin-bottom: 60px !important;}&#8221; link=&#8221;url:https%3A%2F%2Fwww.hendl-fischerei.at%2Fen%2F||target:%20_blank|&#8221;][vc_media_grid element_width=&#8221;6&#8243; gap=&#8221;0&#8243; item=&#8221;425&#8243; css=&#8221;.vc_custom_1564660993448{margin-bottom: 0px !important;}&#8221; grid_id=&#8221;vc_gid:1766392885392-dfe50d62-b6b4-0&#8243; include=&#8221;1914,2052&#8243;][\/vc_column][\/vc_row]<\/p>\n<\/div>","protected":false},"excerpt":{"rendered":"<p>[vc_row full_width=&#8221;stretch_row&#8221; css=&#8221;.vc_custom_1563546312146{margin-top: -40px !important;margin-bottom: 5px !important;padding-top: 60px !important;padding-bottom: 25px !important;background-color: #f6f6f6 !important;}&#8221;][vc_column offset=&#8221;vc_col-lg-offset-2 vc_col-lg-8 vc_col-md-offset-2 vc_col-md-8&#8243;][vc_column_text] DINING IN THE CHALET As if by magic, your breakfast is served in your Chalet &#8211; and if you don\u2019t want to leave your little kingdom in the evenings, we can also serve your dinner at &#8220;your home&#8221;. [&hellip;]<\/p>\n","protected":false},"author":2,"featured_media":0,"parent":2227,"menu_order":2,"comment_status":"closed","ping_status":"closed","template":"","meta":{"_acf_changed":false,"footnotes":""},"class_list":["post-2237","page","type-page","status-publish","hentry"],"acf":[],"yoast_head":"<!-- This site is optimized with the Yoast SEO plugin v25.4 - https:\/\/yoast.com\/wordpress\/plugins\/seo\/ -->\n<title>Dining in the Chalet - Bergdorf Priesteregg<\/title>\n<meta name=\"description\" content=\"Our guests can dine in the RESTAURANT or relaxed in their CHALET \u27a4 we set the cozy wooden table with fresh delicacies!\" \/>\n<meta name=\"robots\" content=\"index, follow, max-snippet:-1, max-image-preview:large, max-video-preview:-1\" \/>\n<link rel=\"canonical\" href=\"https:\/\/www.priesteregg.at\/en\/cuisine\/dining-in-the-chalet\/\" \/>\n<meta property=\"og:locale\" content=\"en_US\" \/>\n<meta property=\"og:type\" content=\"article\" \/>\n<meta property=\"og:title\" content=\"Dining in the Chalet - Bergdorf Priesteregg\" \/>\n<meta property=\"og:description\" content=\"Our guests can dine in the RESTAURANT or relaxed in their CHALET \u27a4 we set the cozy wooden table with fresh delicacies!\" \/>\n<meta property=\"og:url\" content=\"https:\/\/www.priesteregg.at\/en\/cuisine\/dining-in-the-chalet\/\" \/>\n<meta property=\"og:site_name\" content=\"Bergdorf Priesteregg\" \/>\n<meta property=\"article:modified_time\" content=\"2025-12-22T08:44:43+00:00\" \/>\n<meta property=\"og:image\" content=\"https:\/\/www.priesteregg.at\/wp-content\/uploads\/priesteregg-chalet-luxus-ski-oesterreich-berge-winter-hotel-8.jpg\" \/>\n\t<meta property=\"og:image:width\" content=\"768\" \/>\n\t<meta property=\"og:image:height\" content=\"768\" \/>\n\t<meta property=\"og:image:type\" content=\"image\/jpeg\" \/>\n<meta name=\"twitter:card\" content=\"summary_large_image\" \/>\n<meta name=\"twitter:label1\" content=\"Est. reading time\" \/>\n\t<meta name=\"twitter:data1\" content=\"8 minutes\" \/>\n<script type=\"application\/ld+json\" class=\"yoast-schema-graph\">{\"@context\":\"https:\/\/schema.org\",\"@graph\":[{\"@type\":\"WebPage\",\"@id\":\"https:\/\/www.priesteregg.at\/en\/cuisine\/dining-in-the-chalet\/\",\"url\":\"https:\/\/www.priesteregg.at\/en\/cuisine\/dining-in-the-chalet\/\",\"name\":\"Dining in the Chalet - Bergdorf Priesteregg\",\"isPartOf\":{\"@id\":\"https:\/\/www.priesteregg.at\/#website\"},\"datePublished\":\"2019-08-29T12:28:22+00:00\",\"dateModified\":\"2025-12-22T08:44:43+00:00\",\"description\":\"Our guests can dine in the RESTAURANT or relaxed in their CHALET \u27a4 we set the cozy wooden table with fresh delicacies!\",\"breadcrumb\":{\"@id\":\"https:\/\/www.priesteregg.at\/en\/cuisine\/dining-in-the-chalet\/#breadcrumb\"},\"inLanguage\":\"en-US\",\"potentialAction\":[{\"@type\":\"ReadAction\",\"target\":[\"https:\/\/www.priesteregg.at\/en\/cuisine\/dining-in-the-chalet\/\"]}]},{\"@type\":\"BreadcrumbList\",\"@id\":\"https:\/\/www.priesteregg.at\/en\/cuisine\/dining-in-the-chalet\/#breadcrumb\",\"itemListElement\":[{\"@type\":\"ListItem\",\"position\":1,\"name\":\"Startseite\",\"item\":\"https:\/\/www.priesteregg.at\/en\/\"},{\"@type\":\"ListItem\",\"position\":2,\"name\":\"CUISINE\",\"item\":\"https:\/\/www.priesteregg.at\/en\/cuisine\/\"},{\"@type\":\"ListItem\",\"position\":3,\"name\":\"Dining in the Chalet\"}]},{\"@type\":\"WebSite\",\"@id\":\"https:\/\/www.priesteregg.at\/#website\",\"url\":\"https:\/\/www.priesteregg.at\/\",\"name\":\"Bergdorf Priesteregg\",\"description\":\"Chalet, Bergh\u00fctte und Almh\u00fctten Urlaub in Leogang im Salzburger Land, \u00d6sterreich\",\"potentialAction\":[{\"@type\":\"SearchAction\",\"target\":{\"@type\":\"EntryPoint\",\"urlTemplate\":\"https:\/\/www.priesteregg.at\/?s={search_term_string}\"},\"query-input\":{\"@type\":\"PropertyValueSpecification\",\"valueRequired\":true,\"valueName\":\"search_term_string\"}}],\"inLanguage\":\"en-US\"}]}<\/script>\n<!-- \/ Yoast SEO plugin. -->","yoast_head_json":{"title":"Dining in the Chalet - Bergdorf Priesteregg","description":"Our guests can dine in the RESTAURANT or relaxed in their CHALET \u27a4 we set the cozy wooden table with fresh delicacies!","robots":{"index":"index","follow":"follow","max-snippet":"max-snippet:-1","max-image-preview":"max-image-preview:large","max-video-preview":"max-video-preview:-1"},"canonical":"https:\/\/www.priesteregg.at\/en\/cuisine\/dining-in-the-chalet\/","og_locale":"en_US","og_type":"article","og_title":"Dining in the Chalet - Bergdorf Priesteregg","og_description":"Our guests can dine in the RESTAURANT or relaxed in their CHALET \u27a4 we set the cozy wooden table with fresh delicacies!","og_url":"https:\/\/www.priesteregg.at\/en\/cuisine\/dining-in-the-chalet\/","og_site_name":"Bergdorf Priesteregg","article_modified_time":"2025-12-22T08:44:43+00:00","og_image":[{"width":768,"height":768,"url":"https:\/\/www.priesteregg.at\/wp-content\/uploads\/priesteregg-chalet-luxus-ski-oesterreich-berge-winter-hotel-8.jpg","type":"image\/jpeg"}],"twitter_card":"summary_large_image","twitter_misc":{"Est. reading time":"8 minutes"},"schema":{"@context":"https:\/\/schema.org","@graph":[{"@type":"WebPage","@id":"https:\/\/www.priesteregg.at\/en\/cuisine\/dining-in-the-chalet\/","url":"https:\/\/www.priesteregg.at\/en\/cuisine\/dining-in-the-chalet\/","name":"Dining in the Chalet - Bergdorf Priesteregg","isPartOf":{"@id":"https:\/\/www.priesteregg.at\/#website"},"datePublished":"2019-08-29T12:28:22+00:00","dateModified":"2025-12-22T08:44:43+00:00","description":"Our guests can dine in the RESTAURANT or relaxed in their CHALET \u27a4 we set the cozy wooden table with fresh delicacies!","breadcrumb":{"@id":"https:\/\/www.priesteregg.at\/en\/cuisine\/dining-in-the-chalet\/#breadcrumb"},"inLanguage":"en-US","potentialAction":[{"@type":"ReadAction","target":["https:\/\/www.priesteregg.at\/en\/cuisine\/dining-in-the-chalet\/"]}]},{"@type":"BreadcrumbList","@id":"https:\/\/www.priesteregg.at\/en\/cuisine\/dining-in-the-chalet\/#breadcrumb","itemListElement":[{"@type":"ListItem","position":1,"name":"Startseite","item":"https:\/\/www.priesteregg.at\/en\/"},{"@type":"ListItem","position":2,"name":"CUISINE","item":"https:\/\/www.priesteregg.at\/en\/cuisine\/"},{"@type":"ListItem","position":3,"name":"Dining in the Chalet"}]},{"@type":"WebSite","@id":"https:\/\/www.priesteregg.at\/#website","url":"https:\/\/www.priesteregg.at\/","name":"Bergdorf Priesteregg","description":"Chalet, Bergh\u00fctte und Almh\u00fctten Urlaub in Leogang im Salzburger Land, \u00d6sterreich","potentialAction":[{"@type":"SearchAction","target":{"@type":"EntryPoint","urlTemplate":"https:\/\/www.priesteregg.at\/?s={search_term_string}"},"query-input":{"@type":"PropertyValueSpecification","valueRequired":true,"valueName":"search_term_string"}}],"inLanguage":"en-US"}]}},"_links":{"self":[{"href":"https:\/\/www.priesteregg.at\/en\/wp-json\/wp\/v2\/pages\/2237","targetHints":{"allow":["GET"]}}],"collection":[{"href":"https:\/\/www.priesteregg.at\/en\/wp-json\/wp\/v2\/pages"}],"about":[{"href":"https:\/\/www.priesteregg.at\/en\/wp-json\/wp\/v2\/types\/page"}],"author":[{"embeddable":true,"href":"https:\/\/www.priesteregg.at\/en\/wp-json\/wp\/v2\/users\/2"}],"replies":[{"embeddable":true,"href":"https:\/\/www.priesteregg.at\/en\/wp-json\/wp\/v2\/comments?post=2237"}],"version-history":[{"count":35,"href":"https:\/\/www.priesteregg.at\/en\/wp-json\/wp\/v2\/pages\/2237\/revisions"}],"predecessor-version":[{"id":9460,"href":"https:\/\/www.priesteregg.at\/en\/wp-json\/wp\/v2\/pages\/2237\/revisions\/9460"}],"up":[{"embeddable":true,"href":"https:\/\/www.priesteregg.at\/en\/wp-json\/wp\/v2\/pages\/2227"}],"wp:attachment":[{"href":"https:\/\/www.priesteregg.at\/en\/wp-json\/wp\/v2\/media?parent=2237"}],"curies":[{"name":"wp","href":"https:\/\/api.w.org\/{rel}","templated":true}]}}