{"id":2233,"date":"2019-08-29T14:33:47","date_gmt":"2019-08-29T12:33:47","guid":{"rendered":"https:\/\/www.priesteregg.at\/?page_id=2233"},"modified":"2026-01-13T15:15:40","modified_gmt":"2026-01-13T14:15:40","slug":"huwis-alm-garden","status":"publish","type":"page","link":"https:\/\/www.priesteregg.at\/en\/cuisine\/huwis-alm-garden\/","title":{"rendered":"Huwi\u2019s Alm + Garden"},"content":{"rendered":"<div class=\"wpb-content-wrapper\"><p>[vc_row full_width=&#8221;stretch_row&#8221; css=&#8221;.vc_custom_1563545738207{margin-top: -40px !important;margin-bottom: 5px !important;padding-top: 60px !important;padding-bottom: 25px !important;background-color: #f6f6f6 !important;}&#8221;][vc_column offset=&#8221;vc_col-lg-offset-2 vc_col-lg-8 vc_col-md-offset-2 vc_col-md-8&#8243;][vc_column_text]<\/p>\n<h1 style=\"text-align: center;\">HUWI\u2019S ALM &amp; GARDEN RESTAURANT<\/h1>\n<p style=\"text-align: center;\">A true mountain village needs to have a rustic alpine restaurant. Huwi\u2019s Alm offers traditional Pinzgau specialities and traditional meals of our own creation, just a few steps away from your Chalet. In summer, you can enjoy these delicacies in our idyllic garden restaurant with view over the Leogang Valley or the Steinberge Mountains.<\/p>\n<p>[\/vc_column_text][vc_single_image image=&#8221;8252&#8243; img_size=&#8221;full&#8221; alignment=&#8221;center&#8221; css=&#8221;&#8221;][\/vc_column][\/vc_row][vc_row css=&#8221;.vc_custom_1561991341803{margin-bottom: 5px !important;}&#8221;][vc_column][vc_column_text]<a href=\"https:\/\/www.priesteregg.at\/en\/cuisine\/\">&lt; back<\/a>[\/vc_column_text][\/vc_column][\/vc_row][vc_row el_class=&#8221;vc_row-flex&#8221; css=&#8221;.vc_custom_1560760054615{margin-bottom: 80px !important;}&#8221;][vc_column width=&#8221;1\/2&#8243;][vc_gallery type=&#8221;flexslider_slide&#8221; interval=&#8221;0&#8243; images=&#8221;5444,5448,5442,5446,5440&#8243; img_size=&#8221;full&#8221; onclick=&#8221;&#8221;][\/vc_column][vc_column width=&#8221;1\/2&#8243;][vc_column_text css=&#8221;&#8221;]<\/p>\n<h3>Huwi\u2019s Alm<\/h3>\n<p><strong>Delicacies served with love.<\/strong><\/p>\n<p>Cosy seating corners in a rustic atmosphere. Friendly staff fulfilling all your wishes. Delicacies from the kitchen and wine cellar will please your palate. All of the above and more stands for \u201cHuwi\u2019s Alm\u201d. This is a place where you can comfortably sit next to the crackling fire and soak up the cosy and authentic atmosphere; a place where you can rediscover things from the past, such as traditional woodwork and forging, handmade wooden furniture and the tiny windows that give the hut its cosy atmosphere. Over the years, our chefs have created regional specialties that have become culinary highlights, such as the legendary \u201cEat your hat\u201d meal \u2013 a gastronomic experience for the whole family; or the delicious spare ribs and Black Angus roast. If nothing of the above appeals to you, you will surely find something on our menu.[\/vc_column_text][vc_btn title=&#8221;Order a voucher&#8221; style=&#8221;classic&#8221; color=&#8221;black&#8221; link=&#8221;url:https%3A%2F%2Fwww.vbooking.de%2F(S(hm1pq3hq0xrnnbt21wvewbce))%2Fv3%2Fdetails.aspx%3Fclientid%3Dpriesteregg%26lang%3Dde%26id%3D5e4fdfbe-543c-4536-83cc-3cf6a845421b%26product%3Dfalse|title:Order%20a%20voucher|target:%20_blank|&#8221;][vc_column_text css=&#8221;&#8221;]<a href=\"https:\/\/www.priesteregg.at\/wp-content\/uploads\/Speisekarte-englisch-05.12.2025.pdf\" target=\"_blank\" rel=\"noopener\">&gt; Our menu<\/a><br \/>\n<a href=\"https:\/\/www.priesteregg.at\/wp-content\/uploads\/Speisekarte-englisch-01.09-2025.pdf\">&gt; Our specialities\u00a0<\/a>[\/vc_column_text][\/vc_column][\/vc_row][vc_row full_width=&#8221;stretch_row&#8221; el_class=&#8221;vc_row-flex&#8221; css=&#8221;.vc_custom_1560949889828{margin-bottom: 0px !important;padding-top: 60px !important;padding-bottom: 0px !important;background-color: #1f1f1f !important;}&#8221;][vc_column][vc_column_text el_class=&#8221;white&#8221;]<\/p>\n<h2>GUEST ROOMS BRUGG &amp; ALTE ALM<\/h2>\n<p>[\/vc_column_text][\/vc_column][\/vc_row][vc_row full_width=&#8221;stretch_row&#8221; el_class=&#8221;vc_row-flex&#8221; css=&#8221;.vc_custom_1562101435996{margin-bottom: 60px !important;padding-top: 20px !important;padding-bottom: 20px !important;background-color: #1f1f1f !important;}&#8221;][vc_column width=&#8221;1\/2&#8243;][vc_column_text el_class=&#8221;white&#8221;]<strong>Dinner with a view<\/strong><\/p>\n<p>Huwi\u2019s Alm\u2019s converted hayloft is a homey place characterised by ancient wood with a touch of modernity. The Brugg\u2019s giant panoramic windows offer a magnificent view over the Birnhorn and the Leogang Mountains. This room is bright and airy, not least for its open pergola where you can find a bit of romance on a mild summer\u2019s night. If you want more privacy, you can sit at one of the tables in our private corners. The Brugg also has a large grill with a fish smoker.[\/vc_column_text][\/vc_column][vc_column width=&#8221;1\/2&#8243;][vc_column_text el_class=&#8221;white&#8221;]<strong>Where it all began<\/strong><\/p>\n<p>The origins of our restaurant and Chalet village is located in this old hut, which could probably tell many stories. It all started with one room, two tables and a bar \u2013 a refreshment station of the PRIESTEREGG. It slowly grew over the years, which is probably the reason why this place has such a warm atmosphere, especially in the winter when you sit next to the crackling fire and look across the snowy valley. The old wood of the farmhouse, the candles and cushions, the delightful meals, the delicious wine and the friendly people, who feel as comfortable as you do, also add to the friendly atmosphere of this place.[\/vc_column_text][\/vc_column][\/vc_row][vc_row rtl_reverse=&#8221;yes&#8221; el_class=&#8221;vc_row-flex&#8221; css=&#8221;.vc_custom_1564586359499{margin-bottom: 60px !important;}&#8221;][vc_column width=&#8221;1\/2&#8243;][vc_column_text]<\/p>\n<h2>Garden restaurant in summer<\/h2>\n<p><strong>Open air hospitality<\/strong><\/p>\n<p>Garden restaurants in the Pinzgau region have a longstanding tradition and are equally popular amongst locals and tourists. Huwi\u2019s Alm has an idyllic garden restaurant that offers a spectacular view of the surrounding mountains. Weather-permitting, we can also set the tables outside where you can choose to sit under the lovely pergolas or in the midst of the flowers in the garden area.<\/p>\n<p>The garden restaurant is also suitable for festivities such as birthdays or weddings. When appropriately decorated for the occasion, this place seems magical, especially in the evenings when beautiful lanterns and candles are lit and the fire crackles in the large rocky fireplace.[\/vc_column_text][\/vc_column][vc_column width=&#8221;1\/2&#8243;][vc_gallery type=&#8221;flexslider_slide&#8221; interval=&#8221;0&#8243; images=&#8221;2051,2056,2057&#8243; img_size=&#8221;full&#8221;][\/vc_column][\/vc_row][vc_row equal_height=&#8221;yes&#8221; el_class=&#8221;vc_row-flex line-hor&#8221; css=&#8221;.vc_custom_1562101228691{margin-bottom: 40px !important;}&#8221;][vc_column width=&#8221;1\/2&#8243;][vc_column_text]<\/p>\n<h2 style=\"text-align: center;\">OPENING HOURS<\/h2>\n<p>[\/vc_column_text][vc_column_text css=&#8221;&#8221;]<\/p>\n<p style=\"text-align: center;\">\u00a0Seeting times: 5.30 &#8211; 7.30 pm and from 8.00 pm<br \/>\n<b>Tuesday is closing day.<\/b><\/p>\n<p style=\"text-align: center;\"><strong>\u00a0<\/strong><\/p>\n<p>[\/vc_column_text][\/vc_column][vc_column width=&#8221;1\/2&#8243;][vc_column_text css=&#8221;&#8221;]<\/p>\n<h2 style=\"text-align: center;\">Reservation<\/h2>\n<p>[\/vc_column_text][vc_column_text css=&#8221;&#8221;]<\/p>\n<p style=\"text-align: center;\">Please reserve your table for Huwi&#8217;s Alm here.<br \/>\nFor group inquiries of more than 12 people, please contact us by phone or email.<\/p>\n<p>[\/vc_column_text][vc_btn title=&#8221;Reservate a table&#8221; style=&#8221;classic&#8221; color=&#8221;black&#8221; align=&#8221;center&#8221; css=&#8221;&#8221; link=&#8221;url:https%3A%2F%2Fwww.priesteregg.at%2Fen%2Fwellness%2Fcuisine%2Fhuwis-alm-garden%2Fbook-a-table%2F|title:Reservate%20a%20table&#8221;][\/vc_column][\/vc_row][vc_row][vc_column][vc_column_text][\/vc_column_text][\/vc_column][\/vc_row][vc_row full_width=&#8221;stretch_row&#8221; el_class=&#8221;vc_row-flex thresl-hendl&#8221; css=&#8221;.vc_custom_1565349122784{margin-bottom: 0px !important;padding-top: 40px !important;padding-bottom: 0px !important;background-color: #1f1f1f !important;}&#8221;][vc_column][vc_column_text el_class=&#8221;white&#8221;]<strong>For further culinary experiences we would like to recommend our two other restaurants in Leogang.<\/strong>[\/vc_column_text][\/vc_column][\/vc_row][vc_row full_width=&#8221;stretch_row&#8221; el_class=&#8221;vc_row-flex thresl-hendl&#8221; css=&#8221;.vc_custom_1565345493371{margin-bottom: 0px !important;padding-top: 0px !important;padding-bottom: 0px !important;background-color: #1f1f1f !important;}&#8221;][vc_column width=&#8221;1\/2&#8243;][vc_single_image image=&#8221;2102&#8243; img_size=&#8221;full&#8221;][vc_column_text el_class=&#8221;white&#8221;]<\/p>\n<h2>Mama Thresl<\/h2>\n<p><strong>mama thresl\u2019s kitchen. <\/strong><\/p>\n<p>Always fresh, delicious and seasonal. We offer traditional dishes, home-made tarte flamb\u00e9e, crunchy salads, savoury steaks and delicious burgers, or simply what nature provides and our chefs feel like rustling up.<\/p>\n<p><span style=\"font-size: 12pt;\">For reservations, please contact<a href=\"tel:+43 6583 20 800\"> +43 6583 20 800<\/a><\/span>[\/vc_column_text][vc_column_text el_class=&#8221;green-white&#8221;]<a href=\"https:\/\/www.mama-thresl.com\/en\/hotel-restaurant-leogang\/tarte-flambee\/\" target=\"_blank\" rel=\"noopener noreferrer\">&gt; Lunch<\/a><br \/>\n<a href=\"https:\/\/www.mama-thresl.com\/en\/hotel-restaurant-leogang\/grill-chill\/\" target=\"_blank\" rel=\"noopener noreferrer\">&gt; Dinner<\/a><br \/>\n<a href=\"https:\/\/www.mama-thresl.com\/events-veranstaltungen\/\" target=\"_blank\" rel=\"noopener noreferrer\">&gt; Events<\/a>[\/vc_column_text][vc_btn title=&#8221;to mama thresl&#8221; style=&#8221;classic&#8221; color=&#8221;black&#8221; css=&#8221;.vc_custom_1568020331145{margin-bottom: 108px !important;}&#8221; link=&#8221;url:https%3A%2F%2Fwww.mama-thresl.com%2Fen%2F||target:%20_blank|&#8221;][vc_media_grid element_width=&#8221;6&#8243; gap=&#8221;0&#8243; item=&#8221;425&#8243; css=&#8221;.vc_custom_1562273728313{margin-bottom: 0px !important;}&#8221; grid_id=&#8221;vc_gid:1768313670637-358e09b3-23c5-6&#8243; include=&#8221;1916,1917&#8243;][\/vc_column][vc_column width=&#8221;1\/2&#8243;][vc_single_image image=&#8221;7139&#8243; img_size=&#8221;94&#215;105&#8243;][vc_column_text el_class=&#8221;white&#8221;]<\/p>\n<h2>Hendl Fischerei<\/h2>\n<p><strong>Enjoy your meal with mama thresl in the ski area<\/strong><\/p>\n<p>The hendl fischerei serves warm drinks in real cold winter weather as well as cool drinks in scorching summer temperatures. For lunch, Huwi spoils you with his world famous grilled chicken, spicy ribs or delicious fish served on a stick. Huwi\u2019s delicacies come with the typical cool DJ sound from Ibiza.<\/p>\n<p><span style=\"font-size: 12pt;\">For reservations, please contact <a href=\"tel:+43 6583 20 800 800\">+43 6583 20 800 800<\/a><\/span>[\/vc_column_text][vc_message message_box_color=&#8221;white&#8221; el_class=&#8221;badge-right small&#8221;]<\/p>\n<p style=\"text-align: center;\">Only open<br \/>\nduring<br \/>\nwinter[\/vc_message][vc_column_text el_class=&#8221;green-white&#8221;]<a href=\"https:\/\/www.hendl-fischerei.at\/en\/food-opening\/\" target=\"_blank\" rel=\"noopener noreferrer\">&gt; Food<\/a><a href=\"#\"><br \/>\n<\/a><a href=\"https:\/\/www.hendl-fischerei.at\/en\/drinks\/\" target=\"_blank\" rel=\"noopener noreferrer\">&gt; Drinks<\/a><br \/>\n<a href=\"https:\/\/www.mama-thresl.com\/events-veranstaltungen\/\" target=\"_blank\" rel=\"noopener noreferrer\">&gt; Events<\/a>[\/vc_column_text][vc_btn title=&#8221;to hendl fischerei&#8221; style=&#8221;classic&#8221; color=&#8221;black&#8221; css=&#8221;.vc_custom_1578662049172{margin-bottom: 60px !important;}&#8221; link=&#8221;url:https%3A%2F%2Fwww.hendl-fischerei.at%2Fen%2F||target:%20_blank|&#8221;][vc_media_grid element_width=&#8221;6&#8243; gap=&#8221;0&#8243; item=&#8221;425&#8243; css=&#8221;.vc_custom_1564660863541{margin-bottom: 0px !important;}&#8221; grid_id=&#8221;vc_gid:1768313670642-9f3739ac-a34b-0&#8243; include=&#8221;1914,2052&#8243;][\/vc_column][\/vc_row]<\/p>\n<\/div>","protected":false},"excerpt":{"rendered":"<p>[vc_row full_width=&#8221;stretch_row&#8221; css=&#8221;.vc_custom_1563545738207{margin-top: -40px !important;margin-bottom: 5px !important;padding-top: 60px !important;padding-bottom: 25px !important;background-color: #f6f6f6 !important;}&#8221;][vc_column offset=&#8221;vc_col-lg-offset-2 vc_col-lg-8 vc_col-md-offset-2 vc_col-md-8&#8243;][vc_column_text] HUWI\u2019S ALM &amp; GARDEN RESTAURANT A true mountain village needs to have a rustic alpine restaurant. Huwi\u2019s Alm offers traditional Pinzgau specialities and traditional meals of our own creation, just a few steps away from your Chalet. In [&hellip;]<\/p>\n","protected":false},"author":2,"featured_media":0,"parent":2227,"menu_order":1,"comment_status":"closed","ping_status":"closed","template":"","meta":{"_acf_changed":false,"footnotes":""},"class_list":["post-2233","page","type-page","status-publish","hentry"],"acf":[],"yoast_head":"<!-- This site is optimized with the Yoast SEO plugin v25.4 - https:\/\/yoast.com\/wordpress\/plugins\/seo\/ -->\n<title>Huwi\u2019s Alm + Garden - Bergdorf Priesteregg<\/title>\n<meta name=\"description\" content=\"Huwi&#039;s Alm: regional specialties \u2713 Hut food &amp; Ripperl \u2713 Lovely guest garden \u2713 wood &amp; coziness \u2713 Alm atmosphere with mountain &amp; valley views\u2713\" \/>\n<meta name=\"robots\" content=\"index, follow, max-snippet:-1, max-image-preview:large, max-video-preview:-1\" \/>\n<link rel=\"canonical\" href=\"https:\/\/www.priesteregg.at\/en\/cuisine\/huwis-alm-garden\/\" \/>\n<meta property=\"og:locale\" content=\"en_US\" \/>\n<meta property=\"og:type\" content=\"article\" \/>\n<meta property=\"og:title\" content=\"Huwi\u2019s Alm + Garden - Bergdorf Priesteregg\" \/>\n<meta property=\"og:description\" content=\"Huwi&#039;s Alm: regional specialties \u2713 Hut food &amp; Ripperl \u2713 Lovely guest garden \u2713 wood &amp; coziness \u2713 Alm atmosphere with mountain &amp; valley views\u2713\" \/>\n<meta property=\"og:url\" content=\"https:\/\/www.priesteregg.at\/en\/cuisine\/huwis-alm-garden\/\" \/>\n<meta property=\"og:site_name\" content=\"Bergdorf Priesteregg\" \/>\n<meta property=\"article:modified_time\" content=\"2026-01-13T14:15:40+00:00\" \/>\n<meta property=\"og:image\" content=\"https:\/\/www.priesteregg.at\/wp-content\/uploads\/priesteregg-chalet-luxus-ski-oesterreich-berge-winter-hotel-8.jpg\" \/>\n\t<meta property=\"og:image:width\" content=\"768\" \/>\n\t<meta property=\"og:image:height\" content=\"768\" \/>\n\t<meta property=\"og:image:type\" content=\"image\/jpeg\" \/>\n<meta name=\"twitter:card\" content=\"summary_large_image\" \/>\n<meta name=\"twitter:label1\" content=\"Est. reading time\" \/>\n\t<meta name=\"twitter:data1\" content=\"8 minutes\" \/>\n<script type=\"application\/ld+json\" class=\"yoast-schema-graph\">{\"@context\":\"https:\/\/schema.org\",\"@graph\":[{\"@type\":\"WebPage\",\"@id\":\"https:\/\/www.priesteregg.at\/en\/cuisine\/huwis-alm-garden\/\",\"url\":\"https:\/\/www.priesteregg.at\/en\/cuisine\/huwis-alm-garden\/\",\"name\":\"Huwi\u2019s Alm + Garden - Bergdorf Priesteregg\",\"isPartOf\":{\"@id\":\"https:\/\/www.priesteregg.at\/#website\"},\"datePublished\":\"2019-08-29T12:33:47+00:00\",\"dateModified\":\"2026-01-13T14:15:40+00:00\",\"description\":\"Huwi's Alm: regional specialties \u2713 Hut food & Ripperl \u2713 Lovely guest garden \u2713 wood & coziness \u2713 Alm atmosphere with mountain & valley views\u2713\",\"breadcrumb\":{\"@id\":\"https:\/\/www.priesteregg.at\/en\/cuisine\/huwis-alm-garden\/#breadcrumb\"},\"inLanguage\":\"en-US\",\"potentialAction\":[{\"@type\":\"ReadAction\",\"target\":[\"https:\/\/www.priesteregg.at\/en\/cuisine\/huwis-alm-garden\/\"]}]},{\"@type\":\"BreadcrumbList\",\"@id\":\"https:\/\/www.priesteregg.at\/en\/cuisine\/huwis-alm-garden\/#breadcrumb\",\"itemListElement\":[{\"@type\":\"ListItem\",\"position\":1,\"name\":\"Startseite\",\"item\":\"https:\/\/www.priesteregg.at\/en\/\"},{\"@type\":\"ListItem\",\"position\":2,\"name\":\"CUISINE\",\"item\":\"https:\/\/www.priesteregg.at\/en\/cuisine\/\"},{\"@type\":\"ListItem\",\"position\":3,\"name\":\"Huwi\u2019s Alm + Garden\"}]},{\"@type\":\"WebSite\",\"@id\":\"https:\/\/www.priesteregg.at\/#website\",\"url\":\"https:\/\/www.priesteregg.at\/\",\"name\":\"Bergdorf Priesteregg\",\"description\":\"Chalet, Bergh\u00fctte und Almh\u00fctten Urlaub in Leogang im Salzburger Land, \u00d6sterreich\",\"potentialAction\":[{\"@type\":\"SearchAction\",\"target\":{\"@type\":\"EntryPoint\",\"urlTemplate\":\"https:\/\/www.priesteregg.at\/?s={search_term_string}\"},\"query-input\":{\"@type\":\"PropertyValueSpecification\",\"valueRequired\":true,\"valueName\":\"search_term_string\"}}],\"inLanguage\":\"en-US\"}]}<\/script>\n<!-- \/ Yoast SEO plugin. -->","yoast_head_json":{"title":"Huwi\u2019s Alm + Garden - Bergdorf Priesteregg","description":"Huwi's Alm: regional specialties \u2713 Hut food & Ripperl \u2713 Lovely guest garden \u2713 wood & coziness \u2713 Alm atmosphere with mountain & valley views\u2713","robots":{"index":"index","follow":"follow","max-snippet":"max-snippet:-1","max-image-preview":"max-image-preview:large","max-video-preview":"max-video-preview:-1"},"canonical":"https:\/\/www.priesteregg.at\/en\/cuisine\/huwis-alm-garden\/","og_locale":"en_US","og_type":"article","og_title":"Huwi\u2019s Alm + Garden - Bergdorf Priesteregg","og_description":"Huwi's Alm: regional specialties \u2713 Hut food & Ripperl \u2713 Lovely guest garden \u2713 wood & coziness \u2713 Alm atmosphere with mountain & valley views\u2713","og_url":"https:\/\/www.priesteregg.at\/en\/cuisine\/huwis-alm-garden\/","og_site_name":"Bergdorf Priesteregg","article_modified_time":"2026-01-13T14:15:40+00:00","og_image":[{"width":768,"height":768,"url":"https:\/\/www.priesteregg.at\/wp-content\/uploads\/priesteregg-chalet-luxus-ski-oesterreich-berge-winter-hotel-8.jpg","type":"image\/jpeg"}],"twitter_card":"summary_large_image","twitter_misc":{"Est. reading time":"8 minutes"},"schema":{"@context":"https:\/\/schema.org","@graph":[{"@type":"WebPage","@id":"https:\/\/www.priesteregg.at\/en\/cuisine\/huwis-alm-garden\/","url":"https:\/\/www.priesteregg.at\/en\/cuisine\/huwis-alm-garden\/","name":"Huwi\u2019s Alm + Garden - Bergdorf Priesteregg","isPartOf":{"@id":"https:\/\/www.priesteregg.at\/#website"},"datePublished":"2019-08-29T12:33:47+00:00","dateModified":"2026-01-13T14:15:40+00:00","description":"Huwi's Alm: regional specialties \u2713 Hut food & Ripperl \u2713 Lovely guest garden \u2713 wood & coziness \u2713 Alm atmosphere with mountain & valley views\u2713","breadcrumb":{"@id":"https:\/\/www.priesteregg.at\/en\/cuisine\/huwis-alm-garden\/#breadcrumb"},"inLanguage":"en-US","potentialAction":[{"@type":"ReadAction","target":["https:\/\/www.priesteregg.at\/en\/cuisine\/huwis-alm-garden\/"]}]},{"@type":"BreadcrumbList","@id":"https:\/\/www.priesteregg.at\/en\/cuisine\/huwis-alm-garden\/#breadcrumb","itemListElement":[{"@type":"ListItem","position":1,"name":"Startseite","item":"https:\/\/www.priesteregg.at\/en\/"},{"@type":"ListItem","position":2,"name":"CUISINE","item":"https:\/\/www.priesteregg.at\/en\/cuisine\/"},{"@type":"ListItem","position":3,"name":"Huwi\u2019s Alm + Garden"}]},{"@type":"WebSite","@id":"https:\/\/www.priesteregg.at\/#website","url":"https:\/\/www.priesteregg.at\/","name":"Bergdorf Priesteregg","description":"Chalet, Bergh\u00fctte und Almh\u00fctten Urlaub in Leogang im Salzburger Land, \u00d6sterreich","potentialAction":[{"@type":"SearchAction","target":{"@type":"EntryPoint","urlTemplate":"https:\/\/www.priesteregg.at\/?s={search_term_string}"},"query-input":{"@type":"PropertyValueSpecification","valueRequired":true,"valueName":"search_term_string"}}],"inLanguage":"en-US"}]}},"_links":{"self":[{"href":"https:\/\/www.priesteregg.at\/en\/wp-json\/wp\/v2\/pages\/2233","targetHints":{"allow":["GET"]}}],"collection":[{"href":"https:\/\/www.priesteregg.at\/en\/wp-json\/wp\/v2\/pages"}],"about":[{"href":"https:\/\/www.priesteregg.at\/en\/wp-json\/wp\/v2\/types\/page"}],"author":[{"embeddable":true,"href":"https:\/\/www.priesteregg.at\/en\/wp-json\/wp\/v2\/users\/2"}],"replies":[{"embeddable":true,"href":"https:\/\/www.priesteregg.at\/en\/wp-json\/wp\/v2\/comments?post=2233"}],"version-history":[{"count":65,"href":"https:\/\/www.priesteregg.at\/en\/wp-json\/wp\/v2\/pages\/2233\/revisions"}],"predecessor-version":[{"id":9516,"href":"https:\/\/www.priesteregg.at\/en\/wp-json\/wp\/v2\/pages\/2233\/revisions\/9516"}],"up":[{"embeddable":true,"href":"https:\/\/www.priesteregg.at\/en\/wp-json\/wp\/v2\/pages\/2227"}],"wp:attachment":[{"href":"https:\/\/www.priesteregg.at\/en\/wp-json\/wp\/v2\/media?parent=2233"}],"curies":[{"name":"wp","href":"https:\/\/api.w.org\/{rel}","templated":true}]}}