{"id":2227,"date":"2019-08-29T14:12:34","date_gmt":"2019-08-29T12:12:34","guid":{"rendered":"https:\/\/www.priesteregg.at\/?page_id=2227"},"modified":"2025-12-05T11:00:43","modified_gmt":"2025-12-05T10:00:43","slug":"cuisine","status":"publish","type":"page","link":"https:\/\/www.priesteregg.at\/en\/cuisine\/","title":{"rendered":"CUISINE"},"content":{"rendered":"<div class=\"wpb-content-wrapper\"><p>[vc_row full_width=&#8221;stretch_row&#8221; css=&#8221;.vc_custom_1563545488334{margin-top: -40px !important;margin-bottom: 60px !important;padding-top: 60px !important;padding-bottom: 25px !important;background-color: #f6f6f6 !important;}&#8221;][vc_column width=&#8221;1\/5&#8243;][\/vc_column][vc_column width=&#8221;3\/5&#8243;][vc_column_text]<\/p>\n<h1 style=\"text-align: center;\">CUISINE AT PRIESTEREGG<\/h1>\n<hr \/>\n<p style=\"text-align: center;\">Food is very important to us! That\u2019s why most of our products are homemade or purchased from nearby farms and small regional producers. We bake fresh bread in our stone oven and smoke savoury bacon in our smoking chamber. The happy cows of the Pinzgau farmers provide us with fresh milk and butter.<\/p>\n<p style=\"text-align: center;\">You see, the honest and pure taste of the PRIESTEREGG delicacies are well worth the trip.<\/p>\n<p>[\/vc_column_text][vc_single_image image=&#8221;8252&#8243; img_size=&#8221;full&#8221; alignment=&#8221;center&#8221; css=&#8221;&#8221;][\/vc_column][vc_column width=&#8221;1\/5&#8243; css=&#8221;.vc_custom_1568302127966{padding-top: 40px !important;}&#8221;][vc_message message_box_color=&#8221;black&#8221; el_class=&#8221;badge-right small&#8221;]<\/p>\n<p style=\"text-align: center;\"><a href=\"https:\/\/www.vbooking.de\/(S(qak2d5nj5juu2ufyuo3zbh2l))\/v3\/booking.aspx?clientid=priesteregg&amp;lang=en\" target=\"_blank\" rel=\"noopener noreferrer\">order<br \/>\na<br \/>\nvoucher<\/a><\/p>\n<p>[\/vc_message][\/vc_column][\/vc_row][vc_row full_width=&#8221;stretch_row&#8221; disable_element=&#8221;yes&#8221; css=&#8221;.vc_custom_1568301913028{margin-top: -40px !important;margin-bottom: 60px !important;padding-top: 60px !important;padding-bottom: 25px !important;background-color: #f6f6f6 !important;}&#8221;][vc_column offset=&#8221;vc_col-lg-offset-2 vc_col-lg-8 vc_col-md-offset-2 vc_col-md-8&#8243;][vc_column_text]<\/p>\n<h1 style=\"text-align: center;\">CUISINE AT THE PRIESTEREGG<\/h1>\n<p style=\"text-align: center;\">Food is very important to us! That\u2019s why most of our products are homemade or purchased from nearby farms and small regional producers. We bake fresh bread in our stone oven and smoke savoury bacon in our smoking chamber. The happy cows of the Pinzgau farmers provide us with fresh milk and butter. The delicious honey, which is also an ingredient of our Bergdorf chocolate, comes from the small farm shop belonging to our friends Mathilde and Franz H\u00f6ttl.<\/p>\n<p style=\"text-align: center;\">You see, the honest and pure taste of the PRIESTEREGG delicacies are well worth the trip.<\/p>\n<p>[\/vc_column_text][vc_single_image image=&#8221;1824&#8243; img_size=&#8221;60&#8243; alignment=&#8221;center&#8221;][\/vc_column][\/vc_row][vc_row el_class=&#8221;vc_row-flex&#8221; css=&#8221;.vc_custom_1560760054615{margin-bottom: 80px !important;}&#8221;][vc_column width=&#8221;1\/2&#8243;][vc_single_image image=&#8221;5872&#8243; img_size=&#8221;full&#8221;][\/vc_column][vc_column width=&#8221;1\/2&#8243;][vc_column_text]<\/p>\n<h3>Huwi\u2019s Alm &amp; Garden<\/h3>\n<p><strong>Delicacies served with love<\/strong><\/p>\n<p>Cosy seating corners in a rustic atmosphere. Lovely garden with fantastic views. Friendly staff fulfilling all your wishes. Delicacies from the kitchen and the wine cellar that will please your palate. All of the above and more stands for \u201cHuwi\u2019s Alm\u201d, which is only a few steps away from your Chalet. Non-hotel guests are also welcome and can easily reach us from the town centre in Leogang.[\/vc_column_text][vc_btn title=&#8221;Discover more&#8221; style=&#8221;classic&#8221; color=&#8221;black&#8221; link=&#8221;url:https%3A%2F%2Fwww.priesteregg.at%2Fen%2Fcuisine%2Fhuwis-alm-garden%2F|title:Bergdorf%20allgemein||&#8221;][vc_column_text css=&#8221;&#8221;]<a href=\"https:\/\/www.priesteregg.at\/en\/wellness\/cuisine\/huwis-alm-garden\/book-a-table\/\" target=\"_blank\" rel=\"noopener noreferrer\">&gt; Reservate a table<\/a><br \/>\n<a href=\"https:\/\/www.priesteregg.at\/wp-content\/uploads\/Speisekarte-englisch-05.12.2025.pdf\">&gt; Our menu<\/a>[\/vc_column_text][\/vc_column][\/vc_row][vc_row rtl_reverse=&#8221;yes&#8221; el_class=&#8221;vc_row-flex&#8221; css=&#8221;.vc_custom_1564585919303{margin-bottom: 80px !important;}&#8221;][vc_column width=&#8221;1\/2&#8243;][vc_column_text css=&#8221;&#8221;]<\/p>\n<h2>DINING IN YOUR CHALET<\/h2>\n<p><strong>Private dinner<\/strong><\/p>\n<p>If you don\u2019t feel like leaving your cosy little kingdom in the evening, we are more than happy to deliver our delicious Pinzgau specialties directly to your Chalet. Every meal is freshly prepared and will be served in a big dish accompanied by a crunchy salad.[\/vc_column_text][vc_btn title=&#8221;Discover more&#8221; style=&#8221;classic&#8221; color=&#8221;black&#8221; link=&#8221;url:https%3A%2F%2Fwww.priesteregg.at%2Fen%2Fcuisine%2Fdinning-in-the-chalet%2F|title:Essen%20im%20Chalet||&#8221;][\/vc_column][vc_column width=&#8221;1\/2&#8243;][vc_single_image image=&#8221;1872&#8243; img_size=&#8221;full&#8221;][\/vc_column][\/vc_row][vc_row el_class=&#8221;vc_row-flex&#8221; css=&#8221;.vc_custom_1560760054615{margin-bottom: 80px !important;}&#8221;][vc_column width=&#8221;1\/2&#8243;][vc_single_image image=&#8221;2053&#8243; img_size=&#8221;full&#8221;][\/vc_column][vc_column width=&#8221;1\/2&#8243;][vc_column_text css=&#8221;&#8221;]<\/p>\n<h2>OUR SPECIALITIES<\/h2>\n<p><strong>Have you ever eaten a hat?<\/strong><\/p>\n<p>This culinary highlight is served in a hot iron hat which is placed in the centre of the beautifully laid table and heated with a paste burner. The hat\u2019s brim is filled with a hearty beef soup and delicious Julienne vegetables. For the meat, everyone places their pork or Black Angus loin, which has been marinated by our chefs, on the hot hat. It\u2019s up to you whether you prefer this special delicacy rare, medium or well done! This substantial meal is accompanied by a crunchy salad, freshly prepared garlic bread, various sauces and baked potatoes from an organic farm.[\/vc_column_text][vc_btn title=&#8221;Discover more&#8221; style=&#8221;classic&#8221; color=&#8221;black&#8221; link=&#8221;url:https%3A%2F%2Fwww.priesteregg.at%2Fen%2Fcuisine%2Four-specialities%2F|title:Wellness%20im%20Chalet||&#8221;][\/vc_column][\/vc_row][vc_row full_width=&#8221;stretch_row&#8221; el_class=&#8221;vc_row-flex thresl-hendl&#8221; css=&#8221;.vc_custom_1565348917010{margin-bottom: 0px !important;padding-top: 40px !important;padding-bottom: 0px !important;background-color: #1f1f1f !important;}&#8221;][vc_column][vc_column_text el_class=&#8221;white&#8221;]For further culinary experiences we would like to recommend our two other restaurants in Leogang.[\/vc_column_text][\/vc_column][\/vc_row][vc_row full_width=&#8221;stretch_row&#8221; el_class=&#8221;vc_row-flex thresl-hendl&#8221; css=&#8221;.vc_custom_1565345166270{margin-bottom: 0px !important;padding-top: 0px !important;padding-bottom: 0px !important;background-color: #1f1f1f !important;}&#8221;][vc_column width=&#8221;1\/2&#8243;][vc_single_image image=&#8221;2102&#8243; img_size=&#8221;full&#8221;][vc_column_text el_class=&#8221;white&#8221;]<\/p>\n<h2>Mama Thresl<\/h2>\n<p><strong>mama thresl\u2019s kitchen. <\/strong><\/p>\n<p>Always fresh, delicious and seasonal. We offer traditional dishes, home-made tarte flamb\u00e9e, crunchy salads, savoury steaks and delicious burgers, or simply what nature provides and our chefs feel like rustling up.<\/p>\n<p><span style=\"font-size: 12pt;\">For reservations, please contact<a href=\"tel:+43 6583 20 800\"> +43 6583 20 800<\/a><\/span>[\/vc_column_text][vc_column_text el_class=&#8221;green-white&#8221;]<a href=\"https:\/\/www.mama-thresl.com\/en\/hotel-restaurant-leogang\/tarte-flambee\/\" target=\"_blank\" rel=\"noopener noreferrer\">&gt; <\/a><a href=\"https:\/\/www.mama-thresl.com\/en\/hotel-restaurant-leogang\/tarte-flambee\/\" target=\"_blank\" rel=\"noopener noreferrer\">Lunch menu<\/a><br \/>\n<a href=\"https:\/\/www.priesteregg.at\/wp-content\/uploads\/chillgrill_mama-thresl_Sommer-2019.pdf\" target=\"_blank\" rel=\"noopener noreferrer\">&gt; <\/a><a href=\"https:\/\/www.mama-thresl.com\/en\/hotel-restaurant-leogang\/grill-chill\/\" target=\"_blank\" rel=\"noopener noreferrer\">Dinner menu<\/a><br \/>\n<a href=\"https:\/\/www.mama-thresl.com\/en\/events-veranstaltungen\/\" target=\"_blank\" rel=\"noopener noreferrer\">&gt; Events<\/a>[\/vc_column_text][vc_btn title=&#8221;To mama thresl&#8221; style=&#8221;classic&#8221; color=&#8221;black&#8221; css=&#8221;.vc_custom_1568020188289{margin-bottom: 78px !important;}&#8221; link=&#8221;url:https%3A%2F%2Fwww.mama-thresl.com%2Fen%2F||target:%20_blank|&#8221;][vc_media_grid element_width=&#8221;6&#8243; gap=&#8221;0&#8243; item=&#8221;425&#8243; css=&#8221;.vc_custom_1562273299289{margin-bottom: 0px !important;}&#8221; grid_id=&#8221;vc_gid:1764928795409-1e17b87f-26cd-10&#8243; include=&#8221;1916,1917&#8243;][\/vc_column][vc_column width=&#8221;1\/2&#8243;][vc_single_image image=&#8221;7139&#8243; img_size=&#8221;94&#215;105&#8243;][vc_column_text el_class=&#8221;white&#8221;]<\/p>\n<h2>Hendl Fischerei<\/h2>\n<p><strong>Enjoy your meal with mama thresl in the ski area<\/strong><\/p>\n<p>The hendl fischerei serves warm drinks in real cold winter weather as well as cool drinks in scorching summer temperatures. For lunch, Huwi spoils you with his world famous grilled chicken, spicy ribs or delicious fish served on a stick. Huwi\u2019s delicacies come with the typical cool DJ sound from Ibiza.<br \/>\n<span style=\"font-size: 12pt;\">For reservations, please contact <a href=\"tel:+43 6583 20 800 800\">+43 6583 20 800 800<\/a><\/span>[\/vc_column_text][vc_message message_box_color=&#8221;white&#8221; el_class=&#8221;badge-right small&#8221;]<\/p>\n<p style=\"text-align: center;\">Only open<br \/>\nduring<br \/>\nwinter<\/p>\n<p>[\/vc_message][vc_column_text el_class=&#8221;green-white&#8221;]<a href=\"https:\/\/www.hendl-fischerei.at\/en\/food\/\" target=\"_blank\" rel=\"noopener noreferrer\">&gt; Food<\/a><a href=\"#\"><br \/>\n<\/a><a href=\"https:\/\/www.hendl-fischerei.at\/en\/drinks\/\" target=\"_blank\" rel=\"noopener noreferrer\">&gt; Drinks<\/a><br \/>\n<a href=\"https:\/\/www.mama-thresl.com\/events-veranstaltungen\/\" target=\"_blank\" rel=\"noopener noreferrer\">&gt; Events<\/a>[\/vc_column_text][vc_btn title=&#8221;To hendl fischerei&#8221; style=&#8221;classic&#8221; color=&#8221;black&#8221; css=&#8221;.vc_custom_1578663138330{margin-bottom: 60px !important;}&#8221; link=&#8221;url:https%3A%2F%2Fwww.hendl-fischerei.at%2Fen%2F||target:%20_blank|&#8221;][vc_media_grid element_width=&#8221;6&#8243; gap=&#8221;0&#8243; item=&#8221;425&#8243; css=&#8221;.vc_custom_1564661173113{margin-bottom: 0px !important;}&#8221; grid_id=&#8221;vc_gid:1764928795414-82b157b3-7950-7&#8243; include=&#8221;1914,2052&#8243;][\/vc_column][\/vc_row]<\/p>\n<\/div>","protected":false},"excerpt":{"rendered":"<p>[vc_row full_width=&#8221;stretch_row&#8221; css=&#8221;.vc_custom_1563545488334{margin-top: -40px !important;margin-bottom: 60px !important;padding-top: 60px !important;padding-bottom: 25px !important;background-color: #f6f6f6 !important;}&#8221;][vc_column width=&#8221;1\/5&#8243;][\/vc_column][vc_column width=&#8221;3\/5&#8243;][vc_column_text] CUISINE AT PRIESTEREGG Food is very important to us! That\u2019s why most of our products are homemade or purchased from nearby farms and small regional producers. We bake fresh bread in our stone oven and smoke savoury bacon in our [&hellip;]<\/p>\n","protected":false},"author":2,"featured_media":0,"parent":0,"menu_order":5,"comment_status":"closed","ping_status":"closed","template":"","meta":{"_acf_changed":false,"footnotes":""},"class_list":["post-2227","page","type-page","status-publish","hentry"],"acf":[],"yoast_head":"<!-- This site is optimized with the Yoast SEO plugin v25.4 - https:\/\/yoast.com\/wordpress\/plugins\/seo\/ -->\n<title>CUISINE - Bergdorf Priesteregg<\/title>\n<meta name=\"description\" content=\"Restaurant with regional specialties \u2713 Hat food &amp; ribs \u2713 Beautiful guest garden \u2713 Lots of wood &amp; coziness \u2713 Parties &amp; celebrations.\" \/>\n<meta name=\"robots\" content=\"index, follow, max-snippet:-1, max-image-preview:large, max-video-preview:-1\" \/>\n<link rel=\"canonical\" href=\"https:\/\/www.priesteregg.at\/en\/cuisine\/\" \/>\n<meta property=\"og:locale\" content=\"en_US\" \/>\n<meta property=\"og:type\" content=\"article\" \/>\n<meta property=\"og:title\" content=\"CUISINE - Bergdorf Priesteregg\" \/>\n<meta property=\"og:description\" content=\"Restaurant with regional specialties \u2713 Hat food &amp; ribs \u2713 Beautiful guest garden \u2713 Lots of wood &amp; coziness \u2713 Parties &amp; celebrations.\" \/>\n<meta property=\"og:url\" content=\"https:\/\/www.priesteregg.at\/en\/cuisine\/\" \/>\n<meta property=\"og:site_name\" content=\"Bergdorf Priesteregg\" \/>\n<meta property=\"article:modified_time\" content=\"2025-12-05T10:00:43+00:00\" \/>\n<meta property=\"og:image\" content=\"https:\/\/www.priesteregg.at\/wp-content\/uploads\/priesteregg-chalet-luxus-ski-oesterreich-berge-winter-hotel-8.jpg\" \/>\n\t<meta property=\"og:image:width\" content=\"768\" \/>\n\t<meta property=\"og:image:height\" content=\"768\" \/>\n\t<meta property=\"og:image:type\" content=\"image\/jpeg\" \/>\n<meta name=\"twitter:card\" content=\"summary_large_image\" \/>\n<meta name=\"twitter:label1\" content=\"Est. reading time\" \/>\n\t<meta name=\"twitter:data1\" content=\"5 minutes\" \/>\n<script type=\"application\/ld+json\" class=\"yoast-schema-graph\">{\"@context\":\"https:\/\/schema.org\",\"@graph\":[{\"@type\":\"WebPage\",\"@id\":\"https:\/\/www.priesteregg.at\/en\/cuisine\/\",\"url\":\"https:\/\/www.priesteregg.at\/en\/cuisine\/\",\"name\":\"CUISINE - Bergdorf Priesteregg\",\"isPartOf\":{\"@id\":\"https:\/\/www.priesteregg.at\/#website\"},\"datePublished\":\"2019-08-29T12:12:34+00:00\",\"dateModified\":\"2025-12-05T10:00:43+00:00\",\"description\":\"Restaurant with regional specialties \u2713 Hat food & ribs \u2713 Beautiful guest garden \u2713 Lots of wood & coziness \u2713 Parties & celebrations.\",\"breadcrumb\":{\"@id\":\"https:\/\/www.priesteregg.at\/en\/cuisine\/#breadcrumb\"},\"inLanguage\":\"en-US\",\"potentialAction\":[{\"@type\":\"ReadAction\",\"target\":[\"https:\/\/www.priesteregg.at\/en\/cuisine\/\"]}]},{\"@type\":\"BreadcrumbList\",\"@id\":\"https:\/\/www.priesteregg.at\/en\/cuisine\/#breadcrumb\",\"itemListElement\":[{\"@type\":\"ListItem\",\"position\":1,\"name\":\"Startseite\",\"item\":\"https:\/\/www.priesteregg.at\/en\/\"},{\"@type\":\"ListItem\",\"position\":2,\"name\":\"CUISINE\"}]},{\"@type\":\"WebSite\",\"@id\":\"https:\/\/www.priesteregg.at\/#website\",\"url\":\"https:\/\/www.priesteregg.at\/\",\"name\":\"Bergdorf Priesteregg\",\"description\":\"Chalet, Bergh\u00fctte und Almh\u00fctten Urlaub in Leogang im Salzburger Land, \u00d6sterreich\",\"potentialAction\":[{\"@type\":\"SearchAction\",\"target\":{\"@type\":\"EntryPoint\",\"urlTemplate\":\"https:\/\/www.priesteregg.at\/?s={search_term_string}\"},\"query-input\":{\"@type\":\"PropertyValueSpecification\",\"valueRequired\":true,\"valueName\":\"search_term_string\"}}],\"inLanguage\":\"en-US\"}]}<\/script>\n<!-- \/ Yoast SEO plugin. -->","yoast_head_json":{"title":"CUISINE - Bergdorf Priesteregg","description":"Restaurant with regional specialties \u2713 Hat food & ribs \u2713 Beautiful guest garden \u2713 Lots of wood & coziness \u2713 Parties & celebrations.","robots":{"index":"index","follow":"follow","max-snippet":"max-snippet:-1","max-image-preview":"max-image-preview:large","max-video-preview":"max-video-preview:-1"},"canonical":"https:\/\/www.priesteregg.at\/en\/cuisine\/","og_locale":"en_US","og_type":"article","og_title":"CUISINE - Bergdorf Priesteregg","og_description":"Restaurant with regional specialties \u2713 Hat food & ribs \u2713 Beautiful guest garden \u2713 Lots of wood & coziness \u2713 Parties & celebrations.","og_url":"https:\/\/www.priesteregg.at\/en\/cuisine\/","og_site_name":"Bergdorf Priesteregg","article_modified_time":"2025-12-05T10:00:43+00:00","og_image":[{"width":768,"height":768,"url":"https:\/\/www.priesteregg.at\/wp-content\/uploads\/priesteregg-chalet-luxus-ski-oesterreich-berge-winter-hotel-8.jpg","type":"image\/jpeg"}],"twitter_card":"summary_large_image","twitter_misc":{"Est. reading time":"5 minutes"},"schema":{"@context":"https:\/\/schema.org","@graph":[{"@type":"WebPage","@id":"https:\/\/www.priesteregg.at\/en\/cuisine\/","url":"https:\/\/www.priesteregg.at\/en\/cuisine\/","name":"CUISINE - Bergdorf Priesteregg","isPartOf":{"@id":"https:\/\/www.priesteregg.at\/#website"},"datePublished":"2019-08-29T12:12:34+00:00","dateModified":"2025-12-05T10:00:43+00:00","description":"Restaurant with regional specialties \u2713 Hat food & ribs \u2713 Beautiful guest garden \u2713 Lots of wood & coziness \u2713 Parties & celebrations.","breadcrumb":{"@id":"https:\/\/www.priesteregg.at\/en\/cuisine\/#breadcrumb"},"inLanguage":"en-US","potentialAction":[{"@type":"ReadAction","target":["https:\/\/www.priesteregg.at\/en\/cuisine\/"]}]},{"@type":"BreadcrumbList","@id":"https:\/\/www.priesteregg.at\/en\/cuisine\/#breadcrumb","itemListElement":[{"@type":"ListItem","position":1,"name":"Startseite","item":"https:\/\/www.priesteregg.at\/en\/"},{"@type":"ListItem","position":2,"name":"CUISINE"}]},{"@type":"WebSite","@id":"https:\/\/www.priesteregg.at\/#website","url":"https:\/\/www.priesteregg.at\/","name":"Bergdorf Priesteregg","description":"Chalet, Bergh\u00fctte und Almh\u00fctten Urlaub in Leogang im Salzburger Land, \u00d6sterreich","potentialAction":[{"@type":"SearchAction","target":{"@type":"EntryPoint","urlTemplate":"https:\/\/www.priesteregg.at\/?s={search_term_string}"},"query-input":{"@type":"PropertyValueSpecification","valueRequired":true,"valueName":"search_term_string"}}],"inLanguage":"en-US"}]}},"_links":{"self":[{"href":"https:\/\/www.priesteregg.at\/en\/wp-json\/wp\/v2\/pages\/2227","targetHints":{"allow":["GET"]}}],"collection":[{"href":"https:\/\/www.priesteregg.at\/en\/wp-json\/wp\/v2\/pages"}],"about":[{"href":"https:\/\/www.priesteregg.at\/en\/wp-json\/wp\/v2\/types\/page"}],"author":[{"embeddable":true,"href":"https:\/\/www.priesteregg.at\/en\/wp-json\/wp\/v2\/users\/2"}],"replies":[{"embeddable":true,"href":"https:\/\/www.priesteregg.at\/en\/wp-json\/wp\/v2\/comments?post=2227"}],"version-history":[{"count":46,"href":"https:\/\/www.priesteregg.at\/en\/wp-json\/wp\/v2\/pages\/2227\/revisions"}],"predecessor-version":[{"id":9415,"href":"https:\/\/www.priesteregg.at\/en\/wp-json\/wp\/v2\/pages\/2227\/revisions\/9415"}],"wp:attachment":[{"href":"https:\/\/www.priesteregg.at\/en\/wp-json\/wp\/v2\/media?parent=2227"}],"curies":[{"name":"wp","href":"https:\/\/api.w.org\/{rel}","templated":true}]}}