{"id":2223,"date":"2019-08-29T14:01:10","date_gmt":"2019-08-29T12:01:10","guid":{"rendered":"https:\/\/www.priesteregg.at\/?page_id=2223"},"modified":"2021-12-09T13:25:20","modified_gmt":"2021-12-09T12:25:20","slug":"yoga","status":"publish","type":"page","link":"https:\/\/www.priesteregg.at\/en\/wellness\/yoga\/","title":{"rendered":"Yoga"},"content":{"rendered":"<div class=\"wpb-content-wrapper\"><p>[vc_row full_width=&#8221;stretch_row&#8221; css=&#8221;.vc_custom_1563541218061{margin-top: -40px !important;margin-bottom: 40px !important;padding-top: 60px !important;padding-bottom: 35px !important;background-color: #f6f6f6 !important;}&#8221;][vc_column width=&#8221;2\/3&#8243; offset=&#8221;vc_col-lg-offset-2&#8243;][vc_column_text]<\/p>\n<h1 style=\"text-align: center;\">Yoga at the Priesteregg<\/h1>\n<hr \/>\n<p style=\"text-align: center;\">Rediscover yourself!<\/p>\n<p style=\"text-align: center;\">Here at the PRIESTEREGG, you practice yoga in the most beautiful places and receive the best possible instructions. Our instructors show you how to feel your body, mind and soul and unite them over and over again. Yoga at the PRIESTEREGG teaches you how to feel your body with all senses and bring it back into harmony. This will help you find focused concentration and inner peace again.<\/p>\n<p>[\/vc_column_text][\/vc_column][\/vc_row][vc_row css=&#8221;.vc_custom_1561989717112{margin-bottom: 20px !important;}&#8221;][vc_column css=&#8221;.vc_custom_1561990511231{padding-top: 0px !important;}&#8221;][vc_column_text css=&#8221;.vc_custom_1567079751597{margin-bottom: 20px !important;}&#8221;]<a href=\"https:\/\/www.priesteregg.at\/en\/wellbeing\/\">&lt; back<\/a>[\/vc_column_text][\/vc_column][\/vc_row][vc_row css=&#8221;.vc_custom_1561989717112{margin-bottom: 20px !important;}&#8221;][vc_column css=&#8221;.vc_custom_1561990511231{padding-top: 0px !important;}&#8221;][vc_column_text css=&#8221;.vc_custom_1564566706978{margin-bottom: 20px !important;}&#8221;]<\/p>\n<h2>Yoga<\/h2>\n<p>[\/vc_column_text][\/vc_column][\/vc_row][vc_row el_class=&#8221;vc_row-flex&#8221;][vc_column width=&#8221;1\/2&#8243;][vc_column_text]<\/p>\n<h4>Special places<\/h4>\n<p><strong>Outdoor:<\/strong><\/p>\n<ul>\n<li>Our platforms with a beautiful mountain panorama view directly behind the Chalets in the forest<\/li>\n<li>up on the Hochalm &#8211; an extraordinary place far away from civilisation<\/li>\n<li>platform at the outdoor nature pool<\/li>\n<li><a href=\"https:\/\/www.mama-thresl.com\/en\/pure-relaxation-in-austria\/\" target=\"_blank\" rel=\"noopener noreferrer\">ROOFTOP AT MAMA THRESL <\/a>with a mountain panorama view<\/li>\n<\/ul>\n<p><strong>Indoor:<\/strong><\/p>\n<ul>\n<li>the \u201ethink tank\u201c at the <a href=\"http:\/\/www.mama-thresl.com\/en\">mama thresl<\/a> hotel<\/li>\n<li>the <a href=\"https:\/\/www.priesteregg.at\/en\/wellbeing\/priesteregg-bad\/\" target=\"_blank\" rel=\"noopener noreferrer\">PRIESTEREGG BAD <\/a>(from 19 December)<\/li>\n<\/ul>\n<p>These places offer you the opportunity to enjoy the nature to the fullest while practicing Asanas and drawing new strength from them.<\/p>\n<p>We are happy to give you more information on our yoga programme or private yoga lessons once you are here or prior your stay by email or telephone.<\/p>\n<p><strong>Telephone +43 6583 82550<\/strong><\/p>\n<p><a href=\"https:\/\/www.priesteregg.at\/en\/events-incentives\/specials-2019-2020\/\" target=\"_blank\" rel=\"noopener noreferrer\">&gt; Yoga and travel specials at the Priesteregg<\/a>[\/vc_column_text][vc_btn title=&#8221;Send a message&#8221; style=&#8221;classic&#8221; color=&#8221;black&#8221; link=&#8221;url:https%3A%2F%2Fwww.priesteregg.at%2Fen%2Fcontact%2F%3Fsubject%3DSubject%3A%20Yoga|title:Kontakt|target:%20_blank|&#8221;][vc_column_text]mama thresl\u2019s event calendar is also full of yoga retreats. Have a look![\/vc_column_text][vc_column_text]<a href=\"https:\/\/www.mama-thresl.com\/en\/events-veranstaltungen\/\" target=\"_blank\" rel=\"noopener noreferrer\">&gt; Event calender<\/a>[\/vc_column_text][\/vc_column][vc_column width=&#8221;1\/2&#8243;][vc_column_text]<\/p>\n<h4><strong>Renate Oberlader, <\/strong><strong>yoga instructor<\/strong><\/h4>\n<ul>\n<li>Vinyasa Power Yoga instructor<\/li>\n<li>Bodega Move and Bodega Reflow instructor<\/li>\n<li>Fasciae Yoga instructor<\/li>\n<li>Qualified Austrian mountain bike guide<\/li>\n<li>Former ski racer<\/li>\n<li>Ski instructor<\/li>\n<li>Masseuse, additional training in acupuncture and lymphatic drainage<\/li>\n<\/ul>\n<p>[\/vc_column_text][vc_single_image image=&#8221;1771&#8243; img_size=&#8221;full&#8221;][\/vc_column][\/vc_row]<\/p>\n<\/div>","protected":false},"excerpt":{"rendered":"<p>[vc_row full_width=&#8221;stretch_row&#8221; css=&#8221;.vc_custom_1563541218061{margin-top: -40px !important;margin-bottom: 40px !important;padding-top: 60px !important;padding-bottom: 35px !important;background-color: #f6f6f6 !important;}&#8221;][vc_column width=&#8221;2\/3&#8243; offset=&#8221;vc_col-lg-offset-2&#8243;][vc_column_text] Yoga at the Priesteregg Rediscover yourself! Here at the PRIESTEREGG, you practice yoga in the most beautiful places and receive the best possible instructions. Our instructors show you how to feel your body, mind and soul and unite them over [&hellip;]<\/p>\n","protected":false},"author":2,"featured_media":0,"parent":2195,"menu_order":7,"comment_status":"closed","ping_status":"closed","template":"","meta":{"_acf_changed":false,"footnotes":""},"class_list":["post-2223","page","type-page","status-publish","hentry"],"acf":[],"yoast_head":"<!-- This site is optimized with the Yoast SEO plugin v25.4 - https:\/\/yoast.com\/wordpress\/plugins\/seo\/ -->\n<title>Yoga - Bergdorf Priesteregg<\/title>\n<meta name=\"description\" content=\"YOGA in special places in the beautiful mountain world of Leogang \u2713 Yoga platforms on the edge of the forest with panoramic views \u2713\" \/>\n<meta name=\"robots\" content=\"index, follow, max-snippet:-1, max-image-preview:large, max-video-preview:-1\" \/>\n<link rel=\"canonical\" href=\"https:\/\/www.priesteregg.at\/en\/wellness\/yoga\/\" \/>\n<meta property=\"og:locale\" content=\"en_US\" \/>\n<meta property=\"og:type\" content=\"article\" \/>\n<meta property=\"og:title\" content=\"Yoga - Bergdorf Priesteregg\" \/>\n<meta property=\"og:description\" content=\"YOGA in special places in the beautiful mountain world of Leogang \u2713 Yoga platforms on the edge of the forest with panoramic views \u2713\" \/>\n<meta property=\"og:url\" content=\"https:\/\/www.priesteregg.at\/en\/wellness\/yoga\/\" \/>\n<meta property=\"og:site_name\" content=\"Bergdorf Priesteregg\" \/>\n<meta property=\"article:modified_time\" content=\"2021-12-09T12:25:20+00:00\" \/>\n<meta property=\"og:image\" content=\"https:\/\/www.priesteregg.at\/wp-content\/uploads\/priesteregg-chalet-luxus-ski-oesterreich-berge-winter-hotel-8.jpg\" \/>\n\t<meta property=\"og:image:width\" content=\"768\" \/>\n\t<meta property=\"og:image:height\" content=\"768\" \/>\n\t<meta property=\"og:image:type\" content=\"image\/jpeg\" \/>\n<meta name=\"twitter:card\" content=\"summary_large_image\" \/>\n<meta name=\"twitter:label1\" content=\"Est. reading time\" \/>\n\t<meta name=\"twitter:data1\" content=\"2 minutes\" \/>\n<script type=\"application\/ld+json\" class=\"yoast-schema-graph\">{\"@context\":\"https:\/\/schema.org\",\"@graph\":[{\"@type\":\"WebPage\",\"@id\":\"https:\/\/www.priesteregg.at\/en\/wellness\/yoga\/\",\"url\":\"https:\/\/www.priesteregg.at\/en\/wellness\/yoga\/\",\"name\":\"Yoga - Bergdorf Priesteregg\",\"isPartOf\":{\"@id\":\"https:\/\/www.priesteregg.at\/#website\"},\"datePublished\":\"2019-08-29T12:01:10+00:00\",\"dateModified\":\"2021-12-09T12:25:20+00:00\",\"description\":\"YOGA in special places in the beautiful mountain world of Leogang \u2713 Yoga platforms on the edge of the forest with panoramic views \u2713\",\"breadcrumb\":{\"@id\":\"https:\/\/www.priesteregg.at\/en\/wellness\/yoga\/#breadcrumb\"},\"inLanguage\":\"en-US\",\"potentialAction\":[{\"@type\":\"ReadAction\",\"target\":[\"https:\/\/www.priesteregg.at\/en\/wellness\/yoga\/\"]}]},{\"@type\":\"BreadcrumbList\",\"@id\":\"https:\/\/www.priesteregg.at\/en\/wellness\/yoga\/#breadcrumb\",\"itemListElement\":[{\"@type\":\"ListItem\",\"position\":1,\"name\":\"Startseite\",\"item\":\"https:\/\/www.priesteregg.at\/en\/\"},{\"@type\":\"ListItem\",\"position\":2,\"name\":\"Wellness\",\"item\":\"https:\/\/www.priesteregg.at\/en\/wellness\/\"},{\"@type\":\"ListItem\",\"position\":3,\"name\":\"Yoga\"}]},{\"@type\":\"WebSite\",\"@id\":\"https:\/\/www.priesteregg.at\/#website\",\"url\":\"https:\/\/www.priesteregg.at\/\",\"name\":\"Bergdorf Priesteregg\",\"description\":\"Chalet, Bergh\u00fctte und Almh\u00fctten Urlaub in Leogang im Salzburger Land, \u00d6sterreich\",\"potentialAction\":[{\"@type\":\"SearchAction\",\"target\":{\"@type\":\"EntryPoint\",\"urlTemplate\":\"https:\/\/www.priesteregg.at\/?s={search_term_string}\"},\"query-input\":{\"@type\":\"PropertyValueSpecification\",\"valueRequired\":true,\"valueName\":\"search_term_string\"}}],\"inLanguage\":\"en-US\"}]}<\/script>\n<!-- \/ Yoast SEO plugin. -->","yoast_head_json":{"title":"Yoga - Bergdorf Priesteregg","description":"YOGA in special places in the beautiful mountain world of Leogang \u2713 Yoga platforms on the edge of the forest with panoramic views \u2713","robots":{"index":"index","follow":"follow","max-snippet":"max-snippet:-1","max-image-preview":"max-image-preview:large","max-video-preview":"max-video-preview:-1"},"canonical":"https:\/\/www.priesteregg.at\/en\/wellness\/yoga\/","og_locale":"en_US","og_type":"article","og_title":"Yoga - Bergdorf Priesteregg","og_description":"YOGA in special places in the beautiful mountain world of Leogang \u2713 Yoga platforms on the edge of the forest with panoramic views \u2713","og_url":"https:\/\/www.priesteregg.at\/en\/wellness\/yoga\/","og_site_name":"Bergdorf Priesteregg","article_modified_time":"2021-12-09T12:25:20+00:00","og_image":[{"width":768,"height":768,"url":"https:\/\/www.priesteregg.at\/wp-content\/uploads\/priesteregg-chalet-luxus-ski-oesterreich-berge-winter-hotel-8.jpg","type":"image\/jpeg"}],"twitter_card":"summary_large_image","twitter_misc":{"Est. reading time":"2 minutes"},"schema":{"@context":"https:\/\/schema.org","@graph":[{"@type":"WebPage","@id":"https:\/\/www.priesteregg.at\/en\/wellness\/yoga\/","url":"https:\/\/www.priesteregg.at\/en\/wellness\/yoga\/","name":"Yoga - Bergdorf Priesteregg","isPartOf":{"@id":"https:\/\/www.priesteregg.at\/#website"},"datePublished":"2019-08-29T12:01:10+00:00","dateModified":"2021-12-09T12:25:20+00:00","description":"YOGA in special places in the beautiful mountain world of Leogang \u2713 Yoga platforms on the edge of the forest with panoramic views \u2713","breadcrumb":{"@id":"https:\/\/www.priesteregg.at\/en\/wellness\/yoga\/#breadcrumb"},"inLanguage":"en-US","potentialAction":[{"@type":"ReadAction","target":["https:\/\/www.priesteregg.at\/en\/wellness\/yoga\/"]}]},{"@type":"BreadcrumbList","@id":"https:\/\/www.priesteregg.at\/en\/wellness\/yoga\/#breadcrumb","itemListElement":[{"@type":"ListItem","position":1,"name":"Startseite","item":"https:\/\/www.priesteregg.at\/en\/"},{"@type":"ListItem","position":2,"name":"Wellness","item":"https:\/\/www.priesteregg.at\/en\/wellness\/"},{"@type":"ListItem","position":3,"name":"Yoga"}]},{"@type":"WebSite","@id":"https:\/\/www.priesteregg.at\/#website","url":"https:\/\/www.priesteregg.at\/","name":"Bergdorf Priesteregg","description":"Chalet, Bergh\u00fctte und Almh\u00fctten Urlaub in Leogang im Salzburger Land, \u00d6sterreich","potentialAction":[{"@type":"SearchAction","target":{"@type":"EntryPoint","urlTemplate":"https:\/\/www.priesteregg.at\/?s={search_term_string}"},"query-input":{"@type":"PropertyValueSpecification","valueRequired":true,"valueName":"search_term_string"}}],"inLanguage":"en-US"}]}},"_links":{"self":[{"href":"https:\/\/www.priesteregg.at\/en\/wp-json\/wp\/v2\/pages\/2223","targetHints":{"allow":["GET"]}}],"collection":[{"href":"https:\/\/www.priesteregg.at\/en\/wp-json\/wp\/v2\/pages"}],"about":[{"href":"https:\/\/www.priesteregg.at\/en\/wp-json\/wp\/v2\/types\/page"}],"author":[{"embeddable":true,"href":"https:\/\/www.priesteregg.at\/en\/wp-json\/wp\/v2\/users\/2"}],"replies":[{"embeddable":true,"href":"https:\/\/www.priesteregg.at\/en\/wp-json\/wp\/v2\/comments?post=2223"}],"version-history":[{"count":9,"href":"https:\/\/www.priesteregg.at\/en\/wp-json\/wp\/v2\/pages\/2223\/revisions"}],"predecessor-version":[{"id":2702,"href":"https:\/\/www.priesteregg.at\/en\/wp-json\/wp\/v2\/pages\/2223\/revisions\/2702"}],"up":[{"embeddable":true,"href":"https:\/\/www.priesteregg.at\/en\/wp-json\/wp\/v2\/pages\/2195"}],"wp:attachment":[{"href":"https:\/\/www.priesteregg.at\/en\/wp-json\/wp\/v2\/media?parent=2223"}],"curies":[{"name":"wp","href":"https:\/\/api.w.org\/{rel}","templated":true}]}}