{"id":2219,"date":"2019-08-29T13:46:39","date_gmt":"2019-08-29T11:46:39","guid":{"rendered":"https:\/\/www.priesteregg.at\/?page_id=2219"},"modified":"2026-03-31T11:02:53","modified_gmt":"2026-03-31T09:02:53","slug":"priesteregg-bath","status":"publish","type":"page","link":"https:\/\/www.priesteregg.at\/en\/wellness\/priesteregg-bath\/","title":{"rendered":"Priesteregg Bad"},"content":{"rendered":"<div class=\"wpb-content-wrapper\"><p>[vc_row full_width=&#8221;stretch_row&#8221; disable_element=&#8221;yes&#8221; css=&#8221;.vc_custom_1578409795163{margin-top: -40px !important;margin-bottom: 60px !important;padding-top: 60px !important;padding-bottom: 40px !important;background-color: #d1cec5 !important;}&#8221;][vc_column][vc_column_text]<a href=\"https:\/\/www.priesteregg.at\/en\/wellbeing\/\"><span style=\"color: #000000;\">&lt; back<\/span><\/a>[\/vc_column_text][vc_message message_box_color=&#8221;white&#8221; el_class=&#8221;badge-right absolute etaner&#8221;]<\/p>\n<p style=\"text-align: center;\">New<br \/>\nDez<br \/>\n2019<\/p>\n<p>[\/vc_message][vc_column_text el_class=&#8221;etaner&#8221;]<\/p>\n<h1 style=\"text-align: center;\">Priesteregg BAD<\/h1>\n<h2 style=\"text-align: center;\">WELLBEING AND RELAXATION:<\/h2>\n<p style=\"text-align: center;\">These are two wonderful ways<br \/>\nto forget everyday life.<br \/>\nSoon the PRIESTEREGG will offer both<br \/>\nin two different locations.<\/p>\n<p style=\"text-align: center;\">As before,<br \/>\nyou can receive your treatments in your Chalet;<br \/>\nfrom December 2019, the new PRIESTEREGG BAD<br \/>\noffers you the opportunity to find wellbeing and relax<br \/>\nright behind Huwi\u2019s Alm.<\/p>\n<p>[\/vc_column_text][vc_btn title=&#8221;Subscribe to our newsletter&#8221; style=&#8221;classic&#8221; color=&#8221;inverse&#8221; align=&#8221;center&#8221; link=&#8221;url:https%3A%2F%2Fwww.priesteregg.at%2Fwellbeing%2Fpriesteregg-bad%2F%23newsletter|title:Priesteregg%20Bad||&#8221;][\/vc_column][\/vc_row][vc_row disable_element=&#8221;yes&#8221;][vc_column][vc_column_text]<\/p>\n<h2>Priesteregg Bad<\/h2>\n<p>[\/vc_column_text][\/vc_column][\/vc_row][vc_row disable_element=&#8221;yes&#8221; el_class=&#8221;vc_row-flex&#8221;][vc_column width=&#8221;1\/2&#8243;][vc_column_text]<strong>What to expect from our new wellness centre.<\/strong><\/p>\n<p>You can either walk the short distance or take our electric shuttle from your Chalet directly to the BAD\u2019s doorstep. The beautifully designed changing area has private lockers with integrated dryers for each Chalet. In your search for physical and mental wellbeing, you can either visit our Swiss pine sauna or smoke sauna, have a massage, go for a dip in our small indoor pool with open fireplace or venture outside for a swim in our spectacular <em>Himmelbecken. <\/em>This 25&#215;5 metres year round outdoor infinity pool offers a magnificent view of the Hochk\u00f6nig mountain. You can also see the majestic mountain panorama in peace and quiet from the cosy lounge area of the PRIESTEREGG BAD, the Gottfried Kaschnig salon, or the big open-air terrace. Tea, coffee, soft drinks and fruit are available in the lounge area.<\/p>\n<p>The Outdoor Nature Pool, which was opened in July 2019 and is situated on the slopes between the Bergdorf and the PRIESTEREGG BAD is also there for you. It\u2019s a great place to cool off after an invigorating sauna or go for a swim in the summer. We have more exciting things for you in store, however, we don\u2019t want to tell all \u2013 after all, we want to keep some surprises for you.[\/vc_column_text][\/vc_column][vc_column width=&#8221;1\/2&#8243;][vc_column_text css=&#8221;.vc_custom_1561458742848{margin-bottom: 15px !important;}&#8221;]<strong>Priesteregg Bad Facts<\/strong>[\/vc_column_text][vc_separator color=&#8221;black&#8221; css=&#8221;.vc_custom_1562153975670{margin-top: 0px !important;margin-bottom: 13px !important;padding-top: 0px !important;padding-bottom: 0px !important;}&#8221;][vc_column_text css=&#8221;.vc_custom_1578405750733{margin-bottom: 13px !important;}&#8221;]Himmelbecken \u2013 25 x 5 metres year-round infinity pool<br \/>\nKaminbecken \u2013\u00a0 8 x 4 metres indoor pool with open fireplace<br \/>\nOutdoor Nature Pool \u2013 20 x 4 metres organic pool (already in use)<br \/>\nSwiss Pine Sauna<br \/>\nLapland Smoke Sauna Hut<br \/>\nGottfried Kaschnig Salon \u2013 relaxation Swiss pine bunks<br \/>\nHAKI Flow Wasser Treatments<br \/>\nTeam Dr. Joseph Treatments<br \/>\nEbenholz Skincare \u201cfor men only\u201d[\/vc_column_text][vc_separator color=&#8221;black&#8221; css=&#8221;.vc_custom_1561457246079{margin-top: 0px !important;margin-bottom: 0px !important;padding-top: 0px !important;padding-bottom: 0px !important;}&#8221;][\/vc_column][\/vc_row][vc_row disable_element=&#8221;yes&#8221; css=&#8221;.vc_custom_1578409820681{margin-bottom: 0px !important;}&#8221;][vc_column][vc_gallery type=&#8221;flexslider_slide&#8221; interval=&#8221;0&#8243; images=&#8221;2524&#8243; img_size=&#8221;full&#8221; css=&#8221;.vc_custom_1568016398889{margin-top: 0px !important;margin-bottom: 0px !important;}&#8221; el_class=&#8221;one&#8221;][\/vc_column][\/vc_row][vc_row css=&#8221;.vc_custom_1578409827156{margin-top: 76px !important;margin-bottom: 60px !important;}&#8221;][vc_column][vc_column_text el_class=&#8221;etaner black&#8221;]<\/p>\n<h1 style=\"text-align: center;\">Priesteregg Bad<\/h1>\n<p>[\/vc_column_text][\/vc_column][\/vc_row][vc_row el_class=&#8221;vc_row-flex&#8221; css=&#8221;.vc_custom_1578409833603{margin-bottom: 60px !important;}&#8221;][vc_column width=&#8221;1\/2&#8243;][vc_column_text css=&#8221;.vc_custom_1576845265550{margin-bottom: 20px !important;}&#8221; el_class=&#8221;etaner black&#8221;]<\/p>\n<h2><span class=\"tlid-translation translation\" lang=\"en\"><span class=\"\" title=\"\">Our new wellness area<\/span><\/span><\/h2>\n<p>[\/vc_column_text][vc_column_text]You can either walk the short distance or take our electric shuttle from your Chalet directly to the BAD\u2019s doorstep. The beautifully designed changing area has private lockers with integrated dryers for each Chalet. In your search for physical and mental wellbeing, you can either visit our Swiss pine sauna or smoke sauna, have a massage, go for a dip in our small indoor pool with open fireplace or venture outside for a swim in our spectacular\u00a0<em>Himmelbecken.\u00a0<\/em>This 25\u00d75 metres year round outdoor infinity pool offers a magnificent view of the Hochk\u00f6nig mountain. You can also see the majestic mountain panorama in peace and quiet from the cosy lounge area of the PRIESTEREGG BAD, the Gottfried Kaschnig salon, or the big open-air terrace. Tea, coffee, soft drinks and fruit are available in the lounge area.<\/p>\n<p>The Outdoor Nature Pool <em>Naturbecken<\/em>, which was opened in July 2019 and is situated on the slopes between the Bergdorf and the PRIESTEREGG BAD is also there for you. It\u2019s a great place to cool off after an invigorating sauna or go for a swim in the summer. We have more exciting things for you in store, however, we don\u2019t want to tell all \u2013 after all, we want to keep some surprises for you.[\/vc_column_text][\/vc_column][vc_column width=&#8221;1\/2&#8243;][vc_column_text css=&#8221;.vc_custom_1579601816859{margin-bottom: 20px !important;}&#8221; el_class=&#8221;etaner black&#8221;]Facts[\/vc_column_text][vc_column_text css=&#8221;.vc_custom_1663056767260{margin-bottom: 13px !important;}&#8221;]Himmelbecken \u2013 25 x 5 metres year-round infinity pool<br \/>\nKaminbecken \u2013\u00a0 8 x 4 metres indoor pool with open fireplace<br \/>\nNaturbecken \u2013 20 x 4 metres outdoor organic pool<br \/>\nSwiss Pine Sauna<br \/>\nLapland Smoke Sauna Hut<br \/>\nGottfried Kaschnig Salon \u2013 relaxation Swiss pine bunks<br \/>\nInfinity Terrasse &#8211; terrace with a stunning view next to our infinity pool<br \/>\nWater Treatments<br \/>\nTeam Dr. Joseph Treatments<br \/>\nEbenholz Skincare \u201cfor men only\u201d[\/vc_column_text][vc_empty_space height=&#8221;40px&#8221;][vc_message message_box_color=&#8221;grey&#8221; el_class=&#8221;badge-right etaner&#8221;]<\/p>\n<p style=\"text-align: center;\">New<br \/>\nsince Dez<br \/>\n2019<\/p>\n<p>[\/vc_message][\/vc_column][\/vc_row][vc_row el_class=&#8221;vc_row-flex&#8221; css=&#8221;.vc_custom_1578409839994{margin-bottom: 80px !important;}&#8221;][vc_column][vc_column_text el_class=&#8221;etaner black&#8221;]<\/p>\n<p style=\"text-align: center;\">Feel good &amp; relax<\/p>\n<p style=\"text-align: center;\">Two\u00a0 wonderful things,<br \/>\nwhich you can now also find in the PRIESTEREGG Bad<br \/>\nEnjoy.<\/p>\n<p>[\/vc_column_text][vc_single_image image=&#8221;2839&#8243; img_size=&#8221;full&#8221; alignment=&#8221;center&#8221;][vc_column_text]<\/p>\n<p style=\"text-align: center;\"><span style=\"font-size: 10pt;\">The drop symbol stands for PRIESTEREGG BAD<\/span><\/p>\n<p>[\/vc_column_text][\/vc_column][\/vc_row][vc_row content_placement=&#8221;middle&#8221; css=&#8221;.vc_custom_1578409847088{margin-bottom: 80px !important;}&#8221;][vc_column el_class=&#8221;absolute-center-outer&#8221;][vc_basic_grid post_type=&#8221;ids&#8221; element_width=&#8221;6&#8243; item=&#8221;2895&#8243; grid_id=&#8221;vc_gid:1752047054499-4a6983c3-6491-3&#8243; include=&#8221;2944, 3039, 3043, 2800&#8243; el_class=&#8221;bad2erGrid&#8221;][\/vc_column][\/vc_row][vc_row][vc_column][vc_column_text el_class=&#8221;etaner black&#8221;]<\/p>\n<h2 style=\"text-align: center;\">At a glance<\/h2>\n<p>[\/vc_column_text][vc_single_image image=&#8221;2991&#8243; img_size=&#8221;full&#8221; alignment=&#8221;center&#8221;][vc_column_text]<\/p>\n<p style=\"text-align: center;\"><a href=\"https:\/\/www.priesteregg.at\/wp-content\/uploads\/priesteregg_bad_uebersicht_E.jpg\" target=\"_blank\" rel=\"noopener noreferrer\">Map for download<\/a><\/p>\n<p>[\/vc_column_text][\/vc_column][\/vc_row][vc_row css=&#8221;.vc_custom_1578409862129{margin-bottom: 80px !important;}&#8221;][vc_column][vc_gallery type=&#8221;flexslider_slide&#8221; interval=&#8221;0&#8243; images=&#8221;8598&#8243; img_size=&#8221;full&#8221; css=&#8221;.vc_custom_1742886000470{margin-top: 0px !important;margin-bottom: 0px !important;}&#8221; el_class=&#8221;one&#8221;][\/vc_column][\/vc_row][vc_row full_width=&#8221;stretch_row&#8221; css=&#8221;.vc_custom_1578409868279{margin-top: -40px !important;margin-bottom: 100px !important;padding-top: 60px !important;padding-bottom: 40px !important;background-color: #d1cec5 !important;}&#8221;][vc_column][vc_column_text css=&#8221;&#8221; el_class=&#8221;etaner black&#8221;]<\/p>\n<p style=\"text-align: center;\"><span style=\"font-size: 24pt;\">Water Flow<\/span><\/p>\n<p style=\"text-align: center;\"><span style=\"font-size: 24pt;\">Unique treatment<\/span><br \/>\n<span style=\"font-size: 24pt;\">for all those who love water<\/span><br \/>\n<span style=\"font-size: 24pt;\">and its healing powers.<\/span><\/p>\n<p>[\/vc_column_text][vc_btn title=&#8221;Read more&#8221; style=&#8221;classic&#8221; align=&#8221;center&#8221; css=&#8221;&#8221; link=&#8221;url:https%3A%2F%2Fwww.priesteregg.at%2Fen%2Fwellbeing%2Ftreatments%2F%23HAKI_Flow|title:Behandlungen||&#8221;][\/vc_column][\/vc_row][vc_row el_class=&#8221;vc_row-flex divider-hor&#8221; css=&#8221;.vc_custom_1578409874807{margin-bottom: 100px !important;}&#8221;][vc_column width=&#8221;1\/2&#8243;][vc_column_text el_class=&#8221;etaner black&#8221;]<\/p>\n<h2 style=\"text-align: center;\">Good to know<\/h2>\n<p>[\/vc_column_text][vc_column_text]<\/p>\n<p style=\"text-align: center;\">This section provides you with everything you need to know to find your way around our new PRIESTEREGG BAD, such as opening hours, Q&amp;As, special offers and other interesting facts.<\/p>\n<p>[\/vc_column_text][vc_btn title=&#8221;Discover more&#8221; style=&#8221;classic&#8221; color=&#8221;black&#8221; align=&#8221;center&#8221; css=&#8221;&#8221; link=&#8221;url:https%3A%2F%2Fwww.priesteregg.at%2Fen%2Fwellness%2Fpriesteregg-bath%2Fuseful-information%2F|title:Useful%20information|target:_blank&#8221;][\/vc_column][vc_column width=&#8221;1\/2&#8243;][vc_column_text el_class=&#8221;etaner black&#8221;]<\/p>\n<h2 style=\"text-align: center;\">Information &amp; Booking<\/h2>\n<p>[\/vc_column_text][vc_column_text]<\/p>\n<div class=\"wpb_text_column wpb_content_element \">\n<div class=\"wpb_wrapper\">\n<p style=\"text-align: center;\">You can book your personal treatment by phone on\u00a0<a href=\"tel:+43%206583%2082%20550\">+43 6583 82 550<\/a>.<br \/>\nPlease note that we charge 80 percent for treatments cancelled less than 24 hours prior to the appointment.<\/p>\n<\/div>\n<\/div>\n<p>[\/vc_column_text][vc_btn title=&#8221;Make an appointment&#8221; style=&#8221;classic&#8221; color=&#8221;black&#8221; align=&#8221;center&#8221; css=&#8221;&#8221; link=&#8221;url:https%3A%2F%2Fwww.priesteregg.at%2Fen%2Fwellbeing%2Fcontact%2F|title:Wellness%20in%20my%20chalet||&#8221;][\/vc_column][\/vc_row]<\/p>\n<\/div>","protected":false},"excerpt":{"rendered":"<p>[vc_row full_width=&#8221;stretch_row&#8221; disable_element=&#8221;yes&#8221; css=&#8221;.vc_custom_1578409795163{margin-top: -40px !important;margin-bottom: 60px !important;padding-top: 60px !important;padding-bottom: 40px !important;background-color: #d1cec5 !important;}&#8221;][vc_column][vc_column_text]&lt; back[\/vc_column_text][vc_message message_box_color=&#8221;white&#8221; el_class=&#8221;badge-right absolute etaner&#8221;] New Dez 2019 [\/vc_message][vc_column_text el_class=&#8221;etaner&#8221;] Priesteregg BAD WELLBEING AND RELAXATION: These are two wonderful ways to forget everyday life. Soon the PRIESTEREGG will offer both in two different locations. As before, you can receive your treatments [&hellip;]<\/p>\n","protected":false},"author":2,"featured_media":0,"parent":2195,"menu_order":4,"comment_status":"closed","ping_status":"closed","template":"","meta":{"_acf_changed":false,"footnotes":""},"class_list":["post-2219","page","type-page","status-publish","hentry"],"acf":[],"yoast_head":"<!-- This site is optimized with the Yoast SEO plugin v25.4 - https:\/\/yoast.com\/wordpress\/plugins\/seo\/ -->\n<title>SPA and Wellness at PRIESTEREGG | Vacation in mountain chalets<\/title>\n<meta name=\"description\" content=\"WELLBEING with mountain view \u2713 25x5m heated infinity pool \u2713 Lapland smoke sauna \u2713 organic architecture \u2713 much attention to detail \u2713\" \/>\n<meta name=\"robots\" content=\"index, follow, max-snippet:-1, max-image-preview:large, max-video-preview:-1\" \/>\n<link rel=\"canonical\" href=\"https:\/\/www.priesteregg.at\/en\/wellness\/priesteregg-bath\/\" \/>\n<meta property=\"og:locale\" content=\"en_US\" \/>\n<meta property=\"og:type\" content=\"article\" \/>\n<meta property=\"og:title\" content=\"SPA and Wellness at PRIESTEREGG | Vacation in mountain chalets\" \/>\n<meta property=\"og:description\" content=\"WELLBEING with mountain view \u2713 25x5m heated infinity pool \u2713 Lapland smoke sauna \u2713 organic architecture \u2713 much attention to detail \u2713\" \/>\n<meta property=\"og:url\" content=\"https:\/\/www.priesteregg.at\/en\/wellness\/priesteregg-bath\/\" \/>\n<meta property=\"og:site_name\" content=\"Bergdorf Priesteregg\" \/>\n<meta property=\"article:modified_time\" content=\"2026-03-31T09:02:53+00:00\" \/>\n<meta property=\"og:image\" content=\"https:\/\/www.priesteregg.at\/wp-content\/uploads\/priesteregg-chalet-luxus-ski-oesterreich-berge-winter-hotel-8.jpg\" \/>\n\t<meta property=\"og:image:width\" content=\"768\" \/>\n\t<meta property=\"og:image:height\" content=\"768\" \/>\n\t<meta property=\"og:image:type\" content=\"image\/jpeg\" \/>\n<meta name=\"twitter:card\" content=\"summary_large_image\" \/>\n<meta name=\"twitter:label1\" content=\"Est. reading time\" \/>\n\t<meta name=\"twitter:data1\" content=\"6 minutes\" \/>\n<script type=\"application\/ld+json\" class=\"yoast-schema-graph\">{\"@context\":\"https:\/\/schema.org\",\"@graph\":[{\"@type\":\"WebPage\",\"@id\":\"https:\/\/www.priesteregg.at\/en\/wellness\/priesteregg-bath\/\",\"url\":\"https:\/\/www.priesteregg.at\/en\/wellness\/priesteregg-bath\/\",\"name\":\"SPA and Wellness at PRIESTEREGG | Vacation in mountain chalets\",\"isPartOf\":{\"@id\":\"https:\/\/www.priesteregg.at\/#website\"},\"datePublished\":\"2019-08-29T11:46:39+00:00\",\"dateModified\":\"2026-03-31T09:02:53+00:00\",\"description\":\"WELLBEING with mountain view \u2713 25x5m heated infinity pool \u2713 Lapland smoke sauna \u2713 organic architecture \u2713 much attention to detail \u2713\",\"breadcrumb\":{\"@id\":\"https:\/\/www.priesteregg.at\/en\/wellness\/priesteregg-bath\/#breadcrumb\"},\"inLanguage\":\"en-US\",\"potentialAction\":[{\"@type\":\"ReadAction\",\"target\":[\"https:\/\/www.priesteregg.at\/en\/wellness\/priesteregg-bath\/\"]}]},{\"@type\":\"BreadcrumbList\",\"@id\":\"https:\/\/www.priesteregg.at\/en\/wellness\/priesteregg-bath\/#breadcrumb\",\"itemListElement\":[{\"@type\":\"ListItem\",\"position\":1,\"name\":\"Startseite\",\"item\":\"https:\/\/www.priesteregg.at\/en\/\"},{\"@type\":\"ListItem\",\"position\":2,\"name\":\"Wellness\",\"item\":\"https:\/\/www.priesteregg.at\/en\/wellness\/\"},{\"@type\":\"ListItem\",\"position\":3,\"name\":\"Priesteregg Bad\"}]},{\"@type\":\"WebSite\",\"@id\":\"https:\/\/www.priesteregg.at\/#website\",\"url\":\"https:\/\/www.priesteregg.at\/\",\"name\":\"Bergdorf Priesteregg\",\"description\":\"Chalet, Bergh\u00fctte und Almh\u00fctten Urlaub in Leogang im Salzburger Land, \u00d6sterreich\",\"potentialAction\":[{\"@type\":\"SearchAction\",\"target\":{\"@type\":\"EntryPoint\",\"urlTemplate\":\"https:\/\/www.priesteregg.at\/?s={search_term_string}\"},\"query-input\":{\"@type\":\"PropertyValueSpecification\",\"valueRequired\":true,\"valueName\":\"search_term_string\"}}],\"inLanguage\":\"en-US\"}]}<\/script>\n<!-- \/ Yoast SEO plugin. -->","yoast_head_json":{"title":"SPA and Wellness at PRIESTEREGG | Vacation in mountain chalets","description":"WELLBEING with mountain view \u2713 25x5m heated infinity pool \u2713 Lapland smoke sauna \u2713 organic architecture \u2713 much attention to detail \u2713","robots":{"index":"index","follow":"follow","max-snippet":"max-snippet:-1","max-image-preview":"max-image-preview:large","max-video-preview":"max-video-preview:-1"},"canonical":"https:\/\/www.priesteregg.at\/en\/wellness\/priesteregg-bath\/","og_locale":"en_US","og_type":"article","og_title":"SPA and Wellness at PRIESTEREGG | Vacation in mountain chalets","og_description":"WELLBEING with mountain view \u2713 25x5m heated infinity pool \u2713 Lapland smoke sauna \u2713 organic architecture \u2713 much attention to detail \u2713","og_url":"https:\/\/www.priesteregg.at\/en\/wellness\/priesteregg-bath\/","og_site_name":"Bergdorf Priesteregg","article_modified_time":"2026-03-31T09:02:53+00:00","og_image":[{"width":768,"height":768,"url":"https:\/\/www.priesteregg.at\/wp-content\/uploads\/priesteregg-chalet-luxus-ski-oesterreich-berge-winter-hotel-8.jpg","type":"image\/jpeg"}],"twitter_card":"summary_large_image","twitter_misc":{"Est. reading time":"6 minutes"},"schema":{"@context":"https:\/\/schema.org","@graph":[{"@type":"WebPage","@id":"https:\/\/www.priesteregg.at\/en\/wellness\/priesteregg-bath\/","url":"https:\/\/www.priesteregg.at\/en\/wellness\/priesteregg-bath\/","name":"SPA and Wellness at PRIESTEREGG | Vacation in mountain chalets","isPartOf":{"@id":"https:\/\/www.priesteregg.at\/#website"},"datePublished":"2019-08-29T11:46:39+00:00","dateModified":"2026-03-31T09:02:53+00:00","description":"WELLBEING with mountain view \u2713 25x5m heated infinity pool \u2713 Lapland smoke sauna \u2713 organic architecture \u2713 much attention to detail \u2713","breadcrumb":{"@id":"https:\/\/www.priesteregg.at\/en\/wellness\/priesteregg-bath\/#breadcrumb"},"inLanguage":"en-US","potentialAction":[{"@type":"ReadAction","target":["https:\/\/www.priesteregg.at\/en\/wellness\/priesteregg-bath\/"]}]},{"@type":"BreadcrumbList","@id":"https:\/\/www.priesteregg.at\/en\/wellness\/priesteregg-bath\/#breadcrumb","itemListElement":[{"@type":"ListItem","position":1,"name":"Startseite","item":"https:\/\/www.priesteregg.at\/en\/"},{"@type":"ListItem","position":2,"name":"Wellness","item":"https:\/\/www.priesteregg.at\/en\/wellness\/"},{"@type":"ListItem","position":3,"name":"Priesteregg Bad"}]},{"@type":"WebSite","@id":"https:\/\/www.priesteregg.at\/#website","url":"https:\/\/www.priesteregg.at\/","name":"Bergdorf Priesteregg","description":"Chalet, Bergh\u00fctte und Almh\u00fctten Urlaub in Leogang im Salzburger Land, \u00d6sterreich","potentialAction":[{"@type":"SearchAction","target":{"@type":"EntryPoint","urlTemplate":"https:\/\/www.priesteregg.at\/?s={search_term_string}"},"query-input":{"@type":"PropertyValueSpecification","valueRequired":true,"valueName":"search_term_string"}}],"inLanguage":"en-US"}]}},"_links":{"self":[{"href":"https:\/\/www.priesteregg.at\/en\/wp-json\/wp\/v2\/pages\/2219","targetHints":{"allow":["GET"]}}],"collection":[{"href":"https:\/\/www.priesteregg.at\/en\/wp-json\/wp\/v2\/pages"}],"about":[{"href":"https:\/\/www.priesteregg.at\/en\/wp-json\/wp\/v2\/types\/page"}],"author":[{"embeddable":true,"href":"https:\/\/www.priesteregg.at\/en\/wp-json\/wp\/v2\/users\/2"}],"replies":[{"embeddable":true,"href":"https:\/\/www.priesteregg.at\/en\/wp-json\/wp\/v2\/comments?post=2219"}],"version-history":[{"count":28,"href":"https:\/\/www.priesteregg.at\/en\/wp-json\/wp\/v2\/pages\/2219\/revisions"}],"predecessor-version":[{"id":9387,"href":"https:\/\/www.priesteregg.at\/en\/wp-json\/wp\/v2\/pages\/2219\/revisions\/9387"}],"up":[{"embeddable":true,"href":"https:\/\/www.priesteregg.at\/en\/wp-json\/wp\/v2\/pages\/2195"}],"wp:attachment":[{"href":"https:\/\/www.priesteregg.at\/en\/wp-json\/wp\/v2\/media?parent=2219"}],"curies":[{"name":"wp","href":"https:\/\/api.w.org\/{rel}","templated":true}]}}