{"id":2209,"date":"2019-08-29T13:53:56","date_gmt":"2019-08-29T11:53:56","guid":{"rendered":"https:\/\/www.priesteregg.at\/?page_id=2209"},"modified":"2026-03-02T22:20:09","modified_gmt":"2026-03-02T21:20:09","slug":"product-lines","status":"publish","type":"page","link":"https:\/\/www.priesteregg.at\/en\/wellness\/product-lines\/","title":{"rendered":"Product lines"},"content":{"rendered":"<div class=\"wpb-content-wrapper\"><p>[vc_row css=&#8221;.vc_custom_1561989717112{margin-bottom: 20px !important;}&#8221;][vc_column css=&#8221;.vc_custom_1561990511231{padding-top: 0px !important;}&#8221;][vc_column_text css=&#8221;.vc_custom_1567509776843{margin-bottom: 20px !important;}&#8221;]<a href=\"https:\/\/www.priesteregg.at\/en\/wellbeing\/\">&lt; back<\/a>[\/vc_column_text][\/vc_column][\/vc_row][vc_row full_width=&#8221;stretch_row&#8221; css=&#8221;.vc_custom_1563545346724{margin-top: -40px !important;margin-bottom: 40px !important;padding-top: 60px !important;padding-bottom: 25px !important;background-color: #f6f6f6 !important;}&#8221;][vc_column width=&#8221;2\/3&#8243; offset=&#8221;vc_col-lg-offset-2&#8243;][vc_column_text]<\/p>\n<h1 style=\"text-align: center;\">Product lines<\/h1>\n<hr \/>\n<p style=\"text-align: center;\">We exclusively use pure natural products for our treatments. A selection of our treatment products is available at the PRIESTEREGG shop. Our staff is happy to advise you.<\/p>\n<p>[\/vc_column_text][\/vc_column][\/vc_row][vc_row el_class=&#8221;vc_row-flex&#8221; css=&#8221;.vc_custom_1560760054615{margin-bottom: 80px !important;}&#8221;][vc_column width=&#8221;1\/2&#8243;][vc_single_image image=&#8221;9652&#8243; img_size=&#8221;full&#8221; alignment=&#8221;center&#8221; css=&#8221;.vc_custom_1772486312687{margin-top: 19px !important;}&#8221;][vc_column_text]<strong>High-tech natural cosmetics. Refined with state-of-the-art micro technology<\/strong><\/p>\n<p>The power of nature is the essence of this brand. Experts examine various plant species in a private herbary and analyse the findings. Once the most powerful plants have been identified, they are processed using the latest micro technology and made into these effective products. The high-quality raw materials used for TEAM DR JOSEPH products are sustainably cultivated.<\/p>\n<p>TEAM DR JOSEPH products are divided into seven categories tailored to the needs of different skin types to restore the skin\u2019s natural balance.<\/p>\n<p>TEAM DR JOSEPH is winner of the Wellness &amp; Spa Innovation Award 2016, the SPA Diamond Award 2016 and the European Health &amp; Spa Award 2017 in the category \u201cBest Cosmetic ProDuct Innovation 2017\u201d.[\/vc_column_text][vc_column_text]<a href=\"https:\/\/www.teamdrjoseph.com\/en\/\" target=\"_blank\" rel=\"noopener noreferrer\">&gt; Team Dr Joseph<\/a>[\/vc_column_text][vc_btn title=&#8221;Online-Shop&#8221; style=&#8221;classic&#8221; color=&#8221;black&#8221; link=&#8221;url:http%3A%2F%2F200591.teamdrjoseph.com||target:%20_blank|&#8221;][\/vc_column][vc_column width=&#8221;1\/2&#8243;][vc_empty_space height=&#8221;160px&#8221;][vc_single_image image=&#8221;9643&#8243; img_size=&#8221;full&#8221; css=&#8221;&#8221;][\/vc_column][\/vc_row][vc_row el_class=&#8221;vc_row-flex&#8221; css=&#8221;.vc_custom_1561116124047{margin-bottom: 0px !important;}&#8221;][vc_column width=&#8221;1\/2&#8243;][vc_single_image image=&#8221;1806&#8243; img_size=&#8221;full&#8221; alignment=&#8221;center&#8221; css=&#8221;.vc_custom_1561116423376{margin-top: 27px !important;}&#8221;][vc_column_text]<strong>Made with love. Produced climate neutral.<\/strong><\/p>\n<p>Inspired by the alpine healing methods and the long tradition of herbal medicine, ALPIENNE has produced pure natural care products for body and hair for years. All products are exclusively made of pure natural materials such as beeswax, olive oil and propolis. Alpine herbs such as arnica, St. John\u2019s wort and marigold are harvested by hand and gently processed.[\/vc_column_text][vc_column_text]<a href=\"https:\/\/www.alpienne.at\/\" target=\"_blank\" rel=\"noopener noreferrer\">&gt; Alpienne<\/a>[\/vc_column_text][vc_btn title=&#8221;Online-Shop&#8221; style=&#8221;classic&#8221; color=&#8221;black&#8221; link=&#8221;url:https%3A%2F%2Fwww.kaufhausderberge.at%2Fde%2F%3Faw_affiliate%3DeyJjYW1wYWlnbl9pZCI6IjIiLCJ0cmFmZmljX3NvdXJjZSI6Im5vX3NvdXJjZSIsImFjY291bnRfaWQiOjR9|target:_blank&#8221;][\/vc_column][vc_column width=&#8221;1\/2&#8243;][vc_message message_box_color=&#8221;black&#8221; css=&#8221;.vc_custom_1561116671988{padding-top: 32px !important;}&#8221; el_class=&#8221;badge-right absolute absolute&#8221;]<\/p>\n<p style=\"text-align: center;\">For<br \/>\nMen<\/p>\n<p>[\/vc_message][vc_single_image image=&#8221;1805&#8243; img_size=&#8221;full&#8221; alignment=&#8221;center&#8221;][vc_column_text]<strong>Pioneer for men\u2019s skincare<\/strong><\/p>\n<p>EBENHOLZ skincare was founded by Wolfgang Rindchen and his team of experts in 2015. From the very beginning, EBENHOLZ skincare has been committed to produce cosmetics for men and has received several awards for its outstanding products. The combination of naturalness, sustainability and effectiveness makes this brand unique. The healing and highly effective essences of trees have been used by many cultures for years. EBENHOLZ skincare has optimised these powerful essences to protect, regenerate, strengthen and rejuvenate male skin. It is the world&#8217;s first skincare range for all products.[\/vc_column_text][vc_column_text]<a href=\"https:\/\/www.ebenholz-skincare.de\/\" target=\"_blank\" rel=\"noopener noreferrer\">&gt; Ebenholz<\/a>[\/vc_column_text][\/vc_column][\/vc_row][vc_row full_width=&#8221;stretch_row&#8221; css=&#8221;.vc_custom_1561116110085{margin-top: 0px !important;margin-bottom: 0px !important;padding-top: 0px !important;padding-bottom: 0px !important;background-image: url(https:\/\/www.priesteregg.at\/wp-content\/uploads\/2019\/06\/priesteregg-produktlinien-bg.jpg?id=518) !important;background-position: 0 0 !important;background-repeat: no-repeat !important;}&#8221;][vc_column][vc_empty_space height=&#8221;400px&#8221;][\/vc_column][\/vc_row]<\/p>\n<\/div>","protected":false},"excerpt":{"rendered":"<p>[vc_row css=&#8221;.vc_custom_1561989717112{margin-bottom: 20px !important;}&#8221;][vc_column css=&#8221;.vc_custom_1561990511231{padding-top: 0px !important;}&#8221;][vc_column_text css=&#8221;.vc_custom_1567509776843{margin-bottom: 20px !important;}&#8221;]&lt; back[\/vc_column_text][\/vc_column][\/vc_row][vc_row full_width=&#8221;stretch_row&#8221; css=&#8221;.vc_custom_1563545346724{margin-top: -40px !important;margin-bottom: 40px !important;padding-top: 60px !important;padding-bottom: 25px !important;background-color: #f6f6f6 !important;}&#8221;][vc_column width=&#8221;2\/3&#8243; offset=&#8221;vc_col-lg-offset-2&#8243;][vc_column_text] Product lines We exclusively use pure natural products for our treatments. A selection of our treatment products is available at the PRIESTEREGG shop. Our staff is happy to advise you. [&hellip;]<\/p>\n","protected":false},"author":2,"featured_media":0,"parent":2195,"menu_order":2,"comment_status":"closed","ping_status":"closed","template":"","meta":{"_acf_changed":false,"footnotes":""},"class_list":["post-2209","page","type-page","status-publish","hentry"],"acf":[],"yoast_head":"<!-- This site is optimized with the Yoast SEO plugin v25.4 - https:\/\/yoast.com\/wordpress\/plugins\/seo\/ -->\n<title>Product lines - Bergdorf Priesteregg<\/title>\n<meta name=\"description\" content=\"We use only pure NATURAL PRODUCTS in our WELLNESS treatments \u2713 also available in the store \u2713 free and professional advice\" \/>\n<meta name=\"robots\" content=\"index, follow, max-snippet:-1, max-image-preview:large, max-video-preview:-1\" \/>\n<link rel=\"canonical\" href=\"https:\/\/www.priesteregg.at\/en\/wellness\/product-lines\/\" \/>\n<meta property=\"og:locale\" content=\"en_US\" \/>\n<meta property=\"og:type\" content=\"article\" \/>\n<meta property=\"og:title\" content=\"Product lines - Bergdorf Priesteregg\" \/>\n<meta property=\"og:description\" content=\"We use only pure NATURAL PRODUCTS in our WELLNESS treatments \u2713 also available in the store \u2713 free and professional advice\" \/>\n<meta property=\"og:url\" content=\"https:\/\/www.priesteregg.at\/en\/wellness\/product-lines\/\" \/>\n<meta property=\"og:site_name\" content=\"Bergdorf Priesteregg\" \/>\n<meta property=\"article:modified_time\" content=\"2026-03-02T21:20:09+00:00\" \/>\n<meta property=\"og:image\" content=\"https:\/\/www.priesteregg.at\/wp-content\/uploads\/priesteregg-chalet-luxus-ski-oesterreich-berge-winter-hotel-8.jpg\" \/>\n\t<meta property=\"og:image:width\" content=\"768\" \/>\n\t<meta property=\"og:image:height\" content=\"768\" \/>\n\t<meta property=\"og:image:type\" content=\"image\/jpeg\" \/>\n<meta name=\"twitter:card\" content=\"summary_large_image\" \/>\n<meta name=\"twitter:label1\" content=\"Est. reading time\" \/>\n\t<meta name=\"twitter:data1\" content=\"4 minutes\" \/>\n<script type=\"application\/ld+json\" class=\"yoast-schema-graph\">{\"@context\":\"https:\/\/schema.org\",\"@graph\":[{\"@type\":\"WebPage\",\"@id\":\"https:\/\/www.priesteregg.at\/en\/wellness\/product-lines\/\",\"url\":\"https:\/\/www.priesteregg.at\/en\/wellness\/product-lines\/\",\"name\":\"Product lines - Bergdorf Priesteregg\",\"isPartOf\":{\"@id\":\"https:\/\/www.priesteregg.at\/#website\"},\"datePublished\":\"2019-08-29T11:53:56+00:00\",\"dateModified\":\"2026-03-02T21:20:09+00:00\",\"description\":\"We use only pure NATURAL PRODUCTS in our WELLNESS treatments \u2713 also available in the store \u2713 free and professional advice\",\"breadcrumb\":{\"@id\":\"https:\/\/www.priesteregg.at\/en\/wellness\/product-lines\/#breadcrumb\"},\"inLanguage\":\"en-US\",\"potentialAction\":[{\"@type\":\"ReadAction\",\"target\":[\"https:\/\/www.priesteregg.at\/en\/wellness\/product-lines\/\"]}]},{\"@type\":\"BreadcrumbList\",\"@id\":\"https:\/\/www.priesteregg.at\/en\/wellness\/product-lines\/#breadcrumb\",\"itemListElement\":[{\"@type\":\"ListItem\",\"position\":1,\"name\":\"Startseite\",\"item\":\"https:\/\/www.priesteregg.at\/en\/\"},{\"@type\":\"ListItem\",\"position\":2,\"name\":\"Wellness\",\"item\":\"https:\/\/www.priesteregg.at\/en\/wellness\/\"},{\"@type\":\"ListItem\",\"position\":3,\"name\":\"Product lines\"}]},{\"@type\":\"WebSite\",\"@id\":\"https:\/\/www.priesteregg.at\/#website\",\"url\":\"https:\/\/www.priesteregg.at\/\",\"name\":\"Bergdorf Priesteregg\",\"description\":\"Chalet, Bergh\u00fctte und Almh\u00fctten Urlaub in Leogang im Salzburger Land, \u00d6sterreich\",\"potentialAction\":[{\"@type\":\"SearchAction\",\"target\":{\"@type\":\"EntryPoint\",\"urlTemplate\":\"https:\/\/www.priesteregg.at\/?s={search_term_string}\"},\"query-input\":{\"@type\":\"PropertyValueSpecification\",\"valueRequired\":true,\"valueName\":\"search_term_string\"}}],\"inLanguage\":\"en-US\"}]}<\/script>\n<!-- \/ Yoast SEO plugin. -->","yoast_head_json":{"title":"Product lines - Bergdorf Priesteregg","description":"We use only pure NATURAL PRODUCTS in our WELLNESS treatments \u2713 also available in the store \u2713 free and professional advice","robots":{"index":"index","follow":"follow","max-snippet":"max-snippet:-1","max-image-preview":"max-image-preview:large","max-video-preview":"max-video-preview:-1"},"canonical":"https:\/\/www.priesteregg.at\/en\/wellness\/product-lines\/","og_locale":"en_US","og_type":"article","og_title":"Product lines - Bergdorf Priesteregg","og_description":"We use only pure NATURAL PRODUCTS in our WELLNESS treatments \u2713 also available in the store \u2713 free and professional advice","og_url":"https:\/\/www.priesteregg.at\/en\/wellness\/product-lines\/","og_site_name":"Bergdorf Priesteregg","article_modified_time":"2026-03-02T21:20:09+00:00","og_image":[{"width":768,"height":768,"url":"https:\/\/www.priesteregg.at\/wp-content\/uploads\/priesteregg-chalet-luxus-ski-oesterreich-berge-winter-hotel-8.jpg","type":"image\/jpeg"}],"twitter_card":"summary_large_image","twitter_misc":{"Est. reading time":"4 minutes"},"schema":{"@context":"https:\/\/schema.org","@graph":[{"@type":"WebPage","@id":"https:\/\/www.priesteregg.at\/en\/wellness\/product-lines\/","url":"https:\/\/www.priesteregg.at\/en\/wellness\/product-lines\/","name":"Product lines - Bergdorf Priesteregg","isPartOf":{"@id":"https:\/\/www.priesteregg.at\/#website"},"datePublished":"2019-08-29T11:53:56+00:00","dateModified":"2026-03-02T21:20:09+00:00","description":"We use only pure NATURAL PRODUCTS in our WELLNESS treatments \u2713 also available in the store \u2713 free and professional advice","breadcrumb":{"@id":"https:\/\/www.priesteregg.at\/en\/wellness\/product-lines\/#breadcrumb"},"inLanguage":"en-US","potentialAction":[{"@type":"ReadAction","target":["https:\/\/www.priesteregg.at\/en\/wellness\/product-lines\/"]}]},{"@type":"BreadcrumbList","@id":"https:\/\/www.priesteregg.at\/en\/wellness\/product-lines\/#breadcrumb","itemListElement":[{"@type":"ListItem","position":1,"name":"Startseite","item":"https:\/\/www.priesteregg.at\/en\/"},{"@type":"ListItem","position":2,"name":"Wellness","item":"https:\/\/www.priesteregg.at\/en\/wellness\/"},{"@type":"ListItem","position":3,"name":"Product lines"}]},{"@type":"WebSite","@id":"https:\/\/www.priesteregg.at\/#website","url":"https:\/\/www.priesteregg.at\/","name":"Bergdorf Priesteregg","description":"Chalet, Bergh\u00fctte und Almh\u00fctten Urlaub in Leogang im Salzburger Land, \u00d6sterreich","potentialAction":[{"@type":"SearchAction","target":{"@type":"EntryPoint","urlTemplate":"https:\/\/www.priesteregg.at\/?s={search_term_string}"},"query-input":{"@type":"PropertyValueSpecification","valueRequired":true,"valueName":"search_term_string"}}],"inLanguage":"en-US"}]}},"_links":{"self":[{"href":"https:\/\/www.priesteregg.at\/en\/wp-json\/wp\/v2\/pages\/2209","targetHints":{"allow":["GET"]}}],"collection":[{"href":"https:\/\/www.priesteregg.at\/en\/wp-json\/wp\/v2\/pages"}],"about":[{"href":"https:\/\/www.priesteregg.at\/en\/wp-json\/wp\/v2\/types\/page"}],"author":[{"embeddable":true,"href":"https:\/\/www.priesteregg.at\/en\/wp-json\/wp\/v2\/users\/2"}],"replies":[{"embeddable":true,"href":"https:\/\/www.priesteregg.at\/en\/wp-json\/wp\/v2\/comments?post=2209"}],"version-history":[{"count":12,"href":"https:\/\/www.priesteregg.at\/en\/wp-json\/wp\/v2\/pages\/2209\/revisions"}],"predecessor-version":[{"id":9661,"href":"https:\/\/www.priesteregg.at\/en\/wp-json\/wp\/v2\/pages\/2209\/revisions\/9661"}],"up":[{"embeddable":true,"href":"https:\/\/www.priesteregg.at\/en\/wp-json\/wp\/v2\/pages\/2195"}],"wp:attachment":[{"href":"https:\/\/www.priesteregg.at\/en\/wp-json\/wp\/v2\/media?parent=2209"}],"curies":[{"name":"wp","href":"https:\/\/api.w.org\/{rel}","templated":true}]}}