{"id":2195,"date":"2019-08-29T13:18:46","date_gmt":"2019-08-29T11:18:46","guid":{"rendered":"https:\/\/www.priesteregg.at\/?page_id=2195"},"modified":"2026-03-31T11:16:09","modified_gmt":"2026-03-31T09:16:09","slug":"wellness","status":"publish","type":"page","link":"https:\/\/www.priesteregg.at\/en\/wellness\/","title":{"rendered":"Wellness"},"content":{"rendered":"<div class=\"wpb-content-wrapper\"><p>[vc_row full_width=&#8221;stretch_row&#8221; css=&#8221;.vc_custom_1563538326264{margin-top: -40px !important;margin-bottom: 60px !important;padding-top: 60px !important;padding-bottom: 60px !important;background-color: #f6f6f6 !important;}&#8221;][vc_column offset=&#8221;vc_col-lg-offset-2 vc_col-lg-8 vc_col-md-offset-2 vc_col-md-8&#8243;][vc_column_text]<\/p>\n<h1 style=\"text-align: center;\">Wellbeing<\/h1>\n<hr \/>\n<p style=\"text-align: center;\">The term \u2018wellness\u2019 is a combination of two words: \u2018well-being\u2019 and \u2018fitness\u2019 or \u2018happiness\u2019. It stands for the harmony of body, mind and soul combined with a balanced degree of relaxation, a healthy diet, sports and mental activity.<\/p>\n<p style=\"text-align: center;\">At the PRIESTEREGG, you can experience this wonderful combination of relaxation and vitality in the privacy of your Chalet. We have an exclusive selection of treatments on offer, and there are no waiting times. You can either enjoy this on your own or together with your partner.<\/p>\n<p>[\/vc_column_text][vc_btn title=&#8221;OUR TREATMENTS&#8221; style=&#8221;classic&#8221; color=&#8221;black&#8221; align=&#8221;center&#8221; link=&#8221;url:https%3A%2F%2Fwww.priesteregg.at%2Fen%2Fwellbeing%2Ftreatments%2F|title:Treatments||&#8221;][\/vc_column][\/vc_row][vc_row full_width=&#8221;stretch_row&#8221; rtl_reverse=&#8221;yes&#8221; el_class=&#8221;vc_row-flex&#8221; css=&#8221;.vc_custom_1561999298725{margin-bottom: 40px !important;padding-top: 80px !important;padding-bottom: 40px !important;background-color: #d1cec5 !important;}&#8221;][vc_column width=&#8221;1\/2&#8243;][vc_column_text]<\/p>\n<h2>Priesteregg BAD<\/h2>\n<p><strong>A retreat for happy moments<\/strong><\/p>\n<p>Feel good and relax: these are two wonderful things which you can enjoy at the PRIESTEREGG BAD undisturbed. Our premier spa area offers you an extraordinary feel good experience \u2013 no matter whether you relax in the lounge area, unwind in the Swiss pine sauna or on our sun deck, or enjoy our holistic massage and beauty treatments. Additionally, you can go for a swim in our spectacular sky pool, relax in our warming pool next to an open fireplace or cool off in our outdoor nature pool in the summer.<\/p>\n<p>[\/vc_column_text][vc_btn title=&#8221;Discover more&#8221; style=&#8221;classic&#8221; color=&#8221;inverse&#8221; link=&#8221;url:https%3A%2F%2Fwww.priesteregg.at%2Fen%2Fwellbeing%2Fpriesteregg-bad%2F|title:Bergdorf%20allgemein||&#8221;][\/vc_column][vc_column width=&#8221;1\/2&#8243;][vc_gallery type=&#8221;flexslider_slide&#8221; interval=&#8221;0&#8243; images=&#8221;4157,4169,4165,4161,8065,8067&#8243; img_size=&#8221;full&#8221; onclick=&#8221;&#8221; css=&#8221;&#8221;][\/vc_column][\/vc_row][vc_row el_class=&#8221;vc_row-flex&#8221; css=&#8221;.vc_custom_1561998876051{margin-bottom: 40px !important;}&#8221;][vc_column width=&#8221;1\/2&#8243;][vc_gallery type=&#8221;flexslider_slide&#8221; interval=&#8221;0&#8243; images=&#8221;8074,8072,8076,3005,1883&#8243; img_size=&#8221;full&#8221; onclick=&#8221;&#8221; css=&#8221;&#8221;][\/vc_column][vc_column width=&#8221;1\/2&#8243;][vc_column_text]<\/p>\n<h2>Treatments<\/h2>\n<p><strong>A unique pampering experience<\/strong><\/p>\n<p>There is nothing better than having time and taking time \u2013 especially when it is for the benefit of your body. We bring your personal time-out experience to the privacy of your Chalet or pamper you in our PRIESTEREGG BAD. For our beauty treatments, we only use the best natural beauty products, which are especially selected for all different types of skin and restore the natural balance of your skin.[\/vc_column_text][vc_btn title=&#8221;Discover more&#8221; style=&#8221;classic&#8221; color=&#8221;black&#8221; link=&#8221;url:https%3A%2F%2Fwww.priesteregg.at%2Fen%2Fwellbeing%2Ftreatments%2F|title:Yoga||&#8221;][\/vc_column][\/vc_row][vc_row el_class=&#8221;vc_row-flex&#8221; css=&#8221;.vc_custom_1561998876051{margin-bottom: 40px !important;}&#8221;][vc_column width=&#8221;1\/2&#8243;][vc_column_text]<\/p>\n<h2>Yoga<\/h2>\n<p><strong>Dive into silence<\/strong><\/p>\n<p>Here at the PRIESTEREGG, you practice yoga in the most beautiful places and receive the best possible instructions. Our instructors show you how to feel your body, mind and soul and unite them over and over again. Yoga at the PRIESTEREGG teaches you how to feel your body with all senses and bring it back into harmony. This will help you find focused concentration and inner peace again.[\/vc_column_text][vc_btn title=&#8221;Discover more&#8221; style=&#8221;classic&#8221; color=&#8221;black&#8221; link=&#8221;url:https%3A%2F%2Fwww.priesteregg.at%2Fen%2Fwellbeing%2Fyoga%2F|title:Yoga||&#8221;][\/vc_column][vc_column width=&#8221;1\/2&#8243;][vc_gallery type=&#8221;flexslider_slide&#8221; interval=&#8221;0&#8243; images=&#8221;7777,7657,8081&#8243; img_size=&#8221;full&#8221; onclick=&#8221;&#8221; css=&#8221;&#8221;][\/vc_column][\/vc_row][vc_row el_class=&#8221;vc_row-flex&#8221; css=&#8221;.vc_custom_1561998876051{margin-bottom: 40px !important;}&#8221;][vc_column width=&#8221;1\/2&#8243;][vc_gallery type=&#8221;flexslider_slide&#8221; interval=&#8221;0&#8243; images=&#8221;8208&#8243; img_size=&#8221;full&#8221; onclick=&#8221;&#8221; css=&#8221;&#8221;][\/vc_column][vc_column width=&#8221;1\/2&#8243;][vc_column_text css=&#8221;&#8221;]<\/p>\n<h2>Cold water bathing<\/h2>\n<p><strong>Breathe in. Breathe out. Arrive.<\/strong><\/p>\n<p>Immerse yourself in the invigorating power of cold water &#8211; at PRIESTEREGG in Leogang, your own personal retreat for new energy and inner balance. Surrounded by untouched nature, you will experience natural cold water bathing in a clear mountain stream or natural swimming pool as a soothing ritual for body, mind and soul. You will be gently introduced to this powerful experience in a loving atmosphere &#8211; accompanied by experienced hands and in-depth knowledge.[\/vc_column_text][vc_btn title=&#8221;Discover more&#8221; style=&#8221;classic&#8221; color=&#8221;black&#8221; css=&#8221;&#8221; link=&#8221;url:https%3A%2F%2Fwww.priesteregg.at%2Fen%2Fwellness%2Fpriesteregg-bath%2Fcold-water-bathing%2F|title:Yoga&#8221;][\/vc_column][\/vc_row][vc_row el_class=&#8221;vc_row-flex&#8221; css=&#8221;.vc_custom_1561998906581{margin-bottom: 40px !important;}&#8221;][vc_column width=&#8221;1\/2&#8243;][vc_column_text]<\/p>\n<h2>Wellness in the Chalet<\/h2>\n<p><strong>Take time-out from everyday life<\/strong><\/p>\n<p>Experience wellness in the privacy of your Chalet. Before we start your treatment, you soak your feet in a Swiss pine bowl for about 10 minutes. It\u2019s relaxing, stimulates blood circulation and simply makes you feel good. Whilst your feet relax, we serve you a delicious and healthy Kombucha drink. This treatment works with the natural healing powers that stimulate and pamper all your senses.[\/vc_column_text][vc_btn title=&#8221;Discover more&#8221; style=&#8221;classic&#8221; color=&#8221;black&#8221; link=&#8221;url:https%3A%2F%2Fwww.priesteregg.at%2Fen%2Fwellbeing%2Fwellness-in-your-chalet%2F|title:Bergdorf%20allgemein||&#8221;][vc_column_text]<a href=\"https:\/\/www.priesteregg.at\/en\/wellbeing\/treatments\/\">&gt; Treatments<\/a>[\/vc_column_text][\/vc_column][vc_column width=&#8221;1\/2&#8243;][vc_single_image image=&#8221;3076&#8243; img_size=&#8221;full&#8221;][\/vc_column][\/vc_row][vc_row][vc_column][vc_separator color=&#8221;black&#8221;][\/vc_column][\/vc_row][vc_row content_placement=&#8221;middle&#8221; css=&#8221;.vc_custom_1562100309174{margin-top: 60px !important;margin-bottom: 60px !important;}&#8221; el_class=&#8221;max-with&#8221;][vc_column width=&#8221;1\/3&#8243;][vc_single_image image=&#8221;9652&#8243; img_size=&#8221;full&#8221; alignment=&#8221;center&#8221; css=&#8221;&#8221;][\/vc_column][vc_column width=&#8221;1\/3&#8243;][vc_single_image image=&#8221;7068&#8243; img_size=&#8221;184&#215;37&#8243; alignment=&#8221;center&#8221;][\/vc_column][vc_column width=&#8221;1\/3&#8243;][vc_single_image image=&#8221;1805&#8243; img_size=&#8221;full&#8221; alignment=&#8221;center&#8221;][\/vc_column][\/vc_row][vc_row equal_height=&#8221;yes&#8221; el_class=&#8221;vc_row-flex line-hor&#8221; css=&#8221;.vc_custom_1560941852452{margin-bottom: 60px !important;}&#8221;][vc_column width=&#8221;1\/2&#8243;][vc_column_text]<\/p>\n<h2 style=\"text-align: center;\">PRODUCT LINES<\/h2>\n<p>[\/vc_column_text][vc_column_text]<\/p>\n<p style=\"text-align: center;\">We exclusively use pure natural products for our treatments. A selection of our treatment products is available at the PRIESTEREGG shop. We are happy to advise you which ones to choose.<\/p>\n<p>[\/vc_column_text][vc_btn title=&#8221;Discover more&#8221; style=&#8221;classic&#8221; color=&#8221;black&#8221; align=&#8221;center&#8221; link=&#8221;url:https%3A%2F%2Fwww.priesteregg.at%2Fen%2Fwellbeing%2Fproduct-lines%2F|title:Produktlinien||&#8221;][\/vc_column][vc_column width=&#8221;1\/2&#8243;][vc_column_text]<\/p>\n<h2 style=\"text-align: center;\">INFORMATION &amp; BOOKING<\/h2>\n<p>[\/vc_column_text][vc_column_text]<\/p>\n<p style=\"text-align: center;\">You can book your personal treatment by phone on\u00a0<a href=\"tel:+43%206583%2082%20550\">+43 6583 82 550<\/a>.<br \/>\nPlease note that we charge 80 percent for treatments cancelled less than 24 hours prior to the appointment.<\/p>\n<p>[\/vc_column_text][vc_btn title=&#8221;Make an appointment&#8221; style=&#8221;classic&#8221; color=&#8221;black&#8221; align=&#8221;center&#8221; link=&#8221;url:https%3A%2F%2Fwww.priesteregg.at%2Fen%2Fwellbeing%2Fcontact%2F|title:Contact||&#8221;][\/vc_column][\/vc_row]<\/p>\n<\/div>","protected":false},"excerpt":{"rendered":"<p>[vc_row full_width=&#8221;stretch_row&#8221; css=&#8221;.vc_custom_1563538326264{margin-top: -40px !important;margin-bottom: 60px !important;padding-top: 60px !important;padding-bottom: 60px !important;background-color: #f6f6f6 !important;}&#8221;][vc_column offset=&#8221;vc_col-lg-offset-2 vc_col-lg-8 vc_col-md-offset-2 vc_col-md-8&#8243;][vc_column_text] Wellbeing The term \u2018wellness\u2019 is a combination of two words: \u2018well-being\u2019 and \u2018fitness\u2019 or \u2018happiness\u2019. It stands for the harmony of body, mind and soul combined with a balanced degree of relaxation, a healthy diet, sports and mental [&hellip;]<\/p>\n","protected":false},"author":2,"featured_media":0,"parent":0,"menu_order":10,"comment_status":"closed","ping_status":"closed","template":"","meta":{"_acf_changed":false,"footnotes":""},"class_list":["post-2195","page","type-page","status-publish","hentry"],"acf":[],"yoast_head":"<!-- This site is optimized with the Yoast SEO plugin v25.4 - https:\/\/yoast.com\/wordpress\/plugins\/seo\/ -->\n<title>Wellness - Bergdorf Priesteregg<\/title>\n<meta name=\"description\" content=\"WELLBEING with mountain view \u2713 Lapland smoke sauna \u2713 25x5m heated infinity pool \u2713 Yoga in beautiful nature \u2713 Applications in your own chalet \u2713 Relaxation PUR\" \/>\n<meta name=\"robots\" content=\"index, follow, max-snippet:-1, max-image-preview:large, max-video-preview:-1\" \/>\n<link rel=\"canonical\" href=\"https:\/\/www.priesteregg.at\/en\/wellness\/\" \/>\n<meta property=\"og:locale\" content=\"en_US\" \/>\n<meta property=\"og:type\" content=\"article\" \/>\n<meta property=\"og:title\" content=\"Wellness - Bergdorf Priesteregg\" \/>\n<meta property=\"og:description\" content=\"WELLBEING with mountain view \u2713 Lapland smoke sauna \u2713 25x5m heated infinity pool \u2713 Yoga in beautiful nature \u2713 Applications in your own chalet \u2713 Relaxation PUR\" \/>\n<meta property=\"og:url\" content=\"https:\/\/www.priesteregg.at\/en\/wellness\/\" \/>\n<meta property=\"og:site_name\" content=\"Bergdorf Priesteregg\" \/>\n<meta property=\"article:modified_time\" content=\"2026-03-31T09:16:09+00:00\" \/>\n<meta property=\"og:image\" content=\"https:\/\/www.priesteregg.at\/wp-content\/uploads\/priesteregg-chalet-luxus-ski-oesterreich-berge-winter-hotel-8.jpg\" \/>\n\t<meta property=\"og:image:width\" content=\"768\" \/>\n\t<meta property=\"og:image:height\" content=\"768\" \/>\n\t<meta property=\"og:image:type\" content=\"image\/jpeg\" \/>\n<meta name=\"twitter:card\" content=\"summary_large_image\" \/>\n<meta name=\"twitter:label1\" content=\"Est. reading time\" \/>\n\t<meta name=\"twitter:data1\" content=\"4 minutes\" \/>\n<script type=\"application\/ld+json\" class=\"yoast-schema-graph\">{\"@context\":\"https:\/\/schema.org\",\"@graph\":[{\"@type\":\"WebPage\",\"@id\":\"https:\/\/www.priesteregg.at\/en\/wellness\/\",\"url\":\"https:\/\/www.priesteregg.at\/en\/wellness\/\",\"name\":\"Wellness - Bergdorf Priesteregg\",\"isPartOf\":{\"@id\":\"https:\/\/www.priesteregg.at\/#website\"},\"datePublished\":\"2019-08-29T11:18:46+00:00\",\"dateModified\":\"2026-03-31T09:16:09+00:00\",\"description\":\"WELLBEING with mountain view \u2713 Lapland smoke sauna \u2713 25x5m heated infinity pool \u2713 Yoga in beautiful nature \u2713 Applications in your own chalet \u2713 Relaxation PUR\",\"breadcrumb\":{\"@id\":\"https:\/\/www.priesteregg.at\/en\/wellness\/#breadcrumb\"},\"inLanguage\":\"en-US\",\"potentialAction\":[{\"@type\":\"ReadAction\",\"target\":[\"https:\/\/www.priesteregg.at\/en\/wellness\/\"]}]},{\"@type\":\"BreadcrumbList\",\"@id\":\"https:\/\/www.priesteregg.at\/en\/wellness\/#breadcrumb\",\"itemListElement\":[{\"@type\":\"ListItem\",\"position\":1,\"name\":\"Startseite\",\"item\":\"https:\/\/www.priesteregg.at\/en\/\"},{\"@type\":\"ListItem\",\"position\":2,\"name\":\"Wellness\"}]},{\"@type\":\"WebSite\",\"@id\":\"https:\/\/www.priesteregg.at\/#website\",\"url\":\"https:\/\/www.priesteregg.at\/\",\"name\":\"Bergdorf Priesteregg\",\"description\":\"Chalet, Bergh\u00fctte und Almh\u00fctten Urlaub in Leogang im Salzburger Land, \u00d6sterreich\",\"potentialAction\":[{\"@type\":\"SearchAction\",\"target\":{\"@type\":\"EntryPoint\",\"urlTemplate\":\"https:\/\/www.priesteregg.at\/?s={search_term_string}\"},\"query-input\":{\"@type\":\"PropertyValueSpecification\",\"valueRequired\":true,\"valueName\":\"search_term_string\"}}],\"inLanguage\":\"en-US\"}]}<\/script>\n<!-- \/ Yoast SEO plugin. -->","yoast_head_json":{"title":"Wellness - Bergdorf Priesteregg","description":"WELLBEING with mountain view \u2713 Lapland smoke sauna \u2713 25x5m heated infinity pool \u2713 Yoga in beautiful nature \u2713 Applications in your own chalet \u2713 Relaxation PUR","robots":{"index":"index","follow":"follow","max-snippet":"max-snippet:-1","max-image-preview":"max-image-preview:large","max-video-preview":"max-video-preview:-1"},"canonical":"https:\/\/www.priesteregg.at\/en\/wellness\/","og_locale":"en_US","og_type":"article","og_title":"Wellness - Bergdorf Priesteregg","og_description":"WELLBEING with mountain view \u2713 Lapland smoke sauna \u2713 25x5m heated infinity pool \u2713 Yoga in beautiful nature \u2713 Applications in your own chalet \u2713 Relaxation PUR","og_url":"https:\/\/www.priesteregg.at\/en\/wellness\/","og_site_name":"Bergdorf Priesteregg","article_modified_time":"2026-03-31T09:16:09+00:00","og_image":[{"width":768,"height":768,"url":"https:\/\/www.priesteregg.at\/wp-content\/uploads\/priesteregg-chalet-luxus-ski-oesterreich-berge-winter-hotel-8.jpg","type":"image\/jpeg"}],"twitter_card":"summary_large_image","twitter_misc":{"Est. reading time":"4 minutes"},"schema":{"@context":"https:\/\/schema.org","@graph":[{"@type":"WebPage","@id":"https:\/\/www.priesteregg.at\/en\/wellness\/","url":"https:\/\/www.priesteregg.at\/en\/wellness\/","name":"Wellness - Bergdorf Priesteregg","isPartOf":{"@id":"https:\/\/www.priesteregg.at\/#website"},"datePublished":"2019-08-29T11:18:46+00:00","dateModified":"2026-03-31T09:16:09+00:00","description":"WELLBEING with mountain view \u2713 Lapland smoke sauna \u2713 25x5m heated infinity pool \u2713 Yoga in beautiful nature \u2713 Applications in your own chalet \u2713 Relaxation PUR","breadcrumb":{"@id":"https:\/\/www.priesteregg.at\/en\/wellness\/#breadcrumb"},"inLanguage":"en-US","potentialAction":[{"@type":"ReadAction","target":["https:\/\/www.priesteregg.at\/en\/wellness\/"]}]},{"@type":"BreadcrumbList","@id":"https:\/\/www.priesteregg.at\/en\/wellness\/#breadcrumb","itemListElement":[{"@type":"ListItem","position":1,"name":"Startseite","item":"https:\/\/www.priesteregg.at\/en\/"},{"@type":"ListItem","position":2,"name":"Wellness"}]},{"@type":"WebSite","@id":"https:\/\/www.priesteregg.at\/#website","url":"https:\/\/www.priesteregg.at\/","name":"Bergdorf Priesteregg","description":"Chalet, Bergh\u00fctte und Almh\u00fctten Urlaub in Leogang im Salzburger Land, \u00d6sterreich","potentialAction":[{"@type":"SearchAction","target":{"@type":"EntryPoint","urlTemplate":"https:\/\/www.priesteregg.at\/?s={search_term_string}"},"query-input":{"@type":"PropertyValueSpecification","valueRequired":true,"valueName":"search_term_string"}}],"inLanguage":"en-US"}]}},"_links":{"self":[{"href":"https:\/\/www.priesteregg.at\/en\/wp-json\/wp\/v2\/pages\/2195","targetHints":{"allow":["GET"]}}],"collection":[{"href":"https:\/\/www.priesteregg.at\/en\/wp-json\/wp\/v2\/pages"}],"about":[{"href":"https:\/\/www.priesteregg.at\/en\/wp-json\/wp\/v2\/types\/page"}],"author":[{"embeddable":true,"href":"https:\/\/www.priesteregg.at\/en\/wp-json\/wp\/v2\/users\/2"}],"replies":[{"embeddable":true,"href":"https:\/\/www.priesteregg.at\/en\/wp-json\/wp\/v2\/comments?post=2195"}],"version-history":[{"count":35,"href":"https:\/\/www.priesteregg.at\/en\/wp-json\/wp\/v2\/pages\/2195\/revisions"}],"predecessor-version":[{"id":9710,"href":"https:\/\/www.priesteregg.at\/en\/wp-json\/wp\/v2\/pages\/2195\/revisions\/9710"}],"wp:attachment":[{"href":"https:\/\/www.priesteregg.at\/en\/wp-json\/wp\/v2\/media?parent=2195"}],"curies":[{"name":"wp","href":"https:\/\/api.w.org\/{rel}","templated":true}]}}