{"id":2189,"date":"2019-08-29T12:45:26","date_gmt":"2019-08-29T10:45:26","guid":{"rendered":"https:\/\/www.priesteregg.at\/?page_id=2189"},"modified":"2026-04-16T10:45:34","modified_gmt":"2026-04-16T08:45:34","slug":"willy-bogner-chalet","status":"publish","type":"page","link":"https:\/\/www.priesteregg.at\/en\/premium-eco-resort\/chalets\/willy-bogner-chalet\/","title":{"rendered":"Willy Bogner Chalet"},"content":{"rendered":"<div class=\"wpb-content-wrapper\"><p>[vc_row full_width=&#8221;stretch_row&#8221; css=&#8221;.vc_custom_1561987772787{margin-top: -40px !important;margin-bottom: 0px !important;padding-top: 40px !important;padding-bottom: 40px !important;background-color: #1e1d1e !important;}&#8221;][vc_column width=&#8221;1\/3&#8243;][vc_column_text el_class=&#8221;white&#8221;]<a href=\"https:\/\/www.priesteregg.at\/en\/chalets\/\">&lt; back<\/a>[\/vc_column_text][\/vc_column][vc_column width=&#8221;1\/3&#8243;][vc_single_image image=&#8221;1800&#8243; img_size=&#8221;full&#8221; alignment=&#8221;center&#8221;][\/vc_column][vc_column width=&#8221;1\/3&#8243;][\/vc_column][\/vc_row][vc_row full_width=&#8221;stretch_row&#8221; el_class=&#8221;vc_row-flex&#8221; css=&#8221;.vc_custom_1560865532870{padding-bottom: 60px !important;background-color: #1e1d1e !important;}&#8221;][vc_column width=&#8221;1\/2&#8243;][vc_gallery type=&#8221;flexslider_slide&#8221; interval=&#8221;0&#8243; images=&#8221;7251,4098,4102,7253,7249&#8243; img_size=&#8221;full&#8221; onclick=&#8221;&#8221; css=&#8221;&#8221; el_class=&#8221;white&#8221;][\/vc_column][vc_column width=&#8221;1\/2&#8243;][vc_column_text css=&#8221;&#8221; el_class=&#8221;white&#8221;]<\/p>\n<h1>Willy Bogner Chalet<\/h1>\n<p><strong>Your luxury dream home<\/strong><\/p>\n<p>The PRIESTEREGG is the only place in the world where you find a Bogner Chalet. In the spacious living area with a partial glass front, you can relax on the cosy couch whilst you watch the fire crackle in the open fireplace. The panoramic windows face west and south and offer an excellent view of the alpine surroundings as well as the Birnhorn, the highest mountain of the Leogang Mountain range. The 56 m\u00b2 private infinity pool is 14 metres long and gives you enough space for a swim, even in the cold season when it is heated to 34 \u00b0C. The pool is situated on a slope which literally makes you feel as if you were floating above the valley. The spacious terrace with its 37 \u00b0C stainless steel hot tub, Finish sauna, steam bath, outdoor shower and barbecue fireplace makes your outdoor experience even more pleasant. High-quality Bogner body care products complement this overall feeling of wellbeing.<br \/>\nA &#8220;Feuerring&#8221; is available for private barbecue.[\/vc_column_text][vc_btn title=&#8221;Request a Chalet&#8221; style=&#8221;classic&#8221; color=&#8221;black&#8221; el_class=&#8221;sg-popup-id-2434&#8243;][\/vc_column][\/vc_row][vc_row full_width=&#8221;stretch_row&#8221; el_class=&#8221;vc_row-flex&#8221; css=&#8221;.vc_custom_1560865604425{margin-top: 0px !important;margin-bottom: 0px !important;padding-top: 0px !important;padding-bottom: 0px !important;background-color: #1e1d1e !important;}&#8221;][vc_column][vc_separator color=&#8221;white&#8221;][\/vc_column][\/vc_row][vc_row full_width=&#8221;stretch_row&#8221; css=&#8221;.vc_custom_1560865642171{margin-bottom: 60px !important;padding-top: 60px !important;padding-bottom: 45px !important;background-color: #1e1d1e !important;}&#8221; el_class=&#8221;vc_row-flex&#8221;][vc_column width=&#8221;1\/2&#8243;][vc_column_text el_class=&#8221;white&#8221;]<strong>LIVE AS YOU ARE:<\/strong><br \/>\n<strong>UNIQUE<\/strong><\/p>\n<p>The Bogner Chalet was created by converting one of the premium Chalets of the Bergdorf and adding another spacious living area. This 150 m\u00b2 luxury Chalet spreads across two levels and makes your mountain holiday unique. The 56 m\u00b2 infinity pool is yet another highlight of the Bogner Chalet.[\/vc_column_text][vc_btn title=&#8221;Request a Chalet&#8221; style=&#8221;classic&#8221; color=&#8221;black&#8221; link=&#8221;|||&#8221; el_class=&#8221;sg-popup-id-2434&#8243;][\/vc_column][vc_column width=&#8221;1\/2&#8243;][vc_tta_tabs style=&#8221;flat&#8221; shape=&#8221;square&#8221; color=&#8221;black&#8221; spacing=&#8221;5&#8243; active_section=&#8221;1&#8243;][vc_tta_section title=&#8221;Chalet type&#8221; tab_id=&#8221;Chalet-Typ&#8221;][vc_column_text css=&#8221;&#8221;]<\/p>\n<div id=\"js-tab-chalet-typ\" class=\"motive-item-container\">\n<p><strong>One-level Chalet with living room extension <\/strong><br \/>\nGround level: lounge with adjacent bathroom and shower room, alpine-style kitchen, toilet<br \/>\nFirst level: open bedroom and living area, one bathroom<br \/>\nLiving Room: living area across two levels with open shower, toilet<\/p>\n<p><strong>Size<\/strong><br \/>\n150 m2<\/p>\n<p><strong>Number of people<br \/>\n<\/strong>2 people<\/p>\n<p><strong>Rates<\/strong><br \/>\nfrom \u20ac 832 per person \/ night (incl. PRIESTEREGG BAD)<\/p>\n<\/div>\n<p>[\/vc_column_text][\/vc_tta_section][vc_tta_section title=&#8221;Equipment details&#8221; tab_id=&#8221;Ausstattungsdetails&#8221;][vc_column_text css=&#8221;&#8221;]<strong>Living area<\/strong><br \/>\nCosy corner, open fireplace, TV, table with comfortable corner bench, freestanding wellness bathtub, natural stone shower and granite washbasin, Bogner\u2019s library, living room with big panoramic windows facing west and south towards the valley, safe<\/p>\n<p><strong>Bedroom<br \/>\n<\/strong>Swiss pine, high-quality TEMPUR mattresses, drinking fountain<\/p>\n<p><strong>Kitchen<\/strong><br \/>\nKitchen with electric stove, oven, dishwasher, wine storage cabinet<br \/>\n<strong><br \/>\nOutdoor area<\/strong><br \/>\n14 x 4 m infinity stainless steel pool &#8211; in winter heated at 34 \u00b0C, Finish sauna, hot tub, outdoor shower, wooden swing, &#8220;<a href=\"https:\/\/www.priesteregg.at\/en\/wellness\/cuisine\/dining-in-the-chalet\/#feuerring\">Feuerring<\/a>&#8220;, bike garage, terrace with garden furniture, herb garden in summer[\/vc_column_text][\/vc_tta_section][vc_tta_section title=&#8221;Floor plan&#8221; tab_id=&#8221;Grundriss&#8221;][vc_gallery type=&#8221;flexslider_slide&#8221; interval=&#8221;0&#8243; images=&#8221;1925&#8243; img_size=&#8221;full&#8221; el_class=&#8221;one&#8221;][\/vc_tta_section][\/vc_tta_tabs][\/vc_column][\/vc_row][vc_row css=&#8221;.vc_custom_1560522679351{margin-bottom: 80px !important;}&#8221;][vc_column][vc_column_text]<\/p>\n<h2 style=\"text-align: center;\" align=\"center\">Site map Willy Bogner Chalet<\/h2>\n<p style=\"text-align: center;\" align=\"center\">Here you can see all chalets in the mountain village with name, category and exact location from a bird&#8217;s eye view.<br \/>\nHave you already discovered the Willy Bogner Chalet?<\/p>\n<p>[\/vc_column_text][vc_single_image image=&#8221;8977&#8243; img_size=&#8221;full&#8221; alignment=&#8221;center&#8221; css=&#8221;&#8221;][\/vc_column][\/vc_row][vc_row el_class=&#8221;vc_row-flex divider-hor&#8221; css=&#8221;.vc_custom_1560522472513{margin-bottom: 80px !important;}&#8221;][vc_column width=&#8221;1\/2&#8243;][vc_column_text]<\/p>\n<h2 style=\"text-align: center;\" align=\"center\">PRICES &amp; SERVICES<\/h2>\n<p>[\/vc_column_text][vc_btn title=&#8221;Discover more&#8221; style=&#8221;classic&#8221; color=&#8221;black&#8221; align=&#8221;center&#8221; link=&#8221;url:https%3A%2F%2Fwww.priesteregg.at%2Fen%2Fprices-conditions%2F|title:Preise%20%26%20Leistungen||&#8221;][\/vc_column][vc_column width=&#8221;1\/2&#8243;][vc_column_text]<\/p>\n<h2 style=\"text-align: center;\">ARRIVAL BY HELICOPTER<\/h2>\n<p style=\"text-align: center;\">Flying high! Upon request, we also offer a special helicopter pick-up service from Munich or Salzburg airport. If you opt for this service, your holiday at the PRIESTEREGG will certainly get off to a flying start!<\/p>\n<p>[\/vc_column_text][vc_btn title=&#8221;Discover more&#8221; style=&#8221;classic&#8221; color=&#8221;black&#8221; align=&#8221;center&#8221; link=&#8221;url:https%3A%2F%2Fwww.priesteregg.at%2Fen%2Fsennair%2F|title:Sennair|target:%20_blank|&#8221;][\/vc_column][\/vc_row][vc_row][vc_column][vc_separator color=&#8221;black&#8221;][\/vc_column][\/vc_row][vc_row][vc_column][vc_column_text css=&#8221;&#8221;]<\/p>\n<h2 style=\"float: left;\">Our Chalets<\/h2>\n<p style=\"float: right;\"><a href=\"https:\/\/www.priesteregg.at\/en\/premium-eco-resort\/chalets\/\">&lt; back<\/a><\/p>\n<p>[\/vc_column_text][\/vc_column][\/vc_row][vc_row css=&#8221;.vc_custom_1560521784014{margin-bottom: 60px !important;}&#8221;][vc_column offset=&#8221;vc_hidden-xs&#8221;][vc_basic_grid post_type=&#8221;ids&#8221; style=&#8221;pagination&#8221; items_per_page=&#8221;4&#8243; element_width=&#8221;3&#8243; gap=&#8221;0&#8243; arrows_design=&#8221;vc_arrow-icon-arrow_01_left&#8221; arrows_position=&#8221;outside&#8221; arrows_color=&#8221;black&#8221; paging_color=&#8221;black&#8221; loop=&#8221;yes&#8221; autoplay=&#8221;3&#8243; item=&#8221;149&#8243; css=&#8221;&#8221; grid_id=&#8221;vc_gid:1767797285400-b2e6c075-7aaa-5&#8243; include=&#8221;121, 331, 337, 374, 349, 5583, 6927, 485&#8243;][\/vc_column][vc_column offset=&#8221;vc_hidden-lg vc_hidden-md vc_hidden-sm&#8221;][vc_basic_grid post_type=&#8221;ids&#8221; style=&#8221;pagination&#8221; items_per_page=&#8221;1&#8243; element_width=&#8221;12&#8243; gap=&#8221;0&#8243; arrows_design=&#8221;vc_arrow-icon-arrow_01_left&#8221; arrows_color=&#8221;black&#8221; paging_design=&#8221;none&#8221; loop=&#8221;yes&#8221; item=&#8221;1492&#8243; css=&#8221;&#8221; grid_id=&#8221;vc_gid:1767797285400-1030d9be-e275-10&#8243; include=&#8221;121, 331, 366, 337, 374, 349, 6927, 485&#8243;][\/vc_column][\/vc_row][vc_row equal_height=&#8221;yes&#8221; el_class=&#8221;grey&#8221; css=&#8221;.vc_custom_1560377138908{margin-bottom: 30px !important;}&#8221;][vc_column width=&#8221;1\/2&#8243; css=&#8221;.vc_custom_1561474176946{margin-bottom: 30px !important;padding-top: 60px !important;padding-right: 60px !important;padding-bottom: 60px !important;padding-left: 60px !important;background-color: #f6f6f6 !important;}&#8221;][vc_column_text]<\/p>\n<h3 style=\"text-align: center;\">BEST REVIEWS<\/h3>\n<p style=\"text-align: center;\">We are delighted that so many guests have spent a restful holiday in our resort. If you were satisfied with your stay at Bergdorf PRIESTEREGG, please take a moment to recommend us.<\/p>\n<p>[\/vc_column_text][vc_row_inner el_class=&#8221;divider-hor&#8221;][vc_column_inner width=&#8221;1\/2&#8243; css=&#8221;.vc_custom_1560522534335{margin-bottom: 0px !important;}&#8221;][vc_single_image image=&#8221;8862&#8243; img_size=&#8221;full&#8221; alignment=&#8221;center&#8221; onclick=&#8221;custom_link&#8221; img_link_target=&#8221;_blank&#8221; css=&#8221;.vc_custom_1751525940772{margin-bottom: 9px !important;}&#8221; link=&#8221;http:\/\/www.tripadvisor.at\/Hotel_Review-g641736-d1727858-Reviews-Priesteregg_Premium_Eco_Resort-Leogang_Austrian_Alps.html&#8221;][vc_column_text css=&#8221;.vc_custom_1751525974715{margin-bottom: 0px !important;padding-bottom: 0px !important;}&#8221;]<\/p>\n<p style=\"text-align: center;\"><a href=\"http:\/\/www.tripadvisor.at\/Hotel_Review-g641736-d1727858-Reviews-Priesteregg_Premium_Eco_Resort-Leogang_Austrian_Alps.html\" target=\"_blank\" rel=\"noopener\">Tripadvisor<\/a><\/p>\n<p>[\/vc_column_text][\/vc_column_inner][vc_column_inner width=&#8221;1\/2&#8243; css=&#8221;.vc_custom_1560522553893{margin-bottom: 0px !important;}&#8221;][vc_single_image image=&#8221;3806&#8243; img_size=&#8221;full&#8221; alignment=&#8221;center&#8221; onclick=&#8221;custom_link&#8221; img_link_target=&#8221;_blank&#8221; css=&#8221;.vc_custom_1751526960534{margin-bottom: 9px !important;}&#8221; link=&#8221;https:\/\/www.holidaycheck.at\/hi\/priesteregg-premium-eco-resort\/1234f840-f7b3-3d6b-b208-efe0a0227b0f&#8221;][vc_column_text css=&#8221;.vc_custom_1751526975750{margin-top: 7px !important;margin-bottom: 0px !important;padding-bottom: 0px !important;}&#8221;]<\/p>\n<p style=\"text-align: center;\"><a href=\"https:\/\/www.holidaycheck.at\/hi\/priesteregg-premium-eco-resort\/1234f840-f7b3-3d6b-b208-efe0a0227b0f\" target=\"_blank\" rel=\"noopener noreferrer\">Holidaycheck<\/a><\/p>\n<p>[\/vc_column_text][\/vc_column_inner][\/vc_row_inner][\/vc_column][vc_column width=&#8221;1\/2&#8243; css=&#8221;.vc_custom_1563535298618{margin-bottom: 30px !important;padding-top: 60px !important;padding-right: 60px !important;padding-bottom: 45px !important;padding-left: 60px !important;background-color: #f6f6f6 !important;}&#8221;][vc_column_text css=&#8221;.vc_custom_1567506794787{margin-bottom: 10px !important;}&#8221;]<\/p>\n<h3 style=\"text-align: center;\">WEATHER IN LEOGANG<\/h3>\n<p style=\"text-align: center;\">Even if you are somewhere else in the world and cannot be with us at the PRIESTEREGG, have a look here to check the weather at the Bergdorf and in Leogang Valley.<\/p>\n<p>[\/vc_column_text][vc_column_text css=&#8221;.vc_custom_1563535287002{margin-bottom: 0px !important;}&#8221;]<div id=\"awe-ajax-awe_7\" class=\"awe-ajax-awe_7 awe-weather-ajax-wrap\" style=\"\"><div class=\"awe-loading\"><i class=\"wi wi-day-sunny\"><\/i><\/div><\/div><script type=\"text\/javascript\"> jQuery(document).ready(function() { awe_ajax_load({\"id\":\"awe_7\",\"override_title\":\"Leogang\",\"owm_city_id\":\"7872241\",\"location\":\"Leogang\",\"size\":\"tall\",\"forecast_days\":\"5\",\"show_icons\":\"1\",\"background_by_weather\":\"0\",\"extended_text\":\"Size: Tall\",\"ajax\":\"1\",\"text_color\":\"#000000\",\"units\":\"C\",\"hide_attribution\":\"1\",\"custom_bg_color\":\"rgba(0,0,0,0.0)\",\"hide_stats\":\"1\",\"ajaxurl\":\"https:\\\/\\\/www.priesteregg.at\\\/wp-admin\\\/admin-ajax.php\",\"via_ajax\":1}); }); <\/script><\/p>\n<p>[\/vc_column_text][\/vc_column][\/vc_row]<\/p>\n<\/div>","protected":false},"excerpt":{"rendered":"<p>[vc_row full_width=&#8221;stretch_row&#8221; css=&#8221;.vc_custom_1561987772787{margin-top: -40px !important;margin-bottom: 0px !important;padding-top: 40px !important;padding-bottom: 40px !important;background-color: #1e1d1e !important;}&#8221;][vc_column width=&#8221;1\/3&#8243;][vc_column_text el_class=&#8221;white&#8221;]&lt; back[\/vc_column_text][\/vc_column][vc_column width=&#8221;1\/3&#8243;][vc_single_image image=&#8221;1800&#8243; img_size=&#8221;full&#8221; alignment=&#8221;center&#8221;][\/vc_column][vc_column width=&#8221;1\/3&#8243;][\/vc_column][\/vc_row][vc_row full_width=&#8221;stretch_row&#8221; el_class=&#8221;vc_row-flex&#8221; css=&#8221;.vc_custom_1560865532870{padding-bottom: 60px !important;background-color: #1e1d1e !important;}&#8221;][vc_column width=&#8221;1\/2&#8243;][vc_gallery type=&#8221;flexslider_slide&#8221; interval=&#8221;0&#8243; images=&#8221;7251,4098,4102,7253,7249&#8243; img_size=&#8221;full&#8221; onclick=&#8221;&#8221; css=&#8221;&#8221; el_class=&#8221;white&#8221;][\/vc_column][vc_column width=&#8221;1\/2&#8243;][vc_column_text css=&#8221;&#8221; el_class=&#8221;white&#8221;] Willy Bogner Chalet Your luxury dream home The PRIESTEREGG is the only place in the world [&hellip;]<\/p>\n","protected":false},"author":2,"featured_media":1867,"parent":2166,"menu_order":4,"comment_status":"closed","ping_status":"closed","template":"","meta":{"_acf_changed":false,"footnotes":""},"class_list":["post-2189","page","type-page","status-publish","has-post-thumbnail","hentry"],"acf":[],"yoast_head":"<!-- This site is optimized with the Yoast SEO plugin v25.4 - https:\/\/yoast.com\/wordpress\/plugins\/seo\/ -->\n<title>Willy Bogner Chalet - Bergdorf Priesteregg<\/title>\n<meta name=\"description\" content=\"Luxury chalet with 5\u2606 comfort in Austria&#039;s most beautiful mountain world \u2713 Infinity pool with panora view \u2713 150m\u00b2 cozy living space \u2713\" \/>\n<meta name=\"robots\" content=\"index, follow, max-snippet:-1, max-image-preview:large, max-video-preview:-1\" \/>\n<link rel=\"canonical\" href=\"https:\/\/www.priesteregg.at\/en\/premium-eco-resort\/chalets\/willy-bogner-chalet\/\" \/>\n<meta property=\"og:locale\" content=\"en_US\" \/>\n<meta property=\"og:type\" content=\"article\" \/>\n<meta property=\"og:title\" content=\"Willy Bogner Chalet - Bergdorf Priesteregg\" \/>\n<meta property=\"og:description\" content=\"Luxury chalet with 5\u2606 comfort in Austria&#039;s most beautiful mountain world \u2713 Infinity pool with panora view \u2713 150m\u00b2 cozy living space \u2713\" \/>\n<meta property=\"og:url\" content=\"https:\/\/www.priesteregg.at\/en\/premium-eco-resort\/chalets\/willy-bogner-chalet\/\" \/>\n<meta property=\"og:site_name\" content=\"Bergdorf Priesteregg\" \/>\n<meta property=\"article:modified_time\" content=\"2026-04-16T08:45:34+00:00\" \/>\n<meta property=\"og:image\" content=\"https:\/\/www.priesteregg.at\/wp-content\/uploads\/Bogner.jpg\" \/>\n\t<meta property=\"og:image:width\" content=\"2560\" \/>\n\t<meta property=\"og:image:height\" content=\"1709\" \/>\n\t<meta property=\"og:image:type\" content=\"image\/jpeg\" \/>\n<meta name=\"twitter:card\" content=\"summary_large_image\" \/>\n<meta name=\"twitter:label1\" content=\"Est. reading time\" \/>\n\t<meta name=\"twitter:data1\" content=\"5 minutes\" \/>\n<script type=\"application\/ld+json\" class=\"yoast-schema-graph\">{\"@context\":\"https:\/\/schema.org\",\"@graph\":[{\"@type\":\"WebPage\",\"@id\":\"https:\/\/www.priesteregg.at\/en\/premium-eco-resort\/chalets\/willy-bogner-chalet\/\",\"url\":\"https:\/\/www.priesteregg.at\/en\/premium-eco-resort\/chalets\/willy-bogner-chalet\/\",\"name\":\"Willy Bogner Chalet - Bergdorf Priesteregg\",\"isPartOf\":{\"@id\":\"https:\/\/www.priesteregg.at\/#website\"},\"primaryImageOfPage\":{\"@id\":\"https:\/\/www.priesteregg.at\/en\/premium-eco-resort\/chalets\/willy-bogner-chalet\/#primaryimage\"},\"image\":{\"@id\":\"https:\/\/www.priesteregg.at\/en\/premium-eco-resort\/chalets\/willy-bogner-chalet\/#primaryimage\"},\"thumbnailUrl\":\"https:\/\/www.priesteregg.at\/wp-content\/uploads\/chalets_bognerchalet.jpg\",\"datePublished\":\"2019-08-29T10:45:26+00:00\",\"dateModified\":\"2026-04-16T08:45:34+00:00\",\"description\":\"Luxury chalet with 5\u2606 comfort in Austria's most beautiful mountain world \u2713 Infinity pool with panora view \u2713 150m\u00b2 cozy living space \u2713\",\"breadcrumb\":{\"@id\":\"https:\/\/www.priesteregg.at\/en\/premium-eco-resort\/chalets\/willy-bogner-chalet\/#breadcrumb\"},\"inLanguage\":\"en-US\",\"potentialAction\":[{\"@type\":\"ReadAction\",\"target\":[\"https:\/\/www.priesteregg.at\/en\/premium-eco-resort\/chalets\/willy-bogner-chalet\/\"]}]},{\"@type\":\"ImageObject\",\"inLanguage\":\"en-US\",\"@id\":\"https:\/\/www.priesteregg.at\/en\/premium-eco-resort\/chalets\/willy-bogner-chalet\/#primaryimage\",\"url\":\"https:\/\/www.priesteregg.at\/wp-content\/uploads\/chalets_bognerchalet.jpg\",\"contentUrl\":\"https:\/\/www.priesteregg.at\/wp-content\/uploads\/chalets_bognerchalet.jpg\",\"width\":768,\"height\":768},{\"@type\":\"BreadcrumbList\",\"@id\":\"https:\/\/www.priesteregg.at\/en\/premium-eco-resort\/chalets\/willy-bogner-chalet\/#breadcrumb\",\"itemListElement\":[{\"@type\":\"ListItem\",\"position\":1,\"name\":\"Startseite\",\"item\":\"https:\/\/www.priesteregg.at\/en\/\"},{\"@type\":\"ListItem\",\"position\":2,\"name\":\"Premium Eco Resort\",\"item\":\"https:\/\/www.priesteregg.at\/en\/premium-eco-resort\/\"},{\"@type\":\"ListItem\",\"position\":3,\"name\":\"Chalets\",\"item\":\"https:\/\/www.priesteregg.at\/en\/premium-eco-resort\/chalets\/\"},{\"@type\":\"ListItem\",\"position\":4,\"name\":\"Willy Bogner Chalet\"}]},{\"@type\":\"WebSite\",\"@id\":\"https:\/\/www.priesteregg.at\/#website\",\"url\":\"https:\/\/www.priesteregg.at\/\",\"name\":\"Bergdorf Priesteregg\",\"description\":\"Chalet, Bergh\u00fctte und Almh\u00fctten Urlaub in Leogang im Salzburger Land, \u00d6sterreich\",\"potentialAction\":[{\"@type\":\"SearchAction\",\"target\":{\"@type\":\"EntryPoint\",\"urlTemplate\":\"https:\/\/www.priesteregg.at\/?s={search_term_string}\"},\"query-input\":{\"@type\":\"PropertyValueSpecification\",\"valueRequired\":true,\"valueName\":\"search_term_string\"}}],\"inLanguage\":\"en-US\"}]}<\/script>\n<!-- \/ Yoast SEO plugin. -->","yoast_head_json":{"title":"Willy Bogner Chalet - Bergdorf Priesteregg","description":"Luxury chalet with 5\u2606 comfort in Austria's most beautiful mountain world \u2713 Infinity pool with panora view \u2713 150m\u00b2 cozy living space \u2713","robots":{"index":"index","follow":"follow","max-snippet":"max-snippet:-1","max-image-preview":"max-image-preview:large","max-video-preview":"max-video-preview:-1"},"canonical":"https:\/\/www.priesteregg.at\/en\/premium-eco-resort\/chalets\/willy-bogner-chalet\/","og_locale":"en_US","og_type":"article","og_title":"Willy Bogner Chalet - Bergdorf Priesteregg","og_description":"Luxury chalet with 5\u2606 comfort in Austria's most beautiful mountain world \u2713 Infinity pool with panora view \u2713 150m\u00b2 cozy living space \u2713","og_url":"https:\/\/www.priesteregg.at\/en\/premium-eco-resort\/chalets\/willy-bogner-chalet\/","og_site_name":"Bergdorf Priesteregg","article_modified_time":"2026-04-16T08:45:34+00:00","og_image":[{"width":2560,"height":1709,"url":"https:\/\/www.priesteregg.at\/wp-content\/uploads\/Bogner.jpg","type":"image\/jpeg"}],"twitter_card":"summary_large_image","twitter_misc":{"Est. reading time":"5 minutes"},"schema":{"@context":"https:\/\/schema.org","@graph":[{"@type":"WebPage","@id":"https:\/\/www.priesteregg.at\/en\/premium-eco-resort\/chalets\/willy-bogner-chalet\/","url":"https:\/\/www.priesteregg.at\/en\/premium-eco-resort\/chalets\/willy-bogner-chalet\/","name":"Willy Bogner Chalet - Bergdorf Priesteregg","isPartOf":{"@id":"https:\/\/www.priesteregg.at\/#website"},"primaryImageOfPage":{"@id":"https:\/\/www.priesteregg.at\/en\/premium-eco-resort\/chalets\/willy-bogner-chalet\/#primaryimage"},"image":{"@id":"https:\/\/www.priesteregg.at\/en\/premium-eco-resort\/chalets\/willy-bogner-chalet\/#primaryimage"},"thumbnailUrl":"https:\/\/www.priesteregg.at\/wp-content\/uploads\/chalets_bognerchalet.jpg","datePublished":"2019-08-29T10:45:26+00:00","dateModified":"2026-04-16T08:45:34+00:00","description":"Luxury chalet with 5\u2606 comfort in Austria's most beautiful mountain world \u2713 Infinity pool with panora view \u2713 150m\u00b2 cozy living space \u2713","breadcrumb":{"@id":"https:\/\/www.priesteregg.at\/en\/premium-eco-resort\/chalets\/willy-bogner-chalet\/#breadcrumb"},"inLanguage":"en-US","potentialAction":[{"@type":"ReadAction","target":["https:\/\/www.priesteregg.at\/en\/premium-eco-resort\/chalets\/willy-bogner-chalet\/"]}]},{"@type":"ImageObject","inLanguage":"en-US","@id":"https:\/\/www.priesteregg.at\/en\/premium-eco-resort\/chalets\/willy-bogner-chalet\/#primaryimage","url":"https:\/\/www.priesteregg.at\/wp-content\/uploads\/chalets_bognerchalet.jpg","contentUrl":"https:\/\/www.priesteregg.at\/wp-content\/uploads\/chalets_bognerchalet.jpg","width":768,"height":768},{"@type":"BreadcrumbList","@id":"https:\/\/www.priesteregg.at\/en\/premium-eco-resort\/chalets\/willy-bogner-chalet\/#breadcrumb","itemListElement":[{"@type":"ListItem","position":1,"name":"Startseite","item":"https:\/\/www.priesteregg.at\/en\/"},{"@type":"ListItem","position":2,"name":"Premium Eco Resort","item":"https:\/\/www.priesteregg.at\/en\/premium-eco-resort\/"},{"@type":"ListItem","position":3,"name":"Chalets","item":"https:\/\/www.priesteregg.at\/en\/premium-eco-resort\/chalets\/"},{"@type":"ListItem","position":4,"name":"Willy Bogner Chalet"}]},{"@type":"WebSite","@id":"https:\/\/www.priesteregg.at\/#website","url":"https:\/\/www.priesteregg.at\/","name":"Bergdorf Priesteregg","description":"Chalet, Bergh\u00fctte und Almh\u00fctten Urlaub in Leogang im Salzburger Land, \u00d6sterreich","potentialAction":[{"@type":"SearchAction","target":{"@type":"EntryPoint","urlTemplate":"https:\/\/www.priesteregg.at\/?s={search_term_string}"},"query-input":{"@type":"PropertyValueSpecification","valueRequired":true,"valueName":"search_term_string"}}],"inLanguage":"en-US"}]}},"_links":{"self":[{"href":"https:\/\/www.priesteregg.at\/en\/wp-json\/wp\/v2\/pages\/2189","targetHints":{"allow":["GET"]}}],"collection":[{"href":"https:\/\/www.priesteregg.at\/en\/wp-json\/wp\/v2\/pages"}],"about":[{"href":"https:\/\/www.priesteregg.at\/en\/wp-json\/wp\/v2\/types\/page"}],"author":[{"embeddable":true,"href":"https:\/\/www.priesteregg.at\/en\/wp-json\/wp\/v2\/users\/2"}],"replies":[{"embeddable":true,"href":"https:\/\/www.priesteregg.at\/en\/wp-json\/wp\/v2\/comments?post=2189"}],"version-history":[{"count":38,"href":"https:\/\/www.priesteregg.at\/en\/wp-json\/wp\/v2\/pages\/2189\/revisions"}],"predecessor-version":[{"id":9506,"href":"https:\/\/www.priesteregg.at\/en\/wp-json\/wp\/v2\/pages\/2189\/revisions\/9506"}],"up":[{"embeddable":true,"href":"https:\/\/www.priesteregg.at\/en\/wp-json\/wp\/v2\/pages\/2166"}],"wp:featuredmedia":[{"embeddable":true,"href":"https:\/\/www.priesteregg.at\/en\/wp-json\/wp\/v2\/media\/1867"}],"wp:attachment":[{"href":"https:\/\/www.priesteregg.at\/en\/wp-json\/wp\/v2\/media?parent=2189"}],"curies":[{"name":"wp","href":"https:\/\/api.w.org\/{rel}","templated":true}]}}