{"id":2161,"date":"2019-08-21T08:29:57","date_gmt":"2019-08-21T06:29:57","guid":{"rendered":"https:\/\/www.priesteregg.at\/?page_id=2161"},"modified":"2024-07-04T12:15:08","modified_gmt":"2024-07-04T10:15:08","slug":"gallery","status":"publish","type":"page","link":"https:\/\/www.priesteregg.at\/en\/premium-eco-resort\/gallery\/","title":{"rendered":"Gallery"},"content":{"rendered":"<div class=\"wpb-content-wrapper\"><p>[vc_row css=&#8221;.vc_custom_1560760013193{margin-bottom: 60px !important;}&#8221;][vc_column offset=&#8221;vc_col-lg-offset-2 vc_col-lg-8 vc_col-xs-12&#8243;][vc_column_text]<\/p>\n<h1 style=\"text-align: center;\">Photo Gallery<\/h1>\n<hr \/>\n<p style=\"text-align: center;\">With its unique atmosphere and exclusive location, the PRIESTEREGG Bergdorf is a very special place. This is where rustic meets modern in a charming way. Our feel-good Chalets are so authentic due the many, partly historic, little details that make them so unique. The photos will give you a pretty good first impression, however, you will have to come and experience it yourself. We are looking forward to welcoming you here!<\/p>\n<p>[\/vc_column_text][\/vc_column][\/vc_row][vc_row css=&#8221;.vc_custom_1560782639166{margin-bottom: 60px !important;}&#8221;][vc_column][vc_column_text]<\/p>\n<h2 style=\"text-align: center;\">Bergdorf<\/h2>\n<p>[\/vc_column_text][vc_media_grid gap=&#8221;30&#8243; item=&#8221;806&#8243; initial_loading_animation=&#8221;fadeIn&#8221; grid_id=&#8221;vc_gid:1718197314665-0908b322-3308-8&#8243; include=&#8221;6574,1989,1991,1993,6620,1992,1994,6576,1995,1996,1999,2000,2002,2003,2005,2006,5474,6614&#8243;][\/vc_column][\/vc_row][vc_row css=&#8221;.vc_custom_1560782645556{margin-bottom: 60px !important;}&#8221;][vc_column][vc_column_text]<\/p>\n<h2 style=\"text-align: center;\">Chalets<\/h2>\n<p>[\/vc_column_text][vc_media_grid gap=&#8221;30&#8243; item=&#8221;806&#8243; initial_loading_animation=&#8221;fadeIn&#8221; grid_id=&#8221;vc_gid:1718197314669-8863c0fe-a0ec-3&#8243; include=&#8221;2007,2008,2009,2010,4494,6608,2011,2012,2013,2014,2015,2017,2018,6612&#8243;][\/vc_column][\/vc_row][vc_row css=&#8221;.vc_custom_1560782645556{margin-bottom: 60px !important;}&#8221;][vc_column][vc_column_text]<\/p>\n<h2 style=\"text-align: center;\">SEEH\u00dcTTEN<\/h2>\n<p>[\/vc_column_text][vc_media_grid gap=&#8221;30&#8243; item=&#8221;806&#8243; initial_loading_animation=&#8221;fadeIn&#8221; grid_id=&#8221;vc_gid:1718197321505-9383927d-3f16-6&#8243; include=&#8221;7457,7455,7453,7451,7449,7447,7445,7443,7441,7439,7437,7435&#8243;][\/vc_column][\/vc_row][vc_row css=&#8221;.vc_custom_1560782645556{margin-bottom: 60px !important;}&#8221;][vc_column][vc_column_text]<\/p>\n<h2 style=\"text-align: center;\">VILLA WOSSA<\/h2>\n<p>[\/vc_column_text][vc_media_grid gap=&#8221;30&#8243; item=&#8221;806&#8243; initial_loading_animation=&#8221;fadeIn&#8221; grid_id=&#8221;vc_gid:1718197314671-0370e521-bc70-10&#8243; include=&#8221;6562,6513,6566,6560,6509,6523,6519,6517,6515,6511,6505,6503&#8243;][\/vc_column][\/vc_row][vc_row css=&#8221;.vc_custom_1560782645556{margin-bottom: 60px !important;}&#8221;][vc_column][vc_column_text]<\/p>\n<h2 style=\"text-align: center;\">WILDERER VILLA<\/h2>\n<p>[\/vc_column_text][vc_media_grid gap=&#8221;30&#8243; item=&#8221;806&#8243; initial_loading_animation=&#8221;fadeIn&#8221; grid_id=&#8221;vc_gid:1718197314673-dad14980-eef0-10&#8243; include=&#8221;3360,5554,5490,5566,5570,3440,5550,3364,3366,3438,4697,5492,5556,5552,5568&#8243;][\/vc_column][\/vc_row][vc_row css=&#8221;.vc_custom_1560782645556{margin-bottom: 60px !important;}&#8221;][vc_column][vc_column_text]<\/p>\n<h2 style=\"text-align: center;\">VILLA ETANER<\/h2>\n<p>[\/vc_column_text][vc_media_grid gap=&#8221;30&#8243; item=&#8221;806&#8243; initial_loading_animation=&#8221;fadeIn&#8221; grid_id=&#8221;vc_gid:1718197314675-b40f6a87-f8a4-1&#8243; include=&#8221;3370,3436,4715,3372,4705,3374,4711,3432,3434,4707,4713,4703,4717&#8243;][\/vc_column][\/vc_row][vc_row css=&#8221;.vc_custom_1579212423098{margin-bottom: 60px !important;}&#8221;][vc_column][vc_column_text]<\/p>\n<h2 style=\"text-align: center;\">Wellbeing<\/h2>\n<p>[\/vc_column_text][vc_media_grid gap=&#8221;30&#8243; item=&#8221;806&#8243; initial_loading_animation=&#8221;fadeIn&#8221; grid_id=&#8221;vc_gid:1718197314676-f2bfebbb-68e9-8&#8243; include=&#8221;4522,6616,2021,4562,2026,4518,6394,6378&#8243;][\/vc_column][\/vc_row][vc_row css=&#8221;.vc_custom_1579212423098{margin-bottom: 60px !important;}&#8221;][vc_column][vc_column_text]<\/p>\n<h2 style=\"text-align: center;\">Priesteregg Bad<\/h2>\n<p>[\/vc_column_text][vc_media_grid gap=&#8221;30&#8243; item=&#8221;806&#8243; initial_loading_animation=&#8221;fadeIn&#8221; grid_id=&#8221;vc_gid:1718197314677-4631011c-4718-8&#8243; include=&#8221;3428,4218,3430,6382,4556,4558,3444,3464,3442,3468,4520,4220,6396,6380&#8243;][\/vc_column][\/vc_row][vc_row css=&#8221;.vc_custom_1579212439434{margin-bottom: 60px !important;}&#8221;][vc_column][vc_column_text]<\/p>\n<h2 style=\"text-align: center;\">Cuisine<\/h2>\n<p>[\/vc_column_text][vc_media_grid gap=&#8221;30&#8243; item=&#8221;806&#8243; initial_loading_animation=&#8221;fadeIn&#8221; grid_id=&#8221;vc_gid:1718197314680-3ef76334-e7eb-5&#8243; include=&#8221;5494,2031,2028,5472,2029,5478,2032,2033,2034,2035,2036,5480,5482&#8243;][\/vc_column][\/vc_row][vc_row disable_element=&#8221;yes&#8221; css=&#8221;.vc_custom_1564583224198{margin-bottom: 60px !important;}&#8221;][vc_column][vc_column_text]<\/p>\n<h2 style=\"text-align: center;\">Videos<\/h2>\n<p>[\/vc_column_text][\/vc_column][\/vc_row][vc_row disable_element=&#8221;yes&#8221;][vc_column width=&#8221;1\/3&#8243;]<div class=\"single-video--wrap  \"><a href=\"https:\/\/www.youtube.com\/watch?v=LsRAHX0B48k\" class=\"video-sc anim--reveal permalink iframebox\"><img decoding=\"async\" class=\"videos--image\" src=\"http:\/\/i.ytimg.com\/vi\/LsRAHX0B48k\/maxresdefault.jpg\" alt=\"Post image\"><h2 class=\"videos--title\">Testvideo1<\/h2><span class=\"videos--play-layer\"><span class=\"icon icon-play\"><\/span><\/span><\/a><\/div>[\/vc_column][vc_column width=&#8221;1\/3&#8243;]<div class=\"single-video--wrap  \"><a href=\"https:\/\/www.youtube.com\/watch?v=LsRAHX0B48k\" class=\"video-sc anim--reveal permalink iframebox\"><img decoding=\"async\" class=\"videos--image\" src=\"http:\/\/i.ytimg.com\/vi\/LsRAHX0B48k\/maxresdefault.jpg\" alt=\"Post image\"><h2 class=\"videos--title\">Testvideo1<\/h2><span class=\"videos--play-layer\"><span class=\"icon icon-play\"><\/span><\/span><\/a><\/div>[\/vc_column][vc_column width=&#8221;1\/3&#8243;][vc_video link=&#8221;https:\/\/youtu.be\/LsRAHX0B48k&#8221;][\/vc_column][\/vc_row][vc_row disable_element=&#8221;yes&#8221;][vc_column width=&#8221;1\/3&#8243;][vc_column_text]Vimeotest[\/vc_column_text][\/vc_column][vc_column width=&#8221;1\/3&#8243;][\/vc_column][\/vc_row]<\/p>\n<\/div>","protected":false},"excerpt":{"rendered":"<p>[vc_row css=&#8221;.vc_custom_1560760013193{margin-bottom: 60px !important;}&#8221;][vc_column offset=&#8221;vc_col-lg-offset-2 vc_col-lg-8 vc_col-xs-12&#8243;][vc_column_text] Photo Gallery With its unique atmosphere and exclusive location, the PRIESTEREGG Bergdorf is a very special place. This is where rustic meets modern in a charming way. Our feel-good Chalets are so authentic due the many, partly historic, little details that make them so unique. The photos will [&hellip;]<\/p>\n","protected":false},"author":2,"featured_media":0,"parent":2120,"menu_order":6,"comment_status":"closed","ping_status":"closed","template":"","meta":{"_acf_changed":false,"footnotes":""},"class_list":["post-2161","page","type-page","status-publish","hentry"],"acf":[],"yoast_head":"<!-- This site is optimized with the Yoast SEO plugin v25.4 - https:\/\/yoast.com\/wordpress\/plugins\/seo\/ -->\n<title>Gallery - Bergdorf Priesteregg<\/title>\n<meta name=\"description\" content=\"Photo gallery of our chalets &amp; villas \u2713 ECO Resort \u2713 Infinitypool &amp; Wellness \u2713 Alone: In nature\" \/>\n<meta name=\"robots\" content=\"index, follow, max-snippet:-1, max-image-preview:large, max-video-preview:-1\" \/>\n<link rel=\"canonical\" href=\"https:\/\/www.priesteregg.at\/en\/premium-eco-resort\/gallery\/\" \/>\n<meta property=\"og:locale\" content=\"en_US\" \/>\n<meta property=\"og:type\" content=\"article\" \/>\n<meta property=\"og:title\" content=\"Gallery - Bergdorf Priesteregg\" \/>\n<meta property=\"og:description\" content=\"Photo gallery of our chalets &amp; villas \u2713 ECO Resort \u2713 Infinitypool &amp; Wellness \u2713 Alone: In nature\" \/>\n<meta property=\"og:url\" content=\"https:\/\/www.priesteregg.at\/en\/premium-eco-resort\/gallery\/\" \/>\n<meta property=\"og:site_name\" content=\"Bergdorf Priesteregg\" \/>\n<meta property=\"article:modified_time\" content=\"2024-07-04T10:15:08+00:00\" \/>\n<meta property=\"og:image\" content=\"https:\/\/www.priesteregg.at\/wp-content\/uploads\/priesteregg-chalet-luxus-ski-oesterreich-berge-winter-hotel-8.jpg\" \/>\n\t<meta property=\"og:image:width\" content=\"768\" \/>\n\t<meta property=\"og:image:height\" content=\"768\" \/>\n\t<meta property=\"og:image:type\" content=\"image\/jpeg\" \/>\n<meta name=\"twitter:card\" content=\"summary_large_image\" \/>\n<meta name=\"twitter:label1\" content=\"Est. reading time\" \/>\n\t<meta name=\"twitter:data1\" content=\"21 minutes\" \/>\n<script type=\"application\/ld+json\" class=\"yoast-schema-graph\">{\"@context\":\"https:\/\/schema.org\",\"@graph\":[{\"@type\":\"WebPage\",\"@id\":\"https:\/\/www.priesteregg.at\/en\/premium-eco-resort\/gallery\/\",\"url\":\"https:\/\/www.priesteregg.at\/en\/premium-eco-resort\/gallery\/\",\"name\":\"Gallery - Bergdorf Priesteregg\",\"isPartOf\":{\"@id\":\"https:\/\/www.priesteregg.at\/#website\"},\"datePublished\":\"2019-08-21T06:29:57+00:00\",\"dateModified\":\"2024-07-04T10:15:08+00:00\",\"description\":\"Photo gallery of our chalets & villas \u2713 ECO Resort \u2713 Infinitypool & Wellness \u2713 Alone: In nature\",\"breadcrumb\":{\"@id\":\"https:\/\/www.priesteregg.at\/en\/premium-eco-resort\/gallery\/#breadcrumb\"},\"inLanguage\":\"en-US\",\"potentialAction\":[{\"@type\":\"ReadAction\",\"target\":[\"https:\/\/www.priesteregg.at\/en\/premium-eco-resort\/gallery\/\"]}]},{\"@type\":\"BreadcrumbList\",\"@id\":\"https:\/\/www.priesteregg.at\/en\/premium-eco-resort\/gallery\/#breadcrumb\",\"itemListElement\":[{\"@type\":\"ListItem\",\"position\":1,\"name\":\"Startseite\",\"item\":\"https:\/\/www.priesteregg.at\/en\/\"},{\"@type\":\"ListItem\",\"position\":2,\"name\":\"Premium Eco Resort\",\"item\":\"https:\/\/www.priesteregg.at\/en\/premium-eco-resort\/\"},{\"@type\":\"ListItem\",\"position\":3,\"name\":\"Gallery\"}]},{\"@type\":\"WebSite\",\"@id\":\"https:\/\/www.priesteregg.at\/#website\",\"url\":\"https:\/\/www.priesteregg.at\/\",\"name\":\"Bergdorf Priesteregg\",\"description\":\"Chalet, Bergh\u00fctte und Almh\u00fctten Urlaub in Leogang im Salzburger Land, \u00d6sterreich\",\"potentialAction\":[{\"@type\":\"SearchAction\",\"target\":{\"@type\":\"EntryPoint\",\"urlTemplate\":\"https:\/\/www.priesteregg.at\/?s={search_term_string}\"},\"query-input\":{\"@type\":\"PropertyValueSpecification\",\"valueRequired\":true,\"valueName\":\"search_term_string\"}}],\"inLanguage\":\"en-US\"}]}<\/script>\n<!-- \/ Yoast SEO plugin. -->","yoast_head_json":{"title":"Gallery - Bergdorf Priesteregg","description":"Photo gallery of our chalets & villas \u2713 ECO Resort \u2713 Infinitypool & Wellness \u2713 Alone: In nature","robots":{"index":"index","follow":"follow","max-snippet":"max-snippet:-1","max-image-preview":"max-image-preview:large","max-video-preview":"max-video-preview:-1"},"canonical":"https:\/\/www.priesteregg.at\/en\/premium-eco-resort\/gallery\/","og_locale":"en_US","og_type":"article","og_title":"Gallery - Bergdorf Priesteregg","og_description":"Photo gallery of our chalets & villas \u2713 ECO Resort \u2713 Infinitypool & Wellness \u2713 Alone: In nature","og_url":"https:\/\/www.priesteregg.at\/en\/premium-eco-resort\/gallery\/","og_site_name":"Bergdorf Priesteregg","article_modified_time":"2024-07-04T10:15:08+00:00","og_image":[{"width":768,"height":768,"url":"https:\/\/www.priesteregg.at\/wp-content\/uploads\/priesteregg-chalet-luxus-ski-oesterreich-berge-winter-hotel-8.jpg","type":"image\/jpeg"}],"twitter_card":"summary_large_image","twitter_misc":{"Est. reading time":"21 minutes"},"schema":{"@context":"https:\/\/schema.org","@graph":[{"@type":"WebPage","@id":"https:\/\/www.priesteregg.at\/en\/premium-eco-resort\/gallery\/","url":"https:\/\/www.priesteregg.at\/en\/premium-eco-resort\/gallery\/","name":"Gallery - Bergdorf Priesteregg","isPartOf":{"@id":"https:\/\/www.priesteregg.at\/#website"},"datePublished":"2019-08-21T06:29:57+00:00","dateModified":"2024-07-04T10:15:08+00:00","description":"Photo gallery of our chalets & villas \u2713 ECO Resort \u2713 Infinitypool & Wellness \u2713 Alone: In nature","breadcrumb":{"@id":"https:\/\/www.priesteregg.at\/en\/premium-eco-resort\/gallery\/#breadcrumb"},"inLanguage":"en-US","potentialAction":[{"@type":"ReadAction","target":["https:\/\/www.priesteregg.at\/en\/premium-eco-resort\/gallery\/"]}]},{"@type":"BreadcrumbList","@id":"https:\/\/www.priesteregg.at\/en\/premium-eco-resort\/gallery\/#breadcrumb","itemListElement":[{"@type":"ListItem","position":1,"name":"Startseite","item":"https:\/\/www.priesteregg.at\/en\/"},{"@type":"ListItem","position":2,"name":"Premium Eco Resort","item":"https:\/\/www.priesteregg.at\/en\/premium-eco-resort\/"},{"@type":"ListItem","position":3,"name":"Gallery"}]},{"@type":"WebSite","@id":"https:\/\/www.priesteregg.at\/#website","url":"https:\/\/www.priesteregg.at\/","name":"Bergdorf Priesteregg","description":"Chalet, Bergh\u00fctte und Almh\u00fctten Urlaub in Leogang im Salzburger Land, \u00d6sterreich","potentialAction":[{"@type":"SearchAction","target":{"@type":"EntryPoint","urlTemplate":"https:\/\/www.priesteregg.at\/?s={search_term_string}"},"query-input":{"@type":"PropertyValueSpecification","valueRequired":true,"valueName":"search_term_string"}}],"inLanguage":"en-US"}]}},"_links":{"self":[{"href":"https:\/\/www.priesteregg.at\/en\/wp-json\/wp\/v2\/pages\/2161","targetHints":{"allow":["GET"]}}],"collection":[{"href":"https:\/\/www.priesteregg.at\/en\/wp-json\/wp\/v2\/pages"}],"about":[{"href":"https:\/\/www.priesteregg.at\/en\/wp-json\/wp\/v2\/types\/page"}],"author":[{"embeddable":true,"href":"https:\/\/www.priesteregg.at\/en\/wp-json\/wp\/v2\/users\/2"}],"replies":[{"embeddable":true,"href":"https:\/\/www.priesteregg.at\/en\/wp-json\/wp\/v2\/comments?post=2161"}],"version-history":[{"count":27,"href":"https:\/\/www.priesteregg.at\/en\/wp-json\/wp\/v2\/pages\/2161\/revisions"}],"predecessor-version":[{"id":7595,"href":"https:\/\/www.priesteregg.at\/en\/wp-json\/wp\/v2\/pages\/2161\/revisions\/7595"}],"up":[{"embeddable":true,"href":"https:\/\/www.priesteregg.at\/en\/wp-json\/wp\/v2\/pages\/2120"}],"wp:attachment":[{"href":"https:\/\/www.priesteregg.at\/en\/wp-json\/wp\/v2\/media?parent=2161"}],"curies":[{"name":"wp","href":"https:\/\/api.w.org\/{rel}","templated":true}]}}