{"id":2155,"date":"2019-08-21T08:24:46","date_gmt":"2019-08-21T06:24:46","guid":{"rendered":"https:\/\/www.priesteregg.at\/?page_id=2155"},"modified":"2021-12-09T12:39:36","modified_gmt":"2021-12-09T11:39:36","slug":"region","status":"publish","type":"page","link":"https:\/\/www.priesteregg.at\/en\/premium-eco-resort\/region\/","title":{"rendered":"Region"},"content":{"rendered":"<div class=\"wpb-content-wrapper\"><p>[vc_row css=&#8221;.vc_custom_1560779196444{margin-bottom: 0px !important;}&#8221;][vc_column][vc_column_text]<a href=\"https:\/\/www.priesteregg.at\/bergdorf\/\">&lt; back<\/a>[\/vc_column_text][\/vc_column][\/vc_row][vc_row full_width=&#8221;stretch_row&#8221; css=&#8221;.vc_custom_1560776524435{margin-bottom: 60px !important;}&#8221;][vc_column][vc_column_text]<\/p>\n<h1 style=\"text-align: center;\">OUR HOME<\/h1>\n<hr \/>\n<p>[\/vc_column_text][vc_single_image image=&#8221;1796&#8243; img_size=&#8221;full&#8221; alignment=&#8221;center&#8221;][\/vc_column][\/vc_row][vc_row el_class=&#8221;vc_row-flex&#8221; css=&#8221;.vc_custom_1560778897073{margin-bottom: 60px !important;}&#8221;][vc_column width=&#8221;1\/2&#8243;][vc_column_text]<\/p>\n<h2>THE PINZGAU REGION<\/h2>\n<p><strong>Pastures, meadows, high mountains.<\/strong><\/p>\n<p>The Pinzgau region in the Salzburger Land is as memorable as its nature. Imposing 3,000ers, snow-covered glaciers, picturesque valleys and roaring mountain streams and waterfalls characterise the landscape between Krimmle and Lend. The famous Hohe Tauern mountain range as well as the rolling hills of the Pinzgauer grass mountains are popular destinations. Northeast of the regional capital Zell am See, the ragged rocks of the Steinberge mountains reach high into the sky. The Gro\u00dfglockner high alpine road from Fusch as well as the Krimml waterfalls are also a sought-after spot for nature lovers. If you are looking for tranquility off the beaten track, you can discover mule tracks that are thousands of years old, idyllic pastures, baroque pilgrimage churches and mystic mountain lakes. However, it is not only the scenery that makes the Pinzgau region so livable and lovable; it\u2019s also the people and animals, the traditional customs and the old crafts.[\/vc_column_text][\/vc_column][vc_column width=&#8221;1\/2&#8243;][vc_column_text]<\/p>\n<h2>THE REGION AND ITS PEOPLE<\/h2>\n<p><strong>Devoted to your home<\/strong><\/p>\n<p>Just as every landscape is different, so are the people who live there. It often even seems as if the dwellers of the next valley were completely different. What we all have in common is the fact that we are all unique, also in the Pinzgau region. We are proud of our homeland. Some say we are famous for being down-to-earth and cordial; others like our direct and genuine nature. What we like about ourselves though is our traditional costume, especially when we have the chance to show it off during the <em>Dirndlgwand <\/em>Sunday and <em>Lederhosen <\/em>Thursday \u2013 two days in the year when women clad in their Dirndldresses and men in their leather pants. We love our traditions and customs like the Hundstoa Ranggeln, a Celtic wrestling competition at the top of the Hundstein mountain that goes back to 1518, or the Schabelprechten in the Rauris Valley, where inspectors go from house to house to check whether they are properly clean.[\/vc_column_text][\/vc_column][\/vc_row][vc_row][vc_column][vc_gallery type=&#8221;flexslider_slide&#8221; interval=&#8221;0&#8243; images=&#8221;1857,1858,1859,1860,1861,1862&#8243; img_size=&#8221;full&#8221; onclick=&#8221;&#8221;][\/vc_column][\/vc_row][vc_row full_width=&#8221;stretch_row&#8221; disable_element=&#8221;yes&#8221; css=&#8221;.vc_custom_1563526481892{margin-bottom: 60px !important;padding-top: 60px !important;background-color: #f6f6f6 !important;}&#8221;][vc_column offset=&#8221;vc_col-lg-offset-2 vc_col-lg-8 vc_col-xs-12&#8243;][vc_column_text css=&#8221;.vc_custom_1562082918182{margin-bottom: 13px !important;}&#8221;]<\/p>\n<h1 style=\"text-align: center;\">UNSERE GEHEIMSTIPPS<\/h1>\n<hr \/>\n<p>[\/vc_column_text]<div id=\"ult-carousel-86933787469eb5ebc4123a\" class=\"ult-carousel-wrapper  tipp ult_horizontal\" data-gutter=\"15\" data-rtl=\"false\" ><div class=\"ult-carousel-238347441269eb5ebc41047 \" >[vc_column_text]<\/p>\n<p style=\"text-align: center;\">Badetag am Pillersee (Tipp von Corinna)<\/p>\n<p style=\"text-align: center;\">\u201eIch liebe diesen See! Er ist zwar sehr kalt, aber wenn man es geschafft hat, reinzuspringen und unterzutauchen, ist man ein neuer Mensch. \u00dcbrigens kann man auch mit dem Bike oder mit dem Auto um den See fahren.\u201c<\/p>\n<p>[\/vc_column_text][vc_column_text]<\/p>\n<p style=\"text-align: center;\">Von Mitterberg zum Schwalbenwandkreuz (Tipp von Iris):<\/p>\n<p style=\"text-align: center;\">&#8220;Eine meiner Lieblingstouren startet an der Jausenstation Mitterberg und f\u00fchrt auf einem gem\u00fctlichen Wald-und Wiesenweg zum Schwalbenwandkreuz. Die Wanderung bietet sensationelle Ausblicke \u00fcber den Zeller See bis hin zum Kitzsteinhorn und nach Saalfelden. Auf der Terrasse des Berggasthofs kann man ganz entspannt das herrliche Panorama genie\u00dfen.\u201c<\/p>\n<p>[\/vc_column_text]<\/div><\/div>\t\t\t<script type=\"text\/javascript\">\n\t\t\t\tjQuery(document).ready(function ($) {\n\t\t\t\t\tif( typeof jQuery('.ult-carousel-238347441269eb5ebc41047').slick == \"function\"){\n\t\t\t\t\t\t$('.ult-carousel-238347441269eb5ebc41047').slick({dots: false,autoplaySpeed: \"5000\",speed: \"300\",infinite: true,arrows: true,nextArrow: '<button type=\"button\" role=\"button\" aria-label=\"Next\" style=\"color:#333333; font-size:20px;\" class=\"slick-next default\"><i class=\"ultsl-arrow-right6\"><\/i><\/button>',prevArrow: '<button type=\"button\" role=\"button\" aria-label=\"Previous\" style=\"color:#333333; font-size:20px;\" class=\"slick-prev default\"><i class=\"ultsl-arrow-left6\"><\/i><\/button>',slidesToScroll:1,slidesToShow:1,swipe: false,draggable: false,touchMove: true,pauseOnHover: true,pauseOnFocus: false,responsive: [\n\t\t\t\t\t\t\t{\n\t\t\t\t\t\t\t  breakpoint: 1026,\n\t\t\t\t\t\t\t  settings: {\n\t\t\t\t\t\t\t\tslidesToShow: 1,\n\t\t\t\t\t\t\t\tslidesToScroll: 1,  \n\t\t\t\t\t\t\t  }\n\t\t\t\t\t\t\t},\n\t\t\t\t\t\t\t{\n\t\t\t\t\t\t\t  breakpoint: 1025,\n\t\t\t\t\t\t\t  settings: {\n\t\t\t\t\t\t\t\tslidesToShow: 1,\n\t\t\t\t\t\t\t\tslidesToScroll: 1\n\t\t\t\t\t\t\t  }\n\t\t\t\t\t\t\t},\n\t\t\t\t\t\t\t{\n\t\t\t\t\t\t\t  breakpoint: 760,\n\t\t\t\t\t\t\t  settings: {\n\t\t\t\t\t\t\t\tslidesToShow: 1,\n\t\t\t\t\t\t\t\tslidesToScroll: 1\n\t\t\t\t\t\t\t  }\n\t\t\t\t\t\t\t}\n\t\t\t\t\t\t],pauseOnDotsHover: true,customPaging: function(slider, i) {\n                   return '<i type=\"button\" style= \"color:#333333;\" class=\"ultsl-record\" data-role=\"none\"><\/i>';\n                },});\n\t\t\t\t\t}\n\t\t\t\t});\n\t\t\t<\/script>\n\t\t\t[\/vc_column][\/vc_row][vc_row][vc_column][vc_column_text]<\/p>\n<h2 style=\"text-align: center;\">FAMOUS NEIGHBOURS<\/h2>\n<p>[\/vc_column_text][vc_tta_accordion c_icon=&#8221;chevron&#8221; active_section=&#8221;&#8221; no_fill=&#8221;true&#8221; collapsible_all=&#8221;true&#8221;][vc_tta_section title=&#8221;Kitzb\u00fchel&#8221; tab_id=&#8221;Kitzbuehel&#8221; distance=&#8221;42 km&#8221;][vc_column_text]Kitzb\u00fchel is probably the most legendary place in the Alps and belongs to the famous hot spots in the Alpine region. Its long sporting tradition with the Hahnenkamm skiing race is internationally known. This town, which is also known as \u201cChamois City\u201d, does not only stand for luxury and lifestyle; it is also characterised by the authenticity and originality of its neighbouring villages like Aurach, Jochberg, Reith and Kirchberg in Tyrol.[\/vc_column_text][\/vc_tta_section][vc_tta_section title=&#8221;Zell am See&#8221; tab_id=&#8221;Zell-am-See&#8221; distance=&#8221;27 km&#8221;][vc_column_text]Zell am See is an important small town in the region. It is a traffic hub as well as a popular shopping destination. In summer and winter, it offers countless opportunities for sports and leisure activities between mountains, lakes and glaciers. The picturesque community combines many holiday attractions with its stunningly beautiful landscape. The neighbouring village of Kaprun attracts visitors with the Tauern Spa and the Gipfelwelt 3000, the region\u2019s highest excursion destination at the Kitzsteinhorn.[\/vc_column_text][\/vc_tta_section][vc_tta_section title=&#8221;Salzburg&#8221; tab_id=&#8221;Salzburg&#8221; distance=&#8221;80 km&#8221;][vc_column_text]Mozart\u2019s city is simply the stage of the world, and it became a UNESCO World Heritage Site in 1997. Art, lifestyle and its unique history make this metropolitan city at the Salzach river so special. The vibrant flair and authentic charm of the old town can be best experienced on a leisurely stroll through the city\u2019s historic centre. The Hohensalzburg Fortress and the M\u00f6nchsberg are also worth a visit.[\/vc_column_text][\/vc_tta_section][vc_tta_section title=&#8221;Grossglockner High Alpin Road&#8221; tab_id=&#8221;Grossglocknerstrasse&#8221; distance=&#8221;62 km&#8221;][vc_column_text]This famous alpine road leads through the heart of the Hohe Tauern National Park to Austria\u2019s highest mountain, the Gro\u00dfglockner (3,978m) and the Pasterze Glacier. Over 48 kilometres and 36 hairpins this road reaches an altitude of 2,504 metres and offers one of the best nature and driving experiences in the world. Here, you pass colourful alpine meadows, deep forests, giant rock formations and glaciers until you get to the foot of the Gro\u00dfglockner, the Kaiser-Franz-Josef-H\u00f6he.[\/vc_column_text][\/vc_tta_section][\/vc_tta_accordion][\/vc_column][\/vc_row]<\/p>\n<\/div>","protected":false},"excerpt":{"rendered":"<p>[vc_row css=&#8221;.vc_custom_1560779196444{margin-bottom: 0px !important;}&#8221;][vc_column][vc_column_text]&lt; back[\/vc_column_text][\/vc_column][\/vc_row][vc_row full_width=&#8221;stretch_row&#8221; css=&#8221;.vc_custom_1560776524435{margin-bottom: 60px !important;}&#8221;][vc_column][vc_column_text] OUR HOME [\/vc_column_text][vc_single_image image=&#8221;1796&#8243; img_size=&#8221;full&#8221; alignment=&#8221;center&#8221;][\/vc_column][\/vc_row][vc_row el_class=&#8221;vc_row-flex&#8221; css=&#8221;.vc_custom_1560778897073{margin-bottom: 60px !important;}&#8221;][vc_column width=&#8221;1\/2&#8243;][vc_column_text] THE PINZGAU REGION Pastures, meadows, high mountains. The Pinzgau region in the Salzburger Land is as memorable as its nature. Imposing 3,000ers, snow-covered glaciers, picturesque valleys and roaring mountain streams and waterfalls characterise the landscape [&hellip;]<\/p>\n","protected":false},"author":2,"featured_media":0,"parent":2120,"menu_order":4,"comment_status":"closed","ping_status":"closed","template":"","meta":{"_acf_changed":false,"footnotes":""},"class_list":["post-2155","page","type-page","status-publish","hentry"],"acf":[],"yoast_head":"<!-- This site is optimized with the Yoast SEO plugin v25.4 - https:\/\/yoast.com\/wordpress\/plugins\/seo\/ -->\n<title>Region - Bergdorf Priesteregg<\/title>\n<meta name=\"description\" content=\"Chalets &amp; villas in Austria&#039;s most beautiful mountains \u2713 PINZGAU: pure NATURE &amp; JOY \u2713 Gro\u00dfglockner &amp; Krimml Waterfalls \u2713 Ski &amp; Hike &amp; Bike\" \/>\n<meta name=\"robots\" content=\"index, follow, max-snippet:-1, max-image-preview:large, max-video-preview:-1\" \/>\n<link rel=\"canonical\" href=\"https:\/\/www.priesteregg.at\/en\/premium-eco-resort\/region\/\" \/>\n<meta property=\"og:locale\" content=\"en_US\" \/>\n<meta property=\"og:type\" content=\"article\" \/>\n<meta property=\"og:title\" content=\"Region - Bergdorf Priesteregg\" \/>\n<meta property=\"og:description\" content=\"Chalets &amp; villas in Austria&#039;s most beautiful mountains \u2713 PINZGAU: pure NATURE &amp; JOY \u2713 Gro\u00dfglockner &amp; Krimml Waterfalls \u2713 Ski &amp; Hike &amp; Bike\" \/>\n<meta property=\"og:url\" content=\"https:\/\/www.priesteregg.at\/en\/premium-eco-resort\/region\/\" \/>\n<meta property=\"og:site_name\" content=\"Bergdorf Priesteregg\" \/>\n<meta property=\"article:modified_time\" content=\"2021-12-09T11:39:36+00:00\" \/>\n<meta property=\"og:image\" content=\"https:\/\/www.priesteregg.at\/wp-content\/uploads\/priesteregg-chalet-luxus-ski-oesterreich-berge-winter-hotel-8.jpg\" \/>\n\t<meta property=\"og:image:width\" content=\"768\" \/>\n\t<meta property=\"og:image:height\" content=\"768\" \/>\n\t<meta property=\"og:image:type\" content=\"image\/jpeg\" \/>\n<meta name=\"twitter:card\" content=\"summary_large_image\" \/>\n<meta name=\"twitter:label1\" content=\"Est. reading time\" \/>\n\t<meta name=\"twitter:data1\" content=\"5 minutes\" \/>\n<script type=\"application\/ld+json\" class=\"yoast-schema-graph\">{\"@context\":\"https:\/\/schema.org\",\"@graph\":[{\"@type\":\"WebPage\",\"@id\":\"https:\/\/www.priesteregg.at\/en\/premium-eco-resort\/region\/\",\"url\":\"https:\/\/www.priesteregg.at\/en\/premium-eco-resort\/region\/\",\"name\":\"Region - Bergdorf Priesteregg\",\"isPartOf\":{\"@id\":\"https:\/\/www.priesteregg.at\/#website\"},\"datePublished\":\"2019-08-21T06:24:46+00:00\",\"dateModified\":\"2021-12-09T11:39:36+00:00\",\"description\":\"Chalets & villas in Austria's most beautiful mountains \u2713 PINZGAU: pure NATURE & JOY \u2713 Gro\u00dfglockner & Krimml Waterfalls \u2713 Ski & Hike & Bike\",\"breadcrumb\":{\"@id\":\"https:\/\/www.priesteregg.at\/en\/premium-eco-resort\/region\/#breadcrumb\"},\"inLanguage\":\"en-US\",\"potentialAction\":[{\"@type\":\"ReadAction\",\"target\":[\"https:\/\/www.priesteregg.at\/en\/premium-eco-resort\/region\/\"]}]},{\"@type\":\"BreadcrumbList\",\"@id\":\"https:\/\/www.priesteregg.at\/en\/premium-eco-resort\/region\/#breadcrumb\",\"itemListElement\":[{\"@type\":\"ListItem\",\"position\":1,\"name\":\"Startseite\",\"item\":\"https:\/\/www.priesteregg.at\/en\/\"},{\"@type\":\"ListItem\",\"position\":2,\"name\":\"Premium Eco Resort\",\"item\":\"https:\/\/www.priesteregg.at\/en\/premium-eco-resort\/\"},{\"@type\":\"ListItem\",\"position\":3,\"name\":\"Region\"}]},{\"@type\":\"WebSite\",\"@id\":\"https:\/\/www.priesteregg.at\/#website\",\"url\":\"https:\/\/www.priesteregg.at\/\",\"name\":\"Bergdorf Priesteregg\",\"description\":\"Chalet, Bergh\u00fctte und Almh\u00fctten Urlaub in Leogang im Salzburger Land, \u00d6sterreich\",\"potentialAction\":[{\"@type\":\"SearchAction\",\"target\":{\"@type\":\"EntryPoint\",\"urlTemplate\":\"https:\/\/www.priesteregg.at\/?s={search_term_string}\"},\"query-input\":{\"@type\":\"PropertyValueSpecification\",\"valueRequired\":true,\"valueName\":\"search_term_string\"}}],\"inLanguage\":\"en-US\"}]}<\/script>\n<!-- \/ Yoast SEO plugin. -->","yoast_head_json":{"title":"Region - Bergdorf Priesteregg","description":"Chalets & villas in Austria's most beautiful mountains \u2713 PINZGAU: pure NATURE & JOY \u2713 Gro\u00dfglockner & Krimml Waterfalls \u2713 Ski & Hike & Bike","robots":{"index":"index","follow":"follow","max-snippet":"max-snippet:-1","max-image-preview":"max-image-preview:large","max-video-preview":"max-video-preview:-1"},"canonical":"https:\/\/www.priesteregg.at\/en\/premium-eco-resort\/region\/","og_locale":"en_US","og_type":"article","og_title":"Region - Bergdorf Priesteregg","og_description":"Chalets & villas in Austria's most beautiful mountains \u2713 PINZGAU: pure NATURE & JOY \u2713 Gro\u00dfglockner & Krimml Waterfalls \u2713 Ski & Hike & Bike","og_url":"https:\/\/www.priesteregg.at\/en\/premium-eco-resort\/region\/","og_site_name":"Bergdorf Priesteregg","article_modified_time":"2021-12-09T11:39:36+00:00","og_image":[{"width":768,"height":768,"url":"https:\/\/www.priesteregg.at\/wp-content\/uploads\/priesteregg-chalet-luxus-ski-oesterreich-berge-winter-hotel-8.jpg","type":"image\/jpeg"}],"twitter_card":"summary_large_image","twitter_misc":{"Est. reading time":"5 minutes"},"schema":{"@context":"https:\/\/schema.org","@graph":[{"@type":"WebPage","@id":"https:\/\/www.priesteregg.at\/en\/premium-eco-resort\/region\/","url":"https:\/\/www.priesteregg.at\/en\/premium-eco-resort\/region\/","name":"Region - Bergdorf Priesteregg","isPartOf":{"@id":"https:\/\/www.priesteregg.at\/#website"},"datePublished":"2019-08-21T06:24:46+00:00","dateModified":"2021-12-09T11:39:36+00:00","description":"Chalets & villas in Austria's most beautiful mountains \u2713 PINZGAU: pure NATURE & JOY \u2713 Gro\u00dfglockner & Krimml Waterfalls \u2713 Ski & Hike & Bike","breadcrumb":{"@id":"https:\/\/www.priesteregg.at\/en\/premium-eco-resort\/region\/#breadcrumb"},"inLanguage":"en-US","potentialAction":[{"@type":"ReadAction","target":["https:\/\/www.priesteregg.at\/en\/premium-eco-resort\/region\/"]}]},{"@type":"BreadcrumbList","@id":"https:\/\/www.priesteregg.at\/en\/premium-eco-resort\/region\/#breadcrumb","itemListElement":[{"@type":"ListItem","position":1,"name":"Startseite","item":"https:\/\/www.priesteregg.at\/en\/"},{"@type":"ListItem","position":2,"name":"Premium Eco Resort","item":"https:\/\/www.priesteregg.at\/en\/premium-eco-resort\/"},{"@type":"ListItem","position":3,"name":"Region"}]},{"@type":"WebSite","@id":"https:\/\/www.priesteregg.at\/#website","url":"https:\/\/www.priesteregg.at\/","name":"Bergdorf Priesteregg","description":"Chalet, Bergh\u00fctte und Almh\u00fctten Urlaub in Leogang im Salzburger Land, \u00d6sterreich","potentialAction":[{"@type":"SearchAction","target":{"@type":"EntryPoint","urlTemplate":"https:\/\/www.priesteregg.at\/?s={search_term_string}"},"query-input":{"@type":"PropertyValueSpecification","valueRequired":true,"valueName":"search_term_string"}}],"inLanguage":"en-US"}]}},"_links":{"self":[{"href":"https:\/\/www.priesteregg.at\/en\/wp-json\/wp\/v2\/pages\/2155","targetHints":{"allow":["GET"]}}],"collection":[{"href":"https:\/\/www.priesteregg.at\/en\/wp-json\/wp\/v2\/pages"}],"about":[{"href":"https:\/\/www.priesteregg.at\/en\/wp-json\/wp\/v2\/types\/page"}],"author":[{"embeddable":true,"href":"https:\/\/www.priesteregg.at\/en\/wp-json\/wp\/v2\/users\/2"}],"replies":[{"embeddable":true,"href":"https:\/\/www.priesteregg.at\/en\/wp-json\/wp\/v2\/comments?post=2155"}],"version-history":[{"count":8,"href":"https:\/\/www.priesteregg.at\/en\/wp-json\/wp\/v2\/pages\/2155\/revisions"}],"predecessor-version":[{"id":2277,"href":"https:\/\/www.priesteregg.at\/en\/wp-json\/wp\/v2\/pages\/2155\/revisions\/2277"}],"up":[{"embeddable":true,"href":"https:\/\/www.priesteregg.at\/en\/wp-json\/wp\/v2\/pages\/2120"}],"wp:attachment":[{"href":"https:\/\/www.priesteregg.at\/en\/wp-json\/wp\/v2\/media?parent=2155"}],"curies":[{"name":"wp","href":"https:\/\/api.w.org\/{rel}","templated":true}]}}