{"id":2149,"date":"2019-08-21T08:21:16","date_gmt":"2019-08-21T06:21:16","guid":{"rendered":"https:\/\/www.priesteregg.at\/?page_id=2149"},"modified":"2021-12-09T11:55:53","modified_gmt":"2021-12-09T10:55:53","slug":"sustainability","status":"publish","type":"page","link":"https:\/\/www.priesteregg.at\/en\/premium-eco-resort\/sustainability\/","title":{"rendered":"Sustainability"},"content":{"rendered":"<div class=\"wpb-content-wrapper\"><p>[vc_row css=&#8221;.vc_custom_1560779196444{margin-bottom: 0px !important;}&#8221;][vc_column][vc_column_text]<a href=\"https:\/\/www.priesteregg.at\/en\/premium-eco-resort\/\">&lt; back<\/a>[\/vc_column_text][\/vc_column][\/vc_row][vc_row css=&#8221;.vc_custom_1560780755105{margin-bottom: 0px !important;}&#8221;][vc_column][vc_single_image image=&#8221;4361&#8243; img_size=&#8221;890&#215;476&#8243; alignment=&#8221;center&#8221; css=&#8221;.vc_custom_1606815665392{margin-bottom: 0px !important;}&#8221;][\/vc_column][\/vc_row][vc_row full_width=&#8221;stretch_row&#8221; css=&#8221;.vc_custom_1561466657478{margin-bottom: 60px !important;padding-top: 60px !important;padding-bottom: 30px !important;background-color: #f6f6f6 !important;}&#8221;][vc_column offset=&#8221;vc_col-lg-offset-2 vc_col-lg-8 vc_col-md-offset-2 vc_col-md-8 vc_col-sm-offset-0 vc_col-xs-12&#8243;][vc_column_text el_class=&#8221;tipp&#8221;]<\/p>\n<h1 style=\"text-align: center;\">Premium Eco Resort<\/h1>\n<hr \/>\n<p style=\"text-align: center;\">\u201cMan and nature need to be in harmony<br \/>\nto preserve the world for future generations.\u201d<\/p>\n<p style=\"text-align: center;\">Huwi Oberlader<\/p>\n<p>[\/vc_column_text][\/vc_column][\/vc_row][vc_row el_class=&#8221;vc_row-flex&#8221; css=&#8221;.vc_custom_1560782319756{margin-bottom: 0px !important;}&#8221;][vc_column css=&#8221;.vc_custom_1560782330640{margin-bottom: 0px !important;}&#8221;][vc_column_text css=&#8221;.vc_custom_1628499461665{margin-bottom: 20px !important;}&#8221;]<\/p>\n<h2>RESPECTING NATURE<\/h2>\n<p><strong>Sustainable hotel concept<\/strong>[\/vc_column_text][\/vc_column][\/vc_row][vc_row el_class=&#8221;vc_row-flex&#8221; css=&#8221;.vc_custom_1560778897073{margin-bottom: 60px !important;}&#8221;][vc_column width=&#8221;1\/2&#8243;][vc_column_text]Coming from a farming background, we have lived in tune with nature all our lives. We appreciate nature\u2019s unique value, its unfailing power, and indispensable protection. Nature is the basis of human existence. Of course, we enjoy travelling to faraway places or eating fruit from southern climates. However, wherever possible, we do our bit to protect nature, its resources and the well-being of humankind.<\/p>\n<p>Together with the German Viessmann Group, we have converted the basement of the\u00a0PRIESTEREGG BAD into our very own powerhouse. Different systems interact with each other in a perfectly coordinated cycle and supply all our chalets, villas and the BAD with heat, water, and electricity.<\/p>\n<p>Our power supplies come from the sun, geothermal energy, biomass, and biogas.[\/vc_column_text][\/vc_column][vc_column width=&#8221;1\/2&#8243;][vc_column_text]Extra heat is added to the system from the wastewater of our hot tubs and our pool, and we use the spring water from the nearby Birnbachloch stream. An ice storage facility extracts energy from the water until it turns into ice, which is used to cool our rooms in the summer. Viessman has developed a highly innovative system that intelligently combines all our energy sources. This means that each source kicks in when it is most effective \u2013 a technically ingenious system. Nature is very powerful, and we humans are intelligent enough to use this power in the best possible way. Being aware of this amazing opportunity is already half the battle won.<\/p>\n<p>We are convinced that each and every one of us can make a small contribution to preserve our environment without having to give up things we have grown to love. It doesn\u2019t take much more than just using a glass, a towel, or a bathrobe one more time. Thanks for joining in![\/vc_column_text][\/vc_column][\/vc_row]<\/p>\n<\/div>","protected":false},"excerpt":{"rendered":"<p>[vc_row css=&#8221;.vc_custom_1560779196444{margin-bottom: 0px !important;}&#8221;][vc_column][vc_column_text]&lt; back[\/vc_column_text][\/vc_column][\/vc_row][vc_row css=&#8221;.vc_custom_1560780755105{margin-bottom: 0px !important;}&#8221;][vc_column][vc_single_image image=&#8221;4361&#8243; img_size=&#8221;890&#215;476&#8243; alignment=&#8221;center&#8221; css=&#8221;.vc_custom_1606815665392{margin-bottom: 0px !important;}&#8221;][\/vc_column][\/vc_row][vc_row full_width=&#8221;stretch_row&#8221; css=&#8221;.vc_custom_1561466657478{margin-bottom: 60px !important;padding-top: 60px !important;padding-bottom: 30px !important;background-color: #f6f6f6 !important;}&#8221;][vc_column offset=&#8221;vc_col-lg-offset-2 vc_col-lg-8 vc_col-md-offset-2 vc_col-md-8 vc_col-sm-offset-0 vc_col-xs-12&#8243;][vc_column_text el_class=&#8221;tipp&#8221;] Premium Eco Resort \u201cMan and nature need to be in harmony to preserve the world for future generations.\u201d Huwi Oberlader [\/vc_column_text][\/vc_column][\/vc_row][vc_row el_class=&#8221;vc_row-flex&#8221; css=&#8221;.vc_custom_1560782319756{margin-bottom: 0px [&hellip;]<\/p>\n","protected":false},"author":2,"featured_media":0,"parent":2120,"menu_order":3,"comment_status":"closed","ping_status":"closed","template":"","meta":{"_acf_changed":false,"footnotes":""},"class_list":["post-2149","page","type-page","status-publish","hentry"],"acf":[],"yoast_head":"<!-- This site is optimized with the Yoast SEO plugin v25.4 - https:\/\/yoast.com\/wordpress\/plugins\/seo\/ -->\n<title>Sustainability - Bergdorf Priesteregg<\/title>\n<meta name=\"description\" content=\"ECO Chalets &amp; Villas in Salzburger Land \u2713 regional products \u2713 alternative energy concept \u2713 photovoltaics \u2713 ice storage \u2713 own cattle farm\u2713\" \/>\n<meta name=\"robots\" content=\"index, follow, max-snippet:-1, max-image-preview:large, max-video-preview:-1\" \/>\n<link rel=\"canonical\" href=\"https:\/\/www.priesteregg.at\/en\/premium-eco-resort\/sustainability\/\" \/>\n<meta property=\"og:locale\" content=\"en_US\" \/>\n<meta property=\"og:type\" content=\"article\" \/>\n<meta property=\"og:title\" content=\"Sustainability - Bergdorf Priesteregg\" \/>\n<meta property=\"og:description\" content=\"ECO Chalets &amp; Villas in Salzburger Land \u2713 regional products \u2713 alternative energy concept \u2713 photovoltaics \u2713 ice storage \u2713 own cattle farm\u2713\" \/>\n<meta property=\"og:url\" content=\"https:\/\/www.priesteregg.at\/en\/premium-eco-resort\/sustainability\/\" \/>\n<meta property=\"og:site_name\" content=\"Bergdorf Priesteregg\" \/>\n<meta property=\"article:modified_time\" content=\"2021-12-09T10:55:53+00:00\" \/>\n<meta property=\"og:image\" content=\"https:\/\/www.priesteregg.at\/wp-content\/uploads\/priesteregg-chalet-luxus-ski-oesterreich-berge-winter-hotel-8.jpg\" \/>\n\t<meta property=\"og:image:width\" content=\"768\" \/>\n\t<meta property=\"og:image:height\" content=\"768\" \/>\n\t<meta property=\"og:image:type\" content=\"image\/jpeg\" \/>\n<meta name=\"twitter:card\" content=\"summary_large_image\" \/>\n<meta name=\"twitter:label1\" content=\"Est. reading time\" \/>\n\t<meta name=\"twitter:data1\" content=\"2 minutes\" \/>\n<script type=\"application\/ld+json\" class=\"yoast-schema-graph\">{\"@context\":\"https:\/\/schema.org\",\"@graph\":[{\"@type\":\"WebPage\",\"@id\":\"https:\/\/www.priesteregg.at\/en\/premium-eco-resort\/sustainability\/\",\"url\":\"https:\/\/www.priesteregg.at\/en\/premium-eco-resort\/sustainability\/\",\"name\":\"Sustainability - Bergdorf Priesteregg\",\"isPartOf\":{\"@id\":\"https:\/\/www.priesteregg.at\/#website\"},\"datePublished\":\"2019-08-21T06:21:16+00:00\",\"dateModified\":\"2021-12-09T10:55:53+00:00\",\"description\":\"ECO Chalets & Villas in Salzburger Land \u2713 regional products \u2713 alternative energy concept \u2713 photovoltaics \u2713 ice storage \u2713 own cattle farm\u2713\",\"breadcrumb\":{\"@id\":\"https:\/\/www.priesteregg.at\/en\/premium-eco-resort\/sustainability\/#breadcrumb\"},\"inLanguage\":\"en-US\",\"potentialAction\":[{\"@type\":\"ReadAction\",\"target\":[\"https:\/\/www.priesteregg.at\/en\/premium-eco-resort\/sustainability\/\"]}]},{\"@type\":\"BreadcrumbList\",\"@id\":\"https:\/\/www.priesteregg.at\/en\/premium-eco-resort\/sustainability\/#breadcrumb\",\"itemListElement\":[{\"@type\":\"ListItem\",\"position\":1,\"name\":\"Startseite\",\"item\":\"https:\/\/www.priesteregg.at\/en\/\"},{\"@type\":\"ListItem\",\"position\":2,\"name\":\"Premium Eco Resort\",\"item\":\"https:\/\/www.priesteregg.at\/en\/premium-eco-resort\/\"},{\"@type\":\"ListItem\",\"position\":3,\"name\":\"Sustainability\"}]},{\"@type\":\"WebSite\",\"@id\":\"https:\/\/www.priesteregg.at\/#website\",\"url\":\"https:\/\/www.priesteregg.at\/\",\"name\":\"Bergdorf Priesteregg\",\"description\":\"Chalet, Bergh\u00fctte und Almh\u00fctten Urlaub in Leogang im Salzburger Land, \u00d6sterreich\",\"potentialAction\":[{\"@type\":\"SearchAction\",\"target\":{\"@type\":\"EntryPoint\",\"urlTemplate\":\"https:\/\/www.priesteregg.at\/?s={search_term_string}\"},\"query-input\":{\"@type\":\"PropertyValueSpecification\",\"valueRequired\":true,\"valueName\":\"search_term_string\"}}],\"inLanguage\":\"en-US\"}]}<\/script>\n<!-- \/ Yoast SEO plugin. -->","yoast_head_json":{"title":"Sustainability - Bergdorf Priesteregg","description":"ECO Chalets & Villas in Salzburger Land \u2713 regional products \u2713 alternative energy concept \u2713 photovoltaics \u2713 ice storage \u2713 own cattle farm\u2713","robots":{"index":"index","follow":"follow","max-snippet":"max-snippet:-1","max-image-preview":"max-image-preview:large","max-video-preview":"max-video-preview:-1"},"canonical":"https:\/\/www.priesteregg.at\/en\/premium-eco-resort\/sustainability\/","og_locale":"en_US","og_type":"article","og_title":"Sustainability - Bergdorf Priesteregg","og_description":"ECO Chalets & Villas in Salzburger Land \u2713 regional products \u2713 alternative energy concept \u2713 photovoltaics \u2713 ice storage \u2713 own cattle farm\u2713","og_url":"https:\/\/www.priesteregg.at\/en\/premium-eco-resort\/sustainability\/","og_site_name":"Bergdorf Priesteregg","article_modified_time":"2021-12-09T10:55:53+00:00","og_image":[{"width":768,"height":768,"url":"https:\/\/www.priesteregg.at\/wp-content\/uploads\/priesteregg-chalet-luxus-ski-oesterreich-berge-winter-hotel-8.jpg","type":"image\/jpeg"}],"twitter_card":"summary_large_image","twitter_misc":{"Est. reading time":"2 minutes"},"schema":{"@context":"https:\/\/schema.org","@graph":[{"@type":"WebPage","@id":"https:\/\/www.priesteregg.at\/en\/premium-eco-resort\/sustainability\/","url":"https:\/\/www.priesteregg.at\/en\/premium-eco-resort\/sustainability\/","name":"Sustainability - Bergdorf Priesteregg","isPartOf":{"@id":"https:\/\/www.priesteregg.at\/#website"},"datePublished":"2019-08-21T06:21:16+00:00","dateModified":"2021-12-09T10:55:53+00:00","description":"ECO Chalets & Villas in Salzburger Land \u2713 regional products \u2713 alternative energy concept \u2713 photovoltaics \u2713 ice storage \u2713 own cattle farm\u2713","breadcrumb":{"@id":"https:\/\/www.priesteregg.at\/en\/premium-eco-resort\/sustainability\/#breadcrumb"},"inLanguage":"en-US","potentialAction":[{"@type":"ReadAction","target":["https:\/\/www.priesteregg.at\/en\/premium-eco-resort\/sustainability\/"]}]},{"@type":"BreadcrumbList","@id":"https:\/\/www.priesteregg.at\/en\/premium-eco-resort\/sustainability\/#breadcrumb","itemListElement":[{"@type":"ListItem","position":1,"name":"Startseite","item":"https:\/\/www.priesteregg.at\/en\/"},{"@type":"ListItem","position":2,"name":"Premium Eco Resort","item":"https:\/\/www.priesteregg.at\/en\/premium-eco-resort\/"},{"@type":"ListItem","position":3,"name":"Sustainability"}]},{"@type":"WebSite","@id":"https:\/\/www.priesteregg.at\/#website","url":"https:\/\/www.priesteregg.at\/","name":"Bergdorf Priesteregg","description":"Chalet, Bergh\u00fctte und Almh\u00fctten Urlaub in Leogang im Salzburger Land, \u00d6sterreich","potentialAction":[{"@type":"SearchAction","target":{"@type":"EntryPoint","urlTemplate":"https:\/\/www.priesteregg.at\/?s={search_term_string}"},"query-input":{"@type":"PropertyValueSpecification","valueRequired":true,"valueName":"search_term_string"}}],"inLanguage":"en-US"}]}},"_links":{"self":[{"href":"https:\/\/www.priesteregg.at\/en\/wp-json\/wp\/v2\/pages\/2149","targetHints":{"allow":["GET"]}}],"collection":[{"href":"https:\/\/www.priesteregg.at\/en\/wp-json\/wp\/v2\/pages"}],"about":[{"href":"https:\/\/www.priesteregg.at\/en\/wp-json\/wp\/v2\/types\/page"}],"author":[{"embeddable":true,"href":"https:\/\/www.priesteregg.at\/en\/wp-json\/wp\/v2\/users\/2"}],"replies":[{"embeddable":true,"href":"https:\/\/www.priesteregg.at\/en\/wp-json\/wp\/v2\/comments?post=2149"}],"version-history":[{"count":12,"href":"https:\/\/www.priesteregg.at\/en\/wp-json\/wp\/v2\/pages\/2149\/revisions"}],"predecessor-version":[{"id":4927,"href":"https:\/\/www.priesteregg.at\/en\/wp-json\/wp\/v2\/pages\/2149\/revisions\/4927"}],"up":[{"embeddable":true,"href":"https:\/\/www.priesteregg.at\/en\/wp-json\/wp\/v2\/pages\/2120"}],"wp:attachment":[{"href":"https:\/\/www.priesteregg.at\/en\/wp-json\/wp\/v2\/media?parent=2149"}],"curies":[{"name":"wp","href":"https:\/\/api.w.org\/{rel}","templated":true}]}}