{"id":2132,"date":"2019-08-20T17:59:33","date_gmt":"2019-08-20T15:59:33","guid":{"rendered":"https:\/\/www.priesteregg.at\/?page_id=2132"},"modified":"2024-11-26T13:44:22","modified_gmt":"2024-11-26T12:44:22","slug":"here-with-us","status":"publish","type":"page","link":"https:\/\/www.priesteregg.at\/en\/premium-eco-resort\/here-with-us\/","title":{"rendered":"Here with us"},"content":{"rendered":"<div class=\"wpb-content-wrapper\"><p>[vc_row css=&#8221;.vc_custom_1563525775447{margin-bottom: 30px !important;padding-top: 25px !important;}&#8221;][vc_column width=&#8221;2\/3&#8243; offset=&#8221;vc_col-lg-offset-2&#8243;][vc_column_text]<\/p>\n<h1 style=\"text-align: center;\">Between heaven and earth<\/h1>\n<hr \/>\n<p style=\"text-align: center;\">A high plateau at 1,100 metres.<br \/>\nMajestic and sublime, the Steinberg mountains.<br \/>\nMountain pastures, meadows, deep forests.<br \/>\nClose to heaven.<\/p>\n<p style=\"text-align: center;\">The old land<br \/>\nhere the priests of Salzburg used to live<br \/>\ncontinues its history:<br \/>\nThe PRIESTEREGG, the Bergdorf.<\/p>\n<p>[\/vc_column_text][vc_column_text el_class=&#8221;text-overflow&#8221;]<\/p>\n<p style=\"text-align: center;\">Creaking wood.<br \/>\nNatural materials.<br \/>\nStone walls, more than a thousand years old.<br \/>\nThe strong scent of lemons.<\/p>\n<p style=\"text-align: center;\">A few steps farther, the alpine inn.<br \/>\nA hearty atmosphere.<br \/>\nDelicacies served by the innkeepers.<br \/>\nGenuine and authentic.<\/p>\n<p style=\"text-align: center;\">Serenity.<br \/>\nComfort. A fire crackling in the fireplace.<br \/>\nNight falls.<br \/>\nStars in the firmament.<\/p>\n<p style=\"text-align: center;\">The morning \u2013 fresh and clear like a mountain creek.<br \/>\nA vision &#8211; sometimes higher than the clouds.<br \/>\nBreakfast, prepared as if by magic.<\/p>\n<p style=\"text-align: center;\">Time, at least. Time for essentials. Time for yourself.<br \/>\nBreathe. See. Feel.<br \/>\nSimply live. Simply be human.<\/p>\n<p>[\/vc_column_text][vc_raw_html]JTNDZGl2JTIwY2xhc3MlM0QlMjJlbiUyMGJ0bi1vdmVyZmxvdyUyMiUzRW1vcmUlM0MlMkZkaXYlM0U=[\/vc_raw_html][\/vc_column][\/vc_row][vc_row full_width=&#8221;stretch_row&#8221; el_class=&#8221;black-bg vc_row-flex&#8221; css=&#8221;.vc_custom_1560773346540{margin-bottom: 60px !important;padding-top: 60px !important;padding-bottom: 40px !important;background-color: #1e1d1e !important;}&#8221;][vc_column][vc_column_text]<\/p>\n<h2>\u201cTHE EGGE&#8221; OF THE PRIESTS<\/h2>\n<p>[\/vc_column_text][vc_row_inner el_class=&#8221;vc_row-flex&#8221;][vc_column_inner width=&#8221;1\/2&#8243;][vc_column_text]<strong>500 years PRIESTEREGG.<\/strong><\/p>\n<p>The PRIESTEREGG<sup>1<\/sup> has a long and eventful history. It was first officially mentioned in 1505. During that time, the lords of the Almb (today Maria Alm) owned the land, and in 1756 when the knights sought salvation via the church they bequeathed the land to the priests of Salzburg. The fertile land was then cultivated by serfs, who had to pay a ten percent tax in the form of money or natural products to the archdiocese of Salzburg. When the serfs were emancipated in 1780, the farmhouse and the estate was taken over by our family. Since then, we have continued writing the history of the priests of Salzburg with the creation of the Priesteregg. To this day, the land that used to be cultivated for the priests is still a paradise.<\/p>\n<p><em><sup>1<\/sup><\/em><em>The term \u201eEgge\u201c used to describe a small farm. There are several other farms in the Leogang Valley whose names end in \u201cegg\u201d, such as <\/em><em>Neudegg, Saalegg, Bergmannsegg, Gr\u00fcnegg, Schrattenegg.<\/em><em>.<\/em>[\/vc_column_text][\/vc_column_inner][vc_column_inner width=&#8221;1\/2&#8243;][vc_column_text css=&#8221;.vc_custom_1566316150740{margin-bottom: 12px !important;}&#8221;]<strong>History in figures<\/strong>[\/vc_column_text][vc_separator color=&#8221;white&#8221; css=&#8221;.vc_custom_1562147073055{margin-bottom: 13px !important;}&#8221;][vc_column_text css=&#8221;.vc_custom_1732624953272{margin-bottom: 13px !important;}&#8221; el_class=&#8221;history&#8221;]<\/p>\n<table style=\"border-collapse: collapse; width: 100%;\">\n<tbody>\n<tr>\n<td style=\"width: 12.4728%;\">1505<\/td>\n<td style=\"width: 87.4188%;\">The PRIESTEREGG\u00a0is first officially mentioned<\/td>\n<\/tr>\n<tr>\n<td style=\"width: 12.4728%;\">1756<\/td>\n<td style=\"width: 87.4188%;\">The priests of Salzburg own the land in the region<\/td>\n<\/tr>\n<tr>\n<td style=\"width: 12.4728%;\">1780<\/td>\n<td style=\"width: 87.4188%;\">The farm as well as the estate become the property of the Oberlader family<\/td>\n<\/tr>\n<tr>\n<td style=\"width: 12.4728%;\">1989<\/td>\n<td style=\"width: 87.4188%;\">Huwi takes over the agricultural business with refreshment station from his parents<\/td>\n<\/tr>\n<tr>\n<td style=\"width: 12.4728%;\">1992<\/td>\n<td style=\"width: 87.4188%;\">Huwi\u2019s Alm opens<\/td>\n<\/tr>\n<tr>\n<td style=\"width: 12.4728%;\">2009<\/td>\n<td style=\"width: 87.4188%;\">Construction of the Chalets and opening of the Bergdorf<\/td>\n<\/tr>\n<tr>\n<td style=\"width: 12.4728%;\">2011<\/td>\n<td style=\"width: 87.4188%;\">Construction of the Brugg and the reception area<\/td>\n<\/tr>\n<tr>\n<td style=\"width: 12.4728%;\">2013<\/td>\n<td style=\"width: 87.4188%;\">Construction of the Willy Bogner Chalet<\/td>\n<\/tr>\n<tr>\n<td style=\"width: 12.4728%;\">2018\/19<\/td>\n<td style=\"width: 87.4188%;\">PRIESTEREGG becomes an Eco Resort, PRIESTEREGG BAD, Villa ETANER and the Wilderer Villa are built<\/td>\n<\/tr>\n<tr>\n<td style=\"width: 12.4728%;\">2022<\/td>\n<td style=\"width: 87.4188%;\">Construcion of Villa Wossa<\/td>\n<\/tr>\n<tr>\n<td style=\"width: 12.4728%;\">2024<\/td>\n<td style=\"width: 87.4188%;\">Construction of Seeh\u00fctte (5-7) and Lake<\/td>\n<\/tr>\n<\/tbody>\n<\/table>\n<p>[\/vc_column_text][vc_separator color=&#8221;white&#8221;][\/vc_column_inner][\/vc_row_inner][\/vc_column][\/vc_row][vc_row el_class=&#8221;vc_row-flex&#8221; css=&#8221;.vc_custom_1560760054615{margin-bottom: 80px !important;}&#8221;][vc_column width=&#8221;1\/2&#8243;][vc_gallery type=&#8221;flexslider_slide&#8221; interval=&#8221;0&#8243; images=&#8221;5868,5460,4722,5510,4693,4658,4116,5506,5514&#8243; img_size=&#8221;full&#8221; onclick=&#8221;&#8221;][\/vc_column][vc_column width=&#8221;1\/2&#8243;][vc_column_text]<\/p>\n<h2>SAY GOODBYE TO EVERYDAY LIFE.<\/h2>\n<p><strong>Enjoy your rest in the mountains.<\/strong><\/p>\n<p>Have you ever longed for a place where you can feel at home? A retreat in the mountains where you can enjoy unspoiled nature and meet kind people? If so, you have finally arrived! There is nothing in our Bergdorf that could upset you; nothing that could disturb you. Here, you can relax in your own Chalet and recover from everyday life. Surrounded by a breathtaking mountain panorama of the Pinzgau Alps, you can spend your days socialising or on your own. Anything is possible here. This is a place that embraces you, however, it also provides enough space for you to go and discover new things.[\/vc_column_text][\/vc_column][\/vc_row][vc_row rtl_reverse=&#8221;yes&#8221; el_class=&#8221;vc_row-flex&#8221;][vc_column width=&#8221;1\/2&#8243;][vc_column_text]<\/p>\n<h2>A HEAVENLY PLACE ON EARTH.<\/h2>\n<p><strong>Fresh air and a magnificent view<\/strong><strong>.<\/strong><\/p>\n<p>The PRIESTEREGG is a special place. Like a well-kept secret, it lies at an altitude of 1,100 metres on a high plateau in the face of the Leogang Mountains. No matter how hard you look, you won\u2019t see any large signs here. Go out and discover the Bergdorf for yourself! Below you, the valley stretches out for kilometres. The mountains of the Steinerne Meer tower ahead of you with the almost 3,000-metres-high Hochk\u00f6nig soaring into the sky right next to it. Farther along, the Leogang Valley and the Kitzb\u00fchel Alps open up in front of you. This 360-degree view is unique. No wonder we are proud of it. It makes us happy if our guests are equally enthusiastic about it and want to come back.[\/vc_column_text][\/vc_column][vc_column width=&#8221;1\/2&#8243;][vc_gallery type=&#8221;flexslider_slide&#8221; interval=&#8221;0&#8243; images=&#8221;5870,7988,5230,4058,4722,4726&#8243; img_size=&#8221;full&#8221; onclick=&#8221;&#8221; css=&#8221;&#8221;][\/vc_column][\/vc_row]<\/p>\n<\/div>","protected":false},"excerpt":{"rendered":"<p>[vc_row css=&#8221;.vc_custom_1563525775447{margin-bottom: 30px !important;padding-top: 25px !important;}&#8221;][vc_column width=&#8221;2\/3&#8243; offset=&#8221;vc_col-lg-offset-2&#8243;][vc_column_text] Between heaven and earth A high plateau at 1,100 metres. Majestic and sublime, the Steinberg mountains. Mountain pastures, meadows, deep forests. Close to heaven. The old land here the priests of Salzburg used to live continues its history: The PRIESTEREGG, the Bergdorf. [\/vc_column_text][vc_column_text el_class=&#8221;text-overflow&#8221;] Creaking wood. Natural [&hellip;]<\/p>\n","protected":false},"author":2,"featured_media":0,"parent":2120,"menu_order":1,"comment_status":"closed","ping_status":"closed","template":"","meta":{"_acf_changed":false,"footnotes":""},"class_list":["post-2132","page","type-page","status-publish","hentry"],"acf":[],"yoast_head":"<!-- This site is optimized with the Yoast SEO plugin v25.4 - https:\/\/yoast.com\/wordpress\/plugins\/seo\/ -->\n<title>Here with us - Bergdorf Priesteregg<\/title>\n<meta name=\"description\" content=\"Chalets &amp; villas with 5\u2606 comfort in Austria&#039;s most beautiful mountains \u2713 Heated infinity pool \u2713 in nature \u2713 ECO Resort. Your hideaway\" \/>\n<meta name=\"robots\" content=\"index, follow, max-snippet:-1, max-image-preview:large, max-video-preview:-1\" \/>\n<link rel=\"canonical\" href=\"https:\/\/www.priesteregg.at\/en\/premium-eco-resort\/here-with-us\/\" \/>\n<meta property=\"og:locale\" content=\"en_US\" \/>\n<meta property=\"og:type\" content=\"article\" \/>\n<meta property=\"og:title\" content=\"Here with us - Bergdorf Priesteregg\" \/>\n<meta property=\"og:description\" content=\"Chalets &amp; villas with 5\u2606 comfort in Austria&#039;s most beautiful mountains \u2713 Heated infinity pool \u2713 in nature \u2713 ECO Resort. Your hideaway\" \/>\n<meta property=\"og:url\" content=\"https:\/\/www.priesteregg.at\/en\/premium-eco-resort\/here-with-us\/\" \/>\n<meta property=\"og:site_name\" content=\"Bergdorf Priesteregg\" \/>\n<meta property=\"article:modified_time\" content=\"2024-11-26T12:44:22+00:00\" \/>\n<meta property=\"og:image\" content=\"https:\/\/www.priesteregg.at\/wp-content\/uploads\/priesteregg-chalet-luxus-ski-oesterreich-berge-winter-hotel-8.jpg\" \/>\n\t<meta property=\"og:image:width\" content=\"768\" \/>\n\t<meta property=\"og:image:height\" content=\"768\" \/>\n\t<meta property=\"og:image:type\" content=\"image\/jpeg\" \/>\n<meta name=\"twitter:card\" content=\"summary_large_image\" \/>\n<meta name=\"twitter:label1\" content=\"Est. reading time\" \/>\n\t<meta name=\"twitter:data1\" content=\"8 minutes\" \/>\n<script type=\"application\/ld+json\" class=\"yoast-schema-graph\">{\"@context\":\"https:\/\/schema.org\",\"@graph\":[{\"@type\":\"WebPage\",\"@id\":\"https:\/\/www.priesteregg.at\/en\/premium-eco-resort\/here-with-us\/\",\"url\":\"https:\/\/www.priesteregg.at\/en\/premium-eco-resort\/here-with-us\/\",\"name\":\"Here with us - Bergdorf Priesteregg\",\"isPartOf\":{\"@id\":\"https:\/\/www.priesteregg.at\/#website\"},\"datePublished\":\"2019-08-20T15:59:33+00:00\",\"dateModified\":\"2024-11-26T12:44:22+00:00\",\"description\":\"Chalets & villas with 5\u2606 comfort in Austria's most beautiful mountains \u2713 Heated infinity pool \u2713 in nature \u2713 ECO Resort. Your hideaway\",\"breadcrumb\":{\"@id\":\"https:\/\/www.priesteregg.at\/en\/premium-eco-resort\/here-with-us\/#breadcrumb\"},\"inLanguage\":\"en-US\",\"potentialAction\":[{\"@type\":\"ReadAction\",\"target\":[\"https:\/\/www.priesteregg.at\/en\/premium-eco-resort\/here-with-us\/\"]}]},{\"@type\":\"BreadcrumbList\",\"@id\":\"https:\/\/www.priesteregg.at\/en\/premium-eco-resort\/here-with-us\/#breadcrumb\",\"itemListElement\":[{\"@type\":\"ListItem\",\"position\":1,\"name\":\"Startseite\",\"item\":\"https:\/\/www.priesteregg.at\/en\/\"},{\"@type\":\"ListItem\",\"position\":2,\"name\":\"Premium Eco Resort\",\"item\":\"https:\/\/www.priesteregg.at\/en\/premium-eco-resort\/\"},{\"@type\":\"ListItem\",\"position\":3,\"name\":\"Here with us\"}]},{\"@type\":\"WebSite\",\"@id\":\"https:\/\/www.priesteregg.at\/#website\",\"url\":\"https:\/\/www.priesteregg.at\/\",\"name\":\"Bergdorf Priesteregg\",\"description\":\"Chalet, Bergh\u00fctte und Almh\u00fctten Urlaub in Leogang im Salzburger Land, \u00d6sterreich\",\"potentialAction\":[{\"@type\":\"SearchAction\",\"target\":{\"@type\":\"EntryPoint\",\"urlTemplate\":\"https:\/\/www.priesteregg.at\/?s={search_term_string}\"},\"query-input\":{\"@type\":\"PropertyValueSpecification\",\"valueRequired\":true,\"valueName\":\"search_term_string\"}}],\"inLanguage\":\"en-US\"}]}<\/script>\n<!-- \/ Yoast SEO plugin. -->","yoast_head_json":{"title":"Here with us - Bergdorf Priesteregg","description":"Chalets & villas with 5\u2606 comfort in Austria's most beautiful mountains \u2713 Heated infinity pool \u2713 in nature \u2713 ECO Resort. Your hideaway","robots":{"index":"index","follow":"follow","max-snippet":"max-snippet:-1","max-image-preview":"max-image-preview:large","max-video-preview":"max-video-preview:-1"},"canonical":"https:\/\/www.priesteregg.at\/en\/premium-eco-resort\/here-with-us\/","og_locale":"en_US","og_type":"article","og_title":"Here with us - Bergdorf Priesteregg","og_description":"Chalets & villas with 5\u2606 comfort in Austria's most beautiful mountains \u2713 Heated infinity pool \u2713 in nature \u2713 ECO Resort. Your hideaway","og_url":"https:\/\/www.priesteregg.at\/en\/premium-eco-resort\/here-with-us\/","og_site_name":"Bergdorf Priesteregg","article_modified_time":"2024-11-26T12:44:22+00:00","og_image":[{"width":768,"height":768,"url":"https:\/\/www.priesteregg.at\/wp-content\/uploads\/priesteregg-chalet-luxus-ski-oesterreich-berge-winter-hotel-8.jpg","type":"image\/jpeg"}],"twitter_card":"summary_large_image","twitter_misc":{"Est. reading time":"8 minutes"},"schema":{"@context":"https:\/\/schema.org","@graph":[{"@type":"WebPage","@id":"https:\/\/www.priesteregg.at\/en\/premium-eco-resort\/here-with-us\/","url":"https:\/\/www.priesteregg.at\/en\/premium-eco-resort\/here-with-us\/","name":"Here with us - Bergdorf Priesteregg","isPartOf":{"@id":"https:\/\/www.priesteregg.at\/#website"},"datePublished":"2019-08-20T15:59:33+00:00","dateModified":"2024-11-26T12:44:22+00:00","description":"Chalets & villas with 5\u2606 comfort in Austria's most beautiful mountains \u2713 Heated infinity pool \u2713 in nature \u2713 ECO Resort. Your hideaway","breadcrumb":{"@id":"https:\/\/www.priesteregg.at\/en\/premium-eco-resort\/here-with-us\/#breadcrumb"},"inLanguage":"en-US","potentialAction":[{"@type":"ReadAction","target":["https:\/\/www.priesteregg.at\/en\/premium-eco-resort\/here-with-us\/"]}]},{"@type":"BreadcrumbList","@id":"https:\/\/www.priesteregg.at\/en\/premium-eco-resort\/here-with-us\/#breadcrumb","itemListElement":[{"@type":"ListItem","position":1,"name":"Startseite","item":"https:\/\/www.priesteregg.at\/en\/"},{"@type":"ListItem","position":2,"name":"Premium Eco Resort","item":"https:\/\/www.priesteregg.at\/en\/premium-eco-resort\/"},{"@type":"ListItem","position":3,"name":"Here with us"}]},{"@type":"WebSite","@id":"https:\/\/www.priesteregg.at\/#website","url":"https:\/\/www.priesteregg.at\/","name":"Bergdorf Priesteregg","description":"Chalet, Bergh\u00fctte und Almh\u00fctten Urlaub in Leogang im Salzburger Land, \u00d6sterreich","potentialAction":[{"@type":"SearchAction","target":{"@type":"EntryPoint","urlTemplate":"https:\/\/www.priesteregg.at\/?s={search_term_string}"},"query-input":{"@type":"PropertyValueSpecification","valueRequired":true,"valueName":"search_term_string"}}],"inLanguage":"en-US"}]}},"_links":{"self":[{"href":"https:\/\/www.priesteregg.at\/en\/wp-json\/wp\/v2\/pages\/2132","targetHints":{"allow":["GET"]}}],"collection":[{"href":"https:\/\/www.priesteregg.at\/en\/wp-json\/wp\/v2\/pages"}],"about":[{"href":"https:\/\/www.priesteregg.at\/en\/wp-json\/wp\/v2\/types\/page"}],"author":[{"embeddable":true,"href":"https:\/\/www.priesteregg.at\/en\/wp-json\/wp\/v2\/users\/2"}],"replies":[{"embeddable":true,"href":"https:\/\/www.priesteregg.at\/en\/wp-json\/wp\/v2\/comments?post=2132"}],"version-history":[{"count":14,"href":"https:\/\/www.priesteregg.at\/en\/wp-json\/wp\/v2\/pages\/2132\/revisions"}],"predecessor-version":[{"id":7992,"href":"https:\/\/www.priesteregg.at\/en\/wp-json\/wp\/v2\/pages\/2132\/revisions\/7992"}],"up":[{"embeddable":true,"href":"https:\/\/www.priesteregg.at\/en\/wp-json\/wp\/v2\/pages\/2120"}],"wp:attachment":[{"href":"https:\/\/www.priesteregg.at\/en\/wp-json\/wp\/v2\/media?parent=2132"}],"curies":[{"name":"wp","href":"https:\/\/api.w.org\/{rel}","templated":true}]}}